{"id":1104,"date":"2016-09-30T14:57:13","date_gmt":"2016-09-30T12:57:13","guid":{"rendered":"http:\/\/www.hhpartners.eu\/profil-kategoria\/paralegal\/michal-novak\/"},"modified":"2023-04-19T10:18:17","modified_gmt":"2023-04-19T09:18:17","slug":"katarina-uhrinova","status":"publish","type":"page","link":"https:\/\/www.hhpartners.eu\/en\/profil\/juniori\/katarina-uhrinova\/","title":{"rendered":"Katar\u00edna Uhrinov\u00e1"},"content":{"rendered":"<p><\/p>\n<h1>Mgr. Katar\u00edna Uhrinov\u00e1<\/h1>\n<p>junior lawyer<\/p>\n<p>T: <a href=\"tel:+421556943991\">+421\u00a055 694 39 91<\/a><br \/>\nM: <a href=\"tel:+421 948 759 260\">+421 948 759 260<\/a><br \/>\nE: uhrinova(at)hhpartners.eu<\/p>\n<hr \/>\n<p><strong>Mgr. Katar\u00edna Uhrinov\u00e1<\/strong> graduated from the Faculty of Law of the University of Pavol Jozef \u0160af\u00e1rik in Ko\u0161ice in 2022. During her studies, she developed her practical experience as a legal trainee in a law firm. After graduation she became a junior lawyer at the law firm h&amp;h PARTNERS, s.r.o.<\/p>\n<hr \/>\n<h2><strong>Education<\/strong><\/h2>\n<ul>\n<li>The University of Pavol Jozef \u0160af\u00e1rik in Ko\u0161ice, Faculty of Law, (2020), Bachelor of Laws \u2013 Bc.<\/li>\n<li>The University of Pavol Jozef \u0160af\u00e1rik in Ko\u0161ice, Faculty of Law, (2022), Master of Laws \u2013 Mgr.<\/li>\n<\/ul>\n<hr \/>\n<h2><strong>Specialization<\/strong><\/h2>\n<h3><strong>Medical and pharmaceutical law<\/strong><\/h3>\n<p>One of the primary areas of law that the firm specializes in is medical law. It is this area of law that Mgr. Katar\u00edna Uhrinov\u00e1 in cooperation with JUDr. Ivan Humen\u00edk, PhD. focuses her attention. She started to study medical law during her studies at the university, where she graduated from the medical law clinic. Within the scope of her practice at the firm, she focuses more closely on providing legal services to health care providers, pharmaceutical market entities, as well as patients. She focuses on the legal aspects of clinical trials of medicines and medical devices, as well as on the topic of advertising of medicines and medical devices. In addition, her agenda focuses on issues of medical documentation, legal risk management in the provision of health care and liability for damages in the provision of health care.<\/p>\n<h3><strong>Personal data protection<\/strong><\/h3>\n<p>Mgr. Katar\u00edna Uhrinov\u00e1 also focuses on issues related to the protection of personal data. In this area, she focuses her attention in particular on the processing of GDPR documentation for outpatient clinics and pharmacies, which is specifically focused on the nuances of medical and pharmacy care.<\/p>\n<h3><strong>Commercial and employment law<\/strong><\/h3>\n<p>Within the framework of commercial law, Mgr. Katar\u00edna Uhrinov\u00e1, in cooperation with JUDr. Tom\u00e1\u0161 Husovsk\u00fd, focuses on the law of commercial companies, namely the establishment of commercial companies, their liquidation and the implementation of the necessary changes in commercial companies. Employment law issues are also part of her agenda.<\/p>","protected":false},"excerpt":{"rendered":"<p>Mgr. Katar\u00edna Uhrinov\u00e1 junior lawyer T: +421\u00a055 694 39 91 M: +421 948 759 260 E: uhrinova(at)hhpartners.eu Mgr. Katar\u00edna Uhrinov\u00e1 graduated from the Faculty of Law of the University of Pavol Jozef \u0160af\u00e1rik in Ko\u0161ice in 2022. During her studies, she developed her practical experience as a legal trainee in a law firm. After graduation [&#8230;]<\/p>\n","protected":false},"author":1,"featured_media":0,"parent":483,"menu_order":1,"comment_status":"closed","ping_status":"closed","template":"","meta":[],"yoast_head":"<!-- This site is optimized with the Yoast SEO plugin v18.5.1 - https:\/\/yoast.com\/wordpress\/plugins\/seo\/ -->\n<title>Katar\u00edna Uhrinov\u00e1 - h&amp;h PARTNERS<\/title>\n<meta name=\"robots\" content=\"index, follow, max-snippet:-1, max-image-preview:large, max-video-preview:-1\" \/>\n<link rel=\"canonical\" href=\"https:\/\/www.hhpartners.eu\/profil\/juniori\/katarina-uhrinova\/\" \/>\n<meta property=\"og:locale\" content=\"en_GB\" \/>\n<meta property=\"og:type\" content=\"article\" \/>\n<meta property=\"og:title\" content=\"Katar\u00edna Uhrinov\u00e1 - h&amp;h PARTNERS\" \/>\n<meta property=\"og:description\" content=\"Mgr. Katar\u00edna Uhrinov\u00e1 junior lawyer T: +421\u00a055 694 39 91 M: +421 948 759 260 E: uhrinova(at)hhpartners.eu Mgr. Katar\u00edna Uhrinov\u00e1 graduated from the Faculty of Law of the University of Pavol Jozef \u0160af\u00e1rik in Ko\u0161ice in 2022. During her studies, she developed her practical experience as a legal trainee in a law firm. After graduation [...]\" \/>\n<meta property=\"og:url\" content=\"https:\/\/www.hhpartners.eu\/profil\/juniori\/katarina-uhrinova\/\" \/>\n<meta property=\"og:site_name\" content=\"h&amp;h PARTNERS\" \/>\n<meta property=\"article:modified_time\" content=\"2023-04-19T09:18:17+00:00\" \/>\n<meta name=\"twitter:card\" content=\"summary\" \/>\n<meta name=\"twitter:label1\" content=\"Estimated reading time\" \/>\n\t<meta name=\"twitter:data1\" content=\"4 minutes\" \/>\n<script type=\"application\/ld+json\" class=\"yoast-schema-graph\">{\"@context\":\"https:\/\/schema.org\",\"@graph\":[{\"@type\":\"WebSite\",\"@id\":\"https:\/\/www.hhpartners.eu\/en\/#website\",\"url\":\"https:\/\/www.hhpartners.eu\/en\/\",\"name\":\"h&amp;h PARTNERS\",\"description\":\"\",\"potentialAction\":[{\"@type\":\"SearchAction\",\"target\":{\"@type\":\"EntryPoint\",\"urlTemplate\":\"https:\/\/www.hhpartners.eu\/en\/?s={search_term_string}\"},\"query-input\":\"required name=search_term_string\"}],\"inLanguage\":\"en-GB\"},{\"@type\":\"WebPage\",\"@id\":\"https:\/\/www.hhpartners.eu\/profil\/juniori\/katarina-uhrinova\/#webpage\",\"url\":\"https:\/\/www.hhpartners.eu\/profil\/juniori\/katarina-uhrinova\/\",\"name\":\"Katar\u00edna Uhrinov\u00e1 - h&amp;h PARTNERS\",\"isPartOf\":{\"@id\":\"https:\/\/www.hhpartners.eu\/en\/#website\"},\"datePublished\":\"2016-09-30T12:57:13+00:00\",\"dateModified\":\"2023-04-19T09:18:17+00:00\",\"breadcrumb\":{\"@id\":\"https:\/\/www.hhpartners.eu\/profil\/juniori\/katarina-uhrinova\/#breadcrumb\"},\"inLanguage\":\"en-GB\",\"potentialAction\":[{\"@type\":\"ReadAction\",\"target\":[\"https:\/\/www.hhpartners.eu\/profil\/juniori\/katarina-uhrinova\/\"]}]},{\"@type\":\"BreadcrumbList\",\"@id\":\"https:\/\/www.hhpartners.eu\/profil\/juniori\/katarina-uhrinova\/#breadcrumb\",\"itemListElement\":[{\"@type\":\"ListItem\",\"position\":1,\"name\":\"Domovsk\u00e1 str\u00e1nka\",\"item\":\"https:\/\/www.hhpartners.eu\/\"},{\"@type\":\"ListItem\",\"position\":2,\"name\":\"Profile\",\"item\":\"https:\/\/www.hhpartners.eu\/en\/profil\/\"},{\"@type\":\"ListItem\",\"position\":3,\"name\":\"Juniori\",\"item\":\"https:\/\/www.hhpartners.eu\/profil\/juniori\/\"},{\"@type\":\"ListItem\",\"position\":4,\"name\":\"Katar\u00edna Uhrinov\u00e1\"}]}]}<\/script>\n<!-- \/ Yoast SEO plugin. -->","yoast_head_json":{"title":"Katar\u00edna Uhrinov\u00e1 - h&amp;h PARTNERS","robots":{"index":"index","follow":"follow","max-snippet":"max-snippet:-1","max-image-preview":"max-image-preview:large","max-video-preview":"max-video-preview:-1"},"canonical":"https:\/\/www.hhpartners.eu\/profil\/juniori\/katarina-uhrinova\/","og_locale":"en_GB","og_type":"article","og_title":"Katar\u00edna Uhrinov\u00e1 - h&amp;h PARTNERS","og_description":"Mgr. Katar\u00edna Uhrinov\u00e1 junior lawyer T: +421\u00a055 694 39 91 M: +421 948 759 260 E: uhrinova(at)hhpartners.eu Mgr. Katar\u00edna Uhrinov\u00e1 graduated from the Faculty of Law of the University of Pavol Jozef \u0160af\u00e1rik in Ko\u0161ice in 2022. During her studies, she developed her practical experience as a legal trainee in a law firm. After graduation [...]","og_url":"https:\/\/www.hhpartners.eu\/profil\/juniori\/katarina-uhrinova\/","og_site_name":"h&amp;h PARTNERS","article_modified_time":"2023-04-19T09:18:17+00:00","twitter_card":"summary","twitter_misc":{"Estimated reading time":"4 minutes"},"schema":{"@context":"https:\/\/schema.org","@graph":[{"@type":"WebSite","@id":"https:\/\/www.hhpartners.eu\/en\/#website","url":"https:\/\/www.hhpartners.eu\/en\/","name":"h&amp;h PARTNERS","description":"","potentialAction":[{"@type":"SearchAction","target":{"@type":"EntryPoint","urlTemplate":"https:\/\/www.hhpartners.eu\/en\/?s={search_term_string}"},"query-input":"required name=search_term_string"}],"inLanguage":"en-GB"},{"@type":"WebPage","@id":"https:\/\/www.hhpartners.eu\/profil\/juniori\/katarina-uhrinova\/#webpage","url":"https:\/\/www.hhpartners.eu\/profil\/juniori\/katarina-uhrinova\/","name":"Katar\u00edna Uhrinov\u00e1 - h&amp;h PARTNERS","isPartOf":{"@id":"https:\/\/www.hhpartners.eu\/en\/#website"},"datePublished":"2016-09-30T12:57:13+00:00","dateModified":"2023-04-19T09:18:17+00:00","breadcrumb":{"@id":"https:\/\/www.hhpartners.eu\/profil\/juniori\/katarina-uhrinova\/#breadcrumb"},"inLanguage":"en-GB","potentialAction":[{"@type":"ReadAction","target":["https:\/\/www.hhpartners.eu\/profil\/juniori\/katarina-uhrinova\/"]}]},{"@type":"BreadcrumbList","@id":"https:\/\/www.hhpartners.eu\/profil\/juniori\/katarina-uhrinova\/#breadcrumb","itemListElement":[{"@type":"ListItem","position":1,"name":"Domovsk\u00e1 str\u00e1nka","item":"https:\/\/www.hhpartners.eu\/"},{"@type":"ListItem","position":2,"name":"Profile","item":"https:\/\/www.hhpartners.eu\/en\/profil\/"},{"@type":"ListItem","position":3,"name":"Juniori","item":"https:\/\/www.hhpartners.eu\/profil\/juniori\/"},{"@type":"ListItem","position":4,"name":"Katar\u00edna Uhrinov\u00e1"}]}]}},"_links":{"self":[{"href":"https:\/\/www.hhpartners.eu\/en\/wp-json\/wp\/v2\/pages\/1104"}],"collection":[{"href":"https:\/\/www.hhpartners.eu\/en\/wp-json\/wp\/v2\/pages"}],"about":[{"href":"https:\/\/www.hhpartners.eu\/en\/wp-json\/wp\/v2\/types\/page"}],"author":[{"embeddable":true,"href":"https:\/\/www.hhpartners.eu\/en\/wp-json\/wp\/v2\/users\/1"}],"replies":[{"embeddable":true,"href":"https:\/\/www.hhpartners.eu\/en\/wp-json\/wp\/v2\/comments?post=1104"}],"version-history":[{"count":22,"href":"https:\/\/www.hhpartners.eu\/en\/wp-json\/wp\/v2\/pages\/1104\/revisions"}],"predecessor-version":[{"id":3568,"href":"https:\/\/www.hhpartners.eu\/en\/wp-json\/wp\/v2\/pages\/1104\/revisions\/3568"}],"up":[{"embeddable":true,"href":"https:\/\/www.hhpartners.eu\/en\/wp-json\/wp\/v2\/pages\/483"}],"wp:attachment":[{"href":"https:\/\/www.hhpartners.eu\/en\/wp-json\/wp\/v2\/media?parent=1104"}],"curies":[{"name":"wp","href":"https:\/\/api.w.org\/{rel}","templated":true}]}}