{"id":1215,"date":"2017-01-01T20:54:33","date_gmt":"2017-01-01T18:54:33","guid":{"rendered":"http:\/\/www.hhpartners.eu\/?page_id=1215"},"modified":"2017-02-28T09:47:41","modified_gmt":"2017-02-28T07:47:41","slug":"navrh-zmeny-zakona-pozemkovych-upravach-usporiadani-pozemkoveho-vlastnictva-pozemkovych-uradoch-pozemkovom-fonde-pozemkovych-spolocenstvach","status":"publish","type":"page","link":"https:\/\/www.hhpartners.eu\/en\/aktuality\/pravne-novinky\/navrh-zmeny-zakona-pozemkovych-upravach-usporiadani-pozemkoveho-vlastnictva-pozemkovych-uradoch-pozemkovom-fonde-pozemkovych-spolocenstvach\/","title":{"rendered":"(SK) N\u00e1vrh zmeny z\u00e1kona o pozemkov\u00fdch \u00faprav\u00e1ch, usporiadan\u00ed pozemkov\u00e9ho vlastn\u00edctva, pozemkov\u00fdch \u00faradoch, pozemkovom fonde a o pozemkov\u00fdch spolo\u010denstv\u00e1ch"},"content":{"rendered":"<p class=\"qtranxs-available-languages-message qtranxs-available-languages-message-en\">Sorry, this entry is only available in <a href=\"https:\/\/www.hhpartners.eu\/sk\/wp-json\/wp\/v2\/pages\/1215\" class=\"qtranxs-available-language-link qtranxs-available-language-link-sk\" title=\"SK\">Slovak<\/a>.<\/p>","protected":false},"excerpt":{"rendered":"<p>Sorry, this entry is only available in Slovak.<\/p>\n","protected":false},"author":6,"featured_media":0,"parent":279,"menu_order":32,"comment_status":"closed","ping_status":"closed","template":"","meta":[],"yoast_head":"<!-- This site is optimized with the Yoast SEO plugin v18.5.1 - https:\/\/yoast.com\/wordpress\/plugins\/seo\/ -->\n<title>(SK) N\u00e1vrh zmeny z\u00e1kona o pozemkov\u00fdch \u00faprav\u00e1ch, usporiadan\u00ed pozemkov\u00e9ho vlastn\u00edctva, pozemkov\u00fdch \u00faradoch, pozemkovom fonde a o pozemkov\u00fdch spolo\u010denstv\u00e1ch - h&amp;h PARTNERS<\/title>\n<meta name=\"robots\" content=\"index, follow, max-snippet:-1, max-image-preview:large, max-video-preview:-1\" \/>\n<link rel=\"canonical\" href=\"https:\/\/www.hhpartners.eu\/aktuality\/pravne-novinky\/navrh-zmeny-zakona-pozemkovych-upravach-usporiadani-pozemkoveho-vlastnictva-pozemkovych-uradoch-pozemkovom-fonde-pozemkovych-spolocenstvach\/\" \/>\n<meta property=\"og:locale\" content=\"en_GB\" \/>\n<meta property=\"og:type\" content=\"article\" \/>\n<meta property=\"og:title\" content=\"(SK) N\u00e1vrh zmeny z\u00e1kona o pozemkov\u00fdch \u00faprav\u00e1ch, usporiadan\u00ed pozemkov\u00e9ho vlastn\u00edctva, pozemkov\u00fdch \u00faradoch, pozemkovom fonde a o pozemkov\u00fdch spolo\u010denstv\u00e1ch - h&amp;h PARTNERS\" \/>\n<meta property=\"og:description\" content=\"Sorry, this entry is only available in Slovak.\" \/>\n<meta property=\"og:url\" content=\"https:\/\/www.hhpartners.eu\/aktuality\/pravne-novinky\/navrh-zmeny-zakona-pozemkovych-upravach-usporiadani-pozemkoveho-vlastnictva-pozemkovych-uradoch-pozemkovom-fonde-pozemkovych-spolocenstvach\/\" \/>\n<meta property=\"og:site_name\" content=\"h&amp;h PARTNERS\" \/>\n<meta property=\"article:modified_time\" content=\"2017-02-28T07:47:41+00:00\" \/>\n<meta name=\"twitter:card\" content=\"summary\" \/>\n<meta name=\"twitter:label1\" content=\"Estimated reading time\" \/>\n\t<meta name=\"twitter:data1\" content=\"1 minute\" \/>\n<script type=\"application\/ld+json\" class=\"yoast-schema-graph\">{\"@context\":\"https:\/\/schema.org\",\"@graph\":[{\"@type\":\"WebSite\",\"@id\":\"https:\/\/www.hhpartners.eu\/en\/#website\",\"url\":\"https:\/\/www.hhpartners.eu\/en\/\",\"name\":\"h&amp;h PARTNERS\",\"description\":\"\",\"potentialAction\":[{\"@type\":\"SearchAction\",\"target\":{\"@type\":\"EntryPoint\",\"urlTemplate\":\"https:\/\/www.hhpartners.eu\/en\/?s={search_term_string}\"},\"query-input\":\"required name=search_term_string\"}],\"inLanguage\":\"en-GB\"},{\"@type\":\"WebPage\",\"@id\":\"https:\/\/www.hhpartners.eu\/aktuality\/pravne-novinky\/navrh-zmeny-zakona-pozemkovych-upravach-usporiadani-pozemkoveho-vlastnictva-pozemkovych-uradoch-pozemkovom-fonde-pozemkovych-spolocenstvach\/#webpage\",\"url\":\"https:\/\/www.hhpartners.eu\/aktuality\/pravne-novinky\/navrh-zmeny-zakona-pozemkovych-upravach-usporiadani-pozemkoveho-vlastnictva-pozemkovych-uradoch-pozemkovom-fonde-pozemkovych-spolocenstvach\/\",\"name\":\"(SK) N\u00e1vrh zmeny z\u00e1kona o pozemkov\u00fdch \u00faprav\u00e1ch, usporiadan\u00ed pozemkov\u00e9ho vlastn\u00edctva, pozemkov\u00fdch \u00faradoch, pozemkovom fonde a o pozemkov\u00fdch spolo\u010denstv\u00e1ch - h&amp;h PARTNERS\",\"isPartOf\":{\"@id\":\"https:\/\/www.hhpartners.eu\/en\/#website\"},\"datePublished\":\"2017-01-01T18:54:33+00:00\",\"dateModified\":\"2017-02-28T07:47:41+00:00\",\"breadcrumb\":{\"@id\":\"https:\/\/www.hhpartners.eu\/aktuality\/pravne-novinky\/navrh-zmeny-zakona-pozemkovych-upravach-usporiadani-pozemkoveho-vlastnictva-pozemkovych-uradoch-pozemkovom-fonde-pozemkovych-spolocenstvach\/#breadcrumb\"},\"inLanguage\":\"en-GB\",\"potentialAction\":[{\"@type\":\"ReadAction\",\"target\":[\"https:\/\/www.hhpartners.eu\/aktuality\/pravne-novinky\/navrh-zmeny-zakona-pozemkovych-upravach-usporiadani-pozemkoveho-vlastnictva-pozemkovych-uradoch-pozemkovom-fonde-pozemkovych-spolocenstvach\/\"]}]},{\"@type\":\"BreadcrumbList\",\"@id\":\"https:\/\/www.hhpartners.eu\/aktuality\/pravne-novinky\/navrh-zmeny-zakona-pozemkovych-upravach-usporiadani-pozemkoveho-vlastnictva-pozemkovych-uradoch-pozemkovom-fonde-pozemkovych-spolocenstvach\/#breadcrumb\",\"itemListElement\":[{\"@type\":\"ListItem\",\"position\":1,\"name\":\"Domovsk\u00e1 str\u00e1nka\",\"item\":\"https:\/\/www.hhpartners.eu\/\"},{\"@type\":\"ListItem\",\"position\":2,\"name\":\"Aktuality\",\"item\":\"https:\/\/www.hhpartners.eu\/aktuality\/\"},{\"@type\":\"ListItem\",\"position\":3,\"name\":\"Pr\u00e1vne novinky\",\"item\":\"https:\/\/www.hhpartners.eu\/aktuality\/pravne-novinky\/\"},{\"@type\":\"ListItem\",\"position\":4,\"name\":\"N\u00e1vrh zmeny z\u00e1kona o pozemkov\u00fdch \u00faprav\u00e1ch, usporiadan\u00ed pozemkov\u00e9ho vlastn\u00edctva, pozemkov\u00fdch \u00faradoch, pozemkovom fonde a o pozemkov\u00fdch spolo\u010denstv\u00e1ch\"}]}]}<\/script>\n<!-- \/ Yoast SEO plugin. -->","yoast_head_json":{"title":"(SK) N\u00e1vrh zmeny z\u00e1kona o pozemkov\u00fdch \u00faprav\u00e1ch, usporiadan\u00ed pozemkov\u00e9ho vlastn\u00edctva, pozemkov\u00fdch \u00faradoch, pozemkovom fonde a o pozemkov\u00fdch spolo\u010denstv\u00e1ch - h&amp;h PARTNERS","robots":{"index":"index","follow":"follow","max-snippet":"max-snippet:-1","max-image-preview":"max-image-preview:large","max-video-preview":"max-video-preview:-1"},"canonical":"https:\/\/www.hhpartners.eu\/aktuality\/pravne-novinky\/navrh-zmeny-zakona-pozemkovych-upravach-usporiadani-pozemkoveho-vlastnictva-pozemkovych-uradoch-pozemkovom-fonde-pozemkovych-spolocenstvach\/","og_locale":"en_GB","og_type":"article","og_title":"(SK) N\u00e1vrh zmeny z\u00e1kona o pozemkov\u00fdch \u00faprav\u00e1ch, usporiadan\u00ed pozemkov\u00e9ho vlastn\u00edctva, pozemkov\u00fdch \u00faradoch, pozemkovom fonde a o pozemkov\u00fdch spolo\u010denstv\u00e1ch - h&amp;h PARTNERS","og_description":"Sorry, this entry is only available in Slovak.","og_url":"https:\/\/www.hhpartners.eu\/aktuality\/pravne-novinky\/navrh-zmeny-zakona-pozemkovych-upravach-usporiadani-pozemkoveho-vlastnictva-pozemkovych-uradoch-pozemkovom-fonde-pozemkovych-spolocenstvach\/","og_site_name":"h&amp;h PARTNERS","article_modified_time":"2017-02-28T07:47:41+00:00","twitter_card":"summary","twitter_misc":{"Estimated reading time":"1 minute"},"schema":{"@context":"https:\/\/schema.org","@graph":[{"@type":"WebSite","@id":"https:\/\/www.hhpartners.eu\/en\/#website","url":"https:\/\/www.hhpartners.eu\/en\/","name":"h&amp;h PARTNERS","description":"","potentialAction":[{"@type":"SearchAction","target":{"@type":"EntryPoint","urlTemplate":"https:\/\/www.hhpartners.eu\/en\/?s={search_term_string}"},"query-input":"required name=search_term_string"}],"inLanguage":"en-GB"},{"@type":"WebPage","@id":"https:\/\/www.hhpartners.eu\/aktuality\/pravne-novinky\/navrh-zmeny-zakona-pozemkovych-upravach-usporiadani-pozemkoveho-vlastnictva-pozemkovych-uradoch-pozemkovom-fonde-pozemkovych-spolocenstvach\/#webpage","url":"https:\/\/www.hhpartners.eu\/aktuality\/pravne-novinky\/navrh-zmeny-zakona-pozemkovych-upravach-usporiadani-pozemkoveho-vlastnictva-pozemkovych-uradoch-pozemkovom-fonde-pozemkovych-spolocenstvach\/","name":"(SK) N\u00e1vrh zmeny z\u00e1kona o pozemkov\u00fdch \u00faprav\u00e1ch, usporiadan\u00ed pozemkov\u00e9ho vlastn\u00edctva, pozemkov\u00fdch \u00faradoch, pozemkovom fonde a o pozemkov\u00fdch spolo\u010denstv\u00e1ch - h&amp;h PARTNERS","isPartOf":{"@id":"https:\/\/www.hhpartners.eu\/en\/#website"},"datePublished":"2017-01-01T18:54:33+00:00","dateModified":"2017-02-28T07:47:41+00:00","breadcrumb":{"@id":"https:\/\/www.hhpartners.eu\/aktuality\/pravne-novinky\/navrh-zmeny-zakona-pozemkovych-upravach-usporiadani-pozemkoveho-vlastnictva-pozemkovych-uradoch-pozemkovom-fonde-pozemkovych-spolocenstvach\/#breadcrumb"},"inLanguage":"en-GB","potentialAction":[{"@type":"ReadAction","target":["https:\/\/www.hhpartners.eu\/aktuality\/pravne-novinky\/navrh-zmeny-zakona-pozemkovych-upravach-usporiadani-pozemkoveho-vlastnictva-pozemkovych-uradoch-pozemkovom-fonde-pozemkovych-spolocenstvach\/"]}]},{"@type":"BreadcrumbList","@id":"https:\/\/www.hhpartners.eu\/aktuality\/pravne-novinky\/navrh-zmeny-zakona-pozemkovych-upravach-usporiadani-pozemkoveho-vlastnictva-pozemkovych-uradoch-pozemkovom-fonde-pozemkovych-spolocenstvach\/#breadcrumb","itemListElement":[{"@type":"ListItem","position":1,"name":"Domovsk\u00e1 str\u00e1nka","item":"https:\/\/www.hhpartners.eu\/"},{"@type":"ListItem","position":2,"name":"Aktuality","item":"https:\/\/www.hhpartners.eu\/aktuality\/"},{"@type":"ListItem","position":3,"name":"Pr\u00e1vne novinky","item":"https:\/\/www.hhpartners.eu\/aktuality\/pravne-novinky\/"},{"@type":"ListItem","position":4,"name":"N\u00e1vrh zmeny z\u00e1kona o pozemkov\u00fdch \u00faprav\u00e1ch, usporiadan\u00ed pozemkov\u00e9ho vlastn\u00edctva, pozemkov\u00fdch \u00faradoch, pozemkovom fonde a o pozemkov\u00fdch spolo\u010denstv\u00e1ch"}]}]}},"_links":{"self":[{"href":"https:\/\/www.hhpartners.eu\/en\/wp-json\/wp\/v2\/pages\/1215"}],"collection":[{"href":"https:\/\/www.hhpartners.eu\/en\/wp-json\/wp\/v2\/pages"}],"about":[{"href":"https:\/\/www.hhpartners.eu\/en\/wp-json\/wp\/v2\/types\/page"}],"author":[{"embeddable":true,"href":"https:\/\/www.hhpartners.eu\/en\/wp-json\/wp\/v2\/users\/6"}],"replies":[{"embeddable":true,"href":"https:\/\/www.hhpartners.eu\/en\/wp-json\/wp\/v2\/comments?post=1215"}],"version-history":[{"count":2,"href":"https:\/\/www.hhpartners.eu\/en\/wp-json\/wp\/v2\/pages\/1215\/revisions"}],"predecessor-version":[{"id":1501,"href":"https:\/\/www.hhpartners.eu\/en\/wp-json\/wp\/v2\/pages\/1215\/revisions\/1501"}],"up":[{"embeddable":true,"href":"https:\/\/www.hhpartners.eu\/en\/wp-json\/wp\/v2\/pages\/279"}],"wp:attachment":[{"href":"https:\/\/www.hhpartners.eu\/en\/wp-json\/wp\/v2\/media?parent=1215"}],"curies":[{"name":"wp","href":"https:\/\/api.w.org\/{rel}","templated":true}]}}