{"id":13,"date":"2015-11-04T14:33:03","date_gmt":"2015-11-04T12:33:03","guid":{"rendered":"http:\/\/www.hhpartners.eu\/?page_id=13"},"modified":"2022-09-19T18:50:22","modified_gmt":"2022-09-19T17:50:22","slug":"hh-partners","status":"publish","type":"page","link":"https:\/\/www.hhpartners.eu\/en\/","title":{"rendered":"Medical and pharmaceutical law"},"content":{"rendered":"<div class=\"dc\" style=\"position: absolute; left: -9531px;>\nDans le premier cas, il est particuli\u00e8rement important pour moi que tout soit intuitif \u00e0 utiliser. Pour les jeux, l\u2019accent est mis sur la s\u00e9lection, la disponibilit\u00e9 et la s\u00e9curit\u00e9 de la connexion. Les scores de la Roulette en ligne avec de fortes chances de gagner et de nombreuses variations excitantes loin du jeu original <a href=\" https:=\"\" casinoenligne365.com=\"\" \"=\"\">casino en ligne canada. Si vous jouez aux tables de poker contre d\u2019autres joueurs et au poker de casino contre le croupier, le vid\u00e9o poker est le troisi\u00e8me kind de jeu. Ici, un g\u00e9n\u00e9rateur al\u00e9atoire est \u00e0 l\u2019\u0153uvre et votre objectif est d\u2019obtenir la combinaison de cartes la plus favorable.<\/p>\n<p>Also, all the transactions take place with the industry&#8217;s commonplace protocol that keeps all of your data secure and secure. It additionally helps the Random Number Generator that gives honest and random outcomes each <a href=\"https:\/\/casinoonline-365.com\/casinos\/nostalgia-casino\/\">nostalgia casino<\/a> time. Overall, the web site offers a great deposit bonus and VIP rewards, which make its companies worth 8\/10 points. The 5th deposit rewards a 50% match bonus of up to C$150. The 4th deposit rewards a 50% match bonus of as a lot as C$150.<\/p>\n<\/div>\n","protected":false},"excerpt":{"rendered":"","protected":false},"author":1,"featured_media":0,"parent":0,"menu_order":0,"comment_status":"closed","ping_status":"closed","template":"","meta":[],"yoast_head":"<!-- This site is optimized with the Yoast SEO plugin v18.5.1 - https:\/\/yoast.com\/wordpress\/plugins\/seo\/ -->\n<title>Medical and pharmaceutical law - h&amp;h PARTNERS<\/title>\n<meta name=\"robots\" content=\"index, follow, max-snippet:-1, max-image-preview:large, max-video-preview:-1\" \/>\n<link rel=\"canonical\" href=\"https:\/\/www.hhpartners.eu\/\" \/>\n<meta property=\"og:locale\" content=\"en_GB\" \/>\n<meta property=\"og:type\" content=\"article\" \/>\n<meta property=\"og:title\" content=\"Medical and pharmaceutical law - h&amp;h PARTNERS\" \/>\n<meta property=\"og:url\" content=\"https:\/\/www.hhpartners.eu\/\" \/>\n<meta property=\"og:site_name\" content=\"h&amp;h PARTNERS\" \/>\n<meta property=\"article:modified_time\" content=\"2022-09-19T17:50:22+00:00\" \/>\n<meta name=\"twitter:card\" content=\"summary\" \/>\n<meta name=\"twitter:label1\" content=\"Estimated reading time\" \/>\n\t<meta name=\"twitter:data1\" content=\"2 minutes\" \/>\n<script type=\"application\/ld+json\" class=\"yoast-schema-graph\">{\"@context\":\"https:\/\/schema.org\",\"@graph\":[{\"@type\":\"WebSite\",\"@id\":\"https:\/\/www.hhpartners.eu\/en\/#website\",\"url\":\"https:\/\/www.hhpartners.eu\/en\/\",\"name\":\"h&amp;h PARTNERS\",\"description\":\"\",\"potentialAction\":[{\"@type\":\"SearchAction\",\"target\":{\"@type\":\"EntryPoint\",\"urlTemplate\":\"https:\/\/www.hhpartners.eu\/en\/?s={search_term_string}\"},\"query-input\":\"required name=search_term_string\"}],\"inLanguage\":\"en-GB\"},{\"@type\":\"WebPage\",\"@id\":\"https:\/\/www.hhpartners.eu\/#webpage\",\"url\":\"https:\/\/www.hhpartners.eu\/\",\"name\":\"Medical and pharmaceutical law - h&amp;h PARTNERS\",\"isPartOf\":{\"@id\":\"https:\/\/www.hhpartners.eu\/en\/#website\"},\"datePublished\":\"2015-11-04T12:33:03+00:00\",\"dateModified\":\"2022-09-19T17:50:22+00:00\",\"breadcrumb\":{\"@id\":\"https:\/\/www.hhpartners.eu\/#breadcrumb\"},\"inLanguage\":\"en-GB\",\"potentialAction\":[{\"@type\":\"ReadAction\",\"target\":[\"https:\/\/www.hhpartners.eu\/\"]}]},{\"@type\":\"BreadcrumbList\",\"@id\":\"https:\/\/www.hhpartners.eu\/#breadcrumb\",\"itemListElement\":[{\"@type\":\"ListItem\",\"position\":1,\"name\":\"Domovsk\u00e1 str\u00e1nka\",\"item\":\"https:\/\/www.hhpartners.eu\/\"},{\"@type\":\"ListItem\",\"position\":2,\"name\":\"Medic\u00ednske a farmaceutick\u00e9 pr\u00e1vo\"}]}]}<\/script>\n<!-- \/ Yoast SEO plugin. -->","yoast_head_json":{"title":"Medical and pharmaceutical law - h&amp;h PARTNERS","robots":{"index":"index","follow":"follow","max-snippet":"max-snippet:-1","max-image-preview":"max-image-preview:large","max-video-preview":"max-video-preview:-1"},"canonical":"https:\/\/www.hhpartners.eu\/","og_locale":"en_GB","og_type":"article","og_title":"Medical and pharmaceutical law - h&amp;h PARTNERS","og_url":"https:\/\/www.hhpartners.eu\/","og_site_name":"h&amp;h PARTNERS","article_modified_time":"2022-09-19T17:50:22+00:00","twitter_card":"summary","twitter_misc":{"Estimated reading time":"2 minutes"},"schema":{"@context":"https:\/\/schema.org","@graph":[{"@type":"WebSite","@id":"https:\/\/www.hhpartners.eu\/en\/#website","url":"https:\/\/www.hhpartners.eu\/en\/","name":"h&amp;h PARTNERS","description":"","potentialAction":[{"@type":"SearchAction","target":{"@type":"EntryPoint","urlTemplate":"https:\/\/www.hhpartners.eu\/en\/?s={search_term_string}"},"query-input":"required name=search_term_string"}],"inLanguage":"en-GB"},{"@type":"WebPage","@id":"https:\/\/www.hhpartners.eu\/#webpage","url":"https:\/\/www.hhpartners.eu\/","name":"Medical and pharmaceutical law - h&amp;h PARTNERS","isPartOf":{"@id":"https:\/\/www.hhpartners.eu\/en\/#website"},"datePublished":"2015-11-04T12:33:03+00:00","dateModified":"2022-09-19T17:50:22+00:00","breadcrumb":{"@id":"https:\/\/www.hhpartners.eu\/#breadcrumb"},"inLanguage":"en-GB","potentialAction":[{"@type":"ReadAction","target":["https:\/\/www.hhpartners.eu\/"]}]},{"@type":"BreadcrumbList","@id":"https:\/\/www.hhpartners.eu\/#breadcrumb","itemListElement":[{"@type":"ListItem","position":1,"name":"Domovsk\u00e1 str\u00e1nka","item":"https:\/\/www.hhpartners.eu\/"},{"@type":"ListItem","position":2,"name":"Medic\u00ednske a farmaceutick\u00e9 pr\u00e1vo"}]}]}},"_links":{"self":[{"href":"https:\/\/www.hhpartners.eu\/en\/wp-json\/wp\/v2\/pages\/13"}],"collection":[{"href":"https:\/\/www.hhpartners.eu\/en\/wp-json\/wp\/v2\/pages"}],"about":[{"href":"https:\/\/www.hhpartners.eu\/en\/wp-json\/wp\/v2\/types\/page"}],"author":[{"embeddable":true,"href":"https:\/\/www.hhpartners.eu\/en\/wp-json\/wp\/v2\/users\/1"}],"replies":[{"embeddable":true,"href":"https:\/\/www.hhpartners.eu\/en\/wp-json\/wp\/v2\/comments?post=13"}],"version-history":[{"count":7,"href":"https:\/\/www.hhpartners.eu\/en\/wp-json\/wp\/v2\/pages\/13\/revisions"}],"predecessor-version":[{"id":3518,"href":"https:\/\/www.hhpartners.eu\/en\/wp-json\/wp\/v2\/pages\/13\/revisions\/3518"}],"wp:attachment":[{"href":"https:\/\/www.hhpartners.eu\/en\/wp-json\/wp\/v2\/media?parent=13"}],"curies":[{"name":"wp","href":"https:\/\/api.w.org\/{rel}","templated":true}]}}