{"id":162,"date":"2016-02-02T14:19:16","date_gmt":"2016-02-02T12:19:16","guid":{"rendered":"http:\/\/www.hhpartners.eu\/?page_id=162"},"modified":"2017-04-04T07:32:58","modified_gmt":"2017-04-04T06:32:58","slug":"ostatna-specializacia","status":"publish","type":"page","link":"https:\/\/www.hhpartners.eu\/en\/specializacia\/ostatna-specializacia\/","title":{"rendered":"Other specialization"},"content":{"rendered":"<p><\/p>\n<h1>Other specialization<\/h1>\n<h2><strong>Software solutions and personal data protection<\/strong><\/h2>\n<p>Electronic delivery of health services to the final user. Collection and processing of medical data of individuals. Electronic interaction between the service provider and its users have a\u00a0number of similarities. Lawyers of h&amp;h PARTNERS provide legal advices to team working on the development of software solutions that deals with medical data of patients\/users. Our task is to ensure that the proposed applications or websites meet the standards of national and international legislation related to protection of personal data.<\/p>\n<h2><strong>Counselling for projects of applied medicine<\/strong><\/h2>\n<p>Intersections of medical knowledge in various areas of social life are often in the form of unexpected contexts. Our involvement in the academic environment gives us the advantage of linking \u201cexperimental\u201d requirements of our clients and rules of legal regulation in practice. Lawyers of h&amp;h PARTNERS advise on projects related to the application of medical knowledge in new positions. We provide settings of these projects in the way that the requirements for the protection of personal rights of individuals, confidentiality of health care workers and strict ethical standards are met.<\/p>\n<h2><strong>Advice on the handling of tissues, cells and organs<\/strong><\/h2>\n<p>Lawyers of h&amp;h PARTNERS advise on the disposal of organs and cells, or using other substances of human origin.<\/p>","protected":false},"excerpt":{"rendered":"<p>Other specialization Software solutions and personal data protection Electronic delivery of health services to the final user. Collection and processing of medical data of individuals. Electronic interaction between the service provider and its users have a\u00a0number of similarities. Lawyers of h&amp;h PARTNERS provide legal advices to team working on the development of software solutions that [&#8230;]<\/p>\n","protected":false},"author":1,"featured_media":0,"parent":42,"menu_order":42,"comment_status":"closed","ping_status":"closed","template":"","meta":[],"yoast_head":"<!-- This site is optimized with the Yoast SEO plugin v18.5.1 - https:\/\/yoast.com\/wordpress\/plugins\/seo\/ -->\n<title>Other specialization - h&amp;h PARTNERS<\/title>\n<meta name=\"robots\" content=\"index, follow, max-snippet:-1, max-image-preview:large, max-video-preview:-1\" \/>\n<link rel=\"canonical\" href=\"https:\/\/www.hhpartners.eu\/specializacia\/ostatna-specializacia\/\" \/>\n<meta property=\"og:locale\" content=\"en_GB\" \/>\n<meta property=\"og:type\" content=\"article\" \/>\n<meta property=\"og:title\" content=\"Other specialization - h&amp;h PARTNERS\" \/>\n<meta property=\"og:description\" content=\"Other specialization Software solutions and personal data protection Electronic delivery of health services to the final user. Collection and processing of medical data of individuals. Electronic interaction between the service provider and its users have a\u00a0number of similarities. Lawyers of h&amp;h PARTNERS provide legal advices to team working on the development of software solutions that [...]\" \/>\n<meta property=\"og:url\" content=\"https:\/\/www.hhpartners.eu\/specializacia\/ostatna-specializacia\/\" \/>\n<meta property=\"og:site_name\" content=\"h&amp;h PARTNERS\" \/>\n<meta property=\"article:modified_time\" content=\"2017-04-04T06:32:58+00:00\" \/>\n<meta name=\"twitter:card\" content=\"summary\" \/>\n<meta name=\"twitter:label1\" content=\"Estimated reading time\" \/>\n\t<meta name=\"twitter:data1\" content=\"2 minutes\" \/>\n<script type=\"application\/ld+json\" class=\"yoast-schema-graph\">{\"@context\":\"https:\/\/schema.org\",\"@graph\":[{\"@type\":\"WebSite\",\"@id\":\"https:\/\/www.hhpartners.eu\/en\/#website\",\"url\":\"https:\/\/www.hhpartners.eu\/en\/\",\"name\":\"h&amp;h PARTNERS\",\"description\":\"\",\"potentialAction\":[{\"@type\":\"SearchAction\",\"target\":{\"@type\":\"EntryPoint\",\"urlTemplate\":\"https:\/\/www.hhpartners.eu\/en\/?s={search_term_string}\"},\"query-input\":\"required name=search_term_string\"}],\"inLanguage\":\"en-GB\"},{\"@type\":\"WebPage\",\"@id\":\"https:\/\/www.hhpartners.eu\/specializacia\/ostatna-specializacia\/#webpage\",\"url\":\"https:\/\/www.hhpartners.eu\/specializacia\/ostatna-specializacia\/\",\"name\":\"Other specialization - h&amp;h PARTNERS\",\"isPartOf\":{\"@id\":\"https:\/\/www.hhpartners.eu\/en\/#website\"},\"datePublished\":\"2016-02-02T12:19:16+00:00\",\"dateModified\":\"2017-04-04T06:32:58+00:00\",\"breadcrumb\":{\"@id\":\"https:\/\/www.hhpartners.eu\/specializacia\/ostatna-specializacia\/#breadcrumb\"},\"inLanguage\":\"en-GB\",\"potentialAction\":[{\"@type\":\"ReadAction\",\"target\":[\"https:\/\/www.hhpartners.eu\/specializacia\/ostatna-specializacia\/\"]}]},{\"@type\":\"BreadcrumbList\",\"@id\":\"https:\/\/www.hhpartners.eu\/specializacia\/ostatna-specializacia\/#breadcrumb\",\"itemListElement\":[{\"@type\":\"ListItem\",\"position\":1,\"name\":\"Domovsk\u00e1 str\u00e1nka\",\"item\":\"https:\/\/www.hhpartners.eu\/\"},{\"@type\":\"ListItem\",\"position\":2,\"name\":\"\u0160pecializ\u00e1cia\",\"item\":\"https:\/\/www.hhpartners.eu\/specializacia\/\"},{\"@type\":\"ListItem\",\"position\":3,\"name\":\"Ostatn\u00e1 \u0161pecializ\u00e1cia\"}]}]}<\/script>\n<!-- \/ Yoast SEO plugin. -->","yoast_head_json":{"title":"Other specialization - h&amp;h PARTNERS","robots":{"index":"index","follow":"follow","max-snippet":"max-snippet:-1","max-image-preview":"max-image-preview:large","max-video-preview":"max-video-preview:-1"},"canonical":"https:\/\/www.hhpartners.eu\/specializacia\/ostatna-specializacia\/","og_locale":"en_GB","og_type":"article","og_title":"Other specialization - h&amp;h PARTNERS","og_description":"Other specialization Software solutions and personal data protection Electronic delivery of health services to the final user. Collection and processing of medical data of individuals. Electronic interaction between the service provider and its users have a\u00a0number of similarities. Lawyers of h&amp;h PARTNERS provide legal advices to team working on the development of software solutions that [...]","og_url":"https:\/\/www.hhpartners.eu\/specializacia\/ostatna-specializacia\/","og_site_name":"h&amp;h PARTNERS","article_modified_time":"2017-04-04T06:32:58+00:00","twitter_card":"summary","twitter_misc":{"Estimated reading time":"2 minutes"},"schema":{"@context":"https:\/\/schema.org","@graph":[{"@type":"WebSite","@id":"https:\/\/www.hhpartners.eu\/en\/#website","url":"https:\/\/www.hhpartners.eu\/en\/","name":"h&amp;h PARTNERS","description":"","potentialAction":[{"@type":"SearchAction","target":{"@type":"EntryPoint","urlTemplate":"https:\/\/www.hhpartners.eu\/en\/?s={search_term_string}"},"query-input":"required name=search_term_string"}],"inLanguage":"en-GB"},{"@type":"WebPage","@id":"https:\/\/www.hhpartners.eu\/specializacia\/ostatna-specializacia\/#webpage","url":"https:\/\/www.hhpartners.eu\/specializacia\/ostatna-specializacia\/","name":"Other specialization - h&amp;h PARTNERS","isPartOf":{"@id":"https:\/\/www.hhpartners.eu\/en\/#website"},"datePublished":"2016-02-02T12:19:16+00:00","dateModified":"2017-04-04T06:32:58+00:00","breadcrumb":{"@id":"https:\/\/www.hhpartners.eu\/specializacia\/ostatna-specializacia\/#breadcrumb"},"inLanguage":"en-GB","potentialAction":[{"@type":"ReadAction","target":["https:\/\/www.hhpartners.eu\/specializacia\/ostatna-specializacia\/"]}]},{"@type":"BreadcrumbList","@id":"https:\/\/www.hhpartners.eu\/specializacia\/ostatna-specializacia\/#breadcrumb","itemListElement":[{"@type":"ListItem","position":1,"name":"Domovsk\u00e1 str\u00e1nka","item":"https:\/\/www.hhpartners.eu\/"},{"@type":"ListItem","position":2,"name":"\u0160pecializ\u00e1cia","item":"https:\/\/www.hhpartners.eu\/specializacia\/"},{"@type":"ListItem","position":3,"name":"Ostatn\u00e1 \u0161pecializ\u00e1cia"}]}]}},"_links":{"self":[{"href":"https:\/\/www.hhpartners.eu\/en\/wp-json\/wp\/v2\/pages\/162"}],"collection":[{"href":"https:\/\/www.hhpartners.eu\/en\/wp-json\/wp\/v2\/pages"}],"about":[{"href":"https:\/\/www.hhpartners.eu\/en\/wp-json\/wp\/v2\/types\/page"}],"author":[{"embeddable":true,"href":"https:\/\/www.hhpartners.eu\/en\/wp-json\/wp\/v2\/users\/1"}],"replies":[{"embeddable":true,"href":"https:\/\/www.hhpartners.eu\/en\/wp-json\/wp\/v2\/comments?post=162"}],"version-history":[{"count":8,"href":"https:\/\/www.hhpartners.eu\/en\/wp-json\/wp\/v2\/pages\/162\/revisions"}],"predecessor-version":[{"id":1786,"href":"https:\/\/www.hhpartners.eu\/en\/wp-json\/wp\/v2\/pages\/162\/revisions\/1786"}],"up":[{"embeddable":true,"href":"https:\/\/www.hhpartners.eu\/en\/wp-json\/wp\/v2\/pages\/42"}],"wp:attachment":[{"href":"https:\/\/www.hhpartners.eu\/en\/wp-json\/wp\/v2\/media?parent=162"}],"curies":[{"name":"wp","href":"https:\/\/api.w.org\/{rel}","templated":true}]}}