{"id":176,"date":"2016-02-02T14:24:42","date_gmt":"2016-02-02T12:24:42","guid":{"rendered":"http:\/\/www.hhpartners.eu\/?page_id=176"},"modified":"2019-11-22T13:50:37","modified_gmt":"2019-11-22T12:50:37","slug":"odborne-vystupenia","status":"publish","type":"page","link":"https:\/\/www.hhpartners.eu\/en\/vztahy-s-verejnostou\/odborne-vystupenia\/","title":{"rendered":"Lectures and performances"},"content":{"rendered":"<p><\/p>\n<h1>Lectures and performances<\/h1>\n<p>We create topics, we educate at the universities and professional conferences.<\/p>\n<p>We inspire and build professional bonds. Thanks to the many professional performances and discussions we shape the environment of medical law.<\/p>\n<p>Some of our lectures and performances can be found in the following links.<\/p>\n<hr \/>\n<p><a href=\"http:\/\/www.primarnapediatria.sk\/wp-content\/uploads\/2018\/04\/program_11-13maj.pdf\"><img loading=\"lazy\" class=\"aligncenter wp-image-2210 size-full\" src=\"http:\/\/www.hhpartners.eu\/wp-content\/uploads\/2018\/05\/3-dni-primarnej-pediatrie.png\" alt=\"\" width=\"1200\" height=\"500\" srcset=\"https:\/\/www.hhpartners.eu\/wp-content\/uploads\/2018\/05\/3-dni-primarnej-pediatrie.png 1200w, https:\/\/www.hhpartners.eu\/wp-content\/uploads\/2018\/05\/3-dni-primarnej-pediatrie-300x125.png 300w, https:\/\/www.hhpartners.eu\/wp-content\/uploads\/2018\/05\/3-dni-primarnej-pediatrie-1024x427.png 1024w\" sizes=\"(max-width: 1200px) 100vw, 1200px\" \/><\/a><\/p>\n<p><a href=\"https:\/\/www.kazuistika.sk\/sk\/70-festival-kazuistik%C2%AE-2018\/\"><img loading=\"lazy\" class=\"aligncenter size-full wp-image-2166\" src=\"http:\/\/www.hhpartners.eu\/wp-content\/uploads\/2018\/03\/festival-kazuistik-2018.png\" alt=\"\" width=\"1363\" height=\"257\" srcset=\"https:\/\/www.hhpartners.eu\/wp-content\/uploads\/2018\/03\/festival-kazuistik-2018.png 1363w, https:\/\/www.hhpartners.eu\/wp-content\/uploads\/2018\/03\/festival-kazuistik-2018-300x57.png 300w, https:\/\/www.hhpartners.eu\/wp-content\/uploads\/2018\/03\/festival-kazuistik-2018-1024x193.png 1024w\" sizes=\"(max-width: 1363px) 100vw, 1363px\" \/><\/a><\/p>\n<p><a href=\"https:\/\/unipharma.sk\/18-lekarnicky-kongres-ako-si-zabezpecit-konkurencieschopnost\/\"><img loading=\"lazy\" class=\"aligncenter wp-image-2155 size-full\" src=\"http:\/\/www.hhpartners.eu\/wp-content\/uploads\/2018\/03\/18-lekarensky-kongres-1024x255.png\" alt=\"\" width=\"1024\" height=\"255\" srcset=\"https:\/\/www.hhpartners.eu\/wp-content\/uploads\/2018\/03\/18-lekarensky-kongres-1024x255.png 1024w, https:\/\/www.hhpartners.eu\/wp-content\/uploads\/2018\/03\/18-lekarensky-kongres-300x75.png 300w, https:\/\/www.hhpartners.eu\/wp-content\/uploads\/2018\/03\/18-lekarensky-kongres.png 1030w\" sizes=\"(max-width: 1024px) 100vw, 1024px\" \/><\/a><\/p>\n<p><a href=\"https:\/\/www.adl.sk\/Slovenska-verzia\/Aktuality\/Legislativny-seminar-pri-prilezitosti-25-rokov-ADL\/\"><img loading=\"lazy\" class=\"aligncenter size-full wp-image-2066\" src=\"http:\/\/www.hhpartners.eu\/wp-content\/uploads\/2016\/02\/4-adl.png\" alt=\"\" width=\"500\" height=\"228\" srcset=\"https:\/\/www.hhpartners.eu\/wp-content\/uploads\/2016\/02\/4-adl.png 500w, https:\/\/www.hhpartners.eu\/wp-content\/uploads\/2016\/02\/4-adl-300x137.png 300w\" sizes=\"(max-width: 500px) 100vw, 500px\" \/><\/a><\/p>\n<p><a href=\"http:\/\/www.sskb.sk\/portal\/wp-content\/uploads\/2017\/07\/Labkvalita2017_I_info.pdf\"><img loading=\"lazy\" class=\"aligncenter size-full wp-image-2065\" src=\"http:\/\/www.hhpartners.eu\/wp-content\/uploads\/2016\/02\/3-labkvalita.png\" alt=\"\" width=\"698\" height=\"271\" srcset=\"https:\/\/www.hhpartners.eu\/wp-content\/uploads\/2016\/02\/3-labkvalita.png 698w, https:\/\/www.hhpartners.eu\/wp-content\/uploads\/2016\/02\/3-labkvalita-300x116.png 300w\" sizes=\"(max-width: 698px) 100vw, 698px\" \/><\/a><\/p>\n<p><a href=\"http:\/\/dh006000.useron12.hostmaster.sk\/files\/Sekcia_ORL\/OS-ORL_Program_konferencie_Zvolen_2017.pdf\"><img loading=\"lazy\" class=\"aligncenter size-full wp-image-2064\" src=\"http:\/\/www.hhpartners.eu\/wp-content\/uploads\/2016\/02\/2-zvolen.png\" alt=\"\" width=\"469\" height=\"387\" srcset=\"https:\/\/www.hhpartners.eu\/wp-content\/uploads\/2016\/02\/2-zvolen.png 469w, https:\/\/www.hhpartners.eu\/wp-content\/uploads\/2016\/02\/2-zvolen-300x248.png 300w\" sizes=\"(max-width: 469px) 100vw, 469px\" \/><\/a><\/p>\n<p><a href=\"http:\/\/vpl2017.sk\/sites\/default\/files\/dcms\/VPL\/vpl17-program.pdf\"><img loading=\"lazy\" class=\"aligncenter size-full wp-image-2063\" src=\"http:\/\/www.hhpartners.eu\/wp-content\/uploads\/2016\/02\/1-vpl2017.png\" alt=\"\" width=\"625\" height=\"130\" srcset=\"https:\/\/www.hhpartners.eu\/wp-content\/uploads\/2016\/02\/1-vpl2017.png 625w, https:\/\/www.hhpartners.eu\/wp-content\/uploads\/2016\/02\/1-vpl2017-300x62.png 300w\" sizes=\"(max-width: 625px) 100vw, 625px\" \/><\/a><\/p>\n<p><a href=\"http:\/\/www.nemocnicakomarno.sk\/nemocnica\/novinky\/170921-vzdelavanie.html\" target=\"_blank\" rel=\"noopener noreferrer\"><img loading=\"lazy\" class=\"aligncenter size-large wp-image-2032\" src=\"http:\/\/www.hhpartners.eu\/wp-content\/uploads\/2016\/02\/VI_konferencia-1024x479.png\" alt=\"\" width=\"1024\" height=\"479\" srcset=\"https:\/\/www.hhpartners.eu\/wp-content\/uploads\/2016\/02\/VI_konferencia-1024x479.png 1024w, https:\/\/www.hhpartners.eu\/wp-content\/uploads\/2016\/02\/VI_konferencia-300x140.png 300w\" sizes=\"(max-width: 1024px) 100vw, 1024px\" \/><\/a><\/p>\n<p><a href=\"https:\/\/www.slek.sk\/ganet\/slek\/slek_portal.nsf\/d4c30ec543d0a1bac125739b0039848c\/f9438f1371b71e64c12580df003da44c\/$FILE\/TS%20SLeK%20_Slovensk\u00e1%20lek\u00e1rnick\u00e1%20komora%20pripravuje%20spustenie%20projektu%20Interakcie%20liekov_10.3.2017.pdf\" target=\"_blank\" rel=\"noopener noreferrer\"><img loading=\"lazy\" class=\"aligncenter wp-image-2196 size-full\" src=\"http:\/\/www.hhpartners.eu\/wp-content\/uploads\/2018\/04\/konferencia-2017.png\" alt=\"\" width=\"800\" height=\"176\" srcset=\"https:\/\/www.hhpartners.eu\/wp-content\/uploads\/2018\/04\/konferencia-2017.png 800w, https:\/\/www.hhpartners.eu\/wp-content\/uploads\/2018\/04\/konferencia-2017-300x66.png 300w\" sizes=\"(max-width: 800px) 100vw, 800px\" \/><\/a><\/p>\n<p><a href=\"https:\/\/www.slek.sk\/ganet\/slek\/slek_portal.nsf\/d4c30ec543d0a1bac125739b0039848c\/f9438f1371b71e64c12580df003da44c\/$FILE\/TS%20SLeK%20_Slovensk\u00e1%20lek\u00e1rnick\u00e1%20komora%20pripravuje%20spustenie%20projektu%20Interakcie%20liekov_10.3.2017.pdf\" target=\"_blank\" rel=\"noopener noreferrer\"><img loading=\"lazy\" class=\"aligncenter wp-image-1867 size-full\" src=\"http:\/\/www.hhpartners.eu\/wp-content\/uploads\/2016\/02\/interakcie-liekov.png\" alt=\"\" width=\"800\" height=\"200\" srcset=\"https:\/\/www.hhpartners.eu\/wp-content\/uploads\/2016\/02\/interakcie-liekov.png 800w, https:\/\/www.hhpartners.eu\/wp-content\/uploads\/2016\/02\/interakcie-liekov-300x75.png 300w\" sizes=\"(max-width: 800px) 100vw, 800px\" \/><\/a><\/p>\n<p><a href=\"http:\/\/www.primarnapediatria.sk\/2-dni-primarnej-pediatrie\/\" target=\"_blank\" rel=\"noopener noreferrer\"><img loading=\"lazy\" class=\"aligncenter wp-image-1857 size-full\" src=\"http:\/\/www.hhpartners.eu\/wp-content\/uploads\/2016\/02\/2dni-primarnej-pediatrie.png\" alt=\"\" width=\"800\" height=\"206\" srcset=\"https:\/\/www.hhpartners.eu\/wp-content\/uploads\/2016\/02\/2dni-primarnej-pediatrie.png 800w, https:\/\/www.hhpartners.eu\/wp-content\/uploads\/2016\/02\/2dni-primarnej-pediatrie-300x77.png 300w\" sizes=\"(max-width: 800px) 100vw, 800px\" \/><\/a><\/p>\n<p><a href=\"https:\/\/www.kazuistika.sk\/sk\/62-festival-kazuistik\u00ae-2017\/\" target=\"_blank\" rel=\"noopener noreferrer\"><img loading=\"lazy\" class=\"aligncenter wp-image-1734 size-full\" src=\"http:\/\/www.hhpartners.eu\/wp-content\/uploads\/2016\/02\/Sni\u0301mka-obrazovky-2017-03-24-o-10.05.23.png\" alt=\"\" width=\"682\" height=\"130\" srcset=\"https:\/\/www.hhpartners.eu\/wp-content\/uploads\/2016\/02\/Sni\u0301mka-obrazovky-2017-03-24-o-10.05.23.png 682w, https:\/\/www.hhpartners.eu\/wp-content\/uploads\/2016\/02\/Sni\u0301mka-obrazovky-2017-03-24-o-10.05.23-300x57.png 300w\" sizes=\"(max-width: 682px) 100vw, 682px\" \/><\/a><\/p>\n<p><a href=\"http:\/\/konferencia2016.medius.sk\/\" target=\"_blank\" rel=\"noopener noreferrer\"><img loading=\"lazy\" class=\"aligncenter wp-image-2195 size-full\" src=\"http:\/\/www.hhpartners.eu\/wp-content\/uploads\/2018\/04\/konferencia-2016.png\" alt=\"\" width=\"646\" height=\"143\" srcset=\"https:\/\/www.hhpartners.eu\/wp-content\/uploads\/2018\/04\/konferencia-2016.png 646w, https:\/\/www.hhpartners.eu\/wp-content\/uploads\/2018\/04\/konferencia-2016-300x66.png 300w\" sizes=\"(max-width: 646px) 100vw, 646px\" \/><\/a><\/p>\n<p><a href=\"http:\/\/www.nemocnicakomarno.sk\/nemocnica\/novinky\/160929-konferencia.html\" target=\"_blank\" rel=\"noopener noreferrer\"><img loading=\"lazy\" class=\"aligncenter size-full wp-image-1098\" src=\"http:\/\/www.hhpartners.eu\/wp-content\/uploads\/2016\/02\/forlife-komarno-2016.jpg\" alt=\"forlife-komarno-2016\" width=\"960\" height=\"270\" srcset=\"https:\/\/www.hhpartners.eu\/wp-content\/uploads\/2016\/02\/forlife-komarno-2016.jpg 960w, https:\/\/www.hhpartners.eu\/wp-content\/uploads\/2016\/02\/forlife-komarno-2016-300x84.jpg 300w\" sizes=\"(max-width: 960px) 100vw, 960px\" \/><\/a><\/p>\n<p><a href=\"http:\/\/www.revmatologicka-spolecnost.cz\/crs2016\" target=\"_blank\" rel=\"noopener noreferrer\"><img loading=\"lazy\" class=\"aligncenter wp-image-1097 size-large\" src=\"http:\/\/www.hhpartners.eu\/wp-content\/uploads\/2016\/02\/sjezd-cz-sk-revmatologu-1024x243.png\" alt=\"sjezd-cz-sk-revmatologu\" width=\"1024\" height=\"243\" srcset=\"https:\/\/www.hhpartners.eu\/wp-content\/uploads\/2016\/02\/sjezd-cz-sk-revmatologu-1024x243.png 1024w, https:\/\/www.hhpartners.eu\/wp-content\/uploads\/2016\/02\/sjezd-cz-sk-revmatologu-300x71.png 300w, https:\/\/www.hhpartners.eu\/wp-content\/uploads\/2016\/02\/sjezd-cz-sk-revmatologu.png 1890w\" sizes=\"(max-width: 1024px) 100vw, 1024px\" \/><\/a><\/p>\n<p><img loading=\"lazy\" class=\"aligncenter size-full wp-image-1109\" src=\"http:\/\/www.hhpartners.eu\/wp-content\/uploads\/2016\/02\/danubius-2016.png\" alt=\"danubius-2016\" width=\"867\" height=\"79\" srcset=\"https:\/\/www.hhpartners.eu\/wp-content\/uploads\/2016\/02\/danubius-2016.png 867w, https:\/\/www.hhpartners.eu\/wp-content\/uploads\/2016\/02\/danubius-2016-300x27.png 300w\" sizes=\"(max-width: 867px) 100vw, 867px\" \/><\/p>\n<p><a href=\"https:\/\/www.upjs.sk\/public\/media\/0455\/KPCH%202016%20brozurka%20cela%20c.2.pdf\"><img loading=\"lazy\" class=\"aligncenter size-large wp-image-1115\" src=\"http:\/\/www.hhpartners.eu\/wp-content\/uploads\/2016\/02\/kongres_plastickej_chirurgie_2016-1024x139.png\" alt=\"kongres_plastickej_chirurgie_2016\" width=\"1024\" height=\"139\" srcset=\"https:\/\/www.hhpartners.eu\/wp-content\/uploads\/2016\/02\/kongres_plastickej_chirurgie_2016-1024x139.png 1024w, https:\/\/www.hhpartners.eu\/wp-content\/uploads\/2016\/02\/kongres_plastickej_chirurgie_2016-300x41.png 300w, https:\/\/www.hhpartners.eu\/wp-content\/uploads\/2016\/02\/kongres_plastickej_chirurgie_2016.png 1118w\" sizes=\"(max-width: 1024px) 100vw, 1024px\" \/><\/a><\/p>\n<p><a href=\"https:\/\/www.upjs.sk\/public\/media\/0455\/Poruchy%20sexualnej%20identity%202016.pdf\" target=\"_blank\" rel=\"noopener noreferrer\"><img loading=\"lazy\" class=\"size-full wp-image-1072 aligncenter\" src=\"http:\/\/www.hhpartners.eu\/wp-content\/uploads\/2016\/09\/poruchy_sexualnej_identity.png\" alt=\"poruchy_sexualnej_identity\" width=\"838\" height=\"765\" srcset=\"https:\/\/www.hhpartners.eu\/wp-content\/uploads\/2016\/09\/poruchy_sexualnej_identity.png 838w, https:\/\/www.hhpartners.eu\/wp-content\/uploads\/2016\/09\/poruchy_sexualnej_identity-300x274.png 300w\" sizes=\"(max-width: 838px) 100vw, 838px\" \/><\/a><br \/>\n<a href=\"http:\/\/www.amedi.sk\/podujatia\/medzinarodny-neonatologicky-kongres-15\/uvod.html\" target=\"_blank\" rel=\"noopener noreferrer\"><img loading=\"lazy\" class=\"size-full wp-image-1070 aligncenter\" src=\"http:\/\/www.hhpartners.eu\/wp-content\/uploads\/2016\/09\/medzinarodny_neonatologicky_kongres.jpg\" alt=\"medzinarodny_neonatologicky_kongres\" width=\"558\" height=\"631\" srcset=\"https:\/\/www.hhpartners.eu\/wp-content\/uploads\/2016\/09\/medzinarodny_neonatologicky_kongres.jpg 558w, https:\/\/www.hhpartners.eu\/wp-content\/uploads\/2016\/09\/medzinarodny_neonatologicky_kongres-265x300.jpg 265w\" sizes=\"(max-width: 558px) 100vw, 558px\" \/><\/a><br \/>\n<a href=\"http:\/\/www.sskb.sk\/portal\/wp-content\/uploads\/2015\/10\/labdiagnostika_2_2015.pdf\" target=\"_blank\" rel=\"noopener noreferrer\"><img loading=\"lazy\" class=\"aligncenter wp-image-1067 size-full\" src=\"http:\/\/www.hhpartners.eu\/wp-content\/uploads\/2016\/09\/konf-labkvalita.jpg\" alt=\"konf-labkvalita\" width=\"841\" height=\"151\" srcset=\"https:\/\/www.hhpartners.eu\/wp-content\/uploads\/2016\/09\/konf-labkvalita.jpg 841w, https:\/\/www.hhpartners.eu\/wp-content\/uploads\/2016\/09\/konf-labkvalita-300x54.jpg 300w\" sizes=\"(max-width: 841px) 100vw, 841px\" \/><\/a><br \/>\n<a href=\"http:\/\/www.pedanest.sk\/\" target=\"_blank\" rel=\"noopener noreferrer\"><img loading=\"lazy\" class=\"size-full wp-image-1063 aligncenter\" src=\"http:\/\/www.hhpartners.eu\/wp-content\/uploads\/2016\/09\/banskobystricke_dni_pediatrickej_anestezie-2.jpg\" alt=\"banskobystricke_dni_pediatrickej_anestezie-2\" width=\"720\" height=\"159\" srcset=\"https:\/\/www.hhpartners.eu\/wp-content\/uploads\/2016\/09\/banskobystricke_dni_pediatrickej_anestezie-2.jpg 720w, https:\/\/www.hhpartners.eu\/wp-content\/uploads\/2016\/09\/banskobystricke_dni_pediatrickej_anestezie-2-300x66.jpg 300w\" sizes=\"(max-width: 720px) 100vw, 720px\" \/><\/a><br \/>\n<a href=\"http:\/\/www.pediatria-kosice.sk\/\" target=\"_blank\" rel=\"noopener noreferrer\"><img loading=\"lazy\" class=\"size-full wp-image-1069 aligncenter\" src=\"http:\/\/www.hhpartners.eu\/wp-content\/uploads\/2016\/09\/konf-XI_slovensky_pediatricky_kongres.jpg\" alt=\"konf-xi_slovensky_pediatricky_kongres\" width=\"720\" height=\"166\" srcset=\"https:\/\/www.hhpartners.eu\/wp-content\/uploads\/2016\/09\/konf-XI_slovensky_pediatricky_kongres.jpg 720w, https:\/\/www.hhpartners.eu\/wp-content\/uploads\/2016\/09\/konf-XI_slovensky_pediatricky_kongres-300x69.jpg 300w\" sizes=\"(max-width: 720px) 100vw, 720px\" \/><\/a><br \/>\n<a href=\"http:\/\/www.osteoporoza.sk\/fileadmin\/osteoporoza\/lekari\/files\/12_Osteoforum_2015.pdf\" target=\"_blank\" rel=\"noopener noreferrer\"><img loading=\"lazy\" class=\"aligncenter wp-image-1073 size-full\" src=\"http:\/\/www.hhpartners.eu\/wp-content\/uploads\/2016\/09\/XII_osteoforum.png\" alt=\"xii_osteoforum\" width=\"772\" height=\"179\" srcset=\"https:\/\/www.hhpartners.eu\/wp-content\/uploads\/2016\/09\/XII_osteoforum.png 772w, https:\/\/www.hhpartners.eu\/wp-content\/uploads\/2016\/09\/XII_osteoforum-300x70.png 300w\" sizes=\"(max-width: 772px) 100vw, 772px\" \/><\/a><br \/>\n<a href=\"http:\/\/konferencia2015.medius.sk\/\" target=\"_blank\" rel=\"noopener noreferrer\"><img loading=\"lazy\" class=\"size-full wp-image-1064 aligncenter\" src=\"http:\/\/www.hhpartners.eu\/wp-content\/uploads\/2016\/09\/istoty_zakona_vs_neistoty_zivota.jpg\" alt=\"istoty_zakona_vs_neistoty_zivota\" width=\"640\" height=\"100\" srcset=\"https:\/\/www.hhpartners.eu\/wp-content\/uploads\/2016\/09\/istoty_zakona_vs_neistoty_zivota.jpg 640w, https:\/\/www.hhpartners.eu\/wp-content\/uploads\/2016\/09\/istoty_zakona_vs_neistoty_zivota-300x47.jpg 300w\" sizes=\"(max-width: 640px) 100vw, 640px\" \/><\/a><br \/>\n<a href=\"http:\/\/www.sgps.sk\/media\/dokumenty\/2015\/bardosov-memorial-program-2015.pdf\" target=\"_blank\" rel=\"noopener noreferrer\"><img loading=\"lazy\" class=\"size-full wp-image-1071 aligncenter\" src=\"http:\/\/www.hhpartners.eu\/wp-content\/uploads\/2016\/09\/XXIII_bardosov_memorial.jpg\" alt=\"xxiii_bardosov_memorial\" width=\"400\" height=\"119\" srcset=\"https:\/\/www.hhpartners.eu\/wp-content\/uploads\/2016\/09\/XXIII_bardosov_memorial.jpg 400w, https:\/\/www.hhpartners.eu\/wp-content\/uploads\/2016\/09\/XXIII_bardosov_memorial-300x89.jpg 300w\" sizes=\"(max-width: 400px) 100vw, 400px\" \/><\/a><br \/>\n<a href=\"http:\/\/www.pedanest.sk\/\" target=\"_blank\" rel=\"noopener noreferrer\"><img loading=\"lazy\" class=\"size-full wp-image-1062 aligncenter\" src=\"http:\/\/www.hhpartners.eu\/wp-content\/uploads\/2016\/09\/banskobystricke_dni_pediatrickej_anestezie-1.png\" alt=\"banskobystricke_dni_pediatrickej_anestezie-1\" width=\"854\" height=\"146\" srcset=\"https:\/\/www.hhpartners.eu\/wp-content\/uploads\/2016\/09\/banskobystricke_dni_pediatrickej_anestezie-1.png 854w, https:\/\/www.hhpartners.eu\/wp-content\/uploads\/2016\/09\/banskobystricke_dni_pediatrickej_anestezie-1-300x51.png 300w\" sizes=\"(max-width: 854px) 100vw, 854px\" \/><\/a><br \/>\n<a href=\"http:\/\/konferencia2014.medius.sk\/\" target=\"_blank\" rel=\"noopener noreferrer\"><img loading=\"lazy\" class=\"size-full wp-image-1068 aligncenter\" src=\"http:\/\/www.hhpartners.eu\/wp-content\/uploads\/2016\/09\/konf-reprodukcne_zdravie_zeny_v_centre_zaujmu.png\" alt=\"konf-reprodukcne_zdravie_zeny_v_centre_zaujmu\" width=\"859\" height=\"120\" srcset=\"https:\/\/www.hhpartners.eu\/wp-content\/uploads\/2016\/09\/konf-reprodukcne_zdravie_zeny_v_centre_zaujmu.png 859w, https:\/\/www.hhpartners.eu\/wp-content\/uploads\/2016\/09\/konf-reprodukcne_zdravie_zeny_v_centre_zaujmu-300x42.png 300w\" sizes=\"(max-width: 859px) 100vw, 859px\" \/><\/a><br \/>\n<a href=\"http:\/\/konferencia2013.medius.sk\/\" target=\"_blank\" rel=\"noopener noreferrer\"><img loading=\"lazy\" class=\"size-full wp-image-1065 aligncenter\" src=\"http:\/\/www.hhpartners.eu\/wp-content\/uploads\/2016\/09\/konf-ake_principy_vladnu_zdravotnictvu.png\" alt=\"konf-ake_principy_vladnu_zdravotnictvu\" width=\"900\" height=\"85\" srcset=\"https:\/\/www.hhpartners.eu\/wp-content\/uploads\/2016\/09\/konf-ake_principy_vladnu_zdravotnictvu.png 900w, https:\/\/www.hhpartners.eu\/wp-content\/uploads\/2016\/09\/konf-ake_principy_vladnu_zdravotnictvu-300x28.png 300w\" sizes=\"(max-width: 900px) 100vw, 900px\" \/><\/a><br \/>\n<a href=\"http:\/\/konferencia2012.medius.sk\/\" target=\"_blank\" rel=\"noopener noreferrer\"><img loading=\"lazy\" class=\"size-full wp-image-1066 aligncenter\" src=\"http:\/\/www.hhpartners.eu\/wp-content\/uploads\/2016\/09\/konf-biomedicinsky_vyskum.png\" alt=\"konf-biomedicinsky_vyskum\" width=\"734\" height=\"85\" srcset=\"https:\/\/www.hhpartners.eu\/wp-content\/uploads\/2016\/09\/konf-biomedicinsky_vyskum.png 734w, https:\/\/www.hhpartners.eu\/wp-content\/uploads\/2016\/09\/konf-biomedicinsky_vyskum-300x35.png 300w\" sizes=\"(max-width: 734px) 100vw, 734px\" \/><\/a><\/p>","protected":false},"excerpt":{"rendered":"<p>Lectures and performances We create topics, we educate at the universities and professional conferences. We inspire and build professional bonds. Thanks to the many professional performances and discussions we shape the environment of medical law. Some of our lectures and performances can be found in the following links.<\/p>\n","protected":false},"author":1,"featured_media":0,"parent":44,"menu_order":41,"comment_status":"closed","ping_status":"closed","template":"","meta":[],"yoast_head":"<!-- This site is optimized with the Yoast SEO plugin v18.5.1 - https:\/\/yoast.com\/wordpress\/plugins\/seo\/ -->\n<title>Lectures and performances - h&amp;h PARTNERS<\/title>\n<meta name=\"robots\" content=\"index, follow, max-snippet:-1, max-image-preview:large, max-video-preview:-1\" \/>\n<link rel=\"canonical\" href=\"https:\/\/www.hhpartners.eu\/vztahy-s-verejnostou\/odborne-vystupenia\/\" \/>\n<meta property=\"og:locale\" content=\"en_GB\" \/>\n<meta property=\"og:type\" content=\"article\" \/>\n<meta property=\"og:title\" content=\"Lectures and performances - h&amp;h PARTNERS\" \/>\n<meta property=\"og:description\" content=\"Lectures and performances We create topics, we educate at the universities and professional conferences. We inspire and build professional bonds. Thanks to the many professional performances and discussions we shape the environment of medical law. Some of our lectures and performances can be found in the following links.\" \/>\n<meta property=\"og:url\" content=\"https:\/\/www.hhpartners.eu\/vztahy-s-verejnostou\/odborne-vystupenia\/\" \/>\n<meta property=\"og:site_name\" content=\"h&amp;h PARTNERS\" \/>\n<meta property=\"article:modified_time\" content=\"2019-11-22T12:50:37+00:00\" \/>\n<meta property=\"og:image\" content=\"http:\/\/www.hhpartners.eu\/wp-content\/uploads\/2019\/10\/banner-ssvpl-web.png\" \/>\n<meta name=\"twitter:card\" content=\"summary\" \/>\n<meta name=\"twitter:label1\" content=\"Estimated reading time\" \/>\n\t<meta name=\"twitter:data1\" content=\"1 minute\" \/>\n<script type=\"application\/ld+json\" class=\"yoast-schema-graph\">{\"@context\":\"https:\/\/schema.org\",\"@graph\":[{\"@type\":\"WebSite\",\"@id\":\"https:\/\/www.hhpartners.eu\/en\/#website\",\"url\":\"https:\/\/www.hhpartners.eu\/en\/\",\"name\":\"h&amp;h PARTNERS\",\"description\":\"\",\"potentialAction\":[{\"@type\":\"SearchAction\",\"target\":{\"@type\":\"EntryPoint\",\"urlTemplate\":\"https:\/\/www.hhpartners.eu\/en\/?s={search_term_string}\"},\"query-input\":\"required name=search_term_string\"}],\"inLanguage\":\"en-GB\"},{\"@type\":\"ImageObject\",\"@id\":\"https:\/\/www.hhpartners.eu\/vztahy-s-verejnostou\/odborne-vystupenia\/#primaryimage\",\"inLanguage\":\"en-GB\",\"url\":\"http:\/\/www.hhpartners.eu\/wp-content\/uploads\/2019\/10\/banner-ssvpl-web.png\",\"contentUrl\":\"http:\/\/www.hhpartners.eu\/wp-content\/uploads\/2019\/10\/banner-ssvpl-web.png\"},{\"@type\":\"WebPage\",\"@id\":\"https:\/\/www.hhpartners.eu\/vztahy-s-verejnostou\/odborne-vystupenia\/#webpage\",\"url\":\"https:\/\/www.hhpartners.eu\/vztahy-s-verejnostou\/odborne-vystupenia\/\",\"name\":\"Lectures and performances - h&amp;h PARTNERS\",\"isPartOf\":{\"@id\":\"https:\/\/www.hhpartners.eu\/en\/#website\"},\"primaryImageOfPage\":{\"@id\":\"https:\/\/www.hhpartners.eu\/vztahy-s-verejnostou\/odborne-vystupenia\/#primaryimage\"},\"datePublished\":\"2016-02-02T12:24:42+00:00\",\"dateModified\":\"2019-11-22T12:50:37+00:00\",\"breadcrumb\":{\"@id\":\"https:\/\/www.hhpartners.eu\/vztahy-s-verejnostou\/odborne-vystupenia\/#breadcrumb\"},\"inLanguage\":\"en-GB\",\"potentialAction\":[{\"@type\":\"ReadAction\",\"target\":[\"https:\/\/www.hhpartners.eu\/vztahy-s-verejnostou\/odborne-vystupenia\/\"]}]},{\"@type\":\"BreadcrumbList\",\"@id\":\"https:\/\/www.hhpartners.eu\/vztahy-s-verejnostou\/odborne-vystupenia\/#breadcrumb\",\"itemListElement\":[{\"@type\":\"ListItem\",\"position\":1,\"name\":\"Domovsk\u00e1 str\u00e1nka\",\"item\":\"https:\/\/www.hhpartners.eu\/\"},{\"@type\":\"ListItem\",\"position\":2,\"name\":\"Vz\u0165ahy s verejnos\u0165ou\",\"item\":\"https:\/\/www.hhpartners.eu\/vztahy-s-verejnostou\/\"},{\"@type\":\"ListItem\",\"position\":3,\"name\":\"Predn\u00e1\u0161ky a vyst\u00fapenia\"}]}]}<\/script>\n<!-- \/ Yoast SEO plugin. -->","yoast_head_json":{"title":"Lectures and performances - h&amp;h PARTNERS","robots":{"index":"index","follow":"follow","max-snippet":"max-snippet:-1","max-image-preview":"max-image-preview:large","max-video-preview":"max-video-preview:-1"},"canonical":"https:\/\/www.hhpartners.eu\/vztahy-s-verejnostou\/odborne-vystupenia\/","og_locale":"en_GB","og_type":"article","og_title":"Lectures and performances - h&amp;h PARTNERS","og_description":"Lectures and performances We create topics, we educate at the universities and professional conferences. We inspire and build professional bonds. Thanks to the many professional performances and discussions we shape the environment of medical law. Some of our lectures and performances can be found in the following links.","og_url":"https:\/\/www.hhpartners.eu\/vztahy-s-verejnostou\/odborne-vystupenia\/","og_site_name":"h&amp;h PARTNERS","article_modified_time":"2019-11-22T12:50:37+00:00","og_image":[{"url":"http:\/\/www.hhpartners.eu\/wp-content\/uploads\/2019\/10\/banner-ssvpl-web.png"}],"twitter_card":"summary","twitter_misc":{"Estimated reading time":"1 minute"},"schema":{"@context":"https:\/\/schema.org","@graph":[{"@type":"WebSite","@id":"https:\/\/www.hhpartners.eu\/en\/#website","url":"https:\/\/www.hhpartners.eu\/en\/","name":"h&amp;h PARTNERS","description":"","potentialAction":[{"@type":"SearchAction","target":{"@type":"EntryPoint","urlTemplate":"https:\/\/www.hhpartners.eu\/en\/?s={search_term_string}"},"query-input":"required name=search_term_string"}],"inLanguage":"en-GB"},{"@type":"ImageObject","@id":"https:\/\/www.hhpartners.eu\/vztahy-s-verejnostou\/odborne-vystupenia\/#primaryimage","inLanguage":"en-GB","url":"http:\/\/www.hhpartners.eu\/wp-content\/uploads\/2019\/10\/banner-ssvpl-web.png","contentUrl":"http:\/\/www.hhpartners.eu\/wp-content\/uploads\/2019\/10\/banner-ssvpl-web.png"},{"@type":"WebPage","@id":"https:\/\/www.hhpartners.eu\/vztahy-s-verejnostou\/odborne-vystupenia\/#webpage","url":"https:\/\/www.hhpartners.eu\/vztahy-s-verejnostou\/odborne-vystupenia\/","name":"Lectures and performances - h&amp;h PARTNERS","isPartOf":{"@id":"https:\/\/www.hhpartners.eu\/en\/#website"},"primaryImageOfPage":{"@id":"https:\/\/www.hhpartners.eu\/vztahy-s-verejnostou\/odborne-vystupenia\/#primaryimage"},"datePublished":"2016-02-02T12:24:42+00:00","dateModified":"2019-11-22T12:50:37+00:00","breadcrumb":{"@id":"https:\/\/www.hhpartners.eu\/vztahy-s-verejnostou\/odborne-vystupenia\/#breadcrumb"},"inLanguage":"en-GB","potentialAction":[{"@type":"ReadAction","target":["https:\/\/www.hhpartners.eu\/vztahy-s-verejnostou\/odborne-vystupenia\/"]}]},{"@type":"BreadcrumbList","@id":"https:\/\/www.hhpartners.eu\/vztahy-s-verejnostou\/odborne-vystupenia\/#breadcrumb","itemListElement":[{"@type":"ListItem","position":1,"name":"Domovsk\u00e1 str\u00e1nka","item":"https:\/\/www.hhpartners.eu\/"},{"@type":"ListItem","position":2,"name":"Vz\u0165ahy s verejnos\u0165ou","item":"https:\/\/www.hhpartners.eu\/vztahy-s-verejnostou\/"},{"@type":"ListItem","position":3,"name":"Predn\u00e1\u0161ky a vyst\u00fapenia"}]}]}},"_links":{"self":[{"href":"https:\/\/www.hhpartners.eu\/en\/wp-json\/wp\/v2\/pages\/176"}],"collection":[{"href":"https:\/\/www.hhpartners.eu\/en\/wp-json\/wp\/v2\/pages"}],"about":[{"href":"https:\/\/www.hhpartners.eu\/en\/wp-json\/wp\/v2\/types\/page"}],"author":[{"embeddable":true,"href":"https:\/\/www.hhpartners.eu\/en\/wp-json\/wp\/v2\/users\/1"}],"replies":[{"embeddable":true,"href":"https:\/\/www.hhpartners.eu\/en\/wp-json\/wp\/v2\/comments?post=176"}],"version-history":[{"count":107,"href":"https:\/\/www.hhpartners.eu\/en\/wp-json\/wp\/v2\/pages\/176\/revisions"}],"predecessor-version":[{"id":2702,"href":"https:\/\/www.hhpartners.eu\/en\/wp-json\/wp\/v2\/pages\/176\/revisions\/2702"}],"up":[{"embeddable":true,"href":"https:\/\/www.hhpartners.eu\/en\/wp-json\/wp\/v2\/pages\/44"}],"wp:attachment":[{"href":"https:\/\/www.hhpartners.eu\/en\/wp-json\/wp\/v2\/media?parent=176"}],"curies":[{"name":"wp","href":"https:\/\/api.w.org\/{rel}","templated":true}]}}