{"id":1990,"date":"2017-09-25T07:24:04","date_gmt":"2017-09-25T06:24:04","guid":{"rendered":"http:\/\/www.hhpartners.eu\/?page_id=1990"},"modified":"2017-09-25T07:24:05","modified_gmt":"2017-09-25T06:24:05","slug":"lp2017678-zakon-ktorym-sa-meni-doplna-zakon-c-2112000-z-z-o-slobodnom-pristupe-k-informaciam-o-zmene-doplneni-niektorych-zakonov-zakon-o-slobode-informacii-v-zneni-neskorsich-predpisov","status":"publish","type":"page","link":"https:\/\/www.hhpartners.eu\/en\/aktuality\/pravne-novinky\/lp2017678-zakon-ktorym-sa-meni-doplna-zakon-c-2112000-z-z-o-slobodnom-pristupe-k-informaciam-o-zmene-doplneni-niektorych-zakonov-zakon-o-slobode-informacii-v-zneni-neskorsich-predpisov\/","title":{"rendered":"(SK) LP\/2017\/678 Z\u00e1kon, ktor\u00fdm sa men\u00ed a dop\u013a\u0148a z\u00e1kon \u010d. 211\/2000 Z. z. o slobodnom pr\u00edstupe k inform\u00e1ci\u00e1m a o zmene a doplnen\u00ed niektor\u00fdch z\u00e1konov (z\u00e1kon o slobode inform\u00e1ci\u00ed) v znen\u00ed neskor\u0161\u00edch predpisov a ktor\u00fdm sa dop\u013a\u0148a z\u00e1kon Slovenskej n\u00e1rodnej rady \u010d. 71\/1992 Zb. o s\u00fadnych poplatkoch a poplatku za v\u00fdpis z registra trestov v znen\u00ed neskor\u0161\u00edch predpisov"},"content":{"rendered":"<p class=\"qtranxs-available-languages-message qtranxs-available-languages-message-en\">Sorry, this entry is only available in <a href=\"https:\/\/www.hhpartners.eu\/sk\/wp-json\/wp\/v2\/pages\/1990\" class=\"qtranxs-available-language-link qtranxs-available-language-link-sk\" title=\"SK\">Slovak<\/a>.<\/p>","protected":false},"excerpt":{"rendered":"<p>Sorry, this entry is only available in Slovak.<\/p>\n","protected":false},"author":1,"featured_media":0,"parent":279,"menu_order":0,"comment_status":"closed","ping_status":"closed","template":"","meta":[],"yoast_head":"<!-- This site is optimized with the Yoast SEO plugin v18.5.1 - https:\/\/yoast.com\/wordpress\/plugins\/seo\/ -->\n<title>(SK) LP\/2017\/678 Z\u00e1kon, ktor\u00fdm sa men\u00ed a dop\u013a\u0148a z\u00e1kon \u010d. 211\/2000 Z. z. o slobodnom pr\u00edstupe k inform\u00e1ci\u00e1m a o zmene a doplnen\u00ed niektor\u00fdch z\u00e1konov (z\u00e1kon o slobode inform\u00e1ci\u00ed) v znen\u00ed neskor\u0161\u00edch predpisov a ktor\u00fdm sa dop\u013a\u0148a z\u00e1kon Slovenskej n\u00e1rodnej rady \u010d. 71\/1992 Zb. o s\u00fadnych poplatkoch a poplatku za v\u00fdpis z registra trestov v znen\u00ed neskor\u0161\u00edch predpisov - h&amp;h PARTNERS<\/title>\n<meta name=\"robots\" content=\"index, follow, max-snippet:-1, max-image-preview:large, max-video-preview:-1\" \/>\n<link rel=\"canonical\" href=\"https:\/\/www.hhpartners.eu\/aktuality\/pravne-novinky\/lp2017678-zakon-ktorym-sa-meni-doplna-zakon-c-2112000-z-z-o-slobodnom-pristupe-k-informaciam-o-zmene-doplneni-niektorych-zakonov-zakon-o-slobode-informacii-v-zneni-neskorsich-predpisov\/\" \/>\n<meta property=\"og:locale\" content=\"en_GB\" \/>\n<meta property=\"og:type\" content=\"article\" \/>\n<meta property=\"og:title\" content=\"(SK) LP\/2017\/678 Z\u00e1kon, ktor\u00fdm sa men\u00ed a dop\u013a\u0148a z\u00e1kon \u010d. 211\/2000 Z. z. o slobodnom pr\u00edstupe k inform\u00e1ci\u00e1m a o zmene a doplnen\u00ed niektor\u00fdch z\u00e1konov (z\u00e1kon o slobode inform\u00e1ci\u00ed) v znen\u00ed neskor\u0161\u00edch predpisov a ktor\u00fdm sa dop\u013a\u0148a z\u00e1kon Slovenskej n\u00e1rodnej rady \u010d. 71\/1992 Zb. o s\u00fadnych poplatkoch a poplatku za v\u00fdpis z registra trestov v znen\u00ed neskor\u0161\u00edch predpisov - h&amp;h PARTNERS\" \/>\n<meta property=\"og:description\" content=\"Sorry, this entry is only available in Slovak.\" \/>\n<meta property=\"og:url\" content=\"https:\/\/www.hhpartners.eu\/aktuality\/pravne-novinky\/lp2017678-zakon-ktorym-sa-meni-doplna-zakon-c-2112000-z-z-o-slobodnom-pristupe-k-informaciam-o-zmene-doplneni-niektorych-zakonov-zakon-o-slobode-informacii-v-zneni-neskorsich-predpisov\/\" \/>\n<meta property=\"og:site_name\" content=\"h&amp;h PARTNERS\" \/>\n<meta property=\"article:modified_time\" content=\"2017-09-25T06:24:05+00:00\" \/>\n<meta name=\"twitter:card\" content=\"summary\" \/>\n<meta name=\"twitter:label1\" content=\"Estimated reading time\" \/>\n\t<meta name=\"twitter:data1\" content=\"7 minutes\" \/>\n<script type=\"application\/ld+json\" class=\"yoast-schema-graph\">{\"@context\":\"https:\/\/schema.org\",\"@graph\":[{\"@type\":\"WebSite\",\"@id\":\"https:\/\/www.hhpartners.eu\/en\/#website\",\"url\":\"https:\/\/www.hhpartners.eu\/en\/\",\"name\":\"h&amp;h PARTNERS\",\"description\":\"\",\"potentialAction\":[{\"@type\":\"SearchAction\",\"target\":{\"@type\":\"EntryPoint\",\"urlTemplate\":\"https:\/\/www.hhpartners.eu\/en\/?s={search_term_string}\"},\"query-input\":\"required name=search_term_string\"}],\"inLanguage\":\"en-GB\"},{\"@type\":\"WebPage\",\"@id\":\"https:\/\/www.hhpartners.eu\/aktuality\/pravne-novinky\/lp2017678-zakon-ktorym-sa-meni-doplna-zakon-c-2112000-z-z-o-slobodnom-pristupe-k-informaciam-o-zmene-doplneni-niektorych-zakonov-zakon-o-slobode-informacii-v-zneni-neskorsich-predpisov\/#webpage\",\"url\":\"https:\/\/www.hhpartners.eu\/aktuality\/pravne-novinky\/lp2017678-zakon-ktorym-sa-meni-doplna-zakon-c-2112000-z-z-o-slobodnom-pristupe-k-informaciam-o-zmene-doplneni-niektorych-zakonov-zakon-o-slobode-informacii-v-zneni-neskorsich-predpisov\/\",\"name\":\"(SK) LP\/2017\/678 Z\u00e1kon, ktor\u00fdm sa men\u00ed a dop\u013a\u0148a z\u00e1kon \u010d. 211\/2000 Z. z. o slobodnom pr\u00edstupe k inform\u00e1ci\u00e1m a o zmene a doplnen\u00ed niektor\u00fdch z\u00e1konov (z\u00e1kon o slobode inform\u00e1ci\u00ed) v znen\u00ed neskor\u0161\u00edch predpisov a ktor\u00fdm sa dop\u013a\u0148a z\u00e1kon Slovenskej n\u00e1rodnej rady \u010d. 71\/1992 Zb. o s\u00fadnych poplatkoch a poplatku za v\u00fdpis z registra trestov v znen\u00ed neskor\u0161\u00edch predpisov - h&amp;h PARTNERS\",\"isPartOf\":{\"@id\":\"https:\/\/www.hhpartners.eu\/en\/#website\"},\"datePublished\":\"2017-09-25T06:24:04+00:00\",\"dateModified\":\"2017-09-25T06:24:05+00:00\",\"breadcrumb\":{\"@id\":\"https:\/\/www.hhpartners.eu\/aktuality\/pravne-novinky\/lp2017678-zakon-ktorym-sa-meni-doplna-zakon-c-2112000-z-z-o-slobodnom-pristupe-k-informaciam-o-zmene-doplneni-niektorych-zakonov-zakon-o-slobode-informacii-v-zneni-neskorsich-predpisov\/#breadcrumb\"},\"inLanguage\":\"en-GB\",\"potentialAction\":[{\"@type\":\"ReadAction\",\"target\":[\"https:\/\/www.hhpartners.eu\/aktuality\/pravne-novinky\/lp2017678-zakon-ktorym-sa-meni-doplna-zakon-c-2112000-z-z-o-slobodnom-pristupe-k-informaciam-o-zmene-doplneni-niektorych-zakonov-zakon-o-slobode-informacii-v-zneni-neskorsich-predpisov\/\"]}]},{\"@type\":\"BreadcrumbList\",\"@id\":\"https:\/\/www.hhpartners.eu\/aktuality\/pravne-novinky\/lp2017678-zakon-ktorym-sa-meni-doplna-zakon-c-2112000-z-z-o-slobodnom-pristupe-k-informaciam-o-zmene-doplneni-niektorych-zakonov-zakon-o-slobode-informacii-v-zneni-neskorsich-predpisov\/#breadcrumb\",\"itemListElement\":[{\"@type\":\"ListItem\",\"position\":1,\"name\":\"Domovsk\u00e1 str\u00e1nka\",\"item\":\"https:\/\/www.hhpartners.eu\/\"},{\"@type\":\"ListItem\",\"position\":2,\"name\":\"Aktuality\",\"item\":\"https:\/\/www.hhpartners.eu\/aktuality\/\"},{\"@type\":\"ListItem\",\"position\":3,\"name\":\"Pr\u00e1vne novinky\",\"item\":\"https:\/\/www.hhpartners.eu\/aktuality\/pravne-novinky\/\"},{\"@type\":\"ListItem\",\"position\":4,\"name\":\"LP\/2017\/678 Z\u00e1kon, ktor\u00fdm sa men\u00ed a dop\u013a\u0148a z\u00e1kon \u010d. 211\/2000 Z. z. o slobodnom pr\u00edstupe k inform\u00e1ci\u00e1m a o zmene a doplnen\u00ed niektor\u00fdch z\u00e1konov (z\u00e1kon o slobode inform\u00e1ci\u00ed) v znen\u00ed neskor\u0161\u00edch predpisov a ktor\u00fdm sa dop\u013a\u0148a z\u00e1kon Slovenskej n\u00e1rodnej rady \u010d. 71\/1992 Zb. o s\u00fadnych poplatkoch a poplatku za v\u00fdpis z registra trestov v znen\u00ed neskor\u0161\u00edch predpisov\"}]}]}<\/script>\n<!-- \/ Yoast SEO plugin. -->","yoast_head_json":{"title":"(SK) LP\/2017\/678 Z\u00e1kon, ktor\u00fdm sa men\u00ed a dop\u013a\u0148a z\u00e1kon \u010d. 211\/2000 Z. z. o slobodnom pr\u00edstupe k inform\u00e1ci\u00e1m a o zmene a doplnen\u00ed niektor\u00fdch z\u00e1konov (z\u00e1kon o slobode inform\u00e1ci\u00ed) v znen\u00ed neskor\u0161\u00edch predpisov a ktor\u00fdm sa dop\u013a\u0148a z\u00e1kon Slovenskej n\u00e1rodnej rady \u010d. 71\/1992 Zb. o s\u00fadnych poplatkoch a poplatku za v\u00fdpis z registra trestov v znen\u00ed neskor\u0161\u00edch predpisov - h&amp;h PARTNERS","robots":{"index":"index","follow":"follow","max-snippet":"max-snippet:-1","max-image-preview":"max-image-preview:large","max-video-preview":"max-video-preview:-1"},"canonical":"https:\/\/www.hhpartners.eu\/aktuality\/pravne-novinky\/lp2017678-zakon-ktorym-sa-meni-doplna-zakon-c-2112000-z-z-o-slobodnom-pristupe-k-informaciam-o-zmene-doplneni-niektorych-zakonov-zakon-o-slobode-informacii-v-zneni-neskorsich-predpisov\/","og_locale":"en_GB","og_type":"article","og_title":"(SK) LP\/2017\/678 Z\u00e1kon, ktor\u00fdm sa men\u00ed a dop\u013a\u0148a z\u00e1kon \u010d. 211\/2000 Z. z. o slobodnom pr\u00edstupe k inform\u00e1ci\u00e1m a o zmene a doplnen\u00ed niektor\u00fdch z\u00e1konov (z\u00e1kon o slobode inform\u00e1ci\u00ed) v znen\u00ed neskor\u0161\u00edch predpisov a ktor\u00fdm sa dop\u013a\u0148a z\u00e1kon Slovenskej n\u00e1rodnej rady \u010d. 71\/1992 Zb. o s\u00fadnych poplatkoch a poplatku za v\u00fdpis z registra trestov v znen\u00ed neskor\u0161\u00edch predpisov - h&amp;h PARTNERS","og_description":"Sorry, this entry is only available in Slovak.","og_url":"https:\/\/www.hhpartners.eu\/aktuality\/pravne-novinky\/lp2017678-zakon-ktorym-sa-meni-doplna-zakon-c-2112000-z-z-o-slobodnom-pristupe-k-informaciam-o-zmene-doplneni-niektorych-zakonov-zakon-o-slobode-informacii-v-zneni-neskorsich-predpisov\/","og_site_name":"h&amp;h PARTNERS","article_modified_time":"2017-09-25T06:24:05+00:00","twitter_card":"summary","twitter_misc":{"Estimated reading time":"7 minutes"},"schema":{"@context":"https:\/\/schema.org","@graph":[{"@type":"WebSite","@id":"https:\/\/www.hhpartners.eu\/en\/#website","url":"https:\/\/www.hhpartners.eu\/en\/","name":"h&amp;h PARTNERS","description":"","potentialAction":[{"@type":"SearchAction","target":{"@type":"EntryPoint","urlTemplate":"https:\/\/www.hhpartners.eu\/en\/?s={search_term_string}"},"query-input":"required name=search_term_string"}],"inLanguage":"en-GB"},{"@type":"WebPage","@id":"https:\/\/www.hhpartners.eu\/aktuality\/pravne-novinky\/lp2017678-zakon-ktorym-sa-meni-doplna-zakon-c-2112000-z-z-o-slobodnom-pristupe-k-informaciam-o-zmene-doplneni-niektorych-zakonov-zakon-o-slobode-informacii-v-zneni-neskorsich-predpisov\/#webpage","url":"https:\/\/www.hhpartners.eu\/aktuality\/pravne-novinky\/lp2017678-zakon-ktorym-sa-meni-doplna-zakon-c-2112000-z-z-o-slobodnom-pristupe-k-informaciam-o-zmene-doplneni-niektorych-zakonov-zakon-o-slobode-informacii-v-zneni-neskorsich-predpisov\/","name":"(SK) LP\/2017\/678 Z\u00e1kon, ktor\u00fdm sa men\u00ed a dop\u013a\u0148a z\u00e1kon \u010d. 211\/2000 Z. z. o slobodnom pr\u00edstupe k inform\u00e1ci\u00e1m a o zmene a doplnen\u00ed niektor\u00fdch z\u00e1konov (z\u00e1kon o slobode inform\u00e1ci\u00ed) v znen\u00ed neskor\u0161\u00edch predpisov a ktor\u00fdm sa dop\u013a\u0148a z\u00e1kon Slovenskej n\u00e1rodnej rady \u010d. 71\/1992 Zb. o s\u00fadnych poplatkoch a poplatku za v\u00fdpis z registra trestov v znen\u00ed neskor\u0161\u00edch predpisov - h&amp;h PARTNERS","isPartOf":{"@id":"https:\/\/www.hhpartners.eu\/en\/#website"},"datePublished":"2017-09-25T06:24:04+00:00","dateModified":"2017-09-25T06:24:05+00:00","breadcrumb":{"@id":"https:\/\/www.hhpartners.eu\/aktuality\/pravne-novinky\/lp2017678-zakon-ktorym-sa-meni-doplna-zakon-c-2112000-z-z-o-slobodnom-pristupe-k-informaciam-o-zmene-doplneni-niektorych-zakonov-zakon-o-slobode-informacii-v-zneni-neskorsich-predpisov\/#breadcrumb"},"inLanguage":"en-GB","potentialAction":[{"@type":"ReadAction","target":["https:\/\/www.hhpartners.eu\/aktuality\/pravne-novinky\/lp2017678-zakon-ktorym-sa-meni-doplna-zakon-c-2112000-z-z-o-slobodnom-pristupe-k-informaciam-o-zmene-doplneni-niektorych-zakonov-zakon-o-slobode-informacii-v-zneni-neskorsich-predpisov\/"]}]},{"@type":"BreadcrumbList","@id":"https:\/\/www.hhpartners.eu\/aktuality\/pravne-novinky\/lp2017678-zakon-ktorym-sa-meni-doplna-zakon-c-2112000-z-z-o-slobodnom-pristupe-k-informaciam-o-zmene-doplneni-niektorych-zakonov-zakon-o-slobode-informacii-v-zneni-neskorsich-predpisov\/#breadcrumb","itemListElement":[{"@type":"ListItem","position":1,"name":"Domovsk\u00e1 str\u00e1nka","item":"https:\/\/www.hhpartners.eu\/"},{"@type":"ListItem","position":2,"name":"Aktuality","item":"https:\/\/www.hhpartners.eu\/aktuality\/"},{"@type":"ListItem","position":3,"name":"Pr\u00e1vne novinky","item":"https:\/\/www.hhpartners.eu\/aktuality\/pravne-novinky\/"},{"@type":"ListItem","position":4,"name":"LP\/2017\/678 Z\u00e1kon, ktor\u00fdm sa men\u00ed a dop\u013a\u0148a z\u00e1kon \u010d. 211\/2000 Z. z. o slobodnom pr\u00edstupe k inform\u00e1ci\u00e1m a o zmene a doplnen\u00ed niektor\u00fdch z\u00e1konov (z\u00e1kon o slobode inform\u00e1ci\u00ed) v znen\u00ed neskor\u0161\u00edch predpisov a ktor\u00fdm sa dop\u013a\u0148a z\u00e1kon Slovenskej n\u00e1rodnej rady \u010d. 71\/1992 Zb. o s\u00fadnych poplatkoch a poplatku za v\u00fdpis z registra trestov v znen\u00ed neskor\u0161\u00edch predpisov"}]}]}},"_links":{"self":[{"href":"https:\/\/www.hhpartners.eu\/en\/wp-json\/wp\/v2\/pages\/1990"}],"collection":[{"href":"https:\/\/www.hhpartners.eu\/en\/wp-json\/wp\/v2\/pages"}],"about":[{"href":"https:\/\/www.hhpartners.eu\/en\/wp-json\/wp\/v2\/types\/page"}],"author":[{"embeddable":true,"href":"https:\/\/www.hhpartners.eu\/en\/wp-json\/wp\/v2\/users\/1"}],"replies":[{"embeddable":true,"href":"https:\/\/www.hhpartners.eu\/en\/wp-json\/wp\/v2\/comments?post=1990"}],"version-history":[{"count":1,"href":"https:\/\/www.hhpartners.eu\/en\/wp-json\/wp\/v2\/pages\/1990\/revisions"}],"predecessor-version":[{"id":1991,"href":"https:\/\/www.hhpartners.eu\/en\/wp-json\/wp\/v2\/pages\/1990\/revisions\/1991"}],"up":[{"embeddable":true,"href":"https:\/\/www.hhpartners.eu\/en\/wp-json\/wp\/v2\/pages\/279"}],"wp:attachment":[{"href":"https:\/\/www.hhpartners.eu\/en\/wp-json\/wp\/v2\/media?parent=1990"}],"curies":[{"name":"wp","href":"https:\/\/api.w.org\/{rel}","templated":true}]}}