{"id":2095,"date":"2017-12-21T10:59:06","date_gmt":"2017-12-21T09:59:06","guid":{"rendered":"http:\/\/www.hhpartners.eu\/?page_id=2095"},"modified":"2017-12-21T10:59:06","modified_gmt":"2017-12-21T09:59:06","slug":"lp-2017-936-zakon-ktorym-sa-meni-doplna-zakon-c-300-2005-z-z-trestny-zakon-v-zneni-neskorsich-predpisov-ktorym-sa-menia-doplnaju-niektore-zakony","status":"publish","type":"page","link":"https:\/\/www.hhpartners.eu\/en\/aktuality\/pravne-novinky\/lp-2017-936-zakon-ktorym-sa-meni-doplna-zakon-c-300-2005-z-z-trestny-zakon-v-zneni-neskorsich-predpisov-ktorym-sa-menia-doplnaju-niektore-zakony\/","title":{"rendered":"(SK) LP\/2017\/936 Z\u00e1kon, ktor\u00fdm sa men\u00ed a dop\u013a\u0148a z\u00e1kon \u010d. 300\/2005 Z. z. Trestn\u00fd z\u00e1kon v znen\u00ed neskor\u0161\u00edch predpisov a ktor\u00fdm sa menia a dop\u013a\u0148aj\u00fa niektor\u00e9 z\u00e1kony"},"content":{"rendered":"<p class=\"qtranxs-available-languages-message qtranxs-available-languages-message-en\">Sorry, this entry is only available in <a href=\"https:\/\/www.hhpartners.eu\/sk\/wp-json\/wp\/v2\/pages\/2095\" class=\"qtranxs-available-language-link qtranxs-available-language-link-sk\" title=\"SK\">Slovak<\/a>.<\/p>","protected":false},"excerpt":{"rendered":"<p>Sorry, this entry is only available in Slovak.<\/p>\n","protected":false},"author":1,"featured_media":0,"parent":279,"menu_order":0,"comment_status":"closed","ping_status":"closed","template":"","meta":[],"yoast_head":"<!-- This site is optimized with the Yoast SEO plugin v18.5.1 - https:\/\/yoast.com\/wordpress\/plugins\/seo\/ -->\n<title>(SK) LP\/2017\/936 Z\u00e1kon, ktor\u00fdm sa men\u00ed a dop\u013a\u0148a z\u00e1kon \u010d. 300\/2005 Z. z. Trestn\u00fd z\u00e1kon v znen\u00ed neskor\u0161\u00edch predpisov a ktor\u00fdm sa menia a dop\u013a\u0148aj\u00fa niektor\u00e9 z\u00e1kony - h&amp;h PARTNERS<\/title>\n<meta name=\"robots\" content=\"index, follow, max-snippet:-1, max-image-preview:large, max-video-preview:-1\" \/>\n<link rel=\"canonical\" href=\"https:\/\/www.hhpartners.eu\/aktuality\/pravne-novinky\/lp-2017-936-zakon-ktorym-sa-meni-doplna-zakon-c-300-2005-z-z-trestny-zakon-v-zneni-neskorsich-predpisov-ktorym-sa-menia-doplnaju-niektore-zakony\/\" \/>\n<meta property=\"og:locale\" content=\"en_GB\" \/>\n<meta property=\"og:type\" content=\"article\" \/>\n<meta property=\"og:title\" content=\"(SK) LP\/2017\/936 Z\u00e1kon, ktor\u00fdm sa men\u00ed a dop\u013a\u0148a z\u00e1kon \u010d. 300\/2005 Z. z. Trestn\u00fd z\u00e1kon v znen\u00ed neskor\u0161\u00edch predpisov a ktor\u00fdm sa menia a dop\u013a\u0148aj\u00fa niektor\u00e9 z\u00e1kony - h&amp;h PARTNERS\" \/>\n<meta property=\"og:description\" content=\"Sorry, this entry is only available in Slovak.\" \/>\n<meta property=\"og:url\" content=\"https:\/\/www.hhpartners.eu\/aktuality\/pravne-novinky\/lp-2017-936-zakon-ktorym-sa-meni-doplna-zakon-c-300-2005-z-z-trestny-zakon-v-zneni-neskorsich-predpisov-ktorym-sa-menia-doplnaju-niektore-zakony\/\" \/>\n<meta property=\"og:site_name\" content=\"h&amp;h PARTNERS\" \/>\n<meta name=\"twitter:card\" content=\"summary\" \/>\n<meta name=\"twitter:label1\" content=\"Estimated reading time\" \/>\n\t<meta name=\"twitter:data1\" content=\"6 minutes\" \/>\n<script type=\"application\/ld+json\" class=\"yoast-schema-graph\">{\"@context\":\"https:\/\/schema.org\",\"@graph\":[{\"@type\":\"WebSite\",\"@id\":\"https:\/\/www.hhpartners.eu\/en\/#website\",\"url\":\"https:\/\/www.hhpartners.eu\/en\/\",\"name\":\"h&amp;h PARTNERS\",\"description\":\"\",\"potentialAction\":[{\"@type\":\"SearchAction\",\"target\":{\"@type\":\"EntryPoint\",\"urlTemplate\":\"https:\/\/www.hhpartners.eu\/en\/?s={search_term_string}\"},\"query-input\":\"required name=search_term_string\"}],\"inLanguage\":\"en-GB\"},{\"@type\":\"WebPage\",\"@id\":\"https:\/\/www.hhpartners.eu\/aktuality\/pravne-novinky\/lp-2017-936-zakon-ktorym-sa-meni-doplna-zakon-c-300-2005-z-z-trestny-zakon-v-zneni-neskorsich-predpisov-ktorym-sa-menia-doplnaju-niektore-zakony\/#webpage\",\"url\":\"https:\/\/www.hhpartners.eu\/aktuality\/pravne-novinky\/lp-2017-936-zakon-ktorym-sa-meni-doplna-zakon-c-300-2005-z-z-trestny-zakon-v-zneni-neskorsich-predpisov-ktorym-sa-menia-doplnaju-niektore-zakony\/\",\"name\":\"(SK) LP\/2017\/936 Z\u00e1kon, ktor\u00fdm sa men\u00ed a dop\u013a\u0148a z\u00e1kon \u010d. 300\/2005 Z. z. Trestn\u00fd z\u00e1kon v znen\u00ed neskor\u0161\u00edch predpisov a ktor\u00fdm sa menia a dop\u013a\u0148aj\u00fa niektor\u00e9 z\u00e1kony - h&amp;h PARTNERS\",\"isPartOf\":{\"@id\":\"https:\/\/www.hhpartners.eu\/en\/#website\"},\"datePublished\":\"2017-12-21T09:59:06+00:00\",\"dateModified\":\"2017-12-21T09:59:06+00:00\",\"breadcrumb\":{\"@id\":\"https:\/\/www.hhpartners.eu\/aktuality\/pravne-novinky\/lp-2017-936-zakon-ktorym-sa-meni-doplna-zakon-c-300-2005-z-z-trestny-zakon-v-zneni-neskorsich-predpisov-ktorym-sa-menia-doplnaju-niektore-zakony\/#breadcrumb\"},\"inLanguage\":\"en-GB\",\"potentialAction\":[{\"@type\":\"ReadAction\",\"target\":[\"https:\/\/www.hhpartners.eu\/aktuality\/pravne-novinky\/lp-2017-936-zakon-ktorym-sa-meni-doplna-zakon-c-300-2005-z-z-trestny-zakon-v-zneni-neskorsich-predpisov-ktorym-sa-menia-doplnaju-niektore-zakony\/\"]}]},{\"@type\":\"BreadcrumbList\",\"@id\":\"https:\/\/www.hhpartners.eu\/aktuality\/pravne-novinky\/lp-2017-936-zakon-ktorym-sa-meni-doplna-zakon-c-300-2005-z-z-trestny-zakon-v-zneni-neskorsich-predpisov-ktorym-sa-menia-doplnaju-niektore-zakony\/#breadcrumb\",\"itemListElement\":[{\"@type\":\"ListItem\",\"position\":1,\"name\":\"Domovsk\u00e1 str\u00e1nka\",\"item\":\"https:\/\/www.hhpartners.eu\/\"},{\"@type\":\"ListItem\",\"position\":2,\"name\":\"Aktuality\",\"item\":\"https:\/\/www.hhpartners.eu\/aktuality\/\"},{\"@type\":\"ListItem\",\"position\":3,\"name\":\"Pr\u00e1vne novinky\",\"item\":\"https:\/\/www.hhpartners.eu\/aktuality\/pravne-novinky\/\"},{\"@type\":\"ListItem\",\"position\":4,\"name\":\"LP\/2017\/936 Z\u00e1kon, ktor\u00fdm sa men\u00ed a dop\u013a\u0148a z\u00e1kon \u010d. 300\/2005 Z. z. Trestn\u00fd z\u00e1kon v znen\u00ed neskor\u0161\u00edch predpisov a ktor\u00fdm sa menia a dop\u013a\u0148aj\u00fa niektor\u00e9 z\u00e1kony\"}]}]}<\/script>\n<!-- \/ Yoast SEO plugin. -->","yoast_head_json":{"title":"(SK) LP\/2017\/936 Z\u00e1kon, ktor\u00fdm sa men\u00ed a dop\u013a\u0148a z\u00e1kon \u010d. 300\/2005 Z. z. Trestn\u00fd z\u00e1kon v znen\u00ed neskor\u0161\u00edch predpisov a ktor\u00fdm sa menia a dop\u013a\u0148aj\u00fa niektor\u00e9 z\u00e1kony - h&amp;h PARTNERS","robots":{"index":"index","follow":"follow","max-snippet":"max-snippet:-1","max-image-preview":"max-image-preview:large","max-video-preview":"max-video-preview:-1"},"canonical":"https:\/\/www.hhpartners.eu\/aktuality\/pravne-novinky\/lp-2017-936-zakon-ktorym-sa-meni-doplna-zakon-c-300-2005-z-z-trestny-zakon-v-zneni-neskorsich-predpisov-ktorym-sa-menia-doplnaju-niektore-zakony\/","og_locale":"en_GB","og_type":"article","og_title":"(SK) LP\/2017\/936 Z\u00e1kon, ktor\u00fdm sa men\u00ed a dop\u013a\u0148a z\u00e1kon \u010d. 300\/2005 Z. z. Trestn\u00fd z\u00e1kon v znen\u00ed neskor\u0161\u00edch predpisov a ktor\u00fdm sa menia a dop\u013a\u0148aj\u00fa niektor\u00e9 z\u00e1kony - h&amp;h PARTNERS","og_description":"Sorry, this entry is only available in Slovak.","og_url":"https:\/\/www.hhpartners.eu\/aktuality\/pravne-novinky\/lp-2017-936-zakon-ktorym-sa-meni-doplna-zakon-c-300-2005-z-z-trestny-zakon-v-zneni-neskorsich-predpisov-ktorym-sa-menia-doplnaju-niektore-zakony\/","og_site_name":"h&amp;h PARTNERS","twitter_card":"summary","twitter_misc":{"Estimated reading time":"6 minutes"},"schema":{"@context":"https:\/\/schema.org","@graph":[{"@type":"WebSite","@id":"https:\/\/www.hhpartners.eu\/en\/#website","url":"https:\/\/www.hhpartners.eu\/en\/","name":"h&amp;h PARTNERS","description":"","potentialAction":[{"@type":"SearchAction","target":{"@type":"EntryPoint","urlTemplate":"https:\/\/www.hhpartners.eu\/en\/?s={search_term_string}"},"query-input":"required name=search_term_string"}],"inLanguage":"en-GB"},{"@type":"WebPage","@id":"https:\/\/www.hhpartners.eu\/aktuality\/pravne-novinky\/lp-2017-936-zakon-ktorym-sa-meni-doplna-zakon-c-300-2005-z-z-trestny-zakon-v-zneni-neskorsich-predpisov-ktorym-sa-menia-doplnaju-niektore-zakony\/#webpage","url":"https:\/\/www.hhpartners.eu\/aktuality\/pravne-novinky\/lp-2017-936-zakon-ktorym-sa-meni-doplna-zakon-c-300-2005-z-z-trestny-zakon-v-zneni-neskorsich-predpisov-ktorym-sa-menia-doplnaju-niektore-zakony\/","name":"(SK) LP\/2017\/936 Z\u00e1kon, ktor\u00fdm sa men\u00ed a dop\u013a\u0148a z\u00e1kon \u010d. 300\/2005 Z. z. Trestn\u00fd z\u00e1kon v znen\u00ed neskor\u0161\u00edch predpisov a ktor\u00fdm sa menia a dop\u013a\u0148aj\u00fa niektor\u00e9 z\u00e1kony - h&amp;h PARTNERS","isPartOf":{"@id":"https:\/\/www.hhpartners.eu\/en\/#website"},"datePublished":"2017-12-21T09:59:06+00:00","dateModified":"2017-12-21T09:59:06+00:00","breadcrumb":{"@id":"https:\/\/www.hhpartners.eu\/aktuality\/pravne-novinky\/lp-2017-936-zakon-ktorym-sa-meni-doplna-zakon-c-300-2005-z-z-trestny-zakon-v-zneni-neskorsich-predpisov-ktorym-sa-menia-doplnaju-niektore-zakony\/#breadcrumb"},"inLanguage":"en-GB","potentialAction":[{"@type":"ReadAction","target":["https:\/\/www.hhpartners.eu\/aktuality\/pravne-novinky\/lp-2017-936-zakon-ktorym-sa-meni-doplna-zakon-c-300-2005-z-z-trestny-zakon-v-zneni-neskorsich-predpisov-ktorym-sa-menia-doplnaju-niektore-zakony\/"]}]},{"@type":"BreadcrumbList","@id":"https:\/\/www.hhpartners.eu\/aktuality\/pravne-novinky\/lp-2017-936-zakon-ktorym-sa-meni-doplna-zakon-c-300-2005-z-z-trestny-zakon-v-zneni-neskorsich-predpisov-ktorym-sa-menia-doplnaju-niektore-zakony\/#breadcrumb","itemListElement":[{"@type":"ListItem","position":1,"name":"Domovsk\u00e1 str\u00e1nka","item":"https:\/\/www.hhpartners.eu\/"},{"@type":"ListItem","position":2,"name":"Aktuality","item":"https:\/\/www.hhpartners.eu\/aktuality\/"},{"@type":"ListItem","position":3,"name":"Pr\u00e1vne novinky","item":"https:\/\/www.hhpartners.eu\/aktuality\/pravne-novinky\/"},{"@type":"ListItem","position":4,"name":"LP\/2017\/936 Z\u00e1kon, ktor\u00fdm sa men\u00ed a dop\u013a\u0148a z\u00e1kon \u010d. 300\/2005 Z. z. Trestn\u00fd z\u00e1kon v znen\u00ed neskor\u0161\u00edch predpisov a ktor\u00fdm sa menia a dop\u013a\u0148aj\u00fa niektor\u00e9 z\u00e1kony"}]}]}},"_links":{"self":[{"href":"https:\/\/www.hhpartners.eu\/en\/wp-json\/wp\/v2\/pages\/2095"}],"collection":[{"href":"https:\/\/www.hhpartners.eu\/en\/wp-json\/wp\/v2\/pages"}],"about":[{"href":"https:\/\/www.hhpartners.eu\/en\/wp-json\/wp\/v2\/types\/page"}],"author":[{"embeddable":true,"href":"https:\/\/www.hhpartners.eu\/en\/wp-json\/wp\/v2\/users\/1"}],"replies":[{"embeddable":true,"href":"https:\/\/www.hhpartners.eu\/en\/wp-json\/wp\/v2\/comments?post=2095"}],"version-history":[{"count":1,"href":"https:\/\/www.hhpartners.eu\/en\/wp-json\/wp\/v2\/pages\/2095\/revisions"}],"predecessor-version":[{"id":2096,"href":"https:\/\/www.hhpartners.eu\/en\/wp-json\/wp\/v2\/pages\/2095\/revisions\/2096"}],"up":[{"embeddable":true,"href":"https:\/\/www.hhpartners.eu\/en\/wp-json\/wp\/v2\/pages\/279"}],"wp:attachment":[{"href":"https:\/\/www.hhpartners.eu\/en\/wp-json\/wp\/v2\/media?parent=2095"}],"curies":[{"name":"wp","href":"https:\/\/api.w.org\/{rel}","templated":true}]}}