{"id":2127,"date":"2018-02-23T18:18:17","date_gmt":"2018-02-23T17:18:17","guid":{"rendered":"http:\/\/www.hhpartners.eu\/?page_id=2127"},"modified":"2018-05-18T16:16:51","modified_gmt":"2018-05-18T15:16:51","slug":"aktuality-sk-len-zlomok-slovakov-odmietne-darovat-organy-aj-tak-stale-chybaju","status":"publish","type":"page","link":"https:\/\/www.hhpartners.eu\/en\/aktuality\/nase-novinky\/aktuality-sk-len-zlomok-slovakov-odmietne-darovat-organy-aj-tak-stale-chybaju\/","title":{"rendered":"Aktuality.sk: Len zlomok Slov\u00e1kov odmietne darova\u0165 org\u00e1ny. Aj tak st\u00e1le ch\u00fdbaj\u00fa"},"content":{"rendered":"<p class=\"qtranxs-available-languages-message qtranxs-available-languages-message-en\">Sorry, this entry is only available in <a href=\"https:\/\/www.hhpartners.eu\/sk\/wp-json\/wp\/v2\/pages\/2127\" class=\"qtranxs-available-language-link qtranxs-available-language-link-sk\" title=\"SK\">Slovak<\/a>.<\/p>","protected":false},"excerpt":{"rendered":"<p>Sorry, this entry is only available in Slovak.<\/p>\n","protected":false},"author":1,"featured_media":0,"parent":1466,"menu_order":14,"comment_status":"closed","ping_status":"closed","template":"","meta":[],"yoast_head":"<!-- This site is optimized with the Yoast SEO plugin v18.5.1 - https:\/\/yoast.com\/wordpress\/plugins\/seo\/ -->\n<title>Aktuality.sk: Len zlomok Slov\u00e1kov odmietne darova\u0165 org\u00e1ny. Aj tak st\u00e1le ch\u00fdbaj\u00fa - h&amp;h PARTNERS<\/title>\n<meta name=\"robots\" content=\"index, follow, max-snippet:-1, max-image-preview:large, max-video-preview:-1\" \/>\n<link rel=\"canonical\" href=\"https:\/\/www.hhpartners.eu\/aktuality\/nase-novinky\/aktuality-sk-len-zlomok-slovakov-odmietne-darovat-organy-aj-tak-stale-chybaju\/\" \/>\n<meta property=\"og:locale\" content=\"en_GB\" \/>\n<meta property=\"og:type\" content=\"article\" \/>\n<meta property=\"og:title\" content=\"Aktuality.sk: Len zlomok Slov\u00e1kov odmietne darova\u0165 org\u00e1ny. Aj tak st\u00e1le ch\u00fdbaj\u00fa - h&amp;h PARTNERS\" \/>\n<meta property=\"og:description\" content=\"Sorry, this entry is only available in Slovak.\" \/>\n<meta property=\"og:url\" content=\"https:\/\/www.hhpartners.eu\/aktuality\/nase-novinky\/aktuality-sk-len-zlomok-slovakov-odmietne-darovat-organy-aj-tak-stale-chybaju\/\" \/>\n<meta property=\"og:site_name\" content=\"h&amp;h PARTNERS\" \/>\n<meta property=\"article:modified_time\" content=\"2018-05-18T15:16:51+00:00\" \/>\n<meta name=\"twitter:card\" content=\"summary\" \/>\n<script type=\"application\/ld+json\" class=\"yoast-schema-graph\">{\"@context\":\"https:\/\/schema.org\",\"@graph\":[{\"@type\":\"WebSite\",\"@id\":\"https:\/\/www.hhpartners.eu\/en\/#website\",\"url\":\"https:\/\/www.hhpartners.eu\/en\/\",\"name\":\"h&amp;h PARTNERS\",\"description\":\"\",\"potentialAction\":[{\"@type\":\"SearchAction\",\"target\":{\"@type\":\"EntryPoint\",\"urlTemplate\":\"https:\/\/www.hhpartners.eu\/en\/?s={search_term_string}\"},\"query-input\":\"required name=search_term_string\"}],\"inLanguage\":\"en-GB\"},{\"@type\":\"WebPage\",\"@id\":\"https:\/\/www.hhpartners.eu\/aktuality\/nase-novinky\/aktuality-sk-len-zlomok-slovakov-odmietne-darovat-organy-aj-tak-stale-chybaju\/#webpage\",\"url\":\"https:\/\/www.hhpartners.eu\/aktuality\/nase-novinky\/aktuality-sk-len-zlomok-slovakov-odmietne-darovat-organy-aj-tak-stale-chybaju\/\",\"name\":\"Aktuality.sk: Len zlomok Slov\u00e1kov odmietne darova\u0165 org\u00e1ny. Aj tak st\u00e1le ch\u00fdbaj\u00fa - h&amp;h PARTNERS\",\"isPartOf\":{\"@id\":\"https:\/\/www.hhpartners.eu\/en\/#website\"},\"datePublished\":\"2018-02-23T17:18:17+00:00\",\"dateModified\":\"2018-05-18T15:16:51+00:00\",\"breadcrumb\":{\"@id\":\"https:\/\/www.hhpartners.eu\/aktuality\/nase-novinky\/aktuality-sk-len-zlomok-slovakov-odmietne-darovat-organy-aj-tak-stale-chybaju\/#breadcrumb\"},\"inLanguage\":\"en-GB\",\"potentialAction\":[{\"@type\":\"ReadAction\",\"target\":[\"https:\/\/www.hhpartners.eu\/aktuality\/nase-novinky\/aktuality-sk-len-zlomok-slovakov-odmietne-darovat-organy-aj-tak-stale-chybaju\/\"]}]},{\"@type\":\"BreadcrumbList\",\"@id\":\"https:\/\/www.hhpartners.eu\/aktuality\/nase-novinky\/aktuality-sk-len-zlomok-slovakov-odmietne-darovat-organy-aj-tak-stale-chybaju\/#breadcrumb\",\"itemListElement\":[{\"@type\":\"ListItem\",\"position\":1,\"name\":\"Domovsk\u00e1 str\u00e1nka\",\"item\":\"https:\/\/www.hhpartners.eu\/\"},{\"@type\":\"ListItem\",\"position\":2,\"name\":\"Aktuality\",\"item\":\"https:\/\/www.hhpartners.eu\/aktuality\/\"},{\"@type\":\"ListItem\",\"position\":3,\"name\":\"Na\u0161e novinky\",\"item\":\"https:\/\/www.hhpartners.eu\/aktuality\/nase-novinky\/\"},{\"@type\":\"ListItem\",\"position\":4,\"name\":\"Aktuality.sk: Len zlomok Slov\u00e1kov odmietne darova\u0165 org\u00e1ny. Aj tak st\u00e1le ch\u00fdbaj\u00fa\"}]}]}<\/script>\n<!-- \/ Yoast SEO plugin. -->","yoast_head_json":{"title":"Aktuality.sk: Len zlomok Slov\u00e1kov odmietne darova\u0165 org\u00e1ny. Aj tak st\u00e1le ch\u00fdbaj\u00fa - h&amp;h PARTNERS","robots":{"index":"index","follow":"follow","max-snippet":"max-snippet:-1","max-image-preview":"max-image-preview:large","max-video-preview":"max-video-preview:-1"},"canonical":"https:\/\/www.hhpartners.eu\/aktuality\/nase-novinky\/aktuality-sk-len-zlomok-slovakov-odmietne-darovat-organy-aj-tak-stale-chybaju\/","og_locale":"en_GB","og_type":"article","og_title":"Aktuality.sk: Len zlomok Slov\u00e1kov odmietne darova\u0165 org\u00e1ny. Aj tak st\u00e1le ch\u00fdbaj\u00fa - h&amp;h PARTNERS","og_description":"Sorry, this entry is only available in Slovak.","og_url":"https:\/\/www.hhpartners.eu\/aktuality\/nase-novinky\/aktuality-sk-len-zlomok-slovakov-odmietne-darovat-organy-aj-tak-stale-chybaju\/","og_site_name":"h&amp;h PARTNERS","article_modified_time":"2018-05-18T15:16:51+00:00","twitter_card":"summary","schema":{"@context":"https:\/\/schema.org","@graph":[{"@type":"WebSite","@id":"https:\/\/www.hhpartners.eu\/en\/#website","url":"https:\/\/www.hhpartners.eu\/en\/","name":"h&amp;h PARTNERS","description":"","potentialAction":[{"@type":"SearchAction","target":{"@type":"EntryPoint","urlTemplate":"https:\/\/www.hhpartners.eu\/en\/?s={search_term_string}"},"query-input":"required name=search_term_string"}],"inLanguage":"en-GB"},{"@type":"WebPage","@id":"https:\/\/www.hhpartners.eu\/aktuality\/nase-novinky\/aktuality-sk-len-zlomok-slovakov-odmietne-darovat-organy-aj-tak-stale-chybaju\/#webpage","url":"https:\/\/www.hhpartners.eu\/aktuality\/nase-novinky\/aktuality-sk-len-zlomok-slovakov-odmietne-darovat-organy-aj-tak-stale-chybaju\/","name":"Aktuality.sk: Len zlomok Slov\u00e1kov odmietne darova\u0165 org\u00e1ny. Aj tak st\u00e1le ch\u00fdbaj\u00fa - h&amp;h PARTNERS","isPartOf":{"@id":"https:\/\/www.hhpartners.eu\/en\/#website"},"datePublished":"2018-02-23T17:18:17+00:00","dateModified":"2018-05-18T15:16:51+00:00","breadcrumb":{"@id":"https:\/\/www.hhpartners.eu\/aktuality\/nase-novinky\/aktuality-sk-len-zlomok-slovakov-odmietne-darovat-organy-aj-tak-stale-chybaju\/#breadcrumb"},"inLanguage":"en-GB","potentialAction":[{"@type":"ReadAction","target":["https:\/\/www.hhpartners.eu\/aktuality\/nase-novinky\/aktuality-sk-len-zlomok-slovakov-odmietne-darovat-organy-aj-tak-stale-chybaju\/"]}]},{"@type":"BreadcrumbList","@id":"https:\/\/www.hhpartners.eu\/aktuality\/nase-novinky\/aktuality-sk-len-zlomok-slovakov-odmietne-darovat-organy-aj-tak-stale-chybaju\/#breadcrumb","itemListElement":[{"@type":"ListItem","position":1,"name":"Domovsk\u00e1 str\u00e1nka","item":"https:\/\/www.hhpartners.eu\/"},{"@type":"ListItem","position":2,"name":"Aktuality","item":"https:\/\/www.hhpartners.eu\/aktuality\/"},{"@type":"ListItem","position":3,"name":"Na\u0161e novinky","item":"https:\/\/www.hhpartners.eu\/aktuality\/nase-novinky\/"},{"@type":"ListItem","position":4,"name":"Aktuality.sk: Len zlomok Slov\u00e1kov odmietne darova\u0165 org\u00e1ny. Aj tak st\u00e1le ch\u00fdbaj\u00fa"}]}]}},"_links":{"self":[{"href":"https:\/\/www.hhpartners.eu\/en\/wp-json\/wp\/v2\/pages\/2127"}],"collection":[{"href":"https:\/\/www.hhpartners.eu\/en\/wp-json\/wp\/v2\/pages"}],"about":[{"href":"https:\/\/www.hhpartners.eu\/en\/wp-json\/wp\/v2\/types\/page"}],"author":[{"embeddable":true,"href":"https:\/\/www.hhpartners.eu\/en\/wp-json\/wp\/v2\/users\/1"}],"replies":[{"embeddable":true,"href":"https:\/\/www.hhpartners.eu\/en\/wp-json\/wp\/v2\/comments?post=2127"}],"version-history":[{"count":5,"href":"https:\/\/www.hhpartners.eu\/en\/wp-json\/wp\/v2\/pages\/2127\/revisions"}],"predecessor-version":[{"id":2232,"href":"https:\/\/www.hhpartners.eu\/en\/wp-json\/wp\/v2\/pages\/2127\/revisions\/2232"}],"up":[{"embeddable":true,"href":"https:\/\/www.hhpartners.eu\/en\/wp-json\/wp\/v2\/pages\/1466"}],"wp:attachment":[{"href":"https:\/\/www.hhpartners.eu\/en\/wp-json\/wp\/v2\/media?parent=2127"}],"curies":[{"name":"wp","href":"https:\/\/api.w.org\/{rel}","templated":true}]}}