{"id":2235,"date":"2018-05-18T16:21:54","date_gmt":"2018-05-18T15:21:54","guid":{"rendered":"http:\/\/www.hhpartners.eu\/?page_id=2235"},"modified":"2018-05-23T10:23:33","modified_gmt":"2018-05-23T09:23:33","slug":"spravy-rtvs-kontroverzne-usmernenie-na-dverach-ambulancie","status":"publish","type":"page","link":"https:\/\/www.hhpartners.eu\/en\/aktuality\/nase-novinky\/spravy-rtvs-kontroverzne-usmernenie-na-dverach-ambulancie\/","title":{"rendered":"Spr\u00e1vy RTVS:"},"content":{"rendered":"<p class=\"qtranxs-available-languages-message qtranxs-available-languages-message-en\">Sorry, this entry is only available in <a href=\"https:\/\/www.hhpartners.eu\/sk\/wp-json\/wp\/v2\/pages\/2235\" class=\"qtranxs-available-language-link qtranxs-available-language-link-sk\" title=\"SK\">Slovak<\/a>.<\/p>","protected":false},"excerpt":{"rendered":"<p>Sorry, this entry is only available in Slovak.<\/p>\n","protected":false},"author":1,"featured_media":0,"parent":1466,"menu_order":14,"comment_status":"closed","ping_status":"closed","template":"","meta":[],"yoast_head":"<!-- This site is optimized with the Yoast SEO plugin v18.5.1 - https:\/\/yoast.com\/wordpress\/plugins\/seo\/ -->\n<title>Spr\u00e1vy RTVS: - h&amp;h PARTNERS<\/title>\n<meta name=\"robots\" content=\"index, follow, max-snippet:-1, max-image-preview:large, max-video-preview:-1\" \/>\n<link rel=\"canonical\" href=\"https:\/\/www.hhpartners.eu\/aktuality\/nase-novinky\/spravy-rtvs-kontroverzne-usmernenie-na-dverach-ambulancie\/\" \/>\n<meta property=\"og:locale\" content=\"en_GB\" \/>\n<meta property=\"og:type\" content=\"article\" \/>\n<meta property=\"og:title\" content=\"Spr\u00e1vy RTVS: - h&amp;h PARTNERS\" \/>\n<meta property=\"og:description\" content=\"Sorry, this entry is only available in Slovak.\" \/>\n<meta property=\"og:url\" content=\"https:\/\/www.hhpartners.eu\/aktuality\/nase-novinky\/spravy-rtvs-kontroverzne-usmernenie-na-dverach-ambulancie\/\" \/>\n<meta property=\"og:site_name\" content=\"h&amp;h PARTNERS\" \/>\n<meta property=\"article:modified_time\" content=\"2018-05-23T09:23:33+00:00\" \/>\n<meta name=\"twitter:card\" content=\"summary\" \/>\n<meta name=\"twitter:label1\" content=\"Estimated reading time\" \/>\n\t<meta name=\"twitter:data1\" content=\"1 minute\" \/>\n<script type=\"application\/ld+json\" class=\"yoast-schema-graph\">{\"@context\":\"https:\/\/schema.org\",\"@graph\":[{\"@type\":\"WebSite\",\"@id\":\"https:\/\/www.hhpartners.eu\/en\/#website\",\"url\":\"https:\/\/www.hhpartners.eu\/en\/\",\"name\":\"h&amp;h PARTNERS\",\"description\":\"\",\"potentialAction\":[{\"@type\":\"SearchAction\",\"target\":{\"@type\":\"EntryPoint\",\"urlTemplate\":\"https:\/\/www.hhpartners.eu\/en\/?s={search_term_string}\"},\"query-input\":\"required name=search_term_string\"}],\"inLanguage\":\"en-GB\"},{\"@type\":\"WebPage\",\"@id\":\"https:\/\/www.hhpartners.eu\/aktuality\/nase-novinky\/spravy-rtvs-kontroverzne-usmernenie-na-dverach-ambulancie\/#webpage\",\"url\":\"https:\/\/www.hhpartners.eu\/aktuality\/nase-novinky\/spravy-rtvs-kontroverzne-usmernenie-na-dverach-ambulancie\/\",\"name\":\"Spr\u00e1vy RTVS: - h&amp;h PARTNERS\",\"isPartOf\":{\"@id\":\"https:\/\/www.hhpartners.eu\/en\/#website\"},\"datePublished\":\"2018-05-18T15:21:54+00:00\",\"dateModified\":\"2018-05-23T09:23:33+00:00\",\"breadcrumb\":{\"@id\":\"https:\/\/www.hhpartners.eu\/aktuality\/nase-novinky\/spravy-rtvs-kontroverzne-usmernenie-na-dverach-ambulancie\/#breadcrumb\"},\"inLanguage\":\"en-GB\",\"potentialAction\":[{\"@type\":\"ReadAction\",\"target\":[\"https:\/\/www.hhpartners.eu\/aktuality\/nase-novinky\/spravy-rtvs-kontroverzne-usmernenie-na-dverach-ambulancie\/\"]}]},{\"@type\":\"BreadcrumbList\",\"@id\":\"https:\/\/www.hhpartners.eu\/aktuality\/nase-novinky\/spravy-rtvs-kontroverzne-usmernenie-na-dverach-ambulancie\/#breadcrumb\",\"itemListElement\":[{\"@type\":\"ListItem\",\"position\":1,\"name\":\"Domovsk\u00e1 str\u00e1nka\",\"item\":\"https:\/\/www.hhpartners.eu\/\"},{\"@type\":\"ListItem\",\"position\":2,\"name\":\"Aktuality\",\"item\":\"https:\/\/www.hhpartners.eu\/aktuality\/\"},{\"@type\":\"ListItem\",\"position\":3,\"name\":\"Na\u0161e novinky\",\"item\":\"https:\/\/www.hhpartners.eu\/aktuality\/nase-novinky\/\"},{\"@type\":\"ListItem\",\"position\":4,\"name\":\"Spr\u00e1vy RTVS: Kontroverzn\u00e9 usmernenie na dver\u00e1ch ambulancie\"}]}]}<\/script>\n<!-- \/ Yoast SEO plugin. -->","yoast_head_json":{"title":"Spr\u00e1vy RTVS: - h&amp;h PARTNERS","robots":{"index":"index","follow":"follow","max-snippet":"max-snippet:-1","max-image-preview":"max-image-preview:large","max-video-preview":"max-video-preview:-1"},"canonical":"https:\/\/www.hhpartners.eu\/aktuality\/nase-novinky\/spravy-rtvs-kontroverzne-usmernenie-na-dverach-ambulancie\/","og_locale":"en_GB","og_type":"article","og_title":"Spr\u00e1vy RTVS: - h&amp;h PARTNERS","og_description":"Sorry, this entry is only available in Slovak.","og_url":"https:\/\/www.hhpartners.eu\/aktuality\/nase-novinky\/spravy-rtvs-kontroverzne-usmernenie-na-dverach-ambulancie\/","og_site_name":"h&amp;h PARTNERS","article_modified_time":"2018-05-23T09:23:33+00:00","twitter_card":"summary","twitter_misc":{"Estimated reading time":"1 minute"},"schema":{"@context":"https:\/\/schema.org","@graph":[{"@type":"WebSite","@id":"https:\/\/www.hhpartners.eu\/en\/#website","url":"https:\/\/www.hhpartners.eu\/en\/","name":"h&amp;h PARTNERS","description":"","potentialAction":[{"@type":"SearchAction","target":{"@type":"EntryPoint","urlTemplate":"https:\/\/www.hhpartners.eu\/en\/?s={search_term_string}"},"query-input":"required name=search_term_string"}],"inLanguage":"en-GB"},{"@type":"WebPage","@id":"https:\/\/www.hhpartners.eu\/aktuality\/nase-novinky\/spravy-rtvs-kontroverzne-usmernenie-na-dverach-ambulancie\/#webpage","url":"https:\/\/www.hhpartners.eu\/aktuality\/nase-novinky\/spravy-rtvs-kontroverzne-usmernenie-na-dverach-ambulancie\/","name":"Spr\u00e1vy RTVS: - h&amp;h PARTNERS","isPartOf":{"@id":"https:\/\/www.hhpartners.eu\/en\/#website"},"datePublished":"2018-05-18T15:21:54+00:00","dateModified":"2018-05-23T09:23:33+00:00","breadcrumb":{"@id":"https:\/\/www.hhpartners.eu\/aktuality\/nase-novinky\/spravy-rtvs-kontroverzne-usmernenie-na-dverach-ambulancie\/#breadcrumb"},"inLanguage":"en-GB","potentialAction":[{"@type":"ReadAction","target":["https:\/\/www.hhpartners.eu\/aktuality\/nase-novinky\/spravy-rtvs-kontroverzne-usmernenie-na-dverach-ambulancie\/"]}]},{"@type":"BreadcrumbList","@id":"https:\/\/www.hhpartners.eu\/aktuality\/nase-novinky\/spravy-rtvs-kontroverzne-usmernenie-na-dverach-ambulancie\/#breadcrumb","itemListElement":[{"@type":"ListItem","position":1,"name":"Domovsk\u00e1 str\u00e1nka","item":"https:\/\/www.hhpartners.eu\/"},{"@type":"ListItem","position":2,"name":"Aktuality","item":"https:\/\/www.hhpartners.eu\/aktuality\/"},{"@type":"ListItem","position":3,"name":"Na\u0161e novinky","item":"https:\/\/www.hhpartners.eu\/aktuality\/nase-novinky\/"},{"@type":"ListItem","position":4,"name":"Spr\u00e1vy RTVS: Kontroverzn\u00e9 usmernenie na dver\u00e1ch ambulancie"}]}]}},"_links":{"self":[{"href":"https:\/\/www.hhpartners.eu\/en\/wp-json\/wp\/v2\/pages\/2235"}],"collection":[{"href":"https:\/\/www.hhpartners.eu\/en\/wp-json\/wp\/v2\/pages"}],"about":[{"href":"https:\/\/www.hhpartners.eu\/en\/wp-json\/wp\/v2\/types\/page"}],"author":[{"embeddable":true,"href":"https:\/\/www.hhpartners.eu\/en\/wp-json\/wp\/v2\/users\/1"}],"replies":[{"embeddable":true,"href":"https:\/\/www.hhpartners.eu\/en\/wp-json\/wp\/v2\/comments?post=2235"}],"version-history":[{"count":2,"href":"https:\/\/www.hhpartners.eu\/en\/wp-json\/wp\/v2\/pages\/2235\/revisions"}],"predecessor-version":[{"id":2241,"href":"https:\/\/www.hhpartners.eu\/en\/wp-json\/wp\/v2\/pages\/2235\/revisions\/2241"}],"up":[{"embeddable":true,"href":"https:\/\/www.hhpartners.eu\/en\/wp-json\/wp\/v2\/pages\/1466"}],"wp:attachment":[{"href":"https:\/\/www.hhpartners.eu\/en\/wp-json\/wp\/v2\/media?parent=2235"}],"curies":[{"name":"wp","href":"https:\/\/api.w.org\/{rel}","templated":true}]}}