{"id":246,"date":"2016-02-18T13:58:57","date_gmt":"2016-02-18T11:58:57","guid":{"rendered":"http:\/\/www.hhpartners.eu\/?page_id=246"},"modified":"2017-03-24T11:33:29","modified_gmt":"2017-03-24T10:33:29","slug":"prednasanie-a-vzdelavanie","status":"publish","type":"page","link":"https:\/\/www.hhpartners.eu\/en\/sluzby\/spolocne-oblasti\/prednasanie-a-vzdelavanie\/","title":{"rendered":"Lecturing and education"},"content":{"rendered":"<p><\/p>\n<h1>Lecturing and education<\/h1>\n<p>Education is an important part of the implementation\u00a0 of legal solutions to the provider\u2019s activities. Situation in which the provider obtains a\u00a0type of legal solution, however he does not ensure its use in the practice is a frequent lack. In relation to this, the followed purpose is missed when presenting a\u00a0request to the Office.<\/p>\n<p>Members of this law Office have experience with education of adults (whether in the field of medical law or other legal fields). Law office is working for several years with the\u00a0<strong><a href=\"http:\/\/www.medius.sk\/\" target=\"_blank\">Chamber of Medical Law \u2013 MEDIUS<\/a><\/strong>\u00a0 on the project called <strong><a href=\"http:\/\/www.medius.sk\/?action=medicinske_pravo_inak\" target=\"_blank\">\u201eMedical law in other way\u201c<\/a><\/strong>, which takes place at the Faculty of law in Kosice. The Office participates in supervision of students and carries out lectures for members of health professional associations. The Office also provides tutoring services as well as training modules provided by the Chamber of Medical Law \u2013 MEDIUS.<\/p>\n<p>The aim of lecturing health care workers and management of the health care provider is to present the selected group of healthcare workers to the new solution. The education is conducted in an interactive way \u2013 the participant would test the issue lectured on his\/her own skin, is exposed to simulated situation from the real world and is forced in the context of educational solutions to formulate his\/her own opinion on the procedure. The lecturer acts as \u201cguide\u201d who directs the participants, and at the end of the learning module makes the explanation and unifying conclusion where he points out the correctness\/incorrectness of chosen solutions and presents the correct way to the participants.<\/p>\n<h2><strong>The location of lectures<\/strong><\/h2>\n<p>Our law office offers the possibility of giving the lectures at the location specified by the client (within the Slovak republic or Czech republic) or in multimedia teaching room of the Chamber of Medical Law \u2013 MEDIUS on M\u00e4siarska 6 street.\u00a0 The\u00a0 capacity of the room is maximum of 24-30 persons.<\/p>\n<h2><strong>The content of lectures<\/strong><\/h2>\n<p>Our law office can prepare a training module on the basis of our client\u2019s requirements so his particular needs would be satisfied.<\/p>\n<p>The basic topics of lecturing modules (as well as an explanation of the methodology of lectures) are listed on the website of the\u00a0<strong><a href=\"http:\/\/www.medius.sk\/?action=treningy_text\" target=\"_blank\">Chamber of Medical Law \u2013 MEDIUS<\/a><\/strong>, for which our law office delivers lecturing services.<\/p>\n<p>For the area of pharmaceutical law, our law office offers these basic lecturing modules (on the basis of client\u2019s requirements it is possible to adapt them or create the special module):<\/p>\n<ul>\n<li>Ethical principles and norms relating to medical law with an emphasis on the provision of pharmaceutical care<\/li>\n<li>Provider of pharmaceutical care \u2013 business requirements, selected legal issues<\/li>\n<li>Informatory obligations of the provider of pharmaceutical care (towards the patient, Slovak Chamber of Pharmacists and selected state authorities)<\/li>\n<li>Liability for the damage caused in the provision of pharmaceutical care (the basics), who is responsible for the damage \u2013 doctor or pharmacist? (specific questions on the issue of different medicine than doctor prescribed),<\/li>\n<li>Advertising and competition in the area of pharmaceutical care<\/li>\n<li>How does the correct \u201clegally secured\u201d pharmacy look like? ( note the specific risks involved in the business),<\/li>\n<li>Changes in the legislation of medical law and their impact on business of the providers of pharmaceutical care,<\/li>\n<li>New pharmaceutical legislation (Act no. 362\/2011 Coll. and 363\/2011 Coll.) \u2013 basic characteristics, differences from the old legislation, news<\/li>\n<li>New Act on medicine and its impact on the operation of pharmacies (questions of liability for damage, obligations towards the supervisory authorities and so on)<\/li>\n<li>New pharmaceutical legislation and its reflection in the settings of the pricing policy of the pharmaceutical companies<\/li>\n<li>The position and duties of the subject of the medicine and medicinal products market in relation to the supervisory authorities in the field of pharmacy (delictual liability, penalties and administrative procedure)<\/li>\n<li>Clinical trials of medicines and medicinal products in the light of the new legislation (the status, duties and rights of subjects)<\/li>\n<li>Liability for the damage on health of clinical trial participants (how to minimize the risk of damage, the conditions of liability for damage, the solution of fortuitous event, legal and ethical principles of communication with research participants, solution of fortuitous event before the court)<\/li>\n<\/ul>\n<p><\/p>","protected":false},"excerpt":{"rendered":"<p>Lecturing and education Education is an important part of the implementation\u00a0 of legal solutions to the provider\u2019s activities. Situation in which the provider obtains a\u00a0type of legal solution, however he does not ensure its use in the practice is a frequent lack. In relation to this, the followed purpose is missed when presenting a\u00a0request to [&#8230;]<\/p>\n","protected":false},"author":1,"featured_media":0,"parent":238,"menu_order":11,"comment_status":"closed","ping_status":"closed","template":"","meta":[],"yoast_head":"<!-- This site is optimized with the Yoast SEO plugin v18.5.1 - https:\/\/yoast.com\/wordpress\/plugins\/seo\/ -->\n<title>Lecturing and education - h&amp;h PARTNERS<\/title>\n<meta name=\"robots\" content=\"index, follow, max-snippet:-1, max-image-preview:large, max-video-preview:-1\" \/>\n<link rel=\"canonical\" href=\"https:\/\/www.hhpartners.eu\/sluzby\/spolocne-oblasti\/prednasanie-a-vzdelavanie\/\" \/>\n<meta property=\"og:locale\" content=\"en_GB\" \/>\n<meta property=\"og:type\" content=\"article\" \/>\n<meta property=\"og:title\" content=\"Lecturing and education - h&amp;h PARTNERS\" \/>\n<meta property=\"og:description\" content=\"Lecturing and education Education is an important part of the implementation\u00a0 of legal solutions to the provider\u2019s activities. Situation in which the provider obtains a\u00a0type of legal solution, however he does not ensure its use in the practice is a frequent lack. In relation to this, the followed purpose is missed when presenting a\u00a0request to [...]\" \/>\n<meta property=\"og:url\" content=\"https:\/\/www.hhpartners.eu\/sluzby\/spolocne-oblasti\/prednasanie-a-vzdelavanie\/\" \/>\n<meta property=\"og:site_name\" content=\"h&amp;h PARTNERS\" \/>\n<meta property=\"article:modified_time\" content=\"2017-03-24T10:33:29+00:00\" \/>\n<meta name=\"twitter:card\" content=\"summary\" \/>\n<meta name=\"twitter:label1\" content=\"Estimated reading time\" \/>\n\t<meta name=\"twitter:data1\" content=\"7 minutes\" \/>\n<script type=\"application\/ld+json\" class=\"yoast-schema-graph\">{\"@context\":\"https:\/\/schema.org\",\"@graph\":[{\"@type\":\"WebSite\",\"@id\":\"https:\/\/www.hhpartners.eu\/en\/#website\",\"url\":\"https:\/\/www.hhpartners.eu\/en\/\",\"name\":\"h&amp;h PARTNERS\",\"description\":\"\",\"potentialAction\":[{\"@type\":\"SearchAction\",\"target\":{\"@type\":\"EntryPoint\",\"urlTemplate\":\"https:\/\/www.hhpartners.eu\/en\/?s={search_term_string}\"},\"query-input\":\"required name=search_term_string\"}],\"inLanguage\":\"en-GB\"},{\"@type\":\"WebPage\",\"@id\":\"https:\/\/www.hhpartners.eu\/sluzby\/spolocne-oblasti\/prednasanie-a-vzdelavanie\/#webpage\",\"url\":\"https:\/\/www.hhpartners.eu\/sluzby\/spolocne-oblasti\/prednasanie-a-vzdelavanie\/\",\"name\":\"Lecturing and education - h&amp;h PARTNERS\",\"isPartOf\":{\"@id\":\"https:\/\/www.hhpartners.eu\/en\/#website\"},\"datePublished\":\"2016-02-18T11:58:57+00:00\",\"dateModified\":\"2017-03-24T10:33:29+00:00\",\"breadcrumb\":{\"@id\":\"https:\/\/www.hhpartners.eu\/sluzby\/spolocne-oblasti\/prednasanie-a-vzdelavanie\/#breadcrumb\"},\"inLanguage\":\"en-GB\",\"potentialAction\":[{\"@type\":\"ReadAction\",\"target\":[\"https:\/\/www.hhpartners.eu\/sluzby\/spolocne-oblasti\/prednasanie-a-vzdelavanie\/\"]}]},{\"@type\":\"BreadcrumbList\",\"@id\":\"https:\/\/www.hhpartners.eu\/sluzby\/spolocne-oblasti\/prednasanie-a-vzdelavanie\/#breadcrumb\",\"itemListElement\":[{\"@type\":\"ListItem\",\"position\":1,\"name\":\"Domovsk\u00e1 str\u00e1nka\",\"item\":\"https:\/\/www.hhpartners.eu\/\"},{\"@type\":\"ListItem\",\"position\":2,\"name\":\"Services\",\"item\":\"https:\/\/www.hhpartners.eu\/en\/sluzby\/\"},{\"@type\":\"ListItem\",\"position\":3,\"name\":\"Spolo\u010dn\u00e9 oblasti\",\"item\":\"https:\/\/www.hhpartners.eu\/sluzby\/spolocne-oblasti\/\"},{\"@type\":\"ListItem\",\"position\":4,\"name\":\"Predn\u00e1\u0161anie a vzdel\u00e1vanie\"}]}]}<\/script>\n<!-- \/ Yoast SEO plugin. -->","yoast_head_json":{"title":"Lecturing and education - h&amp;h PARTNERS","robots":{"index":"index","follow":"follow","max-snippet":"max-snippet:-1","max-image-preview":"max-image-preview:large","max-video-preview":"max-video-preview:-1"},"canonical":"https:\/\/www.hhpartners.eu\/sluzby\/spolocne-oblasti\/prednasanie-a-vzdelavanie\/","og_locale":"en_GB","og_type":"article","og_title":"Lecturing and education - h&amp;h PARTNERS","og_description":"Lecturing and education Education is an important part of the implementation\u00a0 of legal solutions to the provider\u2019s activities. Situation in which the provider obtains a\u00a0type of legal solution, however he does not ensure its use in the practice is a frequent lack. In relation to this, the followed purpose is missed when presenting a\u00a0request to [...]","og_url":"https:\/\/www.hhpartners.eu\/sluzby\/spolocne-oblasti\/prednasanie-a-vzdelavanie\/","og_site_name":"h&amp;h PARTNERS","article_modified_time":"2017-03-24T10:33:29+00:00","twitter_card":"summary","twitter_misc":{"Estimated reading time":"7 minutes"},"schema":{"@context":"https:\/\/schema.org","@graph":[{"@type":"WebSite","@id":"https:\/\/www.hhpartners.eu\/en\/#website","url":"https:\/\/www.hhpartners.eu\/en\/","name":"h&amp;h PARTNERS","description":"","potentialAction":[{"@type":"SearchAction","target":{"@type":"EntryPoint","urlTemplate":"https:\/\/www.hhpartners.eu\/en\/?s={search_term_string}"},"query-input":"required name=search_term_string"}],"inLanguage":"en-GB"},{"@type":"WebPage","@id":"https:\/\/www.hhpartners.eu\/sluzby\/spolocne-oblasti\/prednasanie-a-vzdelavanie\/#webpage","url":"https:\/\/www.hhpartners.eu\/sluzby\/spolocne-oblasti\/prednasanie-a-vzdelavanie\/","name":"Lecturing and education - h&amp;h PARTNERS","isPartOf":{"@id":"https:\/\/www.hhpartners.eu\/en\/#website"},"datePublished":"2016-02-18T11:58:57+00:00","dateModified":"2017-03-24T10:33:29+00:00","breadcrumb":{"@id":"https:\/\/www.hhpartners.eu\/sluzby\/spolocne-oblasti\/prednasanie-a-vzdelavanie\/#breadcrumb"},"inLanguage":"en-GB","potentialAction":[{"@type":"ReadAction","target":["https:\/\/www.hhpartners.eu\/sluzby\/spolocne-oblasti\/prednasanie-a-vzdelavanie\/"]}]},{"@type":"BreadcrumbList","@id":"https:\/\/www.hhpartners.eu\/sluzby\/spolocne-oblasti\/prednasanie-a-vzdelavanie\/#breadcrumb","itemListElement":[{"@type":"ListItem","position":1,"name":"Domovsk\u00e1 str\u00e1nka","item":"https:\/\/www.hhpartners.eu\/"},{"@type":"ListItem","position":2,"name":"Services","item":"https:\/\/www.hhpartners.eu\/en\/sluzby\/"},{"@type":"ListItem","position":3,"name":"Spolo\u010dn\u00e9 oblasti","item":"https:\/\/www.hhpartners.eu\/sluzby\/spolocne-oblasti\/"},{"@type":"ListItem","position":4,"name":"Predn\u00e1\u0161anie a vzdel\u00e1vanie"}]}]}},"_links":{"self":[{"href":"https:\/\/www.hhpartners.eu\/en\/wp-json\/wp\/v2\/pages\/246"}],"collection":[{"href":"https:\/\/www.hhpartners.eu\/en\/wp-json\/wp\/v2\/pages"}],"about":[{"href":"https:\/\/www.hhpartners.eu\/en\/wp-json\/wp\/v2\/types\/page"}],"author":[{"embeddable":true,"href":"https:\/\/www.hhpartners.eu\/en\/wp-json\/wp\/v2\/users\/1"}],"replies":[{"embeddable":true,"href":"https:\/\/www.hhpartners.eu\/en\/wp-json\/wp\/v2\/comments?post=246"}],"version-history":[{"count":8,"href":"https:\/\/www.hhpartners.eu\/en\/wp-json\/wp\/v2\/pages\/246\/revisions"}],"predecessor-version":[{"id":1739,"href":"https:\/\/www.hhpartners.eu\/en\/wp-json\/wp\/v2\/pages\/246\/revisions\/1739"}],"up":[{"embeddable":true,"href":"https:\/\/www.hhpartners.eu\/en\/wp-json\/wp\/v2\/pages\/238"}],"wp:attachment":[{"href":"https:\/\/www.hhpartners.eu\/en\/wp-json\/wp\/v2\/media?parent=246"}],"curies":[{"name":"wp","href":"https:\/\/api.w.org\/{rel}","templated":true}]}}