{"id":260,"date":"2016-02-18T14:08:03","date_gmt":"2016-02-18T12:08:03","guid":{"rendered":"http:\/\/www.hhpartners.eu\/?page_id=260"},"modified":"2017-06-26T13:34:26","modified_gmt":"2017-06-26T12:34:26","slug":"vztahy-v-ramci-farmaceutickeho-priemyslu-hco-a-hcp","status":"publish","type":"page","link":"https:\/\/www.hhpartners.eu\/en\/specializacia\/lieky-a-zdravotnicke-pomocky\/vztahy-v-ramci-farmaceutickeho-priemyslu-hco-a-hcp\/","title":{"rendered":"Relations in the context of the pharmaceutical industry, HCO and HCP"},"content":{"rendered":"<p><\/p>\n<h1>Relations in the context of the pharmaceutical industry, HCO and HCP<\/h1>\n<p>Cooperation of pharmaceutical industry with HCO\/HCP is essential and brings benefits not only for these players, but for the patients as well. Legal aspects of the interactions of subjects of the pharmaceutical industry with HCO\/HCP are subject to the constant change. The quest for transparency defines new legal challenges that need to be faced.<\/p>\n<p>Our lawyers are looking for solutions that are in accordance not only with the Slovak or international legislation, but with internal compliance standards of our clients as well. We focus also on issues brought by these relations in the view of tax regulation of individual interactions with excess to the application of international tax principles used for cross-border interactions.<\/p>\n<p>Our services include mainly:<\/p>\n<ul>\n<li>implementation of global compliance standards for local requirement of our client,<\/li>\n<li>advice on individual kind of interactions with HCO\/HCP \u2013 promotion, consultation and education purposes of interactions,<\/li>\n<li>formation and commenting on the contract \u2013 consulting contracts, advisory boards, post marketing studies, lecturing,<\/li>\n<li>tax aspects of individual interactions and advice on the optimization of tax impact of the interactions,<\/li>\n<li>aspects of the monetary \/ non-monetary transactions in the view of tax legislation and Act on medicine, implementation of the rules that respect these requirements into the client\u2019s documents,<\/li>\n<li>the assessment of the cross-border interactions between the industry and HCO\/HCP,<\/li>\n<li>training for the employees of our client on the legal aspects of the interactions between pharmaceutical industry and HCO\/HCP.<\/li>\n<\/ul>\n<p><\/p>","protected":false},"excerpt":{"rendered":"<p>Relations in the context of the pharmaceutical industry, HCO and HCP Cooperation of pharmaceutical industry with HCO\/HCP is essential and brings benefits not only for these players, but for the patients as well. Legal aspects of the interactions of subjects of the pharmaceutical industry with HCO\/HCP are subject to the constant change. The quest for [&#8230;]<\/p>\n","protected":false},"author":1,"featured_media":0,"parent":158,"menu_order":42,"comment_status":"closed","ping_status":"closed","template":"","meta":[],"yoast_head":"<!-- This site is optimized with the Yoast SEO plugin v18.5.1 - https:\/\/yoast.com\/wordpress\/plugins\/seo\/ -->\n<title>Relations in the context of the pharmaceutical industry, HCO and HCP - h&amp;h PARTNERS<\/title>\n<meta name=\"robots\" content=\"index, follow, max-snippet:-1, max-image-preview:large, max-video-preview:-1\" \/>\n<link rel=\"canonical\" href=\"https:\/\/www.hhpartners.eu\/specializacia\/lieky-a-zdravotnicke-pomocky\/vztahy-v-ramci-farmaceutickeho-priemyslu-hco-a-hcp\/\" \/>\n<meta property=\"og:locale\" content=\"en_GB\" \/>\n<meta property=\"og:type\" content=\"article\" \/>\n<meta property=\"og:title\" content=\"Relations in the context of the pharmaceutical industry, HCO and HCP - h&amp;h PARTNERS\" \/>\n<meta property=\"og:description\" content=\"Relations in the context of the pharmaceutical industry, HCO and HCP Cooperation of pharmaceutical industry with HCO\/HCP is essential and brings benefits not only for these players, but for the patients as well. Legal aspects of the interactions of subjects of the pharmaceutical industry with HCO\/HCP are subject to the constant change. The quest for [...]\" \/>\n<meta property=\"og:url\" content=\"https:\/\/www.hhpartners.eu\/specializacia\/lieky-a-zdravotnicke-pomocky\/vztahy-v-ramci-farmaceutickeho-priemyslu-hco-a-hcp\/\" \/>\n<meta property=\"og:site_name\" content=\"h&amp;h PARTNERS\" \/>\n<meta property=\"article:modified_time\" content=\"2017-06-26T12:34:26+00:00\" \/>\n<meta name=\"twitter:card\" content=\"summary\" \/>\n<meta name=\"twitter:label1\" content=\"Estimated reading time\" \/>\n\t<meta name=\"twitter:data1\" content=\"3 minutes\" \/>\n<script type=\"application\/ld+json\" class=\"yoast-schema-graph\">{\"@context\":\"https:\/\/schema.org\",\"@graph\":[{\"@type\":\"WebSite\",\"@id\":\"https:\/\/www.hhpartners.eu\/en\/#website\",\"url\":\"https:\/\/www.hhpartners.eu\/en\/\",\"name\":\"h&amp;h PARTNERS\",\"description\":\"\",\"potentialAction\":[{\"@type\":\"SearchAction\",\"target\":{\"@type\":\"EntryPoint\",\"urlTemplate\":\"https:\/\/www.hhpartners.eu\/en\/?s={search_term_string}\"},\"query-input\":\"required name=search_term_string\"}],\"inLanguage\":\"en-GB\"},{\"@type\":\"WebPage\",\"@id\":\"https:\/\/www.hhpartners.eu\/specializacia\/lieky-a-zdravotnicke-pomocky\/vztahy-v-ramci-farmaceutickeho-priemyslu-hco-a-hcp\/#webpage\",\"url\":\"https:\/\/www.hhpartners.eu\/specializacia\/lieky-a-zdravotnicke-pomocky\/vztahy-v-ramci-farmaceutickeho-priemyslu-hco-a-hcp\/\",\"name\":\"Relations in the context of the pharmaceutical industry, HCO and HCP - h&amp;h PARTNERS\",\"isPartOf\":{\"@id\":\"https:\/\/www.hhpartners.eu\/en\/#website\"},\"datePublished\":\"2016-02-18T12:08:03+00:00\",\"dateModified\":\"2017-06-26T12:34:26+00:00\",\"breadcrumb\":{\"@id\":\"https:\/\/www.hhpartners.eu\/specializacia\/lieky-a-zdravotnicke-pomocky\/vztahy-v-ramci-farmaceutickeho-priemyslu-hco-a-hcp\/#breadcrumb\"},\"inLanguage\":\"en-GB\",\"potentialAction\":[{\"@type\":\"ReadAction\",\"target\":[\"https:\/\/www.hhpartners.eu\/specializacia\/lieky-a-zdravotnicke-pomocky\/vztahy-v-ramci-farmaceutickeho-priemyslu-hco-a-hcp\/\"]}]},{\"@type\":\"BreadcrumbList\",\"@id\":\"https:\/\/www.hhpartners.eu\/specializacia\/lieky-a-zdravotnicke-pomocky\/vztahy-v-ramci-farmaceutickeho-priemyslu-hco-a-hcp\/#breadcrumb\",\"itemListElement\":[{\"@type\":\"ListItem\",\"position\":1,\"name\":\"Domovsk\u00e1 str\u00e1nka\",\"item\":\"https:\/\/www.hhpartners.eu\/\"},{\"@type\":\"ListItem\",\"position\":2,\"name\":\"\u0160pecializ\u00e1cia\",\"item\":\"https:\/\/www.hhpartners.eu\/specializacia\/\"},{\"@type\":\"ListItem\",\"position\":3,\"name\":\"Lieky a zdravotn\u00edcke pom\u00f4cky\",\"item\":\"https:\/\/www.hhpartners.eu\/specializacia\/lieky-a-zdravotnicke-pomocky\/\"},{\"@type\":\"ListItem\",\"position\":4,\"name\":\"Vz\u0165ahy v r\u00e1mci farmaceutick\u00e9ho priemyslu, HCO a HCP\"}]}]}<\/script>\n<!-- \/ Yoast SEO plugin. -->","yoast_head_json":{"title":"Relations in the context of the pharmaceutical industry, HCO and HCP - h&amp;h PARTNERS","robots":{"index":"index","follow":"follow","max-snippet":"max-snippet:-1","max-image-preview":"max-image-preview:large","max-video-preview":"max-video-preview:-1"},"canonical":"https:\/\/www.hhpartners.eu\/specializacia\/lieky-a-zdravotnicke-pomocky\/vztahy-v-ramci-farmaceutickeho-priemyslu-hco-a-hcp\/","og_locale":"en_GB","og_type":"article","og_title":"Relations in the context of the pharmaceutical industry, HCO and HCP - h&amp;h PARTNERS","og_description":"Relations in the context of the pharmaceutical industry, HCO and HCP Cooperation of pharmaceutical industry with HCO\/HCP is essential and brings benefits not only for these players, but for the patients as well. Legal aspects of the interactions of subjects of the pharmaceutical industry with HCO\/HCP are subject to the constant change. The quest for [...]","og_url":"https:\/\/www.hhpartners.eu\/specializacia\/lieky-a-zdravotnicke-pomocky\/vztahy-v-ramci-farmaceutickeho-priemyslu-hco-a-hcp\/","og_site_name":"h&amp;h PARTNERS","article_modified_time":"2017-06-26T12:34:26+00:00","twitter_card":"summary","twitter_misc":{"Estimated reading time":"3 minutes"},"schema":{"@context":"https:\/\/schema.org","@graph":[{"@type":"WebSite","@id":"https:\/\/www.hhpartners.eu\/en\/#website","url":"https:\/\/www.hhpartners.eu\/en\/","name":"h&amp;h PARTNERS","description":"","potentialAction":[{"@type":"SearchAction","target":{"@type":"EntryPoint","urlTemplate":"https:\/\/www.hhpartners.eu\/en\/?s={search_term_string}"},"query-input":"required name=search_term_string"}],"inLanguage":"en-GB"},{"@type":"WebPage","@id":"https:\/\/www.hhpartners.eu\/specializacia\/lieky-a-zdravotnicke-pomocky\/vztahy-v-ramci-farmaceutickeho-priemyslu-hco-a-hcp\/#webpage","url":"https:\/\/www.hhpartners.eu\/specializacia\/lieky-a-zdravotnicke-pomocky\/vztahy-v-ramci-farmaceutickeho-priemyslu-hco-a-hcp\/","name":"Relations in the context of the pharmaceutical industry, HCO and HCP - h&amp;h PARTNERS","isPartOf":{"@id":"https:\/\/www.hhpartners.eu\/en\/#website"},"datePublished":"2016-02-18T12:08:03+00:00","dateModified":"2017-06-26T12:34:26+00:00","breadcrumb":{"@id":"https:\/\/www.hhpartners.eu\/specializacia\/lieky-a-zdravotnicke-pomocky\/vztahy-v-ramci-farmaceutickeho-priemyslu-hco-a-hcp\/#breadcrumb"},"inLanguage":"en-GB","potentialAction":[{"@type":"ReadAction","target":["https:\/\/www.hhpartners.eu\/specializacia\/lieky-a-zdravotnicke-pomocky\/vztahy-v-ramci-farmaceutickeho-priemyslu-hco-a-hcp\/"]}]},{"@type":"BreadcrumbList","@id":"https:\/\/www.hhpartners.eu\/specializacia\/lieky-a-zdravotnicke-pomocky\/vztahy-v-ramci-farmaceutickeho-priemyslu-hco-a-hcp\/#breadcrumb","itemListElement":[{"@type":"ListItem","position":1,"name":"Domovsk\u00e1 str\u00e1nka","item":"https:\/\/www.hhpartners.eu\/"},{"@type":"ListItem","position":2,"name":"\u0160pecializ\u00e1cia","item":"https:\/\/www.hhpartners.eu\/specializacia\/"},{"@type":"ListItem","position":3,"name":"Lieky a zdravotn\u00edcke pom\u00f4cky","item":"https:\/\/www.hhpartners.eu\/specializacia\/lieky-a-zdravotnicke-pomocky\/"},{"@type":"ListItem","position":4,"name":"Vz\u0165ahy v r\u00e1mci farmaceutick\u00e9ho priemyslu, HCO a HCP"}]}]}},"_links":{"self":[{"href":"https:\/\/www.hhpartners.eu\/en\/wp-json\/wp\/v2\/pages\/260"}],"collection":[{"href":"https:\/\/www.hhpartners.eu\/en\/wp-json\/wp\/v2\/pages"}],"about":[{"href":"https:\/\/www.hhpartners.eu\/en\/wp-json\/wp\/v2\/types\/page"}],"author":[{"embeddable":true,"href":"https:\/\/www.hhpartners.eu\/en\/wp-json\/wp\/v2\/users\/1"}],"replies":[{"embeddable":true,"href":"https:\/\/www.hhpartners.eu\/en\/wp-json\/wp\/v2\/comments?post=260"}],"version-history":[{"count":5,"href":"https:\/\/www.hhpartners.eu\/en\/wp-json\/wp\/v2\/pages\/260\/revisions"}],"predecessor-version":[{"id":1893,"href":"https:\/\/www.hhpartners.eu\/en\/wp-json\/wp\/v2\/pages\/260\/revisions\/1893"}],"up":[{"embeddable":true,"href":"https:\/\/www.hhpartners.eu\/en\/wp-json\/wp\/v2\/pages\/158"}],"wp:attachment":[{"href":"https:\/\/www.hhpartners.eu\/en\/wp-json\/wp\/v2\/media?parent=260"}],"curies":[{"name":"wp","href":"https:\/\/api.w.org\/{rel}","templated":true}]}}