{"id":2712,"date":"2020-03-13T12:01:07","date_gmt":"2020-03-13T11:01:07","guid":{"rendered":"https:\/\/www.hhpartners.eu\/?page_id=2712"},"modified":"2020-03-13T12:01:08","modified_gmt":"2020-03-13T11:01:08","slug":"vyjadrenie-pre-rtvs-2","status":"publish","type":"page","link":"https:\/\/www.hhpartners.eu\/en\/aktuality\/nase-novinky\/vyjadrenie-pre-rtvs-2\/","title":{"rendered":"Vyjadrenie pre RTVS"},"content":{"rendered":"\n<p>Nenahl\u00e1sen\u00edm d\u00f4le\u017eit\u00fdch inform\u00e1ci\u00ed sa \u010dlovek dop\u00fa\u0161\u0165a spr\u00e1vneho deliktu. JUDr. Ivan Humen\u00edk, PhD. sa pre RTVS vyjadril v s\u00favislosti so \u0161\u00edren\u00edm koronav\u00edrusu. Cel\u00e9 vyjadrenie zaznelo v hlavn\u00fdch spr\u00e1vach RTVS a m\u00f4\u017eete si ho pozrie\u0165 v arch\u00edve RTVS <a href=\"https:\/\/www.rtvs.sk\/televizia\/archiv\/13982\/216433\">na tomto odkaze<\/a> (\u010das v z\u00e1zname: 07:40)<\/p>\n","protected":false},"excerpt":{"rendered":"<p>Nenahl\u00e1sen\u00edm d\u00f4le\u017eit\u00fdch inform\u00e1ci\u00ed sa \u010dlovek dop\u00fa\u0161\u0165a spr\u00e1vneho deliktu. JUDr. Ivan Humen\u00edk, PhD. sa pre RTVS vyjadril v s\u00favislosti so \u0161\u00edren\u00edm koronav\u00edrusu. Cel\u00e9 vyjadrenie zaznelo v hlavn\u00fdch spr\u00e1vach RTVS a m\u00f4\u017eete si ho pozrie\u0165 v arch\u00edve RTVS na tomto odkaze (\u010das v z\u00e1zname: 07:40)<\/p>\n","protected":false},"author":1,"featured_media":0,"parent":1466,"menu_order":0,"comment_status":"closed","ping_status":"closed","template":"","meta":[],"yoast_head":"<!-- This site is optimized with the Yoast SEO plugin v18.5.1 - https:\/\/yoast.com\/wordpress\/plugins\/seo\/ -->\n<title>Vyjadrenie pre RTVS - h&amp;h PARTNERS<\/title>\n<meta name=\"robots\" content=\"index, follow, max-snippet:-1, max-image-preview:large, max-video-preview:-1\" \/>\n<link rel=\"canonical\" href=\"https:\/\/www.hhpartners.eu\/aktuality\/nase-novinky\/vyjadrenie-pre-rtvs-2\/\" \/>\n<meta property=\"og:locale\" content=\"en_GB\" \/>\n<meta property=\"og:type\" content=\"article\" \/>\n<meta property=\"og:title\" content=\"Vyjadrenie pre RTVS - h&amp;h PARTNERS\" \/>\n<meta property=\"og:description\" content=\"Nenahl\u00e1sen\u00edm d\u00f4le\u017eit\u00fdch inform\u00e1ci\u00ed sa \u010dlovek dop\u00fa\u0161\u0165a spr\u00e1vneho deliktu. JUDr. Ivan Humen\u00edk, PhD. sa pre RTVS vyjadril v s\u00favislosti so \u0161\u00edren\u00edm koronav\u00edrusu. Cel\u00e9 vyjadrenie zaznelo v hlavn\u00fdch spr\u00e1vach RTVS a m\u00f4\u017eete si ho pozrie\u0165 v arch\u00edve RTVS na tomto odkaze (\u010das v z\u00e1zname: 07:40)\" \/>\n<meta property=\"og:url\" content=\"https:\/\/www.hhpartners.eu\/aktuality\/nase-novinky\/vyjadrenie-pre-rtvs-2\/\" \/>\n<meta property=\"og:site_name\" content=\"h&amp;h PARTNERS\" \/>\n<meta property=\"article:modified_time\" content=\"2020-03-13T11:01:08+00:00\" \/>\n<meta name=\"twitter:card\" content=\"summary\" \/>\n<script type=\"application\/ld+json\" class=\"yoast-schema-graph\">{\"@context\":\"https:\/\/schema.org\",\"@graph\":[{\"@type\":\"WebSite\",\"@id\":\"https:\/\/www.hhpartners.eu\/en\/#website\",\"url\":\"https:\/\/www.hhpartners.eu\/en\/\",\"name\":\"h&amp;h PARTNERS\",\"description\":\"\",\"potentialAction\":[{\"@type\":\"SearchAction\",\"target\":{\"@type\":\"EntryPoint\",\"urlTemplate\":\"https:\/\/www.hhpartners.eu\/en\/?s={search_term_string}\"},\"query-input\":\"required name=search_term_string\"}],\"inLanguage\":\"en-GB\"},{\"@type\":\"WebPage\",\"@id\":\"https:\/\/www.hhpartners.eu\/aktuality\/nase-novinky\/vyjadrenie-pre-rtvs-2\/#webpage\",\"url\":\"https:\/\/www.hhpartners.eu\/aktuality\/nase-novinky\/vyjadrenie-pre-rtvs-2\/\",\"name\":\"Vyjadrenie pre RTVS - h&amp;h PARTNERS\",\"isPartOf\":{\"@id\":\"https:\/\/www.hhpartners.eu\/en\/#website\"},\"datePublished\":\"2020-03-13T11:01:07+00:00\",\"dateModified\":\"2020-03-13T11:01:08+00:00\",\"breadcrumb\":{\"@id\":\"https:\/\/www.hhpartners.eu\/aktuality\/nase-novinky\/vyjadrenie-pre-rtvs-2\/#breadcrumb\"},\"inLanguage\":\"en-GB\",\"potentialAction\":[{\"@type\":\"ReadAction\",\"target\":[\"https:\/\/www.hhpartners.eu\/aktuality\/nase-novinky\/vyjadrenie-pre-rtvs-2\/\"]}]},{\"@type\":\"BreadcrumbList\",\"@id\":\"https:\/\/www.hhpartners.eu\/aktuality\/nase-novinky\/vyjadrenie-pre-rtvs-2\/#breadcrumb\",\"itemListElement\":[{\"@type\":\"ListItem\",\"position\":1,\"name\":\"Domovsk\u00e1 str\u00e1nka\",\"item\":\"https:\/\/www.hhpartners.eu\/\"},{\"@type\":\"ListItem\",\"position\":2,\"name\":\"Aktuality\",\"item\":\"https:\/\/www.hhpartners.eu\/aktuality\/\"},{\"@type\":\"ListItem\",\"position\":3,\"name\":\"Na\u0161e novinky\",\"item\":\"https:\/\/www.hhpartners.eu\/aktuality\/nase-novinky\/\"},{\"@type\":\"ListItem\",\"position\":4,\"name\":\"Vyjadrenie pre RTVS\"}]}]}<\/script>\n<!-- \/ Yoast SEO plugin. -->","yoast_head_json":{"title":"Vyjadrenie pre RTVS - h&amp;h PARTNERS","robots":{"index":"index","follow":"follow","max-snippet":"max-snippet:-1","max-image-preview":"max-image-preview:large","max-video-preview":"max-video-preview:-1"},"canonical":"https:\/\/www.hhpartners.eu\/aktuality\/nase-novinky\/vyjadrenie-pre-rtvs-2\/","og_locale":"en_GB","og_type":"article","og_title":"Vyjadrenie pre RTVS - h&amp;h PARTNERS","og_description":"Nenahl\u00e1sen\u00edm d\u00f4le\u017eit\u00fdch inform\u00e1ci\u00ed sa \u010dlovek dop\u00fa\u0161\u0165a spr\u00e1vneho deliktu. JUDr. Ivan Humen\u00edk, PhD. sa pre RTVS vyjadril v s\u00favislosti so \u0161\u00edren\u00edm koronav\u00edrusu. Cel\u00e9 vyjadrenie zaznelo v hlavn\u00fdch spr\u00e1vach RTVS a m\u00f4\u017eete si ho pozrie\u0165 v arch\u00edve RTVS na tomto odkaze (\u010das v z\u00e1zname: 07:40)","og_url":"https:\/\/www.hhpartners.eu\/aktuality\/nase-novinky\/vyjadrenie-pre-rtvs-2\/","og_site_name":"h&amp;h PARTNERS","article_modified_time":"2020-03-13T11:01:08+00:00","twitter_card":"summary","schema":{"@context":"https:\/\/schema.org","@graph":[{"@type":"WebSite","@id":"https:\/\/www.hhpartners.eu\/en\/#website","url":"https:\/\/www.hhpartners.eu\/en\/","name":"h&amp;h PARTNERS","description":"","potentialAction":[{"@type":"SearchAction","target":{"@type":"EntryPoint","urlTemplate":"https:\/\/www.hhpartners.eu\/en\/?s={search_term_string}"},"query-input":"required name=search_term_string"}],"inLanguage":"en-GB"},{"@type":"WebPage","@id":"https:\/\/www.hhpartners.eu\/aktuality\/nase-novinky\/vyjadrenie-pre-rtvs-2\/#webpage","url":"https:\/\/www.hhpartners.eu\/aktuality\/nase-novinky\/vyjadrenie-pre-rtvs-2\/","name":"Vyjadrenie pre RTVS - h&amp;h PARTNERS","isPartOf":{"@id":"https:\/\/www.hhpartners.eu\/en\/#website"},"datePublished":"2020-03-13T11:01:07+00:00","dateModified":"2020-03-13T11:01:08+00:00","breadcrumb":{"@id":"https:\/\/www.hhpartners.eu\/aktuality\/nase-novinky\/vyjadrenie-pre-rtvs-2\/#breadcrumb"},"inLanguage":"en-GB","potentialAction":[{"@type":"ReadAction","target":["https:\/\/www.hhpartners.eu\/aktuality\/nase-novinky\/vyjadrenie-pre-rtvs-2\/"]}]},{"@type":"BreadcrumbList","@id":"https:\/\/www.hhpartners.eu\/aktuality\/nase-novinky\/vyjadrenie-pre-rtvs-2\/#breadcrumb","itemListElement":[{"@type":"ListItem","position":1,"name":"Domovsk\u00e1 str\u00e1nka","item":"https:\/\/www.hhpartners.eu\/"},{"@type":"ListItem","position":2,"name":"Aktuality","item":"https:\/\/www.hhpartners.eu\/aktuality\/"},{"@type":"ListItem","position":3,"name":"Na\u0161e novinky","item":"https:\/\/www.hhpartners.eu\/aktuality\/nase-novinky\/"},{"@type":"ListItem","position":4,"name":"Vyjadrenie pre RTVS"}]}]}},"_links":{"self":[{"href":"https:\/\/www.hhpartners.eu\/en\/wp-json\/wp\/v2\/pages\/2712"}],"collection":[{"href":"https:\/\/www.hhpartners.eu\/en\/wp-json\/wp\/v2\/pages"}],"about":[{"href":"https:\/\/www.hhpartners.eu\/en\/wp-json\/wp\/v2\/types\/page"}],"author":[{"embeddable":true,"href":"https:\/\/www.hhpartners.eu\/en\/wp-json\/wp\/v2\/users\/1"}],"replies":[{"embeddable":true,"href":"https:\/\/www.hhpartners.eu\/en\/wp-json\/wp\/v2\/comments?post=2712"}],"version-history":[{"count":1,"href":"https:\/\/www.hhpartners.eu\/en\/wp-json\/wp\/v2\/pages\/2712\/revisions"}],"predecessor-version":[{"id":2713,"href":"https:\/\/www.hhpartners.eu\/en\/wp-json\/wp\/v2\/pages\/2712\/revisions\/2713"}],"up":[{"embeddable":true,"href":"https:\/\/www.hhpartners.eu\/en\/wp-json\/wp\/v2\/pages\/1466"}],"wp:attachment":[{"href":"https:\/\/www.hhpartners.eu\/en\/wp-json\/wp\/v2\/media?parent=2712"}],"curies":[{"name":"wp","href":"https:\/\/api.w.org\/{rel}","templated":true}]}}