{"id":2998,"date":"2021-09-24T09:14:25","date_gmt":"2021-09-24T08:14:25","guid":{"rendered":"https:\/\/www.hhpartners.eu\/?page_id=2998"},"modified":"2023-04-18T10:16:36","modified_gmt":"2023-04-18T09:16:36","slug":"mgr-lenka-kavarnikova","status":"publish","type":"page","link":"https:\/\/www.hhpartners.eu\/en\/profil\/seniori\/mgr-lenka-kavarnikova\/","title":{"rendered":"Mgr. Lenka Kavarnikov\u00e1"},"content":{"rendered":"<p><\/p>\n<h2><img loading=\"lazy\" class=\"size-full wp-image-3001 aligncenter\" src=\"https:\/\/www.hhpartners.eu\/wp-content\/uploads\/2021\/09\/lenka-kavarnikova.jpg\" alt=\"\" width=\"1200\" height=\"800\" srcset=\"https:\/\/www.hhpartners.eu\/wp-content\/uploads\/2021\/09\/lenka-kavarnikova.jpg 1200w, https:\/\/www.hhpartners.eu\/wp-content\/uploads\/2021\/09\/lenka-kavarnikova-300x200.jpg 300w, https:\/\/www.hhpartners.eu\/wp-content\/uploads\/2021\/09\/lenka-kavarnikova-1024x683.jpg 1024w\" sizes=\"(max-width: 1200px) 100vw, 1200px\" \/><\/h2>\n<h2>Mgr. Lenka Kavarnikov\u00e1<\/h2>\n<p>senior lawyer<\/p>\n<p>T: <a href=\"tel:+421556943991\">+421\u00a055 694 39 91<\/a><br \/>\nM: <a href=\"tel:+421 917 497 060\">+421 917 497 060<\/a><br \/>\nE: kavarnikova(at)hhpartners.eu<\/p>\n<hr \/>\n<p><strong>Mgr. Lenka Kavarnikov\u00e1 <\/strong>graduated at Faculty of Law, University of Pavol Jozef \u0160af\u00e1rik in Ko\u0161ice in 2015. \u00a0During the university studies she was working as assistant for administrator of the bankruptcy assets. After she finished her studies, she has become a\u00a0junior lawyer in Law office.\u00a0 She has become junior lawyer in Law office h&amp;h PARTNERS, advok\u00e1tska kancel\u00e1ria s.r.o. in 2021.\u00a0 Her professional activities in the field of medical law developed in publishing professional articles on the websites <a href=\"http:\/\/www.medipravnik.sk\">www.medipravnik.sk<\/a> and <a href=\"http:\/\/www.pacientskekauzy.sk\">www.pacientskekauzy.sk<\/a>.<\/p>\n<hr \/>\n<h2>Education<\/h2>\n<ul>\n<li>The University of Pavol Jozef \u0160af\u00e1rik in Ko\u0161ice, Faculty of Law, (2013), Bachelor of Laws \u2013 Bc.<\/li>\n<li>The University of Pavol Jozef \u0160af\u00e1rik in Ko\u0161ice, Faculty of Law, (2015), Master of Laws \u2013 Mgr.<\/li>\n<\/ul>\n<hr \/>\n<h2>Specialization<\/h2>\n<h3><strong>Medical and pharmaceutical law<\/strong><\/h3>\n<p><strong>Mgr. Lenka Kavarnikov\u00e1 <\/strong>in cooperation with JUDr. Ivan Humen\u00edk, PhD. is mainly paying attention to the medical law. In cooperation with project mediPR\u00c1VNIK, which is focused on helping healthcare providers and pharmacies, she mainly paying attention to the provision of legal services and advice to healthcare providers and pharmacies. She participates in the preparation of documents for them, too. At the same time, she cooperates with the project patient cases, which is focused on helping patients and consultations for patients. Her agenda is also focused on compensation for damage to the health &#8211; represent healthcare providers and patients before the courts.<\/p>\n<h3><strong>Commercial and civil law<\/strong><\/h3>\n<p>In the field of commercial law, Mgr. Lenka Kavarnikov\u00e1 in cooperation with JUDr. Tom\u00e1\u0161 Husovsk\u00fd is mainly paying attention to agenda of companies, as establishment of companies and making changes in companies. A large part of her agenda in civil law is focused on law of contract and employment law.<\/p>\n<hr \/>\n<h2>Publishing activity<\/h2>\n<h3>Professional articles<\/h3>\n<ul>\n<li>HUMEN\u00cdK, I., KAVARNIKOV\u00c1, L.: Odborn\u00fd z\u00e1stupca v\u00a0dvoch lek\u00e1r\u0148ach, alebo ak\u00e9 zmeny prinesie navrhovan\u00e1 novela z\u00e1kona o\u00a0liekoch pre lek\u00e1rne?. In Lek\u00e1rnik, \u010d\u00edslo 10\/2021, ro\u010dn\u00edk XXVI., ISSN 1335 &#8211; 924X<\/li>\n<li>HUSOVSK\u00dd, T., KAVARNIKOV\u00c1, L.: Zalo\u017eenie alebo k\u00fapa ambulancie &#8211; \u010do v\u0161etko je k\u00a0tomu potrebn\u00e9 a\u00a0na \u010do si d\u00e1va\u0165 pozor. In Pr\u00e1vo a\u00a0mana\u017ement v\u00a0zdravotn\u00edctve, \u010d\u00edslo 09\/2021, ISSN 1338-2071<\/li>\n<li>HUMEN\u00cdK, I., KAVARNIKOV\u00c1, L.: M\u00f4\u017ee lek\u00e1r odmietnu\u0165 pacienta, ak sa nepodrob\u00ed testu na ochorenie COVID-19?. In Lek\u00e1rske noviny, \u010d\u00edslo 09\/2021, Ro\u010dn\u00edk IV., ISSN 2585-9595<\/li>\n<li>HUMEN\u00cdK, I., KAVARNIKOV\u00c1, L.: O\u010dkovanie proti ochoreniu COVID-19 v\u00a0ambulanci\u00e1ch. Pozor na pou\u010denie a\u00a0informovan\u00fd s\u00fahlas. In Lek\u00e1rske noviny, \u010d\u00edslo 7-8\/2021, Ro\u010dn\u00edk IV., ISSN 2585-9595<\/li>\n<li>HUMEN\u00cdK, I., KAVARNIKOV\u00c1, L.: V\u0161eobecn\u00ed lek\u00e1ri, pozor! Od augusta v\u00e1s \u010dak\u00e1 nov\u00e1 povinnos\u0165 pri spr\u00edstup\u0148ovan\u00ed dokument\u00e1cie pacienta in\u00fdm osob\u00e1m. In Lek\u00e1rske noviny, \u010d\u00edslo 6\/2021, Ro\u010dn\u00edk IV., ISSN 2585-9595<\/li>\n<li>HUMEN\u00cdK, I., KAVARNIKOV\u00c1, L.: Etick\u00e9 a\u00a0pr\u00e1vne \u0161tandardy vykon\u00e1vania telemedic\u00edny. In Lek\u00e1rske noviny, \u010d\u00edslo 5\/2021, Ro\u010dn\u00edk IV, ISSN 2585-9595<\/li>\n<\/ul>\n<h3><strong>Professional articles in electronic journals<\/strong><\/h3>\n<ul>\n<li>KAVARNIKOV\u00c1, L.: Pracovn\u00fa povinnos\u0165 je mo\u017en\u00e9 zdravotn\u00edckym pracovn\u00edkom ulo\u017ei\u0165 u\u017e aj po\u010das mimoriadnej situ\u00e1cie. In: medipravnik.sk (online) 26.11.2021. Dostupn\u00e9 na: <a href=\"https:\/\/www.medipravnik.sk\/pravne-clanky\/pracovnu-povinnost-je-mozne-zdravotnickym-pracovnikom-ulozit-uz-aj-pocas-mimoriadnej-situacie-1190\/\">https:\/\/www.medipravnik.sk\/pravne-clanky\/pracovnu-povinnost-je-mozne-zdravotnickym-pracovnikom-ulozit-uz-aj-pocas-mimoriadnej-situacie-1190\/<\/a><\/li>\n<li>KAVARNIKOV\u00c1, L.: Atakuj\u00fa v\u00e1s pri poskytovan\u00ed zdravotnej starostlivosti ur\u00e1\u017ekami alebo gestami? Za toto u\u017e hroz\u00ed pokuta! In: medipravnik.sk (online) 19.11.2021. Dostupn\u00e9 na: <a href=\"https:\/\/www.medipravnik.sk\/pravne-clanky\/atakuju-vas-pri-poskytovani-zdravotnej-starostlivosti-urazkami-alebo-gestami-za-toto-uz-hrozi-pokuta-1184\/\">https:\/\/www.medipravnik.sk\/pravne-clanky\/atakuju-vas-pri-poskytovani-zdravotnej-starostlivosti-urazkami-alebo-gestami-za-toto-uz-hrozi-pokuta-1184\/<\/a><\/li>\n<li>KAVARNIKOV\u00c1, L.: Poskytovanie v\u00fdpisu zo zdravotnej dokument\u00e1cie pacienta. In: medipravnik.sk (online) 05.11.2021. Dostupn\u00e9 na: <a href=\"https:\/\/www.medipravnik.sk\/pravne-clanky\/poskytovanie-vypisu-zo-zdravotnej-dokumentacie-pacienta-1175\/\">https:\/\/www.medipravnik.sk\/pravne-clanky\/poskytovanie-vypisu-zo-zdravotnej-dokumentacie-pacienta-1175\/<\/a><\/li>\n<li>KAVARNIKOV\u00c1, L.: In\u0161tit\u00fat predch\u00e1dzaj\u00faceho priania v kontexte n\u00e1\u0161ho pr\u00e1vneho poriadku. In: medipravnik.sk (online) 04.11.2021. Dostupn\u00e9 na: <a href=\"https:\/\/www.medipravnik.sk\/pravne-clanky\/institut-predchadzajuceho-priania-v-kontexte-nasho-pravneho-poriadku-1174\/\">https:\/\/www.medipravnik.sk\/pravne-clanky\/institut-predchadzajuceho-priania-v-kontexte-nasho-pravneho-poriadku-1174\/<\/a><\/li>\n<li>KAVARNIKOV\u00c1, L.: Rodi\u010dovsk\u00e9 pr\u00e1va po rozvode man\u017eelstva v kontexte poskytovania zdravotnej starostlivosti. In: medipravnik.sk (online) 28.10.2021. Dostupn\u00e9 na: <a href=\"https:\/\/www.medipravnik.sk\/pravne-clanky\/rodicovske-prava-po-rozvode-manzelstva-v-kontexte-poskytovania-zdravotnej-starostlivosti-1169\/\">https:\/\/www.medipravnik.sk\/pravne-clanky\/rodicovske-prava-po-rozvode-manzelstva-v-kontexte-poskytovania-zdravotnej-starostlivosti-1169\/<\/a><\/li>\n<li>KAVARNIKOV\u00c1, L.: V\u0161eobecn\u00e9 obchodn\u00e9 podmienky pre ambulancie &#8211; 2. \u010das\u0165. In: medipravnik.sk (online) 27.10.2021. Dostupn\u00e9 na: <a href=\"https:\/\/www.medipravnik.sk\/pravne-clanky\/vseobecne-obchodne-podmienky-pre-ambulancie-2-cast-1167\/\">https:\/\/www.medipravnik.sk\/pravne-clanky\/vseobecne-obchodne-podmienky-pre-ambulancie-2-cast-1167\/<\/a><\/li>\n<li>KAVARNIKOV\u00c1, L.: V\u0161eobecn\u00e9 obchodn\u00e9 podmienky pre ambulancie &#8211; 1. \u010das\u0165. In: medipravnik.sk (online) 22.10.2021. Dostupn\u00e9 na: <a href=\"https:\/\/www.medipravnik.sk\/pravne-clanky\/vseobecne-obchodne-podmienky-pre-ambulancie-1-cast-1164\/\">https:\/\/www.medipravnik.sk\/pravne-clanky\/vseobecne-obchodne-podmienky-pre-ambulancie-1-cast-1164\/<\/a><\/li>\n<li>KAVARNIKOV\u00c1, L.: V\u0161eobecn\u00e9 obchodn\u00e9 podmienky pre lek\u00e1rne. In: medipravnik.sk (online) 20.10.2021. Dostupn\u00e9 na: <a href=\"https:\/\/www.medipravnik.sk\/pravne-clanky\/vseobecne-obchodne-podmienky-pre-lekarne-1162\/\">https:\/\/www.medipravnik.sk\/pravne-clanky\/vseobecne-obchodne-podmienky-pre-lekarne-1162\/<\/a><\/li>\n<li>KAVARNIKOV\u00c1, L.: Od okt\u00f3bra nastali zmeny vo v\u00fdkone prehliadok m\u0155tvych tiel. Ambulantn\u00ed lek\u00e1ri, pripravte sa na ne. In: medipravnik.sk (online) 12.10.2021. Dostupn\u00e9 na: <a href=\"https:\/\/www.medipravnik.sk\/pravne-clanky\/od-oktobra-nastali-zmeny-vo-vykone-prehliadok-mrtvych-tiel-ambulantni-lekari-pripravte-sa-na-ne-1156\/\">https:\/\/www.medipravnik.sk\/pravne-clanky\/od-oktobra-nastali-zmeny-vo-vykone-prehliadok-mrtvych-tiel-ambulantni-lekari-pripravte-sa-na-ne-1156\/<\/a><\/li>\n<li>KAVARNIKOV\u00c1, L.: S\u00fa lek\u00e1ri povinn\u00ed vyd\u00e1va\u0165 potvrdenia o chorobe pre deti do \u0161koly\/materskej \u0161koly?. In: medipravnik.sk (online) 01.10.2021. Dostupn\u00e9 na: <a href=\"https:\/\/www.medipravnik.sk\/pravne-clanky\/su-lekari-povinni-vydavat-potvrdenia-o-chorobe-pre-deti-do-skoly-materskej-skoly-1147\/\">https:\/\/www.medipravnik.sk\/pravne-clanky\/su-lekari-povinni-vydavat-potvrdenia-o-chorobe-pre-deti-do-skoly-materskej-skoly-1147\/<\/a><\/li>\n<li>KAVARNIKOV\u00c1, L.: Vy\u017eaduj\u00fa od V\u00e1s policajti lek\u00e1rske potvrdenie pre \u00fa\u010dely trestn\u00e9ho konania? Pozor na z\u00e1konn\u00fa povinnos\u0165 ml\u010danlivosti. In: medipravnik.sk (online) 28.09.2021. Dostupn\u00e9 na: <a href=\"https:\/\/www.medipravnik.sk\/pravne-clanky\/vyzaduju-od-vas-policajti-lekarske-potvrdenie-pre-ucely-trestneho-konania-pozor-na-zakonnu-povinnost-mlcanlivosti-1143\/\">https:\/\/www.medipravnik.sk\/pravne-clanky\/vyzaduju-od-vas-policajti-lekarske-potvrdenie-pre-ucely-trestneho-konania-pozor-na-zakonnu-povinnost-mlcanlivosti-1143\/<\/a><\/li>\n<\/ul>\n<p><\/p>","protected":false},"excerpt":{"rendered":"<p>Mgr. Lenka Kavarnikov\u00e1 senior lawyer T: +421\u00a055 694 39 91 M: +421 917 497 060 E: kavarnikova(at)hhpartners.eu Mgr. Lenka Kavarnikov\u00e1 graduated at Faculty of Law, University of Pavol Jozef \u0160af\u00e1rik in Ko\u0161ice in 2015. \u00a0During the university studies she was working as assistant for administrator of the bankruptcy assets. After she finished her studies, she [&#8230;]<\/p>\n","protected":false},"author":1,"featured_media":0,"parent":166,"menu_order":0,"comment_status":"closed","ping_status":"closed","template":"","meta":[],"yoast_head":"<!-- This site is optimized with the Yoast SEO plugin v18.5.1 - https:\/\/yoast.com\/wordpress\/plugins\/seo\/ -->\n<title>Mgr. Lenka Kavarnikov\u00e1 - h&amp;h PARTNERS<\/title>\n<meta name=\"robots\" content=\"index, follow, max-snippet:-1, max-image-preview:large, max-video-preview:-1\" \/>\n<link rel=\"canonical\" href=\"https:\/\/www.hhpartners.eu\/profil\/seniori\/mgr-lenka-kavarnikova\/\" \/>\n<meta property=\"og:locale\" content=\"en_GB\" \/>\n<meta property=\"og:type\" content=\"article\" \/>\n<meta property=\"og:title\" content=\"Mgr. Lenka Kavarnikov\u00e1 - h&amp;h PARTNERS\" \/>\n<meta property=\"og:description\" content=\"Mgr. Lenka Kavarnikov\u00e1 senior lawyer T: +421\u00a055 694 39 91 M: +421 917 497 060 E: kavarnikova(at)hhpartners.eu Mgr. Lenka Kavarnikov\u00e1 graduated at Faculty of Law, University of Pavol Jozef \u0160af\u00e1rik in Ko\u0161ice in 2015. \u00a0During the university studies she was working as assistant for administrator of the bankruptcy assets. After she finished her studies, she [...]\" \/>\n<meta property=\"og:url\" content=\"https:\/\/www.hhpartners.eu\/profil\/seniori\/mgr-lenka-kavarnikova\/\" \/>\n<meta property=\"og:site_name\" content=\"h&amp;h PARTNERS\" \/>\n<meta property=\"article:modified_time\" content=\"2023-04-18T09:16:36+00:00\" \/>\n<meta property=\"og:image\" content=\"https:\/\/www.hhpartners.eu\/wp-content\/uploads\/2021\/09\/lenka-kavarnikova.jpg\" \/>\n<meta name=\"twitter:card\" content=\"summary\" \/>\n<meta name=\"twitter:label1\" content=\"Estimated reading time\" \/>\n\t<meta name=\"twitter:data1\" content=\"8 minutes\" \/>\n<script type=\"application\/ld+json\" class=\"yoast-schema-graph\">{\"@context\":\"https:\/\/schema.org\",\"@graph\":[{\"@type\":\"WebSite\",\"@id\":\"https:\/\/www.hhpartners.eu\/en\/#website\",\"url\":\"https:\/\/www.hhpartners.eu\/en\/\",\"name\":\"h&amp;h PARTNERS\",\"description\":\"\",\"potentialAction\":[{\"@type\":\"SearchAction\",\"target\":{\"@type\":\"EntryPoint\",\"urlTemplate\":\"https:\/\/www.hhpartners.eu\/en\/?s={search_term_string}\"},\"query-input\":\"required name=search_term_string\"}],\"inLanguage\":\"en-GB\"},{\"@type\":\"ImageObject\",\"@id\":\"https:\/\/www.hhpartners.eu\/profil\/seniori\/mgr-lenka-kavarnikova\/#primaryimage\",\"inLanguage\":\"en-GB\",\"url\":\"https:\/\/www.hhpartners.eu\/wp-content\/uploads\/2021\/09\/lenka-kavarnikova.jpg\",\"contentUrl\":\"https:\/\/www.hhpartners.eu\/wp-content\/uploads\/2021\/09\/lenka-kavarnikova.jpg\",\"width\":1200,\"height\":800},{\"@type\":\"WebPage\",\"@id\":\"https:\/\/www.hhpartners.eu\/profil\/seniori\/mgr-lenka-kavarnikova\/#webpage\",\"url\":\"https:\/\/www.hhpartners.eu\/profil\/seniori\/mgr-lenka-kavarnikova\/\",\"name\":\"Mgr. Lenka Kavarnikov\u00e1 - h&amp;h PARTNERS\",\"isPartOf\":{\"@id\":\"https:\/\/www.hhpartners.eu\/en\/#website\"},\"primaryImageOfPage\":{\"@id\":\"https:\/\/www.hhpartners.eu\/profil\/seniori\/mgr-lenka-kavarnikova\/#primaryimage\"},\"datePublished\":\"2021-09-24T08:14:25+00:00\",\"dateModified\":\"2023-04-18T09:16:36+00:00\",\"breadcrumb\":{\"@id\":\"https:\/\/www.hhpartners.eu\/profil\/seniori\/mgr-lenka-kavarnikova\/#breadcrumb\"},\"inLanguage\":\"en-GB\",\"potentialAction\":[{\"@type\":\"ReadAction\",\"target\":[\"https:\/\/www.hhpartners.eu\/profil\/seniori\/mgr-lenka-kavarnikova\/\"]}]},{\"@type\":\"BreadcrumbList\",\"@id\":\"https:\/\/www.hhpartners.eu\/profil\/seniori\/mgr-lenka-kavarnikova\/#breadcrumb\",\"itemListElement\":[{\"@type\":\"ListItem\",\"position\":1,\"name\":\"Domovsk\u00e1 str\u00e1nka\",\"item\":\"https:\/\/www.hhpartners.eu\/\"},{\"@type\":\"ListItem\",\"position\":2,\"name\":\"Profile\",\"item\":\"https:\/\/www.hhpartners.eu\/en\/profil\/\"},{\"@type\":\"ListItem\",\"position\":3,\"name\":\"Seniori\",\"item\":\"https:\/\/www.hhpartners.eu\/profil\/seniori\/\"},{\"@type\":\"ListItem\",\"position\":4,\"name\":\"Mgr. Lenka Kavarnikov\u00e1\"}]}]}<\/script>\n<!-- \/ Yoast SEO plugin. -->","yoast_head_json":{"title":"Mgr. Lenka Kavarnikov\u00e1 - h&amp;h PARTNERS","robots":{"index":"index","follow":"follow","max-snippet":"max-snippet:-1","max-image-preview":"max-image-preview:large","max-video-preview":"max-video-preview:-1"},"canonical":"https:\/\/www.hhpartners.eu\/profil\/seniori\/mgr-lenka-kavarnikova\/","og_locale":"en_GB","og_type":"article","og_title":"Mgr. Lenka Kavarnikov\u00e1 - h&amp;h PARTNERS","og_description":"Mgr. Lenka Kavarnikov\u00e1 senior lawyer T: +421\u00a055 694 39 91 M: +421 917 497 060 E: kavarnikova(at)hhpartners.eu Mgr. Lenka Kavarnikov\u00e1 graduated at Faculty of Law, University of Pavol Jozef \u0160af\u00e1rik in Ko\u0161ice in 2015. \u00a0During the university studies she was working as assistant for administrator of the bankruptcy assets. After she finished her studies, she [...]","og_url":"https:\/\/www.hhpartners.eu\/profil\/seniori\/mgr-lenka-kavarnikova\/","og_site_name":"h&amp;h PARTNERS","article_modified_time":"2023-04-18T09:16:36+00:00","og_image":[{"url":"https:\/\/www.hhpartners.eu\/wp-content\/uploads\/2021\/09\/lenka-kavarnikova.jpg"}],"twitter_card":"summary","twitter_misc":{"Estimated reading time":"8 minutes"},"schema":{"@context":"https:\/\/schema.org","@graph":[{"@type":"WebSite","@id":"https:\/\/www.hhpartners.eu\/en\/#website","url":"https:\/\/www.hhpartners.eu\/en\/","name":"h&amp;h PARTNERS","description":"","potentialAction":[{"@type":"SearchAction","target":{"@type":"EntryPoint","urlTemplate":"https:\/\/www.hhpartners.eu\/en\/?s={search_term_string}"},"query-input":"required name=search_term_string"}],"inLanguage":"en-GB"},{"@type":"ImageObject","@id":"https:\/\/www.hhpartners.eu\/profil\/seniori\/mgr-lenka-kavarnikova\/#primaryimage","inLanguage":"en-GB","url":"https:\/\/www.hhpartners.eu\/wp-content\/uploads\/2021\/09\/lenka-kavarnikova.jpg","contentUrl":"https:\/\/www.hhpartners.eu\/wp-content\/uploads\/2021\/09\/lenka-kavarnikova.jpg","width":1200,"height":800},{"@type":"WebPage","@id":"https:\/\/www.hhpartners.eu\/profil\/seniori\/mgr-lenka-kavarnikova\/#webpage","url":"https:\/\/www.hhpartners.eu\/profil\/seniori\/mgr-lenka-kavarnikova\/","name":"Mgr. Lenka Kavarnikov\u00e1 - h&amp;h PARTNERS","isPartOf":{"@id":"https:\/\/www.hhpartners.eu\/en\/#website"},"primaryImageOfPage":{"@id":"https:\/\/www.hhpartners.eu\/profil\/seniori\/mgr-lenka-kavarnikova\/#primaryimage"},"datePublished":"2021-09-24T08:14:25+00:00","dateModified":"2023-04-18T09:16:36+00:00","breadcrumb":{"@id":"https:\/\/www.hhpartners.eu\/profil\/seniori\/mgr-lenka-kavarnikova\/#breadcrumb"},"inLanguage":"en-GB","potentialAction":[{"@type":"ReadAction","target":["https:\/\/www.hhpartners.eu\/profil\/seniori\/mgr-lenka-kavarnikova\/"]}]},{"@type":"BreadcrumbList","@id":"https:\/\/www.hhpartners.eu\/profil\/seniori\/mgr-lenka-kavarnikova\/#breadcrumb","itemListElement":[{"@type":"ListItem","position":1,"name":"Domovsk\u00e1 str\u00e1nka","item":"https:\/\/www.hhpartners.eu\/"},{"@type":"ListItem","position":2,"name":"Profile","item":"https:\/\/www.hhpartners.eu\/en\/profil\/"},{"@type":"ListItem","position":3,"name":"Seniori","item":"https:\/\/www.hhpartners.eu\/profil\/seniori\/"},{"@type":"ListItem","position":4,"name":"Mgr. Lenka Kavarnikov\u00e1"}]}]}},"_links":{"self":[{"href":"https:\/\/www.hhpartners.eu\/en\/wp-json\/wp\/v2\/pages\/2998"}],"collection":[{"href":"https:\/\/www.hhpartners.eu\/en\/wp-json\/wp\/v2\/pages"}],"about":[{"href":"https:\/\/www.hhpartners.eu\/en\/wp-json\/wp\/v2\/types\/page"}],"author":[{"embeddable":true,"href":"https:\/\/www.hhpartners.eu\/en\/wp-json\/wp\/v2\/users\/1"}],"replies":[{"embeddable":true,"href":"https:\/\/www.hhpartners.eu\/en\/wp-json\/wp\/v2\/comments?post=2998"}],"version-history":[{"count":27,"href":"https:\/\/www.hhpartners.eu\/en\/wp-json\/wp\/v2\/pages\/2998\/revisions"}],"predecessor-version":[{"id":3532,"href":"https:\/\/www.hhpartners.eu\/en\/wp-json\/wp\/v2\/pages\/2998\/revisions\/3532"}],"up":[{"embeddable":true,"href":"https:\/\/www.hhpartners.eu\/en\/wp-json\/wp\/v2\/pages\/166"}],"wp:attachment":[{"href":"https:\/\/www.hhpartners.eu\/en\/wp-json\/wp\/v2\/media?parent=2998"}],"curies":[{"name":"wp","href":"https:\/\/api.w.org\/{rel}","templated":true}]}}