{"id":3375,"date":"2022-09-27T14:33:50","date_gmt":"2022-09-27T13:33:50","guid":{"rendered":"https:\/\/www.hhpartners.eu\/?page_id=3375"},"modified":"2022-09-27T14:33:52","modified_gmt":"2022-09-27T13:33:52","slug":"v-rezime-osobitnych-pripadov-uhrad-liekov-zdravotnickych-pomocok-dietetickych-potravin-nastali-od-augusta-zmeny","status":"publish","type":"page","link":"https:\/\/www.hhpartners.eu\/en\/aktuality\/pravne-novinky\/v-rezime-osobitnych-pripadov-uhrad-liekov-zdravotnickych-pomocok-dietetickych-potravin-nastali-od-augusta-zmeny\/","title":{"rendered":"V re\u017eime osobitn\u00fdch pr\u00edpadov \u00fahrad liekov\/zdravotn\u00edckych pom\u00f4cok\/dietetick\u00fdch potrav\u00edn nastali od augusta zmeny"},"content":{"rendered":"\n<p>V pr\u00edpade \u00fahrady liekov z\u00e1kon umo\u017e\u0148uje, aby sa na \u00fahrade lieku\/zdravotn\u00edckej pom\u00f4cky\/dietetickej potraviny podie\u013eala zdravotn\u00e1 pois\u0165ov\u0148a aj v pr\u00edpade, ak v zmysle pr\u00e1vnej \u00fapravy nie s\u00fa hraden\u00e9 z verejn\u00e9ho zdravotn\u00e9ho poistenia. Ide o osobitn\u00e9 pr\u00edpady \u00fahrad v tzv. v\u00fdnimkovom re\u017eime. Ve\u013ek\u00e1 novela z\u00e1kona o \u00fahrad\u00e1ch (z.\u010d. 363\/2011 Z.z.) priniesla zmeny aj v oblasti t\u00fdchto osobitn\u00fdch \u00fahrad. V najbli\u017e\u0161\u00edch riadkoch v\u00e1m prinesieme poh\u013ead na tie najd\u00f4le\u017eitej\u0161ie zmeny.<\/p>\n\n\n\n<p><strong>OSOBITN\u00c9 \u00daHRADY V\u0160EOBECNE<\/strong><\/p>\n\n\n\n<p>N\u00e1klady na lieky vo v\u0161eobecnosti platia zdravotn\u00e9 pois\u0165ovne zo zdravotn\u00e9ho poistenia. Z t\u00fdchto pe\u0148az\u00ed zdravotn\u00e9 pois\u0165ovne n\u00e1sledne svoj\u00edm poistencom uhr\u00e1dzaj\u00fa zdravotn\u00fa starostlivos\u0165, lieky, zdravotn\u00e9 pom\u00f4cky a dietetick\u00e9 potraviny. To v\u0161ak neplat\u00ed absol\u00fatne pri ka\u017edom lieku\/zdravotn\u00edckej pom\u00f4cke\/ dietetickej potravine a poskytnutej zdravotnej starostlivosti. Z\u00e1kladn\u00e9 pravidl\u00e1 \u00fahrady liekov\/ZP\/DP upravuje z\u00e1kon o \u00fahrad\u00e1ch (z. \u010d. 363\/2011 Z.z.), ktor\u00fd upravuje ot\u00e1zku plnej, \u010diasto\u010dnej \u00fahrady, ale aj osobitn\u00e9 pr\u00edpady \u00fahrady, ktor\u00e9 z\u00e1visia od rozhodnutia zdravotnej pois\u0165ovne.<\/p>\n\n\n\n<p><strong>Medzi osobitn\u00e9 pr\u00edpady \u00fahrady zara\u010fujeme:<\/strong><\/p>\n\n\n\n<ul><li>pr\u00edspevok na zdravotn\u00fa starostlivos\u0165 poskytovan\u00fa nezmluvn\u00fdm poskytovate\u013eom (\u00a7 88 ods. 1 z\u00e1kona o \u00fahrad\u00e1ch), kedy poistenec dostane od svojej zdravotnej pois\u0165ovne pr\u00edspevok na \u00fahradu lieku\/ZP\/DP predp\u00edsan\u00fdch \u201enezazmluvnen\u00fdm\u201c poskytovate\u013eom zdravotnej starostlivosti (t.j. tak\u00fdm, ktor\u00fd nem\u00e1 s pois\u0165ov\u0148ou pacienta uzatvoren\u00fa zmluvu o poskytovan\u00ed zdravotnej starostlivosti). Podmienky na z\u00edskanie tak\u00e9hoto pr\u00edspevku ur\u010duje pr\u00edslu\u0161n\u00e1 zdravotn\u00e1 pois\u0165ov\u0148a na svojej webovej str\u00e1nke.<\/li><\/ul>\n\n\n\n<ul><li>poskytnutie \u00fahrady sumy rovnaj\u00facej sa doplatku poistenca (\u00a7 88 ods. 6 z\u00e1kona o \u00fahrad\u00e1ch), kedy sa zdravotn\u00e1 pois\u0165ov\u0148a pacienta bude spolupodie\u013ea\u0165 na \u00fahrade lieku\/ZP\/DP vo forme poskytnutia \u00fahrady sumy rovnaj\u00facej sa doplatku za predp\u00edsan\u00fd liek\/ZP\/DP. Aj v tomto pr\u00edpade poskytne pois\u0165ov\u0148a pr\u00edspevok len za splnenia podmienok, ktor\u00e9 zverej\u0148uje na svojej webovej str\u00e1nke<\/li><\/ul>\n\n\n\n<p><strong>UR\u010cENIE LEH\u00d4T, V KTOR\u00ddCH M\u00c1 ROZHODN\u00da\u0164 POIS\u0164OV\u0147A<\/strong><\/p>\n\n\n\n<p>V oboch pr\u00edpadoch tzv. v\u00fdnimkov\u00e9ho re\u017eimu sa pre rozhodnutie pois\u0165ovne o osobitnom pr\u00edpade \u00fahrady vy\u017eaduje podanie \u017eiadosti poistencom (pacientom). Z\u00e1kon o \u00fahrad\u00e1ch s \u00fa\u010dinnos\u0165ou od augusta tohto roka presne vymedzil lehotu, v ktorej m\u00e1 o \u017eiadosti rozhodn\u00fa\u0165 zdravotn\u00e1 pois\u0165ov\u0148a, preto\u017ee doteraz lehota nebola z\u00e1konne ukotven\u00e1. Pod\u013ea prijat\u00fdch legislat\u00edvnych zmien m\u00e1 zdravotn\u00e1 pois\u0165ov\u0148a rozhodn\u00fa\u0165 do 15 pracovn\u00fdch dn\u00ed od doru\u010denia \u00faplnej \u017eiadosti. Z\u00e1konn\u00e1 \u00faprava r\u00e1ta aj s pr\u00edpadom, kedy pacient bude pod\u00e1va\u0165 op\u00e4tovn\u00fa \u017eiados\u0165 o \u00fahradu lieku\/ZP\/DP a v tomto pr\u00edpade sa pre pois\u0165ov\u0148u stanovila lehota 10 pracovn\u00fdch dn\u00ed pre rozhodnutie o op\u00e4tovnej \u017eiadosti (\u00a7 88 ods. 9 z\u00e1kona o \u00fahrad\u00e1ch).<\/p>\n\n\n\n<p><strong>MO\u017dNOS\u0164 PODANIA ODVOLANIA<\/strong><\/p>\n\n\n\n<p>Samozrejme st\u00e1vaj\u00fa sa aj pr\u00edpady, kedy zdravotn\u00e1 pois\u0165ov\u0148a \u00fahradu v tzv. v\u00fdnimkovom re\u017eime neods\u00fahlas\u00ed. V takomto pr\u00edpade m\u00f4\u017ee samotn\u00fd poskytovate\u013e zdravotnej starostlivosti poda\u0165 odvolanie proti rozhodnutiu. Tu v\u0161ak z\u00e1kon stanovil podmienku, \u017ee podanie odvolania je z\u00e1visl\u00e9 na s\u00fahlase poistenca (pacienta) s jeho podan\u00edm. Bez s\u00fahlasu poistenca (pacienta) tak nebude mo\u017en\u00e9 odvolanie poda\u0165.<\/p>\n\n\n\n<p>O odvolan\u00ed bude rozhodova\u0165 priamy nadriaden\u00fd zamestnanca, ktor\u00fd rozhodol o neudelen\u00ed s\u00fahlasu s \u00fahradou vo v\u00fdnimkovom re\u017eime, a to do 15 pracovn\u00fdch dn\u00ed od doru\u010denia odvolania. Navy\u0161e, ak zdravotn\u00e1 pois\u0165ov\u0148a nevyhovie odvolaniu, samotn\u00fd poistenec (pacient) sa m\u00f4\u017ee obr\u00e1ti\u0165 na \u00darad pre doh\u013ead nad zdravotnou pois\u0165ov\u0148ou so \u017eiados\u0165ou o vykonanie doh\u013eadu (\u00a7 88 ods. 10 z\u00e1kona o \u00fahrad\u00e1ch).<\/p>\n\n\n\n<p><strong>ZMENY V STANOVENEJ MAXIM\u00c1LNEJ V\u00dd\u0160KE \u00daHRADY<\/strong><\/p>\n\n\n\n<p>Doteraj\u0161ia pr\u00e1vna \u00faprava z\u00e1kona o \u00fahrad\u00e1ch ur\u010dovala 3 r\u00f4zne maxim\u00e1, v ktor\u00fdch m\u00f4\u017ee zdravotn\u00e1 pois\u0165ov\u0148a uhradi\u0165 liek\/ZP\/DP. S \u00fa\u010dinnos\u0165ou od augusta sa tieto maxim\u00e1 modifikovali, pri\u010dom pod\u013ea s\u00fa\u010dasnej pr\u00e1vnej \u00fapravy m\u00f4\u017ee zdravotn\u00e1 pois\u0165ov\u0148a uhradi\u0165 liek\/ZP\/DP maxim\u00e1lne vo v\u00fd\u0161ke, ktor\u00fa n\u00e1jdete v \u00a7 88 ods. 16 z\u00e1kona o \u00fahrad\u00e1ch. V tomto smere aj takto nastaven\u00e9 maxim\u00e1 m\u00f4\u017ee zdravotn\u00e1 pois\u0165ov\u0148a prekro\u010di\u0165 a rozhodn\u00fa\u0165 o \u00fahrade nad ich r\u00e1mec, a to v \u201epr\u00edpadoch hodn\u00fdch osobitn\u00e9ho zrete\u013ea\u201c (\u00a7 88 ods. 17 z\u00e1kona o \u00fahrad\u00e1ch). Z\u00e1kon o \u00fahrad\u00e1ch tak\u00e9to pr\u00edpady \u017eiadnym in\u00fdm krit\u00e9riom ne\u0161pecifikuje, preto bude pos\u00fadenie danej situ\u00e1cie v\u017edy z\u00e1visie\u0165 od rozhodnutia pois\u0165ovne.<\/p>\n\n\n\n<p>Pri rozhodovan\u00ed o \u00fahrade lieku\/ZP\/DP vo v\u00fdnimkovom re\u017eime je zdravotn\u00e1 pois\u0165ov\u0148a limitovan\u00e1 e\u0161te z\u00e1konne upravenou maxim\u00e1lnou v\u00fd\u0161kou \u00fahrad, ktor\u00e9 m\u00f4\u017ee zdravotn\u00e1 pois\u0165ov\u0148a poskytn\u00fa\u0165 za obdobie kalend\u00e1rneho roka. V\u00fd\u0161ka v\u0161etk\u00fdch \u00fahrad zdravotn\u00fdch pois\u0165ovn\u00ed v pr\u00edslu\u0161nom kalend\u00e1rnom roku nesmie prekro\u010di\u0165 1,9% z v\u00fd\u0161ky verejn\u00fdch prostriedkov ur\u010den\u00fdch na \u00fahradu liekov pre pr\u00edslu\u0161n\u00fd kalend\u00e1rny rok ur\u010den\u00fdch pod\u013ea \u00a7 15 ods. 8 z\u00e1kona o zdravotn\u00fdch pois\u0165ovniach (\u00a7 88 ods. 18 z\u00e1kona o \u00fahrad\u00e1ch). Ak by mala celkov ro\u010dn\u00e1 v\u00fd\u0161ka \u00fahrad prekro\u010di\u0165 dan\u00fd limit, zdravotn\u00e1 pois\u0165ov\u0148a \u00fahradu neods\u00fahlas\u00ed.<\/p>\n\n\n\n<p>Percentu\u00e1lna sadzba 1,9% sa pou\u017eije prv\u00fdkr\u00e1t a\u017e v roku 2025, pre rok 2023 je stanoven\u00e1 maxim\u00e1lna ro\u010dn\u00e1 \u00fahrada 3,9% z v\u00fd\u0161ky verejn\u00fdch prostriedkov ur\u010den\u00fdch na \u00fahradu liekov pre pr\u00edslu\u0161n\u00fd kalend\u00e1rny rok a pre rok 2024 je t\u00e1to percentu\u00e1lna sadzba vo v\u00fd\u0161ke 2,9% (\u00a7 98h ods. 6 z\u00e1kona o \u00fahrad\u00e1ch).<\/p>\n","protected":false},"excerpt":{"rendered":"<p>V pr\u00edpade \u00fahrady liekov z\u00e1kon umo\u017e\u0148uje, aby sa na \u00fahrade lieku\/zdravotn\u00edckej pom\u00f4cky\/dietetickej potraviny podie\u013eala zdravotn\u00e1 pois\u0165ov\u0148a aj v pr\u00edpade, ak v zmysle pr\u00e1vnej \u00fapravy nie s\u00fa hraden\u00e9 z verejn\u00e9ho zdravotn\u00e9ho poistenia. Ide o osobitn\u00e9 pr\u00edpady \u00fahrad v tzv. v\u00fdnimkovom re\u017eime. Ve\u013ek\u00e1 novela z\u00e1kona o \u00fahrad\u00e1ch (z.\u010d. 363\/2011 Z.z.) priniesla zmeny aj v oblasti t\u00fdchto osobitn\u00fdch [&#8230;]<\/p>\n","protected":false},"author":1,"featured_media":0,"parent":279,"menu_order":0,"comment_status":"closed","ping_status":"closed","template":"","meta":[],"yoast_head":"<!-- This site is optimized with the Yoast SEO plugin v18.5.1 - https:\/\/yoast.com\/wordpress\/plugins\/seo\/ -->\n<title>V re\u017eime osobitn\u00fdch pr\u00edpadov \u00fahrad liekov\/zdravotn\u00edckych pom\u00f4cok\/dietetick\u00fdch potrav\u00edn nastali od augusta zmeny - h&amp;h PARTNERS<\/title>\n<meta name=\"robots\" content=\"index, follow, max-snippet:-1, max-image-preview:large, max-video-preview:-1\" \/>\n<link rel=\"canonical\" href=\"https:\/\/www.hhpartners.eu\/aktuality\/pravne-novinky\/v-rezime-osobitnych-pripadov-uhrad-liekov-zdravotnickych-pomocok-dietetickych-potravin-nastali-od-augusta-zmeny\/\" \/>\n<meta property=\"og:locale\" content=\"en_GB\" \/>\n<meta property=\"og:type\" content=\"article\" \/>\n<meta property=\"og:title\" content=\"V re\u017eime osobitn\u00fdch pr\u00edpadov \u00fahrad liekov\/zdravotn\u00edckych pom\u00f4cok\/dietetick\u00fdch potrav\u00edn nastali od augusta zmeny - h&amp;h PARTNERS\" \/>\n<meta property=\"og:description\" content=\"V pr\u00edpade \u00fahrady liekov z\u00e1kon umo\u017e\u0148uje, aby sa na \u00fahrade lieku\/zdravotn\u00edckej pom\u00f4cky\/dietetickej potraviny podie\u013eala zdravotn\u00e1 pois\u0165ov\u0148a aj v pr\u00edpade, ak v zmysle pr\u00e1vnej \u00fapravy nie s\u00fa hraden\u00e9 z verejn\u00e9ho zdravotn\u00e9ho poistenia. Ide o osobitn\u00e9 pr\u00edpady \u00fahrad v tzv. v\u00fdnimkovom re\u017eime. Ve\u013ek\u00e1 novela z\u00e1kona o \u00fahrad\u00e1ch (z.\u010d. 363\/2011 Z.z.) priniesla zmeny aj v oblasti t\u00fdchto osobitn\u00fdch [...]\" \/>\n<meta property=\"og:url\" content=\"https:\/\/www.hhpartners.eu\/aktuality\/pravne-novinky\/v-rezime-osobitnych-pripadov-uhrad-liekov-zdravotnickych-pomocok-dietetickych-potravin-nastali-od-augusta-zmeny\/\" \/>\n<meta property=\"og:site_name\" content=\"h&amp;h PARTNERS\" \/>\n<meta property=\"article:modified_time\" content=\"2022-09-27T13:33:52+00:00\" \/>\n<meta name=\"twitter:card\" content=\"summary\" \/>\n<meta name=\"twitter:label1\" content=\"Estimated reading time\" \/>\n\t<meta name=\"twitter:data1\" content=\"4 minutes\" \/>\n<script type=\"application\/ld+json\" class=\"yoast-schema-graph\">{\"@context\":\"https:\/\/schema.org\",\"@graph\":[{\"@type\":\"WebSite\",\"@id\":\"https:\/\/www.hhpartners.eu\/en\/#website\",\"url\":\"https:\/\/www.hhpartners.eu\/en\/\",\"name\":\"h&amp;h PARTNERS\",\"description\":\"\",\"potentialAction\":[{\"@type\":\"SearchAction\",\"target\":{\"@type\":\"EntryPoint\",\"urlTemplate\":\"https:\/\/www.hhpartners.eu\/en\/?s={search_term_string}\"},\"query-input\":\"required name=search_term_string\"}],\"inLanguage\":\"en-GB\"},{\"@type\":\"WebPage\",\"@id\":\"https:\/\/www.hhpartners.eu\/aktuality\/pravne-novinky\/v-rezime-osobitnych-pripadov-uhrad-liekov-zdravotnickych-pomocok-dietetickych-potravin-nastali-od-augusta-zmeny\/#webpage\",\"url\":\"https:\/\/www.hhpartners.eu\/aktuality\/pravne-novinky\/v-rezime-osobitnych-pripadov-uhrad-liekov-zdravotnickych-pomocok-dietetickych-potravin-nastali-od-augusta-zmeny\/\",\"name\":\"V re\u017eime osobitn\u00fdch pr\u00edpadov \u00fahrad liekov\/zdravotn\u00edckych pom\u00f4cok\/dietetick\u00fdch potrav\u00edn nastali od augusta zmeny - h&amp;h PARTNERS\",\"isPartOf\":{\"@id\":\"https:\/\/www.hhpartners.eu\/en\/#website\"},\"datePublished\":\"2022-09-27T13:33:50+00:00\",\"dateModified\":\"2022-09-27T13:33:52+00:00\",\"breadcrumb\":{\"@id\":\"https:\/\/www.hhpartners.eu\/aktuality\/pravne-novinky\/v-rezime-osobitnych-pripadov-uhrad-liekov-zdravotnickych-pomocok-dietetickych-potravin-nastali-od-augusta-zmeny\/#breadcrumb\"},\"inLanguage\":\"en-GB\",\"potentialAction\":[{\"@type\":\"ReadAction\",\"target\":[\"https:\/\/www.hhpartners.eu\/aktuality\/pravne-novinky\/v-rezime-osobitnych-pripadov-uhrad-liekov-zdravotnickych-pomocok-dietetickych-potravin-nastali-od-augusta-zmeny\/\"]}]},{\"@type\":\"BreadcrumbList\",\"@id\":\"https:\/\/www.hhpartners.eu\/aktuality\/pravne-novinky\/v-rezime-osobitnych-pripadov-uhrad-liekov-zdravotnickych-pomocok-dietetickych-potravin-nastali-od-augusta-zmeny\/#breadcrumb\",\"itemListElement\":[{\"@type\":\"ListItem\",\"position\":1,\"name\":\"Domovsk\u00e1 str\u00e1nka\",\"item\":\"https:\/\/www.hhpartners.eu\/\"},{\"@type\":\"ListItem\",\"position\":2,\"name\":\"Aktuality\",\"item\":\"https:\/\/www.hhpartners.eu\/aktuality\/\"},{\"@type\":\"ListItem\",\"position\":3,\"name\":\"Pr\u00e1vne novinky\",\"item\":\"https:\/\/www.hhpartners.eu\/aktuality\/pravne-novinky\/\"},{\"@type\":\"ListItem\",\"position\":4,\"name\":\"V re\u017eime osobitn\u00fdch pr\u00edpadov \u00fahrad liekov\/zdravotn\u00edckych pom\u00f4cok\/dietetick\u00fdch potrav\u00edn nastali od augusta zmeny\"}]}]}<\/script>\n<!-- \/ Yoast SEO plugin. -->","yoast_head_json":{"title":"V re\u017eime osobitn\u00fdch pr\u00edpadov \u00fahrad liekov\/zdravotn\u00edckych pom\u00f4cok\/dietetick\u00fdch potrav\u00edn nastali od augusta zmeny - h&amp;h PARTNERS","robots":{"index":"index","follow":"follow","max-snippet":"max-snippet:-1","max-image-preview":"max-image-preview:large","max-video-preview":"max-video-preview:-1"},"canonical":"https:\/\/www.hhpartners.eu\/aktuality\/pravne-novinky\/v-rezime-osobitnych-pripadov-uhrad-liekov-zdravotnickych-pomocok-dietetickych-potravin-nastali-od-augusta-zmeny\/","og_locale":"en_GB","og_type":"article","og_title":"V re\u017eime osobitn\u00fdch pr\u00edpadov \u00fahrad liekov\/zdravotn\u00edckych pom\u00f4cok\/dietetick\u00fdch potrav\u00edn nastali od augusta zmeny - h&amp;h PARTNERS","og_description":"V pr\u00edpade \u00fahrady liekov z\u00e1kon umo\u017e\u0148uje, aby sa na \u00fahrade lieku\/zdravotn\u00edckej pom\u00f4cky\/dietetickej potraviny podie\u013eala zdravotn\u00e1 pois\u0165ov\u0148a aj v pr\u00edpade, ak v zmysle pr\u00e1vnej \u00fapravy nie s\u00fa hraden\u00e9 z verejn\u00e9ho zdravotn\u00e9ho poistenia. Ide o osobitn\u00e9 pr\u00edpady \u00fahrad v tzv. v\u00fdnimkovom re\u017eime. Ve\u013ek\u00e1 novela z\u00e1kona o \u00fahrad\u00e1ch (z.\u010d. 363\/2011 Z.z.) priniesla zmeny aj v oblasti t\u00fdchto osobitn\u00fdch [...]","og_url":"https:\/\/www.hhpartners.eu\/aktuality\/pravne-novinky\/v-rezime-osobitnych-pripadov-uhrad-liekov-zdravotnickych-pomocok-dietetickych-potravin-nastali-od-augusta-zmeny\/","og_site_name":"h&amp;h PARTNERS","article_modified_time":"2022-09-27T13:33:52+00:00","twitter_card":"summary","twitter_misc":{"Estimated reading time":"4 minutes"},"schema":{"@context":"https:\/\/schema.org","@graph":[{"@type":"WebSite","@id":"https:\/\/www.hhpartners.eu\/en\/#website","url":"https:\/\/www.hhpartners.eu\/en\/","name":"h&amp;h PARTNERS","description":"","potentialAction":[{"@type":"SearchAction","target":{"@type":"EntryPoint","urlTemplate":"https:\/\/www.hhpartners.eu\/en\/?s={search_term_string}"},"query-input":"required name=search_term_string"}],"inLanguage":"en-GB"},{"@type":"WebPage","@id":"https:\/\/www.hhpartners.eu\/aktuality\/pravne-novinky\/v-rezime-osobitnych-pripadov-uhrad-liekov-zdravotnickych-pomocok-dietetickych-potravin-nastali-od-augusta-zmeny\/#webpage","url":"https:\/\/www.hhpartners.eu\/aktuality\/pravne-novinky\/v-rezime-osobitnych-pripadov-uhrad-liekov-zdravotnickych-pomocok-dietetickych-potravin-nastali-od-augusta-zmeny\/","name":"V re\u017eime osobitn\u00fdch pr\u00edpadov \u00fahrad liekov\/zdravotn\u00edckych pom\u00f4cok\/dietetick\u00fdch potrav\u00edn nastali od augusta zmeny - h&amp;h PARTNERS","isPartOf":{"@id":"https:\/\/www.hhpartners.eu\/en\/#website"},"datePublished":"2022-09-27T13:33:50+00:00","dateModified":"2022-09-27T13:33:52+00:00","breadcrumb":{"@id":"https:\/\/www.hhpartners.eu\/aktuality\/pravne-novinky\/v-rezime-osobitnych-pripadov-uhrad-liekov-zdravotnickych-pomocok-dietetickych-potravin-nastali-od-augusta-zmeny\/#breadcrumb"},"inLanguage":"en-GB","potentialAction":[{"@type":"ReadAction","target":["https:\/\/www.hhpartners.eu\/aktuality\/pravne-novinky\/v-rezime-osobitnych-pripadov-uhrad-liekov-zdravotnickych-pomocok-dietetickych-potravin-nastali-od-augusta-zmeny\/"]}]},{"@type":"BreadcrumbList","@id":"https:\/\/www.hhpartners.eu\/aktuality\/pravne-novinky\/v-rezime-osobitnych-pripadov-uhrad-liekov-zdravotnickych-pomocok-dietetickych-potravin-nastali-od-augusta-zmeny\/#breadcrumb","itemListElement":[{"@type":"ListItem","position":1,"name":"Domovsk\u00e1 str\u00e1nka","item":"https:\/\/www.hhpartners.eu\/"},{"@type":"ListItem","position":2,"name":"Aktuality","item":"https:\/\/www.hhpartners.eu\/aktuality\/"},{"@type":"ListItem","position":3,"name":"Pr\u00e1vne novinky","item":"https:\/\/www.hhpartners.eu\/aktuality\/pravne-novinky\/"},{"@type":"ListItem","position":4,"name":"V re\u017eime osobitn\u00fdch pr\u00edpadov \u00fahrad liekov\/zdravotn\u00edckych pom\u00f4cok\/dietetick\u00fdch potrav\u00edn nastali od augusta zmeny"}]}]}},"_links":{"self":[{"href":"https:\/\/www.hhpartners.eu\/en\/wp-json\/wp\/v2\/pages\/3375"}],"collection":[{"href":"https:\/\/www.hhpartners.eu\/en\/wp-json\/wp\/v2\/pages"}],"about":[{"href":"https:\/\/www.hhpartners.eu\/en\/wp-json\/wp\/v2\/types\/page"}],"author":[{"embeddable":true,"href":"https:\/\/www.hhpartners.eu\/en\/wp-json\/wp\/v2\/users\/1"}],"replies":[{"embeddable":true,"href":"https:\/\/www.hhpartners.eu\/en\/wp-json\/wp\/v2\/comments?post=3375"}],"version-history":[{"count":1,"href":"https:\/\/www.hhpartners.eu\/en\/wp-json\/wp\/v2\/pages\/3375\/revisions"}],"predecessor-version":[{"id":3377,"href":"https:\/\/www.hhpartners.eu\/en\/wp-json\/wp\/v2\/pages\/3375\/revisions\/3377"}],"up":[{"embeddable":true,"href":"https:\/\/www.hhpartners.eu\/en\/wp-json\/wp\/v2\/pages\/279"}],"wp:attachment":[{"href":"https:\/\/www.hhpartners.eu\/en\/wp-json\/wp\/v2\/media?parent=3375"}],"curies":[{"name":"wp","href":"https:\/\/api.w.org\/{rel}","templated":true}]}}