{"id":3391,"date":"2022-10-11T15:09:39","date_gmt":"2022-10-11T14:09:39","guid":{"rendered":"https:\/\/www.hhpartners.eu\/?page_id=3391"},"modified":"2022-11-30T15:02:25","modified_gmt":"2022-11-30T14:02:25","slug":"parlament-schvalil-novelu-zakona-o-zdravotnej-starostlivosti-ktora-umozni-zenam-pri-porode-pritomnost-zvolenej-osoby","status":"publish","type":"page","link":"https:\/\/www.hhpartners.eu\/en\/aktuality\/pravne-novinky\/parlament-schvalil-novelu-zakona-o-zdravotnej-starostlivosti-ktora-umozni-zenam-pri-porode-pritomnost-zvolenej-osoby\/","title":{"rendered":"Parlament schv\u00e1lil novelu z\u00e1kona o zdravotnej starostlivosti, ktor\u00e1 umo\u017en\u00ed \u017een\u00e1m pri p\u00f4rode pr\u00edtomnos\u0165 zvolenej osoby"},"content":{"rendered":"\n<p><em>U\u017e po nieko\u013ek\u00fdkr\u00e1t bol v&nbsp;j\u00fani tohto roka predlo\u017een\u00fd do parlamentu n\u00e1vrh novely z\u00e1kona o&nbsp;zdravotnej starostlivosti, ktor\u00fd mal&nbsp; zakotvi\u0165 pr\u00e1vo tehotnej \u017eeny pri p\u00f4rode na pr\u00edtomnos\u0165 jednej (pr\u00edpadne viac) \u0148ou zvolenej osoby. D\u0148a 27. septembra do\u0161lo po dlhej snahe poslank\u00fd\u0148, ktor\u00e9 n\u00e1vrh novely predlo\u017eili, k&nbsp;jeho schv\u00e1leniu parlamentom.<\/em><\/p>\n\n\n\n<p>Do parlamentu bol viackr\u00e1t na prerokovanie predlo\u017een\u00fd n\u00e1vrh novely z\u00e1kona o&nbsp;zdravotnej starostlivosti, ktor\u00fdm by sa zakotvilo pr\u00e1vo tehotnej \u017eeny ma\u0165 pri p\u00f4rode osobu, ktor\u00fa si zvol\u00ed. Z&nbsp;h\u013eadiska legislat\u00edvnych procesov v\u0161ak tak\u00fdto n\u00e1vrh skon\u010dil hne\u010f v&nbsp;prvom \u010d\u00edtan\u00ed. Skupina poslank\u00fd\u0148 v\u0161ak op\u00e4tovne predlo\u017eila do parlamentu podobn\u00fd n\u00e1vrh, ktor\u00fdm&nbsp;<strong>sa \u017een\u00e1m pri p\u00f4rode prizn\u00e1va pr\u00e1vo na pr\u00edtomnos\u0165 osoby, ktor\u00fa si zvol\u00ed.<\/strong>&nbsp;Dokonca m\u00e1 by\u0165 \u017eene pri p\u00f4rode umo\u017enen\u00e9 zvoli\u0165 si pr\u00edtomnos\u0165 viacer\u00fdch os\u00f4b, ak to bud\u00fa dovo\u013eova\u0165 podmienky zdravotn\u00edckeho zariadenia.&nbsp;<strong>Obmedzi\u0165 pr\u00edtomnos\u0165 sprev\u00e1dzaj\u00facej osoby bude ale m\u00f4c\u0165 samotn\u00fd o\u0161etruj\u00faci lek\u00e1r, ak by pr\u00edtomnos\u0165 tejto osoby bola nezlu\u010dite\u013en\u00e1 so zdravotn\u00fdm v\u00fdkonom poskytovan\u00fdm rodiacej pacientke.<\/strong><br><strong>&nbsp;<\/strong><br>Legislat\u00edvny proces tohto n\u00e1vrhu novely z\u00e1kona o&nbsp;zdravotnej starostlivosti sa skon\u010dil d\u0148a 27. septembra jeho schv\u00e1len\u00edm v&nbsp;parlamente. Schv\u00e1len\u00e1 novela \u010dak\u00e1 u\u017e len na podpis pani prezidentky.<br>&nbsp;<br><strong>INFORM\u00c1CIE O&nbsp;ONLINE DOSTUPNOSTI<\/strong><br>Dokumenty k&nbsp;n\u00e1vrhu novely z\u00e1kona o&nbsp;zdravotnej starostlivosti n\u00e1jdete na tomto odkaze:&nbsp;<a href=\"https:\/\/www.nrsr.sk\/web\/Default.aspx?sid=zakony\/zakon&amp;MasterID=8737\">https:\/\/www.nrsr.sk\/web\/Default.aspx?sid=zakony\/zakon&amp;MasterID=8737<\/a>&nbsp;<\/p>\n","protected":false},"excerpt":{"rendered":"<p>U\u017e po nieko\u013ek\u00fdkr\u00e1t bol v&nbsp;j\u00fani tohto roka predlo\u017een\u00fd do parlamentu n\u00e1vrh novely z\u00e1kona o&nbsp;zdravotnej starostlivosti, ktor\u00fd mal&nbsp; zakotvi\u0165 pr\u00e1vo tehotnej \u017eeny pri p\u00f4rode na pr\u00edtomnos\u0165 jednej (pr\u00edpadne viac) \u0148ou zvolenej osoby. D\u0148a 27. septembra do\u0161lo po dlhej snahe poslank\u00fd\u0148, ktor\u00e9 n\u00e1vrh novely predlo\u017eili, k&nbsp;jeho schv\u00e1leniu parlamentom. Do parlamentu bol viackr\u00e1t na prerokovanie predlo\u017een\u00fd n\u00e1vrh novely [&#8230;]<\/p>\n","protected":false},"author":1,"featured_media":0,"parent":279,"menu_order":0,"comment_status":"closed","ping_status":"closed","template":"","meta":[],"yoast_head":"<!-- This site is optimized with the Yoast SEO plugin v18.5.1 - https:\/\/yoast.com\/wordpress\/plugins\/seo\/ -->\n<title>Parlament schv\u00e1lil novelu z\u00e1kona o zdravotnej starostlivosti, ktor\u00e1 umo\u017en\u00ed \u017een\u00e1m pri p\u00f4rode pr\u00edtomnos\u0165 zvolenej osoby - h&amp;h PARTNERS<\/title>\n<meta name=\"robots\" content=\"index, follow, max-snippet:-1, max-image-preview:large, max-video-preview:-1\" \/>\n<link rel=\"canonical\" href=\"https:\/\/www.hhpartners.eu\/aktuality\/pravne-novinky\/parlament-schvalil-novelu-zakona-o-zdravotnej-starostlivosti-ktora-umozni-zenam-pri-porode-pritomnost-zvolenej-osoby\/\" \/>\n<meta property=\"og:locale\" content=\"en_GB\" \/>\n<meta property=\"og:type\" content=\"article\" \/>\n<meta property=\"og:title\" content=\"Parlament schv\u00e1lil novelu z\u00e1kona o zdravotnej starostlivosti, ktor\u00e1 umo\u017en\u00ed \u017een\u00e1m pri p\u00f4rode pr\u00edtomnos\u0165 zvolenej osoby - h&amp;h PARTNERS\" \/>\n<meta property=\"og:description\" content=\"U\u017e po nieko\u013ek\u00fdkr\u00e1t bol v&nbsp;j\u00fani tohto roka predlo\u017een\u00fd do parlamentu n\u00e1vrh novely z\u00e1kona o&nbsp;zdravotnej starostlivosti, ktor\u00fd mal&nbsp; zakotvi\u0165 pr\u00e1vo tehotnej \u017eeny pri p\u00f4rode na pr\u00edtomnos\u0165 jednej (pr\u00edpadne viac) \u0148ou zvolenej osoby. D\u0148a 27. septembra do\u0161lo po dlhej snahe poslank\u00fd\u0148, ktor\u00e9 n\u00e1vrh novely predlo\u017eili, k&nbsp;jeho schv\u00e1leniu parlamentom. Do parlamentu bol viackr\u00e1t na prerokovanie predlo\u017een\u00fd n\u00e1vrh novely [...]\" \/>\n<meta property=\"og:url\" content=\"https:\/\/www.hhpartners.eu\/aktuality\/pravne-novinky\/parlament-schvalil-novelu-zakona-o-zdravotnej-starostlivosti-ktora-umozni-zenam-pri-porode-pritomnost-zvolenej-osoby\/\" \/>\n<meta property=\"og:site_name\" content=\"h&amp;h PARTNERS\" \/>\n<meta property=\"article:modified_time\" content=\"2022-11-30T14:02:25+00:00\" \/>\n<meta name=\"twitter:card\" content=\"summary\" \/>\n<meta name=\"twitter:label1\" content=\"Estimated reading time\" \/>\n\t<meta name=\"twitter:data1\" content=\"2 minutes\" \/>\n<script type=\"application\/ld+json\" class=\"yoast-schema-graph\">{\"@context\":\"https:\/\/schema.org\",\"@graph\":[{\"@type\":\"WebSite\",\"@id\":\"https:\/\/www.hhpartners.eu\/en\/#website\",\"url\":\"https:\/\/www.hhpartners.eu\/en\/\",\"name\":\"h&amp;h PARTNERS\",\"description\":\"\",\"potentialAction\":[{\"@type\":\"SearchAction\",\"target\":{\"@type\":\"EntryPoint\",\"urlTemplate\":\"https:\/\/www.hhpartners.eu\/en\/?s={search_term_string}\"},\"query-input\":\"required name=search_term_string\"}],\"inLanguage\":\"en-GB\"},{\"@type\":\"WebPage\",\"@id\":\"https:\/\/www.hhpartners.eu\/aktuality\/pravne-novinky\/parlament-schvalil-novelu-zakona-o-zdravotnej-starostlivosti-ktora-umozni-zenam-pri-porode-pritomnost-zvolenej-osoby\/#webpage\",\"url\":\"https:\/\/www.hhpartners.eu\/aktuality\/pravne-novinky\/parlament-schvalil-novelu-zakona-o-zdravotnej-starostlivosti-ktora-umozni-zenam-pri-porode-pritomnost-zvolenej-osoby\/\",\"name\":\"Parlament schv\u00e1lil novelu z\u00e1kona o zdravotnej starostlivosti, ktor\u00e1 umo\u017en\u00ed \u017een\u00e1m pri p\u00f4rode pr\u00edtomnos\u0165 zvolenej osoby - h&amp;h PARTNERS\",\"isPartOf\":{\"@id\":\"https:\/\/www.hhpartners.eu\/en\/#website\"},\"datePublished\":\"2022-10-11T14:09:39+00:00\",\"dateModified\":\"2022-11-30T14:02:25+00:00\",\"breadcrumb\":{\"@id\":\"https:\/\/www.hhpartners.eu\/aktuality\/pravne-novinky\/parlament-schvalil-novelu-zakona-o-zdravotnej-starostlivosti-ktora-umozni-zenam-pri-porode-pritomnost-zvolenej-osoby\/#breadcrumb\"},\"inLanguage\":\"en-GB\",\"potentialAction\":[{\"@type\":\"ReadAction\",\"target\":[\"https:\/\/www.hhpartners.eu\/aktuality\/pravne-novinky\/parlament-schvalil-novelu-zakona-o-zdravotnej-starostlivosti-ktora-umozni-zenam-pri-porode-pritomnost-zvolenej-osoby\/\"]}]},{\"@type\":\"BreadcrumbList\",\"@id\":\"https:\/\/www.hhpartners.eu\/aktuality\/pravne-novinky\/parlament-schvalil-novelu-zakona-o-zdravotnej-starostlivosti-ktora-umozni-zenam-pri-porode-pritomnost-zvolenej-osoby\/#breadcrumb\",\"itemListElement\":[{\"@type\":\"ListItem\",\"position\":1,\"name\":\"Domovsk\u00e1 str\u00e1nka\",\"item\":\"https:\/\/www.hhpartners.eu\/\"},{\"@type\":\"ListItem\",\"position\":2,\"name\":\"Aktuality\",\"item\":\"https:\/\/www.hhpartners.eu\/aktuality\/\"},{\"@type\":\"ListItem\",\"position\":3,\"name\":\"Pr\u00e1vne novinky\",\"item\":\"https:\/\/www.hhpartners.eu\/aktuality\/pravne-novinky\/\"},{\"@type\":\"ListItem\",\"position\":4,\"name\":\"Parlament schv\u00e1lil novelu z\u00e1kona o zdravotnej starostlivosti, ktor\u00e1 umo\u017en\u00ed \u017een\u00e1m pri p\u00f4rode pr\u00edtomnos\u0165 zvolenej osoby\"}]}]}<\/script>\n<!-- \/ Yoast SEO plugin. -->","yoast_head_json":{"title":"Parlament schv\u00e1lil novelu z\u00e1kona o zdravotnej starostlivosti, ktor\u00e1 umo\u017en\u00ed \u017een\u00e1m pri p\u00f4rode pr\u00edtomnos\u0165 zvolenej osoby - h&amp;h PARTNERS","robots":{"index":"index","follow":"follow","max-snippet":"max-snippet:-1","max-image-preview":"max-image-preview:large","max-video-preview":"max-video-preview:-1"},"canonical":"https:\/\/www.hhpartners.eu\/aktuality\/pravne-novinky\/parlament-schvalil-novelu-zakona-o-zdravotnej-starostlivosti-ktora-umozni-zenam-pri-porode-pritomnost-zvolenej-osoby\/","og_locale":"en_GB","og_type":"article","og_title":"Parlament schv\u00e1lil novelu z\u00e1kona o zdravotnej starostlivosti, ktor\u00e1 umo\u017en\u00ed \u017een\u00e1m pri p\u00f4rode pr\u00edtomnos\u0165 zvolenej osoby - h&amp;h PARTNERS","og_description":"U\u017e po nieko\u013ek\u00fdkr\u00e1t bol v&nbsp;j\u00fani tohto roka predlo\u017een\u00fd do parlamentu n\u00e1vrh novely z\u00e1kona o&nbsp;zdravotnej starostlivosti, ktor\u00fd mal&nbsp; zakotvi\u0165 pr\u00e1vo tehotnej \u017eeny pri p\u00f4rode na pr\u00edtomnos\u0165 jednej (pr\u00edpadne viac) \u0148ou zvolenej osoby. D\u0148a 27. septembra do\u0161lo po dlhej snahe poslank\u00fd\u0148, ktor\u00e9 n\u00e1vrh novely predlo\u017eili, k&nbsp;jeho schv\u00e1leniu parlamentom. Do parlamentu bol viackr\u00e1t na prerokovanie predlo\u017een\u00fd n\u00e1vrh novely [...]","og_url":"https:\/\/www.hhpartners.eu\/aktuality\/pravne-novinky\/parlament-schvalil-novelu-zakona-o-zdravotnej-starostlivosti-ktora-umozni-zenam-pri-porode-pritomnost-zvolenej-osoby\/","og_site_name":"h&amp;h PARTNERS","article_modified_time":"2022-11-30T14:02:25+00:00","twitter_card":"summary","twitter_misc":{"Estimated reading time":"2 minutes"},"schema":{"@context":"https:\/\/schema.org","@graph":[{"@type":"WebSite","@id":"https:\/\/www.hhpartners.eu\/en\/#website","url":"https:\/\/www.hhpartners.eu\/en\/","name":"h&amp;h PARTNERS","description":"","potentialAction":[{"@type":"SearchAction","target":{"@type":"EntryPoint","urlTemplate":"https:\/\/www.hhpartners.eu\/en\/?s={search_term_string}"},"query-input":"required name=search_term_string"}],"inLanguage":"en-GB"},{"@type":"WebPage","@id":"https:\/\/www.hhpartners.eu\/aktuality\/pravne-novinky\/parlament-schvalil-novelu-zakona-o-zdravotnej-starostlivosti-ktora-umozni-zenam-pri-porode-pritomnost-zvolenej-osoby\/#webpage","url":"https:\/\/www.hhpartners.eu\/aktuality\/pravne-novinky\/parlament-schvalil-novelu-zakona-o-zdravotnej-starostlivosti-ktora-umozni-zenam-pri-porode-pritomnost-zvolenej-osoby\/","name":"Parlament schv\u00e1lil novelu z\u00e1kona o zdravotnej starostlivosti, ktor\u00e1 umo\u017en\u00ed \u017een\u00e1m pri p\u00f4rode pr\u00edtomnos\u0165 zvolenej osoby - h&amp;h PARTNERS","isPartOf":{"@id":"https:\/\/www.hhpartners.eu\/en\/#website"},"datePublished":"2022-10-11T14:09:39+00:00","dateModified":"2022-11-30T14:02:25+00:00","breadcrumb":{"@id":"https:\/\/www.hhpartners.eu\/aktuality\/pravne-novinky\/parlament-schvalil-novelu-zakona-o-zdravotnej-starostlivosti-ktora-umozni-zenam-pri-porode-pritomnost-zvolenej-osoby\/#breadcrumb"},"inLanguage":"en-GB","potentialAction":[{"@type":"ReadAction","target":["https:\/\/www.hhpartners.eu\/aktuality\/pravne-novinky\/parlament-schvalil-novelu-zakona-o-zdravotnej-starostlivosti-ktora-umozni-zenam-pri-porode-pritomnost-zvolenej-osoby\/"]}]},{"@type":"BreadcrumbList","@id":"https:\/\/www.hhpartners.eu\/aktuality\/pravne-novinky\/parlament-schvalil-novelu-zakona-o-zdravotnej-starostlivosti-ktora-umozni-zenam-pri-porode-pritomnost-zvolenej-osoby\/#breadcrumb","itemListElement":[{"@type":"ListItem","position":1,"name":"Domovsk\u00e1 str\u00e1nka","item":"https:\/\/www.hhpartners.eu\/"},{"@type":"ListItem","position":2,"name":"Aktuality","item":"https:\/\/www.hhpartners.eu\/aktuality\/"},{"@type":"ListItem","position":3,"name":"Pr\u00e1vne novinky","item":"https:\/\/www.hhpartners.eu\/aktuality\/pravne-novinky\/"},{"@type":"ListItem","position":4,"name":"Parlament schv\u00e1lil novelu z\u00e1kona o zdravotnej starostlivosti, ktor\u00e1 umo\u017en\u00ed \u017een\u00e1m pri p\u00f4rode pr\u00edtomnos\u0165 zvolenej osoby"}]}]}},"_links":{"self":[{"href":"https:\/\/www.hhpartners.eu\/en\/wp-json\/wp\/v2\/pages\/3391"}],"collection":[{"href":"https:\/\/www.hhpartners.eu\/en\/wp-json\/wp\/v2\/pages"}],"about":[{"href":"https:\/\/www.hhpartners.eu\/en\/wp-json\/wp\/v2\/types\/page"}],"author":[{"embeddable":true,"href":"https:\/\/www.hhpartners.eu\/en\/wp-json\/wp\/v2\/users\/1"}],"replies":[{"embeddable":true,"href":"https:\/\/www.hhpartners.eu\/en\/wp-json\/wp\/v2\/comments?post=3391"}],"version-history":[{"count":1,"href":"https:\/\/www.hhpartners.eu\/en\/wp-json\/wp\/v2\/pages\/3391\/revisions"}],"predecessor-version":[{"id":3393,"href":"https:\/\/www.hhpartners.eu\/en\/wp-json\/wp\/v2\/pages\/3391\/revisions\/3393"}],"up":[{"embeddable":true,"href":"https:\/\/www.hhpartners.eu\/en\/wp-json\/wp\/v2\/pages\/279"}],"wp:attachment":[{"href":"https:\/\/www.hhpartners.eu\/en\/wp-json\/wp\/v2\/media?parent=3391"}],"curies":[{"name":"wp","href":"https:\/\/api.w.org\/{rel}","templated":true}]}}