{"id":3446,"date":"2023-02-03T15:23:39","date_gmt":"2023-02-03T14:23:39","guid":{"rendered":"https:\/\/www.hhpartners.eu\/?page_id=3446"},"modified":"2023-02-03T15:23:40","modified_gmt":"2023-02-03T14:23:40","slug":"na-poskytovatela-zdravotnej-starostlivosti-sa-moze-so-ziadostou-o-napravu-obratit-uz-aj-blizka-osoba-pacienta","status":"publish","type":"page","link":"https:\/\/www.hhpartners.eu\/en\/aktuality\/pravne-novinky\/na-poskytovatela-zdravotnej-starostlivosti-sa-moze-so-ziadostou-o-napravu-obratit-uz-aj-blizka-osoba-pacienta\/","title":{"rendered":"Na poskytovate\u013ea zdravotnej starostlivosti sa m\u00f4\u017ee so \u017eiados\u0165ou o\u00a0n\u00e1pravu obr\u00e1ti\u0165 u\u017e aj bl\u00edzka osoba pacienta"},"content":{"rendered":"\n<p>Pacient pri potrebe vyh\u013eada\u0165 lek\u00e1ra prirodzene o\u010dak\u00e1va, \u017ee mu bude zdravotn\u00e1 starostlivos\u0165 poskytnut\u00e1 spr\u00e1vne (lege artis).&nbsp;<strong>Ak sa pacient domnieva, \u017ee pri poskytnut\u00ed zdravotnej starostlivosti do\u0161lo k&nbsp;postupu&nbsp;non lege artis&nbsp;(nes\u00falad so z\u00e1konom), m\u00e1 pr\u00e1vo obr\u00e1ti\u0165 na poskytovate\u013ea zdravotnej starostlivosti s&nbsp;p\u00edsomnou \u017eiados\u0165ou o&nbsp;n\u00e1pravu<\/strong>&nbsp;(<a href=\"https:\/\/www.slov-lex.sk\/pravne-predpisy\/SK\/ZZ\/2004\/576\/20230101#paragraf-17.odsek-1\" target=\"_blank\" rel=\"noreferrer noopener\">\u00a7 17 ods. 1<\/a>&nbsp;z\u00e1kona o&nbsp;zdravotnej starostlivosti).&nbsp;<strong>V&nbsp;takomto pr\u00edpade mus\u00ed poskytovate\u013e zdravotnej starostlivosti najnesk\u00f4r do 30 dn\u00ed od podania \u017eiadosti pacientom p\u00edsomne informova\u0165 pacienta o&nbsp;sp\u00f4sobe vybavenia jeho \u017eiadosti<\/strong>&nbsp;(<a href=\"https:\/\/www.slov-lex.sk\/pravne-predpisy\/SK\/ZZ\/2004\/576\/20230101#paragraf-17.odsek-3\" target=\"_blank\" rel=\"noreferrer noopener\">\u00a7 17 ods. 3<\/a>&nbsp;z\u00e1kona o&nbsp;zdravotnej starostlivosti).&nbsp;<\/p>\n\n\n\n<p>Ak poskytovate\u013e zdravotnej starostlivosti \u017eiadosti nevyhovie alebo neinformuje pacienta do 30 dn\u00ed, pacient m\u00e1 pr\u00e1vo obr\u00e1ti\u0165 sa na pr\u00edslu\u0161n\u00fd org\u00e1n vykon\u00e1vaj\u00faci dozor. Ide o \u00darad pre doh\u013ead nad zdravotnou starostlivos\u0165ou (\u00daDZS), ktor\u00fd n<strong>a z\u00e1klade pacientovho podnetu \u00daDZS vykon\u00e1 doh\u013ead u&nbsp;poskytovate\u013ea zdravotnej starostlivosti a pre\u0161etr\u00ed, \u010di lek\u00e1r poskytovate\u013ea postupoval v&nbsp;s\u00falade s&nbsp;podmienkami ulo\u017een\u00fdmi z\u00e1konom.<\/strong><\/p>\n\n\n\n<p><strong>Okrem samotn\u00e9ho pacienta m\u00f4\u017ee podnet na \u00daDZS poda\u0165 aj z\u00e1konn\u00fd z\u00e1stupca pacienta alebo aj bl\u00edzka osoba pacienta<\/strong>&nbsp;(<a href=\"https:\/\/www.slov-lex.sk\/pravne-predpisy\/SK\/ZZ\/2004\/581\/20230101#paragraf-43a.odsek-1\" target=\"_blank\" rel=\"noreferrer noopener\">\u00a7 43a ods. 1&nbsp;<\/a>a&nbsp;<a href=\"https:\/\/www.slov-lex.sk\/pravne-predpisy\/SK\/ZZ\/2004\/581\/20230101#paragraf-43a.odsek-2\" target=\"_blank\" rel=\"noreferrer noopener\">ods. 2<\/a>&nbsp;z\u00e1kona o&nbsp;zdravotn\u00fdch pois\u0165ovniach a&nbsp;\u00daDZS). Pod bl\u00edzkou osobou pacienta je potrebn\u00e9 rozumie\u0165 okruh os\u00f4b, ktor\u00e9 s\u00fa bl\u00edzkou osobou v&nbsp;zmysle Ob\u010dianskeho z\u00e1konn\u00edka&nbsp;<a href=\"https:\/\/www.slov-lex.sk\/pravne-predpisy\/SK\/ZZ\/1964\/40\/#paragraf-116.odsek-1\">(\u00a7 116<\/a>), a&nbsp;to najm\u00e4 pr\u00edbuzn\u00fd v&nbsp;priamom rade, s\u00farodenec a&nbsp;man\u017eel.<\/p>\n\n\n\n<p>Vzh\u013eadom na to, \u017ee pod\u00e1vate\u013eom podnetu na \u00daDZS m\u00f4\u017ee by\u0165 aj bl\u00edzka osoba pacienta, v&nbsp;r\u00e1mci legislat\u00edvy do\u0161lo k&nbsp;zjednoteniu pr\u00e1vnej \u00fapravy a&nbsp;<strong>umo\u017enilo sa u\u017e aj bl\u00edzkej osobe pacienta obr\u00e1ti\u0165 sa e\u0161te pred samotn\u00fdm podan\u00edm podnetu na \u00daDZS priamo na poskytovate\u013ea zdravotnej starostlivosti, ak sa bude domnieva\u0165, \u017ee pacientovi sa neposkytla zdravotn\u00e1 starostlivos\u0165 spr\u00e1vne<\/strong>&nbsp;(<a href=\"https:\/\/www.slov-lex.sk\/pravne-predpisy\/SK\/ZZ\/2004\/576\/20230101#paragraf-17.odsek-2\" target=\"_blank\" rel=\"noreferrer noopener\">\u00a7 17 ods. 2<\/a>&nbsp;z\u00e1kona o&nbsp;zdravotnej starostlivosti).<\/p>\n\n\n\n<p><strong>Z\u00e1kladnou podmienkou pre to, aby sa bl\u00edzka osoba mohla obr\u00e1ti\u0165 so \u017eiados\u0165ou o&nbsp;n\u00e1pravu priamo na poskytovate\u013ea zdravotnej starostlivosti, je preuk\u00e1zate\u013en\u00fd s\u00fahlas pacienta.<\/strong>&nbsp;Z\u00e1kon o&nbsp;zdravotnej starostlivosti neur\u010duje, ako m\u00e1 s\u00fahlas pacienta vyzera\u0165, ale jeho z\u00e1kladn\u00fdm atrib\u00fatom je jeho preuk\u00e1zate\u013enos\u0165. Z&nbsp;tohto h\u013eadiska sa jav\u00ed asi najlogickej\u0161\u00edm s\u00fahlas v&nbsp;p\u00edsomnej forme. Samozrejme nie je vyl\u00fa\u010den\u00e1 ani in\u00e1 forma s\u00fahlasu, ak bude sp\u013a\u0148a\u0165 atrib\u00fat preuk\u00e1zate\u013enosti (napr. videonahr\u00e1vka). Z\u00e1kon o&nbsp;zdravotnej starostlivosti pam\u00e4t\u00e1 aj na situ\u00e1ciu, kedy pacient nebude v&nbsp;stave, ktor\u00fd mu umo\u017en\u00ed udeli\u0165 s\u00fahlas bl\u00edzkej osobe na podanie \u017eiadosti o&nbsp;n\u00e1pravu poskytovate\u013eovi. V&nbsp;takomto pr\u00edpade sa nevy\u017eaduje, aby bl\u00edzka osoba preuk\u00e1zala existenciu s\u00fahlasu udelen\u00e9ho pacientom.<\/p>\n","protected":false},"excerpt":{"rendered":"<p>Pacient pri potrebe vyh\u013eada\u0165 lek\u00e1ra prirodzene o\u010dak\u00e1va, \u017ee mu bude zdravotn\u00e1 starostlivos\u0165 poskytnut\u00e1 spr\u00e1vne (lege artis).&nbsp;Ak sa pacient domnieva, \u017ee pri poskytnut\u00ed zdravotnej starostlivosti do\u0161lo k&nbsp;postupu&nbsp;non lege artis&nbsp;(nes\u00falad so z\u00e1konom), m\u00e1 pr\u00e1vo obr\u00e1ti\u0165 na poskytovate\u013ea zdravotnej starostlivosti s&nbsp;p\u00edsomnou \u017eiados\u0165ou o&nbsp;n\u00e1pravu&nbsp;(\u00a7 17 ods. 1&nbsp;z\u00e1kona o&nbsp;zdravotnej starostlivosti).&nbsp;V&nbsp;takomto pr\u00edpade mus\u00ed poskytovate\u013e zdravotnej starostlivosti najnesk\u00f4r do 30 dn\u00ed od [&#8230;]<\/p>\n","protected":false},"author":1,"featured_media":0,"parent":279,"menu_order":0,"comment_status":"closed","ping_status":"closed","template":"","meta":[],"yoast_head":"<!-- This site is optimized with the Yoast SEO plugin v18.5.1 - https:\/\/yoast.com\/wordpress\/plugins\/seo\/ -->\n<title>Na poskytovate\u013ea zdravotnej starostlivosti sa m\u00f4\u017ee so \u017eiados\u0165ou o\u00a0n\u00e1pravu obr\u00e1ti\u0165 u\u017e aj bl\u00edzka osoba pacienta - h&amp;h PARTNERS<\/title>\n<meta name=\"robots\" content=\"index, follow, max-snippet:-1, max-image-preview:large, max-video-preview:-1\" \/>\n<link rel=\"canonical\" href=\"https:\/\/www.hhpartners.eu\/aktuality\/pravne-novinky\/na-poskytovatela-zdravotnej-starostlivosti-sa-moze-so-ziadostou-o-napravu-obratit-uz-aj-blizka-osoba-pacienta\/\" \/>\n<meta property=\"og:locale\" content=\"en_GB\" \/>\n<meta property=\"og:type\" content=\"article\" \/>\n<meta property=\"og:title\" content=\"Na poskytovate\u013ea zdravotnej starostlivosti sa m\u00f4\u017ee so \u017eiados\u0165ou o\u00a0n\u00e1pravu obr\u00e1ti\u0165 u\u017e aj bl\u00edzka osoba pacienta - h&amp;h PARTNERS\" \/>\n<meta property=\"og:description\" content=\"Pacient pri potrebe vyh\u013eada\u0165 lek\u00e1ra prirodzene o\u010dak\u00e1va, \u017ee mu bude zdravotn\u00e1 starostlivos\u0165 poskytnut\u00e1 spr\u00e1vne (lege artis).&nbsp;Ak sa pacient domnieva, \u017ee pri poskytnut\u00ed zdravotnej starostlivosti do\u0161lo k&nbsp;postupu&nbsp;non lege artis&nbsp;(nes\u00falad so z\u00e1konom), m\u00e1 pr\u00e1vo obr\u00e1ti\u0165 na poskytovate\u013ea zdravotnej starostlivosti s&nbsp;p\u00edsomnou \u017eiados\u0165ou o&nbsp;n\u00e1pravu&nbsp;(\u00a7 17 ods. 1&nbsp;z\u00e1kona o&nbsp;zdravotnej starostlivosti).&nbsp;V&nbsp;takomto pr\u00edpade mus\u00ed poskytovate\u013e zdravotnej starostlivosti najnesk\u00f4r do 30 dn\u00ed od [...]\" \/>\n<meta property=\"og:url\" content=\"https:\/\/www.hhpartners.eu\/aktuality\/pravne-novinky\/na-poskytovatela-zdravotnej-starostlivosti-sa-moze-so-ziadostou-o-napravu-obratit-uz-aj-blizka-osoba-pacienta\/\" \/>\n<meta property=\"og:site_name\" content=\"h&amp;h PARTNERS\" \/>\n<meta property=\"article:modified_time\" content=\"2023-02-03T14:23:40+00:00\" \/>\n<meta name=\"twitter:card\" content=\"summary\" \/>\n<meta name=\"twitter:label1\" content=\"Estimated reading time\" \/>\n\t<meta name=\"twitter:data1\" content=\"2 minutes\" \/>\n<script type=\"application\/ld+json\" class=\"yoast-schema-graph\">{\"@context\":\"https:\/\/schema.org\",\"@graph\":[{\"@type\":\"WebSite\",\"@id\":\"https:\/\/www.hhpartners.eu\/en\/#website\",\"url\":\"https:\/\/www.hhpartners.eu\/en\/\",\"name\":\"h&amp;h PARTNERS\",\"description\":\"\",\"potentialAction\":[{\"@type\":\"SearchAction\",\"target\":{\"@type\":\"EntryPoint\",\"urlTemplate\":\"https:\/\/www.hhpartners.eu\/en\/?s={search_term_string}\"},\"query-input\":\"required name=search_term_string\"}],\"inLanguage\":\"en-GB\"},{\"@type\":\"WebPage\",\"@id\":\"https:\/\/www.hhpartners.eu\/aktuality\/pravne-novinky\/na-poskytovatela-zdravotnej-starostlivosti-sa-moze-so-ziadostou-o-napravu-obratit-uz-aj-blizka-osoba-pacienta\/#webpage\",\"url\":\"https:\/\/www.hhpartners.eu\/aktuality\/pravne-novinky\/na-poskytovatela-zdravotnej-starostlivosti-sa-moze-so-ziadostou-o-napravu-obratit-uz-aj-blizka-osoba-pacienta\/\",\"name\":\"Na poskytovate\u013ea zdravotnej starostlivosti sa m\u00f4\u017ee so \u017eiados\u0165ou o\u00a0n\u00e1pravu obr\u00e1ti\u0165 u\u017e aj bl\u00edzka osoba pacienta - h&amp;h PARTNERS\",\"isPartOf\":{\"@id\":\"https:\/\/www.hhpartners.eu\/en\/#website\"},\"datePublished\":\"2023-02-03T14:23:39+00:00\",\"dateModified\":\"2023-02-03T14:23:40+00:00\",\"breadcrumb\":{\"@id\":\"https:\/\/www.hhpartners.eu\/aktuality\/pravne-novinky\/na-poskytovatela-zdravotnej-starostlivosti-sa-moze-so-ziadostou-o-napravu-obratit-uz-aj-blizka-osoba-pacienta\/#breadcrumb\"},\"inLanguage\":\"en-GB\",\"potentialAction\":[{\"@type\":\"ReadAction\",\"target\":[\"https:\/\/www.hhpartners.eu\/aktuality\/pravne-novinky\/na-poskytovatela-zdravotnej-starostlivosti-sa-moze-so-ziadostou-o-napravu-obratit-uz-aj-blizka-osoba-pacienta\/\"]}]},{\"@type\":\"BreadcrumbList\",\"@id\":\"https:\/\/www.hhpartners.eu\/aktuality\/pravne-novinky\/na-poskytovatela-zdravotnej-starostlivosti-sa-moze-so-ziadostou-o-napravu-obratit-uz-aj-blizka-osoba-pacienta\/#breadcrumb\",\"itemListElement\":[{\"@type\":\"ListItem\",\"position\":1,\"name\":\"Domovsk\u00e1 str\u00e1nka\",\"item\":\"https:\/\/www.hhpartners.eu\/\"},{\"@type\":\"ListItem\",\"position\":2,\"name\":\"Aktuality\",\"item\":\"https:\/\/www.hhpartners.eu\/aktuality\/\"},{\"@type\":\"ListItem\",\"position\":3,\"name\":\"Pr\u00e1vne novinky\",\"item\":\"https:\/\/www.hhpartners.eu\/aktuality\/pravne-novinky\/\"},{\"@type\":\"ListItem\",\"position\":4,\"name\":\"Na poskytovate\u013ea zdravotnej starostlivosti sa m\u00f4\u017ee so \u017eiados\u0165ou o\u00a0n\u00e1pravu obr\u00e1ti\u0165 u\u017e aj bl\u00edzka osoba pacienta\"}]}]}<\/script>\n<!-- \/ Yoast SEO plugin. -->","yoast_head_json":{"title":"Na poskytovate\u013ea zdravotnej starostlivosti sa m\u00f4\u017ee so \u017eiados\u0165ou o\u00a0n\u00e1pravu obr\u00e1ti\u0165 u\u017e aj bl\u00edzka osoba pacienta - h&amp;h PARTNERS","robots":{"index":"index","follow":"follow","max-snippet":"max-snippet:-1","max-image-preview":"max-image-preview:large","max-video-preview":"max-video-preview:-1"},"canonical":"https:\/\/www.hhpartners.eu\/aktuality\/pravne-novinky\/na-poskytovatela-zdravotnej-starostlivosti-sa-moze-so-ziadostou-o-napravu-obratit-uz-aj-blizka-osoba-pacienta\/","og_locale":"en_GB","og_type":"article","og_title":"Na poskytovate\u013ea zdravotnej starostlivosti sa m\u00f4\u017ee so \u017eiados\u0165ou o\u00a0n\u00e1pravu obr\u00e1ti\u0165 u\u017e aj bl\u00edzka osoba pacienta - h&amp;h PARTNERS","og_description":"Pacient pri potrebe vyh\u013eada\u0165 lek\u00e1ra prirodzene o\u010dak\u00e1va, \u017ee mu bude zdravotn\u00e1 starostlivos\u0165 poskytnut\u00e1 spr\u00e1vne (lege artis).&nbsp;Ak sa pacient domnieva, \u017ee pri poskytnut\u00ed zdravotnej starostlivosti do\u0161lo k&nbsp;postupu&nbsp;non lege artis&nbsp;(nes\u00falad so z\u00e1konom), m\u00e1 pr\u00e1vo obr\u00e1ti\u0165 na poskytovate\u013ea zdravotnej starostlivosti s&nbsp;p\u00edsomnou \u017eiados\u0165ou o&nbsp;n\u00e1pravu&nbsp;(\u00a7 17 ods. 1&nbsp;z\u00e1kona o&nbsp;zdravotnej starostlivosti).&nbsp;V&nbsp;takomto pr\u00edpade mus\u00ed poskytovate\u013e zdravotnej starostlivosti najnesk\u00f4r do 30 dn\u00ed od [...]","og_url":"https:\/\/www.hhpartners.eu\/aktuality\/pravne-novinky\/na-poskytovatela-zdravotnej-starostlivosti-sa-moze-so-ziadostou-o-napravu-obratit-uz-aj-blizka-osoba-pacienta\/","og_site_name":"h&amp;h PARTNERS","article_modified_time":"2023-02-03T14:23:40+00:00","twitter_card":"summary","twitter_misc":{"Estimated reading time":"2 minutes"},"schema":{"@context":"https:\/\/schema.org","@graph":[{"@type":"WebSite","@id":"https:\/\/www.hhpartners.eu\/en\/#website","url":"https:\/\/www.hhpartners.eu\/en\/","name":"h&amp;h PARTNERS","description":"","potentialAction":[{"@type":"SearchAction","target":{"@type":"EntryPoint","urlTemplate":"https:\/\/www.hhpartners.eu\/en\/?s={search_term_string}"},"query-input":"required name=search_term_string"}],"inLanguage":"en-GB"},{"@type":"WebPage","@id":"https:\/\/www.hhpartners.eu\/aktuality\/pravne-novinky\/na-poskytovatela-zdravotnej-starostlivosti-sa-moze-so-ziadostou-o-napravu-obratit-uz-aj-blizka-osoba-pacienta\/#webpage","url":"https:\/\/www.hhpartners.eu\/aktuality\/pravne-novinky\/na-poskytovatela-zdravotnej-starostlivosti-sa-moze-so-ziadostou-o-napravu-obratit-uz-aj-blizka-osoba-pacienta\/","name":"Na poskytovate\u013ea zdravotnej starostlivosti sa m\u00f4\u017ee so \u017eiados\u0165ou o\u00a0n\u00e1pravu obr\u00e1ti\u0165 u\u017e aj bl\u00edzka osoba pacienta - h&amp;h PARTNERS","isPartOf":{"@id":"https:\/\/www.hhpartners.eu\/en\/#website"},"datePublished":"2023-02-03T14:23:39+00:00","dateModified":"2023-02-03T14:23:40+00:00","breadcrumb":{"@id":"https:\/\/www.hhpartners.eu\/aktuality\/pravne-novinky\/na-poskytovatela-zdravotnej-starostlivosti-sa-moze-so-ziadostou-o-napravu-obratit-uz-aj-blizka-osoba-pacienta\/#breadcrumb"},"inLanguage":"en-GB","potentialAction":[{"@type":"ReadAction","target":["https:\/\/www.hhpartners.eu\/aktuality\/pravne-novinky\/na-poskytovatela-zdravotnej-starostlivosti-sa-moze-so-ziadostou-o-napravu-obratit-uz-aj-blizka-osoba-pacienta\/"]}]},{"@type":"BreadcrumbList","@id":"https:\/\/www.hhpartners.eu\/aktuality\/pravne-novinky\/na-poskytovatela-zdravotnej-starostlivosti-sa-moze-so-ziadostou-o-napravu-obratit-uz-aj-blizka-osoba-pacienta\/#breadcrumb","itemListElement":[{"@type":"ListItem","position":1,"name":"Domovsk\u00e1 str\u00e1nka","item":"https:\/\/www.hhpartners.eu\/"},{"@type":"ListItem","position":2,"name":"Aktuality","item":"https:\/\/www.hhpartners.eu\/aktuality\/"},{"@type":"ListItem","position":3,"name":"Pr\u00e1vne novinky","item":"https:\/\/www.hhpartners.eu\/aktuality\/pravne-novinky\/"},{"@type":"ListItem","position":4,"name":"Na poskytovate\u013ea zdravotnej starostlivosti sa m\u00f4\u017ee so \u017eiados\u0165ou o\u00a0n\u00e1pravu obr\u00e1ti\u0165 u\u017e aj bl\u00edzka osoba pacienta"}]}]}},"_links":{"self":[{"href":"https:\/\/www.hhpartners.eu\/en\/wp-json\/wp\/v2\/pages\/3446"}],"collection":[{"href":"https:\/\/www.hhpartners.eu\/en\/wp-json\/wp\/v2\/pages"}],"about":[{"href":"https:\/\/www.hhpartners.eu\/en\/wp-json\/wp\/v2\/types\/page"}],"author":[{"embeddable":true,"href":"https:\/\/www.hhpartners.eu\/en\/wp-json\/wp\/v2\/users\/1"}],"replies":[{"embeddable":true,"href":"https:\/\/www.hhpartners.eu\/en\/wp-json\/wp\/v2\/comments?post=3446"}],"version-history":[{"count":1,"href":"https:\/\/www.hhpartners.eu\/en\/wp-json\/wp\/v2\/pages\/3446\/revisions"}],"predecessor-version":[{"id":3448,"href":"https:\/\/www.hhpartners.eu\/en\/wp-json\/wp\/v2\/pages\/3446\/revisions\/3448"}],"up":[{"embeddable":true,"href":"https:\/\/www.hhpartners.eu\/en\/wp-json\/wp\/v2\/pages\/279"}],"wp:attachment":[{"href":"https:\/\/www.hhpartners.eu\/en\/wp-json\/wp\/v2\/media?parent=3446"}],"curies":[{"name":"wp","href":"https:\/\/api.w.org\/{rel}","templated":true}]}}