{"id":3463,"date":"2023-03-10T14:37:04","date_gmt":"2023-03-10T13:37:04","guid":{"rendered":"https:\/\/www.hhpartners.eu\/?page_id=3463"},"modified":"2023-03-10T14:42:27","modified_gmt":"2023-03-10T13:42:27","slug":"zmeny-vo-vykone-dohladu-udzs","status":"publish","type":"page","link":"https:\/\/www.hhpartners.eu\/en\/aktuality\/pravne-novinky\/zmeny-vo-vykone-dohladu-udzs\/","title":{"rendered":"Zmeny vo v\u00fdkone doh\u013eadu \u00daDZS"},"content":{"rendered":"\n<p><em>Koncom roka 2022 bola prijat\u00e1 ve\u013ek\u00e1 novela z\u00e1kona o&nbsp;zdravotn\u00fdch pois\u0165ovniach, doh\u013eade nad zdravotnou starostlivos\u0165ou (z. \u010d. 581\/2004 Z. z.), ktor\u00e1 sa v&nbsp;zna\u010dnej miere dotkla v\u00fdkonu doh\u013eadu nad zdravotnou starostlivos\u0165ou. Novelizovan\u00e1 pr\u00e1vna \u00faprava nadobudla \u00fa\u010dinnos\u0165 01.01.2023 a&nbsp;priniesla viacero d\u00f4le\u017eit\u00fdch zmien. Zmeny v z\u00e1kone boli koncipovan\u00e9 tak, aby odstr\u00e1nili existuj\u00face nedostatky a&nbsp;z\u00e1rove\u0148, aby pr\u00e1vna \u00faprava zodpovedala potreb\u00e1m aplika\u010dnej praxe.<\/em><\/p>\n\n\n\n<p>Zmeny sa t\u00fdkali predov\u0161etk\u00fdm procesu v\u00fdkonu doh\u013eadu nad poskytovan\u00edm zdravotnej starostlivosti a&nbsp;vykon\u00e1van\u00edm verejn\u00e9ho zdravotn\u00e9ho poistenia, ktor\u00fd v&nbsp;zna\u010dnej miere zjednodu\u0161ili. Vytvoril sa filter, ktor\u00e9ho \u00fa\u010delom je regulovanie po\u010dtu podnetov s&nbsp;cie\u013eom elimin\u00e1cie neopodstatnen\u00fdch s\u0165a\u017enost\u00ed pacientov. Posilnili sa pr\u00e1va poskytovate\u013eov zdravotnej starostlivosti po\u010das v\u00fdkonu doh\u013eadu. Z\u00e1konodarca zaveden\u00edm nov\u00e9ho ustanovenia do textu z\u00e1kona jednozna\u010dne prejavil preferenciu mimosporov\u00e9ho rie\u0161enia konfliktov medzi pacientom a&nbsp;poskytovate\u013eom.<\/p>\n\n\n\n<p>Bli\u017e\u0161ie inform\u00e1cie o\u00a0novele z\u00e1kona o\u00a0zdravotn\u00fdch pois\u0165ovniach n\u00e1jdete na<strong> <a href=\"https:\/\/www.medipravnik.sk\/pravne-clanky\/zjednodusenie-procesu-vykonu-dohladu-alebo-ake-zmeny-nastali-vo-vykone-dohladu-od-1-januara-2023-1496\/\" target=\"_blank\" rel=\"noreferrer noopener\">tomto<\/a><\/strong><a href=\"https:\/\/www.medipravnik.sk\/pravne-clanky\/zjednodusenie-procesu-vykonu-dohladu-alebo-ake-zmeny-nastali-vo-vykone-dohladu-od-1-januara-2023-1496\/\" target=\"_blank\" rel=\"noreferrer noopener\"> <\/a>odkaze. <\/p>\n","protected":false},"excerpt":{"rendered":"<p>Koncom roka 2022 bola prijat\u00e1 ve\u013ek\u00e1 novela z\u00e1kona o&nbsp;zdravotn\u00fdch pois\u0165ovniach, doh\u013eade nad zdravotnou starostlivos\u0165ou (z. \u010d. 581\/2004 Z. z.), ktor\u00e1 sa v&nbsp;zna\u010dnej miere dotkla v\u00fdkonu doh\u013eadu nad zdravotnou starostlivos\u0165ou. Novelizovan\u00e1 pr\u00e1vna \u00faprava nadobudla \u00fa\u010dinnos\u0165 01.01.2023 a&nbsp;priniesla viacero d\u00f4le\u017eit\u00fdch zmien. Zmeny v z\u00e1kone boli koncipovan\u00e9 tak, aby odstr\u00e1nili existuj\u00face nedostatky a&nbsp;z\u00e1rove\u0148, aby pr\u00e1vna \u00faprava zodpovedala potreb\u00e1m [&#8230;]<\/p>\n","protected":false},"author":1,"featured_media":0,"parent":279,"menu_order":0,"comment_status":"closed","ping_status":"closed","template":"","meta":[],"yoast_head":"<!-- This site is optimized with the Yoast SEO plugin v18.5.1 - https:\/\/yoast.com\/wordpress\/plugins\/seo\/ -->\n<title>Zmeny vo v\u00fdkone doh\u013eadu \u00daDZS - h&amp;h PARTNERS<\/title>\n<meta name=\"robots\" content=\"index, follow, max-snippet:-1, max-image-preview:large, max-video-preview:-1\" \/>\n<link rel=\"canonical\" href=\"https:\/\/www.hhpartners.eu\/aktuality\/pravne-novinky\/zmeny-vo-vykone-dohladu-udzs\/\" \/>\n<meta property=\"og:locale\" content=\"en_GB\" \/>\n<meta property=\"og:type\" content=\"article\" \/>\n<meta property=\"og:title\" content=\"Zmeny vo v\u00fdkone doh\u013eadu \u00daDZS - h&amp;h PARTNERS\" \/>\n<meta property=\"og:description\" content=\"Koncom roka 2022 bola prijat\u00e1 ve\u013ek\u00e1 novela z\u00e1kona o&nbsp;zdravotn\u00fdch pois\u0165ovniach, doh\u013eade nad zdravotnou starostlivos\u0165ou (z. \u010d. 581\/2004 Z. z.), ktor\u00e1 sa v&nbsp;zna\u010dnej miere dotkla v\u00fdkonu doh\u013eadu nad zdravotnou starostlivos\u0165ou. Novelizovan\u00e1 pr\u00e1vna \u00faprava nadobudla \u00fa\u010dinnos\u0165 01.01.2023 a&nbsp;priniesla viacero d\u00f4le\u017eit\u00fdch zmien. Zmeny v z\u00e1kone boli koncipovan\u00e9 tak, aby odstr\u00e1nili existuj\u00face nedostatky a&nbsp;z\u00e1rove\u0148, aby pr\u00e1vna \u00faprava zodpovedala potreb\u00e1m [...]\" \/>\n<meta property=\"og:url\" content=\"https:\/\/www.hhpartners.eu\/aktuality\/pravne-novinky\/zmeny-vo-vykone-dohladu-udzs\/\" \/>\n<meta property=\"og:site_name\" content=\"h&amp;h PARTNERS\" \/>\n<meta property=\"article:modified_time\" content=\"2023-03-10T13:42:27+00:00\" \/>\n<meta name=\"twitter:card\" content=\"summary\" \/>\n<meta name=\"twitter:label1\" content=\"Estimated reading time\" \/>\n\t<meta name=\"twitter:data1\" content=\"1 minute\" \/>\n<script type=\"application\/ld+json\" class=\"yoast-schema-graph\">{\"@context\":\"https:\/\/schema.org\",\"@graph\":[{\"@type\":\"WebSite\",\"@id\":\"https:\/\/www.hhpartners.eu\/en\/#website\",\"url\":\"https:\/\/www.hhpartners.eu\/en\/\",\"name\":\"h&amp;h PARTNERS\",\"description\":\"\",\"potentialAction\":[{\"@type\":\"SearchAction\",\"target\":{\"@type\":\"EntryPoint\",\"urlTemplate\":\"https:\/\/www.hhpartners.eu\/en\/?s={search_term_string}\"},\"query-input\":\"required name=search_term_string\"}],\"inLanguage\":\"en-GB\"},{\"@type\":\"WebPage\",\"@id\":\"https:\/\/www.hhpartners.eu\/aktuality\/pravne-novinky\/zmeny-vo-vykone-dohladu-udzs\/#webpage\",\"url\":\"https:\/\/www.hhpartners.eu\/aktuality\/pravne-novinky\/zmeny-vo-vykone-dohladu-udzs\/\",\"name\":\"Zmeny vo v\u00fdkone doh\u013eadu \u00daDZS - h&amp;h PARTNERS\",\"isPartOf\":{\"@id\":\"https:\/\/www.hhpartners.eu\/en\/#website\"},\"datePublished\":\"2023-03-10T13:37:04+00:00\",\"dateModified\":\"2023-03-10T13:42:27+00:00\",\"breadcrumb\":{\"@id\":\"https:\/\/www.hhpartners.eu\/aktuality\/pravne-novinky\/zmeny-vo-vykone-dohladu-udzs\/#breadcrumb\"},\"inLanguage\":\"en-GB\",\"potentialAction\":[{\"@type\":\"ReadAction\",\"target\":[\"https:\/\/www.hhpartners.eu\/aktuality\/pravne-novinky\/zmeny-vo-vykone-dohladu-udzs\/\"]}]},{\"@type\":\"BreadcrumbList\",\"@id\":\"https:\/\/www.hhpartners.eu\/aktuality\/pravne-novinky\/zmeny-vo-vykone-dohladu-udzs\/#breadcrumb\",\"itemListElement\":[{\"@type\":\"ListItem\",\"position\":1,\"name\":\"Domovsk\u00e1 str\u00e1nka\",\"item\":\"https:\/\/www.hhpartners.eu\/\"},{\"@type\":\"ListItem\",\"position\":2,\"name\":\"Aktuality\",\"item\":\"https:\/\/www.hhpartners.eu\/aktuality\/\"},{\"@type\":\"ListItem\",\"position\":3,\"name\":\"Pr\u00e1vne novinky\",\"item\":\"https:\/\/www.hhpartners.eu\/aktuality\/pravne-novinky\/\"},{\"@type\":\"ListItem\",\"position\":4,\"name\":\"Zmeny vo v\u00fdkone doh\u013eadu \u00daDZS\"}]}]}<\/script>\n<!-- \/ Yoast SEO plugin. -->","yoast_head_json":{"title":"Zmeny vo v\u00fdkone doh\u013eadu \u00daDZS - h&amp;h PARTNERS","robots":{"index":"index","follow":"follow","max-snippet":"max-snippet:-1","max-image-preview":"max-image-preview:large","max-video-preview":"max-video-preview:-1"},"canonical":"https:\/\/www.hhpartners.eu\/aktuality\/pravne-novinky\/zmeny-vo-vykone-dohladu-udzs\/","og_locale":"en_GB","og_type":"article","og_title":"Zmeny vo v\u00fdkone doh\u013eadu \u00daDZS - h&amp;h PARTNERS","og_description":"Koncom roka 2022 bola prijat\u00e1 ve\u013ek\u00e1 novela z\u00e1kona o&nbsp;zdravotn\u00fdch pois\u0165ovniach, doh\u013eade nad zdravotnou starostlivos\u0165ou (z. \u010d. 581\/2004 Z. z.), ktor\u00e1 sa v&nbsp;zna\u010dnej miere dotkla v\u00fdkonu doh\u013eadu nad zdravotnou starostlivos\u0165ou. Novelizovan\u00e1 pr\u00e1vna \u00faprava nadobudla \u00fa\u010dinnos\u0165 01.01.2023 a&nbsp;priniesla viacero d\u00f4le\u017eit\u00fdch zmien. Zmeny v z\u00e1kone boli koncipovan\u00e9 tak, aby odstr\u00e1nili existuj\u00face nedostatky a&nbsp;z\u00e1rove\u0148, aby pr\u00e1vna \u00faprava zodpovedala potreb\u00e1m [...]","og_url":"https:\/\/www.hhpartners.eu\/aktuality\/pravne-novinky\/zmeny-vo-vykone-dohladu-udzs\/","og_site_name":"h&amp;h PARTNERS","article_modified_time":"2023-03-10T13:42:27+00:00","twitter_card":"summary","twitter_misc":{"Estimated reading time":"1 minute"},"schema":{"@context":"https:\/\/schema.org","@graph":[{"@type":"WebSite","@id":"https:\/\/www.hhpartners.eu\/en\/#website","url":"https:\/\/www.hhpartners.eu\/en\/","name":"h&amp;h PARTNERS","description":"","potentialAction":[{"@type":"SearchAction","target":{"@type":"EntryPoint","urlTemplate":"https:\/\/www.hhpartners.eu\/en\/?s={search_term_string}"},"query-input":"required name=search_term_string"}],"inLanguage":"en-GB"},{"@type":"WebPage","@id":"https:\/\/www.hhpartners.eu\/aktuality\/pravne-novinky\/zmeny-vo-vykone-dohladu-udzs\/#webpage","url":"https:\/\/www.hhpartners.eu\/aktuality\/pravne-novinky\/zmeny-vo-vykone-dohladu-udzs\/","name":"Zmeny vo v\u00fdkone doh\u013eadu \u00daDZS - h&amp;h PARTNERS","isPartOf":{"@id":"https:\/\/www.hhpartners.eu\/en\/#website"},"datePublished":"2023-03-10T13:37:04+00:00","dateModified":"2023-03-10T13:42:27+00:00","breadcrumb":{"@id":"https:\/\/www.hhpartners.eu\/aktuality\/pravne-novinky\/zmeny-vo-vykone-dohladu-udzs\/#breadcrumb"},"inLanguage":"en-GB","potentialAction":[{"@type":"ReadAction","target":["https:\/\/www.hhpartners.eu\/aktuality\/pravne-novinky\/zmeny-vo-vykone-dohladu-udzs\/"]}]},{"@type":"BreadcrumbList","@id":"https:\/\/www.hhpartners.eu\/aktuality\/pravne-novinky\/zmeny-vo-vykone-dohladu-udzs\/#breadcrumb","itemListElement":[{"@type":"ListItem","position":1,"name":"Domovsk\u00e1 str\u00e1nka","item":"https:\/\/www.hhpartners.eu\/"},{"@type":"ListItem","position":2,"name":"Aktuality","item":"https:\/\/www.hhpartners.eu\/aktuality\/"},{"@type":"ListItem","position":3,"name":"Pr\u00e1vne novinky","item":"https:\/\/www.hhpartners.eu\/aktuality\/pravne-novinky\/"},{"@type":"ListItem","position":4,"name":"Zmeny vo v\u00fdkone doh\u013eadu \u00daDZS"}]}]}},"_links":{"self":[{"href":"https:\/\/www.hhpartners.eu\/en\/wp-json\/wp\/v2\/pages\/3463"}],"collection":[{"href":"https:\/\/www.hhpartners.eu\/en\/wp-json\/wp\/v2\/pages"}],"about":[{"href":"https:\/\/www.hhpartners.eu\/en\/wp-json\/wp\/v2\/types\/page"}],"author":[{"embeddable":true,"href":"https:\/\/www.hhpartners.eu\/en\/wp-json\/wp\/v2\/users\/1"}],"replies":[{"embeddable":true,"href":"https:\/\/www.hhpartners.eu\/en\/wp-json\/wp\/v2\/comments?post=3463"}],"version-history":[{"count":4,"href":"https:\/\/www.hhpartners.eu\/en\/wp-json\/wp\/v2\/pages\/3463\/revisions"}],"predecessor-version":[{"id":3475,"href":"https:\/\/www.hhpartners.eu\/en\/wp-json\/wp\/v2\/pages\/3463\/revisions\/3475"}],"up":[{"embeddable":true,"href":"https:\/\/www.hhpartners.eu\/en\/wp-json\/wp\/v2\/pages\/279"}],"wp:attachment":[{"href":"https:\/\/www.hhpartners.eu\/en\/wp-json\/wp\/v2\/media?parent=3463"}],"curies":[{"name":"wp","href":"https:\/\/api.w.org\/{rel}","templated":true}]}}