{"id":3519,"date":"2023-04-17T09:01:53","date_gmt":"2023-04-17T08:01:53","guid":{"rendered":"https:\/\/www.hhpartners.eu\/?page_id=3519"},"modified":"2023-04-17T09:01:53","modified_gmt":"2023-04-17T08:01:53","slug":"vystavovanie-elektronickej-pn","status":"publish","type":"page","link":"https:\/\/www.hhpartners.eu\/en\/aktuality\/pravne-novinky\/vystavovanie-elektronickej-pn\/","title":{"rendered":"Vystavovanie elektronickej PN"},"content":{"rendered":"\n<p>Za\u010diatkom roka 2022 bola schv\u00e1len\u00e1 novela z\u00e1kona o\u00a0soci\u00e1lnom poisten\u00ed (z. \u010d. 461\/2003 Z. z.), ktor\u00e1 so sebou priniesla v\u00fdznamn\u00e9 zmeny aj v\u00a0z\u00e1kone o\u00a0zdravotnej starostlivosti (z. \u010d. 576\/2004 Z. z.). Predmetn\u00e1 novela patr\u00ed medzi tie, ktor\u00e9 so sebou priniesli d\u00f4le\u017eit\u00e9 zmeny v\u00a0podobe nov\u00fdch in\u0161tit\u00fatov. V\u00a0tomto pr\u00edpade, konkr\u00e9tne, sa jedn\u00e1 o\u00a0in\u0161tit\u00fat\u00a0tzv. e-PN, ktor\u00e1 by mala po ukon\u010den\u00ed prechodn\u00e9ho obdobia v\u00a0plnej miere nahradi\u0165 p\u00e4\u0165-stranov\u00e9 predp\u00edsan\u00e9 tla\u010divo Soci\u00e1lnej pois\u0165ovne.<\/p>\n\n\n\n<p>In\u0161tit\u00fat e-PN alebo potvrdenie o&nbsp;do\u010dasnej pracovnej neschopnosti vystaven\u00e9 vytvoren\u00edm elektronick\u00e9ho z\u00e1znamu o&nbsp;do\u010dasnej pracovnej neschopnosti v&nbsp;elektronickej zdravotnej kni\u017eke v&nbsp;NCZI m\u00e1 za \u00falohu predov\u0161etk\u00fdm odbremeni\u0165 zdravotn\u00edckym pracovn\u00edkov od neprimeranej administrat\u00edvnej z\u00e1\u0165a\u017ee, a&nbsp;t\u00fdm im vytvori\u0165 priestor a&nbsp;\u010das, ktor\u00fd m\u00f4\u017eu venova\u0165 starostlivosti o&nbsp;pacientov. Okrem lek\u00e1rov s\u00fa od z\u00e1\u0165a\u017ee, ktor\u00fa sp\u00f4sobuje PNka odbremenen\u00ed aj samotn\u00fd pacienti, ktor\u00fdm v&nbsp;pr\u00edpade vystavenie e-PN nevznikaj\u00fa rovnak\u00e9 povinnosti ako tomu bolo a&nbsp;st\u00e1le je pri PNke. V&nbsp;pr\u00edpade vystavenia e-PN, pacient \u2013 zamestnanec u\u017e nemus\u00ed doru\u010dova\u0165 potvrdenie o&nbsp;pracovnej neschopnosti zamestn\u00e1vate\u013eovi ani Soci\u00e1lnej pois\u0165ovni, nie je potrebn\u00e9 \u017eiada\u0165 o&nbsp;d\u00e1vku nemocensk\u00e9ho ani nahlasova\u0165 \u010d\u00edslo \u00fa\u010dtu na ktor\u00fd m\u00e1 by\u0165 nemocensk\u00e9 vypl\u00e1can\u00e9, zanik\u00e1 t\u00fdm aj povinnos\u0165 oznamova\u0165 ukon\u010denia pracovnej neschopnosti. V\u0161etky tieto povinnosti s\u00fa za pacienta automatick\u00fd splnen\u00e9 v&nbsp;syst\u00e9me, prostredn\u00edctvom ktor\u00e9ho lek\u00e1r e-PN vystav\u00ed.<\/p>\n\n\n\n<p>Ako sme uviedli vy\u0161\u0161ie, potvrdenie o&nbsp;do\u010dasnej pracovnej neschopnosti vystaven\u00e9 v&nbsp;elektronickej forme v&nbsp;plnom rozsahu nahrad\u00ed PNku, tak ako ju pozn\u00e1me dnes, a\u017e po uplynut\u00ed prechodn\u00e9ho obdobia. Prechodn\u00e9 obdobie&nbsp; bolo novelou stanoven\u00e9 separ\u00e1tne pre v\u0161eobecn\u00fdch lek\u00e1rov, ktor\u00ed aj pred prijat\u00edm novely mali povinnos\u0165 vystavova\u0165 PNky, av\u0161ak po prijat\u00ed novely bola t\u00e1to povinnos\u0165 zaveden\u00e1 aj pre lek\u00e1rov \u2013 \u0161pecialistov, pri\u010dom vo vz\u0165ahu k&nbsp;nimi je prechodn\u00e9 obdobie z&nbsp;pochopite\u013en\u00fdch d\u00f4vod dlh\u0161ie, nako\u013eko doteraz v\u00f4bec nevykon\u00e1vali tak\u00fato \u010dinnos\u0165. V\u0161eobecn\u00ed lek\u00e1ri by mali povinne za\u010da\u0165 vystavova\u0165 e-PN od 1. j\u00fana 2023, \u0161pecialistom, ktor\u00ed doteraz potvrdenia o&nbsp;do\u010dasnej pracovnej neschopnosti nevystavovali vznikne povinnos\u0165 vystavova\u0165 e-PN od 1. janu\u00e1ra 2024.<\/p>\n\n\n\n<p>Av\u0161ak, je potrebn\u00e9 zd\u00f4razni\u0165, \u017ee zatia\u013e nie je d\u00f4vod na paniku, najm\u00e4 vo vz\u0165ahu k\u00a0lek\u00e1rom \u0161pecialistom, nako\u013eko parlamentu bol predlo\u017een\u00fd n\u00e1vrh novely z\u00e1kona o\u00a0zdravotnej starostlivosti, ktor\u00e9ho \u00fa\u010delom je pred\u013a\u017eenie stanoven\u00e9ho prechodn\u00e9ho obdobia o\u00a0rok.<\/p>\n\n\n\n<p>Ak v\u00e1s t\u00e1to t\u00e9ma zaujala, bli\u017e\u0161ie inform\u00e1cie sa dozviete na <a href=\"https:\/\/www.medipravnik.sk\/pravne-clanky\/velky-sprievodca-vystavovanim-e-pn-pre-specialistov-a-vseobecnych-lekarov-sumar-1522\/\" target=\"_blank\" rel=\"noreferrer noopener\">tomto<\/a> linku.<\/p>\n","protected":false},"excerpt":{"rendered":"<p>Za\u010diatkom roka 2022 bola schv\u00e1len\u00e1 novela z\u00e1kona o\u00a0soci\u00e1lnom poisten\u00ed (z. \u010d. 461\/2003 Z. z.), ktor\u00e1 so sebou priniesla v\u00fdznamn\u00e9 zmeny aj v\u00a0z\u00e1kone o\u00a0zdravotnej starostlivosti (z. \u010d. 576\/2004 Z. z.). Predmetn\u00e1 novela patr\u00ed medzi tie, ktor\u00e9 so sebou priniesli d\u00f4le\u017eit\u00e9 zmeny v\u00a0podobe nov\u00fdch in\u0161tit\u00fatov. V\u00a0tomto pr\u00edpade, konkr\u00e9tne, sa jedn\u00e1 o\u00a0in\u0161tit\u00fat\u00a0tzv. e-PN, ktor\u00e1 by mala po ukon\u010den\u00ed [&#8230;]<\/p>\n","protected":false},"author":1,"featured_media":0,"parent":279,"menu_order":0,"comment_status":"closed","ping_status":"closed","template":"","meta":[],"yoast_head":"<!-- This site is optimized with the Yoast SEO plugin v18.5.1 - https:\/\/yoast.com\/wordpress\/plugins\/seo\/ -->\n<title>Vystavovanie elektronickej PN - h&amp;h PARTNERS<\/title>\n<meta name=\"robots\" content=\"index, follow, max-snippet:-1, max-image-preview:large, max-video-preview:-1\" \/>\n<link rel=\"canonical\" href=\"https:\/\/www.hhpartners.eu\/aktuality\/pravne-novinky\/vystavovanie-elektronickej-pn\/\" \/>\n<meta property=\"og:locale\" content=\"en_GB\" \/>\n<meta property=\"og:type\" content=\"article\" \/>\n<meta property=\"og:title\" content=\"Vystavovanie elektronickej PN - h&amp;h PARTNERS\" \/>\n<meta property=\"og:description\" content=\"Za\u010diatkom roka 2022 bola schv\u00e1len\u00e1 novela z\u00e1kona o\u00a0soci\u00e1lnom poisten\u00ed (z. \u010d. 461\/2003 Z. z.), ktor\u00e1 so sebou priniesla v\u00fdznamn\u00e9 zmeny aj v\u00a0z\u00e1kone o\u00a0zdravotnej starostlivosti (z. \u010d. 576\/2004 Z. z.). Predmetn\u00e1 novela patr\u00ed medzi tie, ktor\u00e9 so sebou priniesli d\u00f4le\u017eit\u00e9 zmeny v\u00a0podobe nov\u00fdch in\u0161tit\u00fatov. V\u00a0tomto pr\u00edpade, konkr\u00e9tne, sa jedn\u00e1 o\u00a0in\u0161tit\u00fat\u00a0tzv. e-PN, ktor\u00e1 by mala po ukon\u010den\u00ed [...]\" \/>\n<meta property=\"og:url\" content=\"https:\/\/www.hhpartners.eu\/aktuality\/pravne-novinky\/vystavovanie-elektronickej-pn\/\" \/>\n<meta property=\"og:site_name\" content=\"h&amp;h PARTNERS\" \/>\n<meta name=\"twitter:card\" content=\"summary\" \/>\n<meta name=\"twitter:label1\" content=\"Estimated reading time\" \/>\n\t<meta name=\"twitter:data1\" content=\"2 minutes\" \/>\n<script type=\"application\/ld+json\" class=\"yoast-schema-graph\">{\"@context\":\"https:\/\/schema.org\",\"@graph\":[{\"@type\":\"WebSite\",\"@id\":\"https:\/\/www.hhpartners.eu\/en\/#website\",\"url\":\"https:\/\/www.hhpartners.eu\/en\/\",\"name\":\"h&amp;h PARTNERS\",\"description\":\"\",\"potentialAction\":[{\"@type\":\"SearchAction\",\"target\":{\"@type\":\"EntryPoint\",\"urlTemplate\":\"https:\/\/www.hhpartners.eu\/en\/?s={search_term_string}\"},\"query-input\":\"required name=search_term_string\"}],\"inLanguage\":\"en-GB\"},{\"@type\":\"WebPage\",\"@id\":\"https:\/\/www.hhpartners.eu\/aktuality\/pravne-novinky\/vystavovanie-elektronickej-pn\/#webpage\",\"url\":\"https:\/\/www.hhpartners.eu\/aktuality\/pravne-novinky\/vystavovanie-elektronickej-pn\/\",\"name\":\"Vystavovanie elektronickej PN - h&amp;h PARTNERS\",\"isPartOf\":{\"@id\":\"https:\/\/www.hhpartners.eu\/en\/#website\"},\"datePublished\":\"2023-04-17T08:01:53+00:00\",\"dateModified\":\"2023-04-17T08:01:53+00:00\",\"breadcrumb\":{\"@id\":\"https:\/\/www.hhpartners.eu\/aktuality\/pravne-novinky\/vystavovanie-elektronickej-pn\/#breadcrumb\"},\"inLanguage\":\"en-GB\",\"potentialAction\":[{\"@type\":\"ReadAction\",\"target\":[\"https:\/\/www.hhpartners.eu\/aktuality\/pravne-novinky\/vystavovanie-elektronickej-pn\/\"]}]},{\"@type\":\"BreadcrumbList\",\"@id\":\"https:\/\/www.hhpartners.eu\/aktuality\/pravne-novinky\/vystavovanie-elektronickej-pn\/#breadcrumb\",\"itemListElement\":[{\"@type\":\"ListItem\",\"position\":1,\"name\":\"Domovsk\u00e1 str\u00e1nka\",\"item\":\"https:\/\/www.hhpartners.eu\/\"},{\"@type\":\"ListItem\",\"position\":2,\"name\":\"Aktuality\",\"item\":\"https:\/\/www.hhpartners.eu\/aktuality\/\"},{\"@type\":\"ListItem\",\"position\":3,\"name\":\"Pr\u00e1vne novinky\",\"item\":\"https:\/\/www.hhpartners.eu\/aktuality\/pravne-novinky\/\"},{\"@type\":\"ListItem\",\"position\":4,\"name\":\"Vystavovanie elektronickej PN\"}]}]}<\/script>\n<!-- \/ Yoast SEO plugin. -->","yoast_head_json":{"title":"Vystavovanie elektronickej PN - h&amp;h PARTNERS","robots":{"index":"index","follow":"follow","max-snippet":"max-snippet:-1","max-image-preview":"max-image-preview:large","max-video-preview":"max-video-preview:-1"},"canonical":"https:\/\/www.hhpartners.eu\/aktuality\/pravne-novinky\/vystavovanie-elektronickej-pn\/","og_locale":"en_GB","og_type":"article","og_title":"Vystavovanie elektronickej PN - h&amp;h PARTNERS","og_description":"Za\u010diatkom roka 2022 bola schv\u00e1len\u00e1 novela z\u00e1kona o\u00a0soci\u00e1lnom poisten\u00ed (z. \u010d. 461\/2003 Z. z.), ktor\u00e1 so sebou priniesla v\u00fdznamn\u00e9 zmeny aj v\u00a0z\u00e1kone o\u00a0zdravotnej starostlivosti (z. \u010d. 576\/2004 Z. z.). Predmetn\u00e1 novela patr\u00ed medzi tie, ktor\u00e9 so sebou priniesli d\u00f4le\u017eit\u00e9 zmeny v\u00a0podobe nov\u00fdch in\u0161tit\u00fatov. V\u00a0tomto pr\u00edpade, konkr\u00e9tne, sa jedn\u00e1 o\u00a0in\u0161tit\u00fat\u00a0tzv. e-PN, ktor\u00e1 by mala po ukon\u010den\u00ed [...]","og_url":"https:\/\/www.hhpartners.eu\/aktuality\/pravne-novinky\/vystavovanie-elektronickej-pn\/","og_site_name":"h&amp;h PARTNERS","twitter_card":"summary","twitter_misc":{"Estimated reading time":"2 minutes"},"schema":{"@context":"https:\/\/schema.org","@graph":[{"@type":"WebSite","@id":"https:\/\/www.hhpartners.eu\/en\/#website","url":"https:\/\/www.hhpartners.eu\/en\/","name":"h&amp;h PARTNERS","description":"","potentialAction":[{"@type":"SearchAction","target":{"@type":"EntryPoint","urlTemplate":"https:\/\/www.hhpartners.eu\/en\/?s={search_term_string}"},"query-input":"required name=search_term_string"}],"inLanguage":"en-GB"},{"@type":"WebPage","@id":"https:\/\/www.hhpartners.eu\/aktuality\/pravne-novinky\/vystavovanie-elektronickej-pn\/#webpage","url":"https:\/\/www.hhpartners.eu\/aktuality\/pravne-novinky\/vystavovanie-elektronickej-pn\/","name":"Vystavovanie elektronickej PN - h&amp;h PARTNERS","isPartOf":{"@id":"https:\/\/www.hhpartners.eu\/en\/#website"},"datePublished":"2023-04-17T08:01:53+00:00","dateModified":"2023-04-17T08:01:53+00:00","breadcrumb":{"@id":"https:\/\/www.hhpartners.eu\/aktuality\/pravne-novinky\/vystavovanie-elektronickej-pn\/#breadcrumb"},"inLanguage":"en-GB","potentialAction":[{"@type":"ReadAction","target":["https:\/\/www.hhpartners.eu\/aktuality\/pravne-novinky\/vystavovanie-elektronickej-pn\/"]}]},{"@type":"BreadcrumbList","@id":"https:\/\/www.hhpartners.eu\/aktuality\/pravne-novinky\/vystavovanie-elektronickej-pn\/#breadcrumb","itemListElement":[{"@type":"ListItem","position":1,"name":"Domovsk\u00e1 str\u00e1nka","item":"https:\/\/www.hhpartners.eu\/"},{"@type":"ListItem","position":2,"name":"Aktuality","item":"https:\/\/www.hhpartners.eu\/aktuality\/"},{"@type":"ListItem","position":3,"name":"Pr\u00e1vne novinky","item":"https:\/\/www.hhpartners.eu\/aktuality\/pravne-novinky\/"},{"@type":"ListItem","position":4,"name":"Vystavovanie elektronickej PN"}]}]}},"_links":{"self":[{"href":"https:\/\/www.hhpartners.eu\/en\/wp-json\/wp\/v2\/pages\/3519"}],"collection":[{"href":"https:\/\/www.hhpartners.eu\/en\/wp-json\/wp\/v2\/pages"}],"about":[{"href":"https:\/\/www.hhpartners.eu\/en\/wp-json\/wp\/v2\/types\/page"}],"author":[{"embeddable":true,"href":"https:\/\/www.hhpartners.eu\/en\/wp-json\/wp\/v2\/users\/1"}],"replies":[{"embeddable":true,"href":"https:\/\/www.hhpartners.eu\/en\/wp-json\/wp\/v2\/comments?post=3519"}],"version-history":[{"count":1,"href":"https:\/\/www.hhpartners.eu\/en\/wp-json\/wp\/v2\/pages\/3519\/revisions"}],"predecessor-version":[{"id":3521,"href":"https:\/\/www.hhpartners.eu\/en\/wp-json\/wp\/v2\/pages\/3519\/revisions\/3521"}],"up":[{"embeddable":true,"href":"https:\/\/www.hhpartners.eu\/en\/wp-json\/wp\/v2\/pages\/279"}],"wp:attachment":[{"href":"https:\/\/www.hhpartners.eu\/en\/wp-json\/wp\/v2\/media?parent=3519"}],"curies":[{"name":"wp","href":"https:\/\/api.w.org\/{rel}","templated":true}]}}