{"id":3611,"date":"2023-06-23T14:41:44","date_gmt":"2023-06-23T13:41:44","guid":{"rendered":"https:\/\/www.hhpartners.eu\/?page_id=3611"},"modified":"2023-06-23T14:41:44","modified_gmt":"2023-06-23T13:41:44","slug":"ake-informacie-musia-zverejnovat-ambulancie","status":"publish","type":"page","link":"https:\/\/www.hhpartners.eu\/en\/aktuality\/pravne-novinky\/ake-informacie-musia-zverejnovat-ambulancie\/","title":{"rendered":"Ak\u00e9 inform\u00e1cie musia zverej\u0148ova\u0165 ambulancie?"},"content":{"rendered":"\n<p>Sam\u00e9 povinnosti. Vieme, nie je to jednoduch\u00e9 orientova\u0165 sa v spleti v\u0161etk\u00fdch pr\u00e1vnych predpisov a z nich vypl\u00fdvaj\u00facich povinnost\u00ed. My v\u0161ak m\u00e1me preh\u013ead aj za v\u00e1s. Preto v\u00e1m prin\u00e1\u0161ame zoznam povinnost\u00ed s\u00favisiacich s inform\u00e1ciami, ktor\u00e9 musia ambulancie zverej\u0148ova\u0165. Ktor\u00e9 to s\u00fa? Ak\u00e1 pokuta hroz\u00ed ambulancii v pr\u00edpade nezverejnenia konkr\u00e9tnych inform\u00e1ci\u00ed? Po\u010fme sa spolu na to pozrie\u0165.<\/p>\n\n\n\n<p>Povinnosti vypl\u00fdvaj\u00fa pre ambulancie z r\u00f4znych pr\u00e1vnych predpisov. Z\u00e1kladn\u00fdm pr\u00e1vnym predpisom je z\u00e1kon o poskytovate\u013eoch (z. \u010d. 578\/2004 z.z.), ktor\u00fd v \u00a7 79 vymedzuje cel\u00fd rad povinnost\u00ed, ktor\u00e9 musia ambulancie sp\u013a\u0148a\u0165. Medzi nimi s\u00fa aj povinnosti, ktor\u00e9 priamo ur\u010duj\u00fa, ak\u00e9 inform\u00e1cie maj\u00fa ambulancie zverej\u0148ova\u0165 v priestoroch ambulancie, resp. na svojej webovej str\u00e1nke.<\/p>\n\n\n\n<p>Ako iste viete, na poskytovanie ambulantnej zdravotnej starostlivosti sa vy\u017eaduje povolenie, ktor\u00e9 vyd\u00e1va najm\u00e4 pr\u00edslu\u0161n\u00fd samospr\u00e1vny kraj. Samospr\u00e1vne kraje pr\u00e1ve s\u00fa z poh\u013eadu toho, \u017ee vyd\u00e1vaj\u00fa povolenia, z\u00e1rove\u0148 aj org\u00e1nom dozoru nad dodr\u017eiavan\u00edm povinnost\u00ed ambulanci\u00ed, ktor\u00fdm povolenie vydali. V r\u00e1mci kontroly sa presk\u00famava aj to, \u010di m\u00e1 ambulancia zverejnen\u00e9 inform\u00e1cie, ktor\u00e9 m\u00e1 ma\u0165 zverejnen\u00e9. Jednotliv\u00e9 povinnosti vymedzen\u00e9 v \u00a7 79 z\u00e1kona o poskytovate\u013eoch zah\u0155\u0148aj\u00fa v sebe aj tie, ktor\u00e9 priamo s\u00favisia so zverejnen\u00edm inform\u00e1ci\u00ed.<\/p>\n\n\n\n<p>Ak v\u00e1s t\u00e1to t\u00e9ma zaujala, bli\u017e\u0161ie inform\u00e1cie sa dozviete na <a href=\"https:\/\/www.medipravnik.sk\/pravne-clanky\/povinne-zverejnovanie-informacii-v-ambulancii-1574\/\">tomto<\/a> linku.<\/p>\n","protected":false},"excerpt":{"rendered":"<p>Sam\u00e9 povinnosti. Vieme, nie je to jednoduch\u00e9 orientova\u0165 sa v spleti v\u0161etk\u00fdch pr\u00e1vnych predpisov a z nich vypl\u00fdvaj\u00facich povinnost\u00ed. My v\u0161ak m\u00e1me preh\u013ead aj za v\u00e1s. Preto v\u00e1m prin\u00e1\u0161ame zoznam povinnost\u00ed s\u00favisiacich s inform\u00e1ciami, ktor\u00e9 musia ambulancie zverej\u0148ova\u0165. Ktor\u00e9 to s\u00fa? Ak\u00e1 pokuta hroz\u00ed ambulancii v pr\u00edpade nezverejnenia konkr\u00e9tnych inform\u00e1ci\u00ed? Po\u010fme sa spolu na to [&#8230;]<\/p>\n","protected":false},"author":1,"featured_media":0,"parent":279,"menu_order":0,"comment_status":"closed","ping_status":"closed","template":"","meta":[],"yoast_head":"<!-- This site is optimized with the Yoast SEO plugin v18.5.1 - https:\/\/yoast.com\/wordpress\/plugins\/seo\/ -->\n<title>Ak\u00e9 inform\u00e1cie musia zverej\u0148ova\u0165 ambulancie? - h&amp;h PARTNERS<\/title>\n<meta name=\"robots\" content=\"index, follow, max-snippet:-1, max-image-preview:large, max-video-preview:-1\" \/>\n<link rel=\"canonical\" href=\"https:\/\/www.hhpartners.eu\/aktuality\/pravne-novinky\/ake-informacie-musia-zverejnovat-ambulancie\/\" \/>\n<meta property=\"og:locale\" content=\"en_GB\" \/>\n<meta property=\"og:type\" content=\"article\" \/>\n<meta property=\"og:title\" content=\"Ak\u00e9 inform\u00e1cie musia zverej\u0148ova\u0165 ambulancie? - h&amp;h PARTNERS\" \/>\n<meta property=\"og:description\" content=\"Sam\u00e9 povinnosti. Vieme, nie je to jednoduch\u00e9 orientova\u0165 sa v spleti v\u0161etk\u00fdch pr\u00e1vnych predpisov a z nich vypl\u00fdvaj\u00facich povinnost\u00ed. My v\u0161ak m\u00e1me preh\u013ead aj za v\u00e1s. Preto v\u00e1m prin\u00e1\u0161ame zoznam povinnost\u00ed s\u00favisiacich s inform\u00e1ciami, ktor\u00e9 musia ambulancie zverej\u0148ova\u0165. Ktor\u00e9 to s\u00fa? Ak\u00e1 pokuta hroz\u00ed ambulancii v pr\u00edpade nezverejnenia konkr\u00e9tnych inform\u00e1ci\u00ed? Po\u010fme sa spolu na to [...]\" \/>\n<meta property=\"og:url\" content=\"https:\/\/www.hhpartners.eu\/aktuality\/pravne-novinky\/ake-informacie-musia-zverejnovat-ambulancie\/\" \/>\n<meta property=\"og:site_name\" content=\"h&amp;h PARTNERS\" \/>\n<meta name=\"twitter:card\" content=\"summary\" \/>\n<meta name=\"twitter:label1\" content=\"Estimated reading time\" \/>\n\t<meta name=\"twitter:data1\" content=\"2 minutes\" \/>\n<script type=\"application\/ld+json\" class=\"yoast-schema-graph\">{\"@context\":\"https:\/\/schema.org\",\"@graph\":[{\"@type\":\"WebSite\",\"@id\":\"https:\/\/www.hhpartners.eu\/en\/#website\",\"url\":\"https:\/\/www.hhpartners.eu\/en\/\",\"name\":\"h&amp;h PARTNERS\",\"description\":\"\",\"potentialAction\":[{\"@type\":\"SearchAction\",\"target\":{\"@type\":\"EntryPoint\",\"urlTemplate\":\"https:\/\/www.hhpartners.eu\/en\/?s={search_term_string}\"},\"query-input\":\"required name=search_term_string\"}],\"inLanguage\":\"en-GB\"},{\"@type\":\"WebPage\",\"@id\":\"https:\/\/www.hhpartners.eu\/aktuality\/pravne-novinky\/ake-informacie-musia-zverejnovat-ambulancie\/#webpage\",\"url\":\"https:\/\/www.hhpartners.eu\/aktuality\/pravne-novinky\/ake-informacie-musia-zverejnovat-ambulancie\/\",\"name\":\"Ak\u00e9 inform\u00e1cie musia zverej\u0148ova\u0165 ambulancie? - h&amp;h PARTNERS\",\"isPartOf\":{\"@id\":\"https:\/\/www.hhpartners.eu\/en\/#website\"},\"datePublished\":\"2023-06-23T13:41:44+00:00\",\"dateModified\":\"2023-06-23T13:41:44+00:00\",\"breadcrumb\":{\"@id\":\"https:\/\/www.hhpartners.eu\/aktuality\/pravne-novinky\/ake-informacie-musia-zverejnovat-ambulancie\/#breadcrumb\"},\"inLanguage\":\"en-GB\",\"potentialAction\":[{\"@type\":\"ReadAction\",\"target\":[\"https:\/\/www.hhpartners.eu\/aktuality\/pravne-novinky\/ake-informacie-musia-zverejnovat-ambulancie\/\"]}]},{\"@type\":\"BreadcrumbList\",\"@id\":\"https:\/\/www.hhpartners.eu\/aktuality\/pravne-novinky\/ake-informacie-musia-zverejnovat-ambulancie\/#breadcrumb\",\"itemListElement\":[{\"@type\":\"ListItem\",\"position\":1,\"name\":\"Domovsk\u00e1 str\u00e1nka\",\"item\":\"https:\/\/www.hhpartners.eu\/\"},{\"@type\":\"ListItem\",\"position\":2,\"name\":\"Aktuality\",\"item\":\"https:\/\/www.hhpartners.eu\/aktuality\/\"},{\"@type\":\"ListItem\",\"position\":3,\"name\":\"Pr\u00e1vne novinky\",\"item\":\"https:\/\/www.hhpartners.eu\/aktuality\/pravne-novinky\/\"},{\"@type\":\"ListItem\",\"position\":4,\"name\":\"Ak\u00e9 inform\u00e1cie musia zverej\u0148ova\u0165 ambulancie?\"}]}]}<\/script>\n<!-- \/ Yoast SEO plugin. -->","yoast_head_json":{"title":"Ak\u00e9 inform\u00e1cie musia zverej\u0148ova\u0165 ambulancie? - h&amp;h PARTNERS","robots":{"index":"index","follow":"follow","max-snippet":"max-snippet:-1","max-image-preview":"max-image-preview:large","max-video-preview":"max-video-preview:-1"},"canonical":"https:\/\/www.hhpartners.eu\/aktuality\/pravne-novinky\/ake-informacie-musia-zverejnovat-ambulancie\/","og_locale":"en_GB","og_type":"article","og_title":"Ak\u00e9 inform\u00e1cie musia zverej\u0148ova\u0165 ambulancie? - h&amp;h PARTNERS","og_description":"Sam\u00e9 povinnosti. Vieme, nie je to jednoduch\u00e9 orientova\u0165 sa v spleti v\u0161etk\u00fdch pr\u00e1vnych predpisov a z nich vypl\u00fdvaj\u00facich povinnost\u00ed. My v\u0161ak m\u00e1me preh\u013ead aj za v\u00e1s. Preto v\u00e1m prin\u00e1\u0161ame zoznam povinnost\u00ed s\u00favisiacich s inform\u00e1ciami, ktor\u00e9 musia ambulancie zverej\u0148ova\u0165. Ktor\u00e9 to s\u00fa? Ak\u00e1 pokuta hroz\u00ed ambulancii v pr\u00edpade nezverejnenia konkr\u00e9tnych inform\u00e1ci\u00ed? Po\u010fme sa spolu na to [...]","og_url":"https:\/\/www.hhpartners.eu\/aktuality\/pravne-novinky\/ake-informacie-musia-zverejnovat-ambulancie\/","og_site_name":"h&amp;h PARTNERS","twitter_card":"summary","twitter_misc":{"Estimated reading time":"2 minutes"},"schema":{"@context":"https:\/\/schema.org","@graph":[{"@type":"WebSite","@id":"https:\/\/www.hhpartners.eu\/en\/#website","url":"https:\/\/www.hhpartners.eu\/en\/","name":"h&amp;h PARTNERS","description":"","potentialAction":[{"@type":"SearchAction","target":{"@type":"EntryPoint","urlTemplate":"https:\/\/www.hhpartners.eu\/en\/?s={search_term_string}"},"query-input":"required name=search_term_string"}],"inLanguage":"en-GB"},{"@type":"WebPage","@id":"https:\/\/www.hhpartners.eu\/aktuality\/pravne-novinky\/ake-informacie-musia-zverejnovat-ambulancie\/#webpage","url":"https:\/\/www.hhpartners.eu\/aktuality\/pravne-novinky\/ake-informacie-musia-zverejnovat-ambulancie\/","name":"Ak\u00e9 inform\u00e1cie musia zverej\u0148ova\u0165 ambulancie? - h&amp;h PARTNERS","isPartOf":{"@id":"https:\/\/www.hhpartners.eu\/en\/#website"},"datePublished":"2023-06-23T13:41:44+00:00","dateModified":"2023-06-23T13:41:44+00:00","breadcrumb":{"@id":"https:\/\/www.hhpartners.eu\/aktuality\/pravne-novinky\/ake-informacie-musia-zverejnovat-ambulancie\/#breadcrumb"},"inLanguage":"en-GB","potentialAction":[{"@type":"ReadAction","target":["https:\/\/www.hhpartners.eu\/aktuality\/pravne-novinky\/ake-informacie-musia-zverejnovat-ambulancie\/"]}]},{"@type":"BreadcrumbList","@id":"https:\/\/www.hhpartners.eu\/aktuality\/pravne-novinky\/ake-informacie-musia-zverejnovat-ambulancie\/#breadcrumb","itemListElement":[{"@type":"ListItem","position":1,"name":"Domovsk\u00e1 str\u00e1nka","item":"https:\/\/www.hhpartners.eu\/"},{"@type":"ListItem","position":2,"name":"Aktuality","item":"https:\/\/www.hhpartners.eu\/aktuality\/"},{"@type":"ListItem","position":3,"name":"Pr\u00e1vne novinky","item":"https:\/\/www.hhpartners.eu\/aktuality\/pravne-novinky\/"},{"@type":"ListItem","position":4,"name":"Ak\u00e9 inform\u00e1cie musia zverej\u0148ova\u0165 ambulancie?"}]}]}},"_links":{"self":[{"href":"https:\/\/www.hhpartners.eu\/en\/wp-json\/wp\/v2\/pages\/3611"}],"collection":[{"href":"https:\/\/www.hhpartners.eu\/en\/wp-json\/wp\/v2\/pages"}],"about":[{"href":"https:\/\/www.hhpartners.eu\/en\/wp-json\/wp\/v2\/types\/page"}],"author":[{"embeddable":true,"href":"https:\/\/www.hhpartners.eu\/en\/wp-json\/wp\/v2\/users\/1"}],"replies":[{"embeddable":true,"href":"https:\/\/www.hhpartners.eu\/en\/wp-json\/wp\/v2\/comments?post=3611"}],"version-history":[{"count":1,"href":"https:\/\/www.hhpartners.eu\/en\/wp-json\/wp\/v2\/pages\/3611\/revisions"}],"predecessor-version":[{"id":3613,"href":"https:\/\/www.hhpartners.eu\/en\/wp-json\/wp\/v2\/pages\/3611\/revisions\/3613"}],"up":[{"embeddable":true,"href":"https:\/\/www.hhpartners.eu\/en\/wp-json\/wp\/v2\/pages\/279"}],"wp:attachment":[{"href":"https:\/\/www.hhpartners.eu\/en\/wp-json\/wp\/v2\/media?parent=3611"}],"curies":[{"name":"wp","href":"https:\/\/api.w.org\/{rel}","templated":true}]}}