{"id":3622,"date":"2023-07-25T09:06:28","date_gmt":"2023-07-25T08:06:28","guid":{"rendered":"https:\/\/www.hhpartners.eu\/?page_id=3622"},"modified":"2023-07-25T09:06:29","modified_gmt":"2023-07-25T08:06:29","slug":"blizi-sa-prepoistovacie-obdobie","status":"publish","type":"page","link":"https:\/\/www.hhpartners.eu\/en\/aktuality\/pravne-novinky\/blizi-sa-prepoistovacie-obdobie\/","title":{"rendered":"Bl\u00ed\u017ei sa prepois\u0165ovacie obdobie"},"content":{"rendered":"\n<p><\/p>\n\n\n\n<p><em>T\u00e9me prepois\u0165ovania (zmene zdravotnej pois\u0165ovne) sme sa rozhodli venova\u0165, nako\u013eko sa op\u00e4\u0165 pomaly bl\u00ed\u017ei term\u00edn, kedy poistenci za\u010dn\u00fa zva\u017eova\u0165, \u010di nechc\u00fa zmeni\u0165 svoju zdravotn\u00fa pois\u0165ov\u0148u. V ka\u017edom prepois\u0165ovacom obdob\u00ed mus\u00ed \u00daDZS rie\u0161i\u0165 podnety od poistencov, ktor\u00fdm bola zmenen\u00e1 zdravotn\u00e1 pois\u0165ov\u0148a, av\u0161ak pod\u013ea ich vyjadren\u00ed oni t\u00fato zmenu nevykonali. Rie\u0161enie tohto probl\u00e9mu priniesla novela z\u00e1kona o zdravotnom poisten\u00ed (z. \u010d. 580\/2004 Z. z.).<\/em><\/p>\n\n\n\n<p>\u00darad pre doh\u013ead nad zdravotnou starostlivos\u0165ou (\u00daDZS) mus\u00ed v&nbsp;ka\u017edom prepois\u0165ovacom obdob\u00ed rie\u0161i\u0165 podnety zo strany poistencov, ktor\u00fdm bola zmenen\u00e1 zdravotn\u00e1 pois\u0165ov\u0148a, av\u0161ak pod\u013ea vyjadren\u00ed poistencov oni t\u00fato zmenu nevykonali.<\/p>\n\n\n\n<p>Z\u00e1konodarca na tieto probl\u00e9my reagoval a&nbsp;prijal novelu z\u00e1kona o&nbsp;zdravotnom poisten\u00ed, v&nbsp;ktorej stanovuje pravidla kontroly subjektu pod\u00e1vaj\u00faceho prihl\u00e1\u0161ku na zmenu zdravotnej pois\u0165ovne pr\u00edsnej\u0161ie. A&nbsp;to najm\u00e4 v&nbsp;pr\u00edpadoch, ke\u010f je prihl\u00e1\u0161ka pod\u00e1van\u00e1 na dia\u013eku, kedy je zamestnanec pois\u0165ovne obmedzen\u00fd v&nbsp;mo\u017enostiach verifik\u00e1cie. Novela zaviedla aj vz\u00e1jomn\u00e9 informa\u010dn\u00e9 povinnosti medzi \u00daDZS a&nbsp;zdravotnou pois\u0165ov\u0148ou v&nbsp;snahe zamedzi\u0165 pochybeniam, ku ktor\u00fdm doch\u00e1dzalo v&nbsp;d\u00f4sledku nedosta\u010duj\u00facej komunik\u00e1cie medzi t\u00fdmito in\u0161tit\u00faciami.<\/p>\n\n\n\n<p>Okrem uveden\u00e9ho novela zav\u00e1dza aj in\u00e9 opatrenia, najm\u00e4:<\/p>\n\n\n\n<ul><li>Prihl\u00e1\u0161ka, ktor\u00e1 nie je pod\u00e1van\u00e1 osobne (priamo na pobo\u010dke zdravotnej pois\u0165ovne) mus\u00ed obsahova\u0165 n\u00e1le\u017eitosti stanoven\u00e9 z\u00e1konom \u2013 <strong>predov\u0161etk\u00fdm overenie podpisu poistenca<\/strong><\/li><li>Jasn\u00e9 a presn\u00e9 stanovenie pravidiel pre sp\u00e4\u0165vzatie prihl\u00e1\u0161ky<\/li><li>Rie\u0161enie pod\u00e1vania prihl\u00e1\u0161ok za malolet\u00fdch, ktor\u00ed s\u00fa rozhodnut\u00edm s\u00fadu zveren\u00ed do starostlivosti in\u00e9mu subjektu<\/li><li>Zavedenie povinnej v\u00fdmeny \u00fadajov pri zmene pois\u0165ovne medzi zdravotn\u00fdmi pois\u0165ov\u0148ami a \u00daradom pre doh\u013ead nad zdravotnou starostlivos\u0165ou<\/li><\/ul>\n\n\n\n<p>Ak v\u00e1s t\u00e1to t\u00e9ma zaujala, bli\u017e\u0161ie inform\u00e1cie sa dozviete na <a href=\"https:\/\/www.medipravnik.sk\/pravne-clanky\/chystate-sa-zmenit-zdravotnu-poistovnu-na-tieto-veci-si-davajte-pozor-1594\/\">tomto<\/a> linku.<\/p>\n","protected":false},"excerpt":{"rendered":"<p>T\u00e9me prepois\u0165ovania (zmene zdravotnej pois\u0165ovne) sme sa rozhodli venova\u0165, nako\u013eko sa op\u00e4\u0165 pomaly bl\u00ed\u017ei term\u00edn, kedy poistenci za\u010dn\u00fa zva\u017eova\u0165, \u010di nechc\u00fa zmeni\u0165 svoju zdravotn\u00fa pois\u0165ov\u0148u. V ka\u017edom prepois\u0165ovacom obdob\u00ed mus\u00ed \u00daDZS rie\u0161i\u0165 podnety od poistencov, ktor\u00fdm bola zmenen\u00e1 zdravotn\u00e1 pois\u0165ov\u0148a, av\u0161ak pod\u013ea ich vyjadren\u00ed oni t\u00fato zmenu nevykonali. Rie\u0161enie tohto probl\u00e9mu priniesla novela z\u00e1kona o [&#8230;]<\/p>\n","protected":false},"author":1,"featured_media":0,"parent":279,"menu_order":0,"comment_status":"closed","ping_status":"closed","template":"","meta":[],"yoast_head":"<!-- This site is optimized with the Yoast SEO plugin v18.5.1 - https:\/\/yoast.com\/wordpress\/plugins\/seo\/ -->\n<title>Bl\u00ed\u017ei sa prepois\u0165ovacie obdobie - h&amp;h PARTNERS<\/title>\n<meta name=\"robots\" content=\"index, follow, max-snippet:-1, max-image-preview:large, max-video-preview:-1\" \/>\n<link rel=\"canonical\" href=\"https:\/\/www.hhpartners.eu\/aktuality\/pravne-novinky\/blizi-sa-prepoistovacie-obdobie\/\" \/>\n<meta property=\"og:locale\" content=\"en_GB\" \/>\n<meta property=\"og:type\" content=\"article\" \/>\n<meta property=\"og:title\" content=\"Bl\u00ed\u017ei sa prepois\u0165ovacie obdobie - h&amp;h PARTNERS\" \/>\n<meta property=\"og:description\" content=\"T\u00e9me prepois\u0165ovania (zmene zdravotnej pois\u0165ovne) sme sa rozhodli venova\u0165, nako\u013eko sa op\u00e4\u0165 pomaly bl\u00ed\u017ei term\u00edn, kedy poistenci za\u010dn\u00fa zva\u017eova\u0165, \u010di nechc\u00fa zmeni\u0165 svoju zdravotn\u00fa pois\u0165ov\u0148u. V ka\u017edom prepois\u0165ovacom obdob\u00ed mus\u00ed \u00daDZS rie\u0161i\u0165 podnety od poistencov, ktor\u00fdm bola zmenen\u00e1 zdravotn\u00e1 pois\u0165ov\u0148a, av\u0161ak pod\u013ea ich vyjadren\u00ed oni t\u00fato zmenu nevykonali. Rie\u0161enie tohto probl\u00e9mu priniesla novela z\u00e1kona o [...]\" \/>\n<meta property=\"og:url\" content=\"https:\/\/www.hhpartners.eu\/aktuality\/pravne-novinky\/blizi-sa-prepoistovacie-obdobie\/\" \/>\n<meta property=\"og:site_name\" content=\"h&amp;h PARTNERS\" \/>\n<meta property=\"article:modified_time\" content=\"2023-07-25T08:06:29+00:00\" \/>\n<meta name=\"twitter:card\" content=\"summary\" \/>\n<meta name=\"twitter:label1\" content=\"Estimated reading time\" \/>\n\t<meta name=\"twitter:data1\" content=\"2 minutes\" \/>\n<script type=\"application\/ld+json\" class=\"yoast-schema-graph\">{\"@context\":\"https:\/\/schema.org\",\"@graph\":[{\"@type\":\"WebSite\",\"@id\":\"https:\/\/www.hhpartners.eu\/en\/#website\",\"url\":\"https:\/\/www.hhpartners.eu\/en\/\",\"name\":\"h&amp;h PARTNERS\",\"description\":\"\",\"potentialAction\":[{\"@type\":\"SearchAction\",\"target\":{\"@type\":\"EntryPoint\",\"urlTemplate\":\"https:\/\/www.hhpartners.eu\/en\/?s={search_term_string}\"},\"query-input\":\"required name=search_term_string\"}],\"inLanguage\":\"en-GB\"},{\"@type\":\"WebPage\",\"@id\":\"https:\/\/www.hhpartners.eu\/aktuality\/pravne-novinky\/blizi-sa-prepoistovacie-obdobie\/#webpage\",\"url\":\"https:\/\/www.hhpartners.eu\/aktuality\/pravne-novinky\/blizi-sa-prepoistovacie-obdobie\/\",\"name\":\"Bl\u00ed\u017ei sa prepois\u0165ovacie obdobie - h&amp;h PARTNERS\",\"isPartOf\":{\"@id\":\"https:\/\/www.hhpartners.eu\/en\/#website\"},\"datePublished\":\"2023-07-25T08:06:28+00:00\",\"dateModified\":\"2023-07-25T08:06:29+00:00\",\"breadcrumb\":{\"@id\":\"https:\/\/www.hhpartners.eu\/aktuality\/pravne-novinky\/blizi-sa-prepoistovacie-obdobie\/#breadcrumb\"},\"inLanguage\":\"en-GB\",\"potentialAction\":[{\"@type\":\"ReadAction\",\"target\":[\"https:\/\/www.hhpartners.eu\/aktuality\/pravne-novinky\/blizi-sa-prepoistovacie-obdobie\/\"]}]},{\"@type\":\"BreadcrumbList\",\"@id\":\"https:\/\/www.hhpartners.eu\/aktuality\/pravne-novinky\/blizi-sa-prepoistovacie-obdobie\/#breadcrumb\",\"itemListElement\":[{\"@type\":\"ListItem\",\"position\":1,\"name\":\"Domovsk\u00e1 str\u00e1nka\",\"item\":\"https:\/\/www.hhpartners.eu\/\"},{\"@type\":\"ListItem\",\"position\":2,\"name\":\"Aktuality\",\"item\":\"https:\/\/www.hhpartners.eu\/aktuality\/\"},{\"@type\":\"ListItem\",\"position\":3,\"name\":\"Pr\u00e1vne novinky\",\"item\":\"https:\/\/www.hhpartners.eu\/aktuality\/pravne-novinky\/\"},{\"@type\":\"ListItem\",\"position\":4,\"name\":\"Bl\u00ed\u017ei sa prepois\u0165ovacie obdobie\"}]}]}<\/script>\n<!-- \/ Yoast SEO plugin. -->","yoast_head_json":{"title":"Bl\u00ed\u017ei sa prepois\u0165ovacie obdobie - h&amp;h PARTNERS","robots":{"index":"index","follow":"follow","max-snippet":"max-snippet:-1","max-image-preview":"max-image-preview:large","max-video-preview":"max-video-preview:-1"},"canonical":"https:\/\/www.hhpartners.eu\/aktuality\/pravne-novinky\/blizi-sa-prepoistovacie-obdobie\/","og_locale":"en_GB","og_type":"article","og_title":"Bl\u00ed\u017ei sa prepois\u0165ovacie obdobie - h&amp;h PARTNERS","og_description":"T\u00e9me prepois\u0165ovania (zmene zdravotnej pois\u0165ovne) sme sa rozhodli venova\u0165, nako\u013eko sa op\u00e4\u0165 pomaly bl\u00ed\u017ei term\u00edn, kedy poistenci za\u010dn\u00fa zva\u017eova\u0165, \u010di nechc\u00fa zmeni\u0165 svoju zdravotn\u00fa pois\u0165ov\u0148u. V ka\u017edom prepois\u0165ovacom obdob\u00ed mus\u00ed \u00daDZS rie\u0161i\u0165 podnety od poistencov, ktor\u00fdm bola zmenen\u00e1 zdravotn\u00e1 pois\u0165ov\u0148a, av\u0161ak pod\u013ea ich vyjadren\u00ed oni t\u00fato zmenu nevykonali. Rie\u0161enie tohto probl\u00e9mu priniesla novela z\u00e1kona o [...]","og_url":"https:\/\/www.hhpartners.eu\/aktuality\/pravne-novinky\/blizi-sa-prepoistovacie-obdobie\/","og_site_name":"h&amp;h PARTNERS","article_modified_time":"2023-07-25T08:06:29+00:00","twitter_card":"summary","twitter_misc":{"Estimated reading time":"2 minutes"},"schema":{"@context":"https:\/\/schema.org","@graph":[{"@type":"WebSite","@id":"https:\/\/www.hhpartners.eu\/en\/#website","url":"https:\/\/www.hhpartners.eu\/en\/","name":"h&amp;h PARTNERS","description":"","potentialAction":[{"@type":"SearchAction","target":{"@type":"EntryPoint","urlTemplate":"https:\/\/www.hhpartners.eu\/en\/?s={search_term_string}"},"query-input":"required name=search_term_string"}],"inLanguage":"en-GB"},{"@type":"WebPage","@id":"https:\/\/www.hhpartners.eu\/aktuality\/pravne-novinky\/blizi-sa-prepoistovacie-obdobie\/#webpage","url":"https:\/\/www.hhpartners.eu\/aktuality\/pravne-novinky\/blizi-sa-prepoistovacie-obdobie\/","name":"Bl\u00ed\u017ei sa prepois\u0165ovacie obdobie - h&amp;h PARTNERS","isPartOf":{"@id":"https:\/\/www.hhpartners.eu\/en\/#website"},"datePublished":"2023-07-25T08:06:28+00:00","dateModified":"2023-07-25T08:06:29+00:00","breadcrumb":{"@id":"https:\/\/www.hhpartners.eu\/aktuality\/pravne-novinky\/blizi-sa-prepoistovacie-obdobie\/#breadcrumb"},"inLanguage":"en-GB","potentialAction":[{"@type":"ReadAction","target":["https:\/\/www.hhpartners.eu\/aktuality\/pravne-novinky\/blizi-sa-prepoistovacie-obdobie\/"]}]},{"@type":"BreadcrumbList","@id":"https:\/\/www.hhpartners.eu\/aktuality\/pravne-novinky\/blizi-sa-prepoistovacie-obdobie\/#breadcrumb","itemListElement":[{"@type":"ListItem","position":1,"name":"Domovsk\u00e1 str\u00e1nka","item":"https:\/\/www.hhpartners.eu\/"},{"@type":"ListItem","position":2,"name":"Aktuality","item":"https:\/\/www.hhpartners.eu\/aktuality\/"},{"@type":"ListItem","position":3,"name":"Pr\u00e1vne novinky","item":"https:\/\/www.hhpartners.eu\/aktuality\/pravne-novinky\/"},{"@type":"ListItem","position":4,"name":"Bl\u00ed\u017ei sa prepois\u0165ovacie obdobie"}]}]}},"_links":{"self":[{"href":"https:\/\/www.hhpartners.eu\/en\/wp-json\/wp\/v2\/pages\/3622"}],"collection":[{"href":"https:\/\/www.hhpartners.eu\/en\/wp-json\/wp\/v2\/pages"}],"about":[{"href":"https:\/\/www.hhpartners.eu\/en\/wp-json\/wp\/v2\/types\/page"}],"author":[{"embeddable":true,"href":"https:\/\/www.hhpartners.eu\/en\/wp-json\/wp\/v2\/users\/1"}],"replies":[{"embeddable":true,"href":"https:\/\/www.hhpartners.eu\/en\/wp-json\/wp\/v2\/comments?post=3622"}],"version-history":[{"count":1,"href":"https:\/\/www.hhpartners.eu\/en\/wp-json\/wp\/v2\/pages\/3622\/revisions"}],"predecessor-version":[{"id":3624,"href":"https:\/\/www.hhpartners.eu\/en\/wp-json\/wp\/v2\/pages\/3622\/revisions\/3624"}],"up":[{"embeddable":true,"href":"https:\/\/www.hhpartners.eu\/en\/wp-json\/wp\/v2\/pages\/279"}],"wp:attachment":[{"href":"https:\/\/www.hhpartners.eu\/en\/wp-json\/wp\/v2\/media?parent=3622"}],"curies":[{"name":"wp","href":"https:\/\/api.w.org\/{rel}","templated":true}]}}