{"id":3629,"date":"2023-08-25T14:02:54","date_gmt":"2023-08-25T13:02:54","guid":{"rendered":"https:\/\/www.hhpartners.eu\/?page_id=3629"},"modified":"2023-08-25T14:02:55","modified_gmt":"2023-08-25T13:02:55","slug":"novela-zakona-o-liekoch","status":"publish","type":"page","link":"https:\/\/www.hhpartners.eu\/en\/aktuality\/pravne-novinky\/novela-zakona-o-liekoch\/","title":{"rendered":"Novela z\u00e1kona o liekoch"},"content":{"rendered":"\n<p><em>Augustom v zdravotn\u00edctve vl\u00e1dne novela z\u00e1kona o liekoch (z. \u010d. 362\/2011 Z.z.), ktor\u00e1 priniesla viacero zmien t\u00fdkaj\u00facich sa aj predpisovania liekov. Ve\u013emi v\u00fdznamnou zmenou, ktor\u00e1 bola v r\u00e1mci novely z\u00e1kona o liekoch presaden\u00e1, je povinnos\u0165 ambulantn\u00fdch lek\u00e1rov po vy\u0161etren\u00ed predpisova\u0165 pacientovi lieky, ktor\u00e9 pacientovi indikovali na lie\u010dbu.<\/em><\/p>\n\n\n\n<p>S \u00fa\u010dinnos\u0165ou od 1. augusta sa legislat\u00edvne zmeny v\u010faka novele z\u00e1kona o liekoch premietli do viacer\u00fdch oblast\u00ed, ako napr. do:<\/p>\n\n\n\n<ol type=\"1\"><li>zavedenia o\u010dkovania v lek\u00e1r\u0148ach,<\/li><li>zmien v predpisovan\u00ed pri prepusten\u00ed pacienta z \u00fastavnej zdravotnej starostlivosti,<\/li><li>zmien v delegovanom predpisovan\u00ed a pod.<\/li><\/ol>\n\n\n\n<p>Z\u00e1kon o liekoch pam\u00e4t\u00e1 na nasledovn\u00e9 druhy predpisov:<\/p>\n\n\n\n<ol type=\"1\"><li><strong>be\u017en\u00fd predpis<\/strong> &#8211; v\u0161eobecn\u00e9 pravidl\u00e1, ktor\u00e9 lek\u00e1r mus\u00ed uplatni\u0165 pri predpisovan\u00ed. Pri liekoch to plat\u00ed hlavne s d\u00f4razom na postup pri generickej preskripcii, mo\u017enosti odpor\u00fa\u010da\u0165 liek, \u010di zak\u00e1za\u0165 vydanie n\u00e1hradn\u00e9ho lieku a postupu pri predpise liekov s obsahom OPL. Predpis zdravotn\u00edckych pom\u00f4cok a potrav\u00edn nem\u00e1 tak konkr\u00e9tne a \u0161pecificky nastaven\u00e9 podmienky akom je tomu pri liekoch.<\/li><li><strong>nemocni\u010dn\u00fd <\/strong>(pri prepusten\u00ed pacienta z \u00fastavnej zdravotnej starostlivosti) \u2013 v \u00a7 119 ods. 3,<\/li><li><strong>delegovan\u00fd <\/strong>&#8211; \u00a7 119 ods. 12 a\u017e 14 &#8211; umo\u017e\u0148uje aby lieky\/ZP\/DP mohol na z\u00e1klade odpor\u00fa\u010dania od \u0161pecialistu predpisova\u0165 aj lek\u00e1r, ktor\u00fd nem\u00e1 pre predpis tak\u00e9muto pacientovi potrebn\u00fa odborn\u00fa sp\u00f4sobilos\u0165 (v\u0161eobecn\u00fd lek\u00e1r alebo pediater),<\/li><li><strong>opakovan\u00fd<\/strong> (REPETATUR) &#8211; \u00a7 119 ods. 24 &#8211; pravidl\u00e1 vystavovania opakovan\u00e9ho receptu na liek\/ZP\/DP, ktor\u00fd m\u00f4\u017ee vyu\u017ei\u0165 ka\u017ed\u00fd preskriptor,<\/li><li><strong>pandemick\u00fd<\/strong> &#8211; \u00a7 119 ods. 29 &#8211; \u0161peci\u00e1lny re\u017eim predpisovania po\u010das trvania kr\u00edzovej situ\u00e1cie vyvolanej ochoren\u00edm COVID-19. \u201eBeztrestn\u00e9\u201c poru\u0161enie indika\u010dn\u00fdch a preskrip\u010dn\u00fdch obmedzen\u00ed s mo\u017enos\u0165ou predp\u00edsania lie\u010dby a\u017e na 90 dn\u00ed<\/li><\/ol>\n\n\n\n<p>Do z\u00e1kona o liekoch bola novelou \u00fa\u010dinnou od 1. augusta zaveden\u00e1 aj ve\u013emi d\u00f4le\u017eit\u00e1 povinnos\u0165 ambulantn\u00e9ho lek\u00e1ra predp\u00edsa\u0165 liek\/ZP\/DP, ktor\u00fdch potrebu indikoval po vykonan\u00ed lek\u00e1rskeho vy\u0161etrenia. T\u00e1to povinnos\u0165 sa t\u00fdka ako v\u0161eobecn\u00fdch lek\u00e1rov\/pediatrov, tak aj \u0161pecialistov).<\/p>\n\n\n\n<p>Tro\u0161ku si odcitujeme zo z\u00e1kona &#8211; \u00a7 119 ods. 10 hovor\u00ed (cit.): \u201ePredpisuj\u00faci lek\u00e1r pri poskytovan\u00ed ambulantnej zdravotnej starostlivosti je povinn\u00fd v s\u00falade s preskrip\u010dn\u00fdmi obmedzeniami a indika\u010dn\u00fdmi obmedzeniami a za podmienok pod\u013ea tohto z\u00e1kona a osobitn\u00e9ho predpisu v\u017edy predp\u00edsa\u0165 hum\u00e1nny liek sp\u00f4sobom uveden\u00fdm v odseku 5, zdravotn\u00edcku pom\u00f4cku alebo dietetick\u00fa potravinu, ktor\u00fdch potrebu pacientovi indikoval po vykonan\u00ed lek\u00e1rskeho vy\u0161etrenia s\u00favisiaceho s indikovanou lie\u010dbou.\u201c<\/p>\n\n\n\n<p>Vy\u0161\u0161ie citovan\u00e9 ustanovenie z\u00e1kona o liekoch zna\u010d\u00ed, \u017ee aj \u0161pecialista mus\u00ed predp\u00edsa\u0165 pacientovi liek\/ZP\/DP (ak jeho potrebu indikoval), a to bez oh\u013eadu na to, \u017ee tento liek nie je preskrip\u010dne\/indika\u010dne obmedzen\u00fd na jeho \u0161pecializ\u00e1ciu. Pacientov tak nem\u00f4\u017ee \u0161pecialista pos\u00fava\u0165 na v\u0161eobecn\u00e9ho lek\u00e1ra\/pediatra na predpis preskrip\u010dne neviazan\u00fdch liekov.<\/p>\n\n\n\n<p>Ako to u\u017e b\u00fdva zvykom, aj s poru\u0161en\u00edm tejto povinnosti je spojen\u00e1 sankcia. Sankciou je pokuta, ktor\u00fa uklad\u00e1 \u0160\u00daKL, a to vo v\u00fd\u0161ke od 300 eur do 35 000 eur (\u00a7 138 ods. 36).<\/p>\n","protected":false},"excerpt":{"rendered":"<p>Augustom v zdravotn\u00edctve vl\u00e1dne novela z\u00e1kona o liekoch (z. \u010d. 362\/2011 Z.z.), ktor\u00e1 priniesla viacero zmien t\u00fdkaj\u00facich sa aj predpisovania liekov. Ve\u013emi v\u00fdznamnou zmenou, ktor\u00e1 bola v r\u00e1mci novely z\u00e1kona o liekoch presaden\u00e1, je povinnos\u0165 ambulantn\u00fdch lek\u00e1rov po vy\u0161etren\u00ed predpisova\u0165 pacientovi lieky, ktor\u00e9 pacientovi indikovali na lie\u010dbu. S \u00fa\u010dinnos\u0165ou od 1. augusta sa legislat\u00edvne zmeny [&#8230;]<\/p>\n","protected":false},"author":1,"featured_media":0,"parent":279,"menu_order":0,"comment_status":"closed","ping_status":"closed","template":"","meta":[],"yoast_head":"<!-- This site is optimized with the Yoast SEO plugin v18.5.1 - https:\/\/yoast.com\/wordpress\/plugins\/seo\/ -->\n<title>Novela z\u00e1kona o liekoch - h&amp;h PARTNERS<\/title>\n<meta name=\"robots\" content=\"index, follow, max-snippet:-1, max-image-preview:large, max-video-preview:-1\" \/>\n<link rel=\"canonical\" href=\"https:\/\/www.hhpartners.eu\/aktuality\/pravne-novinky\/novela-zakona-o-liekoch\/\" \/>\n<meta property=\"og:locale\" content=\"en_GB\" \/>\n<meta property=\"og:type\" content=\"article\" \/>\n<meta property=\"og:title\" content=\"Novela z\u00e1kona o liekoch - h&amp;h PARTNERS\" \/>\n<meta property=\"og:description\" content=\"Augustom v zdravotn\u00edctve vl\u00e1dne novela z\u00e1kona o liekoch (z. \u010d. 362\/2011 Z.z.), ktor\u00e1 priniesla viacero zmien t\u00fdkaj\u00facich sa aj predpisovania liekov. Ve\u013emi v\u00fdznamnou zmenou, ktor\u00e1 bola v r\u00e1mci novely z\u00e1kona o liekoch presaden\u00e1, je povinnos\u0165 ambulantn\u00fdch lek\u00e1rov po vy\u0161etren\u00ed predpisova\u0165 pacientovi lieky, ktor\u00e9 pacientovi indikovali na lie\u010dbu. S \u00fa\u010dinnos\u0165ou od 1. augusta sa legislat\u00edvne zmeny [...]\" \/>\n<meta property=\"og:url\" content=\"https:\/\/www.hhpartners.eu\/aktuality\/pravne-novinky\/novela-zakona-o-liekoch\/\" \/>\n<meta property=\"og:site_name\" content=\"h&amp;h PARTNERS\" \/>\n<meta property=\"article:modified_time\" content=\"2023-08-25T13:02:55+00:00\" \/>\n<meta name=\"twitter:card\" content=\"summary\" \/>\n<meta name=\"twitter:label1\" content=\"Estimated reading time\" \/>\n\t<meta name=\"twitter:data1\" content=\"3 minutes\" \/>\n<script type=\"application\/ld+json\" class=\"yoast-schema-graph\">{\"@context\":\"https:\/\/schema.org\",\"@graph\":[{\"@type\":\"WebSite\",\"@id\":\"https:\/\/www.hhpartners.eu\/en\/#website\",\"url\":\"https:\/\/www.hhpartners.eu\/en\/\",\"name\":\"h&amp;h PARTNERS\",\"description\":\"\",\"potentialAction\":[{\"@type\":\"SearchAction\",\"target\":{\"@type\":\"EntryPoint\",\"urlTemplate\":\"https:\/\/www.hhpartners.eu\/en\/?s={search_term_string}\"},\"query-input\":\"required name=search_term_string\"}],\"inLanguage\":\"en-GB\"},{\"@type\":\"WebPage\",\"@id\":\"https:\/\/www.hhpartners.eu\/aktuality\/pravne-novinky\/novela-zakona-o-liekoch\/#webpage\",\"url\":\"https:\/\/www.hhpartners.eu\/aktuality\/pravne-novinky\/novela-zakona-o-liekoch\/\",\"name\":\"Novela z\u00e1kona o liekoch - h&amp;h PARTNERS\",\"isPartOf\":{\"@id\":\"https:\/\/www.hhpartners.eu\/en\/#website\"},\"datePublished\":\"2023-08-25T13:02:54+00:00\",\"dateModified\":\"2023-08-25T13:02:55+00:00\",\"breadcrumb\":{\"@id\":\"https:\/\/www.hhpartners.eu\/aktuality\/pravne-novinky\/novela-zakona-o-liekoch\/#breadcrumb\"},\"inLanguage\":\"en-GB\",\"potentialAction\":[{\"@type\":\"ReadAction\",\"target\":[\"https:\/\/www.hhpartners.eu\/aktuality\/pravne-novinky\/novela-zakona-o-liekoch\/\"]}]},{\"@type\":\"BreadcrumbList\",\"@id\":\"https:\/\/www.hhpartners.eu\/aktuality\/pravne-novinky\/novela-zakona-o-liekoch\/#breadcrumb\",\"itemListElement\":[{\"@type\":\"ListItem\",\"position\":1,\"name\":\"Domovsk\u00e1 str\u00e1nka\",\"item\":\"https:\/\/www.hhpartners.eu\/\"},{\"@type\":\"ListItem\",\"position\":2,\"name\":\"Aktuality\",\"item\":\"https:\/\/www.hhpartners.eu\/aktuality\/\"},{\"@type\":\"ListItem\",\"position\":3,\"name\":\"Pr\u00e1vne novinky\",\"item\":\"https:\/\/www.hhpartners.eu\/aktuality\/pravne-novinky\/\"},{\"@type\":\"ListItem\",\"position\":4,\"name\":\"Novela z\u00e1kona o liekoch\"}]}]}<\/script>\n<!-- \/ Yoast SEO plugin. -->","yoast_head_json":{"title":"Novela z\u00e1kona o liekoch - h&amp;h PARTNERS","robots":{"index":"index","follow":"follow","max-snippet":"max-snippet:-1","max-image-preview":"max-image-preview:large","max-video-preview":"max-video-preview:-1"},"canonical":"https:\/\/www.hhpartners.eu\/aktuality\/pravne-novinky\/novela-zakona-o-liekoch\/","og_locale":"en_GB","og_type":"article","og_title":"Novela z\u00e1kona o liekoch - h&amp;h PARTNERS","og_description":"Augustom v zdravotn\u00edctve vl\u00e1dne novela z\u00e1kona o liekoch (z. \u010d. 362\/2011 Z.z.), ktor\u00e1 priniesla viacero zmien t\u00fdkaj\u00facich sa aj predpisovania liekov. Ve\u013emi v\u00fdznamnou zmenou, ktor\u00e1 bola v r\u00e1mci novely z\u00e1kona o liekoch presaden\u00e1, je povinnos\u0165 ambulantn\u00fdch lek\u00e1rov po vy\u0161etren\u00ed predpisova\u0165 pacientovi lieky, ktor\u00e9 pacientovi indikovali na lie\u010dbu. S \u00fa\u010dinnos\u0165ou od 1. augusta sa legislat\u00edvne zmeny [...]","og_url":"https:\/\/www.hhpartners.eu\/aktuality\/pravne-novinky\/novela-zakona-o-liekoch\/","og_site_name":"h&amp;h PARTNERS","article_modified_time":"2023-08-25T13:02:55+00:00","twitter_card":"summary","twitter_misc":{"Estimated reading time":"3 minutes"},"schema":{"@context":"https:\/\/schema.org","@graph":[{"@type":"WebSite","@id":"https:\/\/www.hhpartners.eu\/en\/#website","url":"https:\/\/www.hhpartners.eu\/en\/","name":"h&amp;h PARTNERS","description":"","potentialAction":[{"@type":"SearchAction","target":{"@type":"EntryPoint","urlTemplate":"https:\/\/www.hhpartners.eu\/en\/?s={search_term_string}"},"query-input":"required name=search_term_string"}],"inLanguage":"en-GB"},{"@type":"WebPage","@id":"https:\/\/www.hhpartners.eu\/aktuality\/pravne-novinky\/novela-zakona-o-liekoch\/#webpage","url":"https:\/\/www.hhpartners.eu\/aktuality\/pravne-novinky\/novela-zakona-o-liekoch\/","name":"Novela z\u00e1kona o liekoch - h&amp;h PARTNERS","isPartOf":{"@id":"https:\/\/www.hhpartners.eu\/en\/#website"},"datePublished":"2023-08-25T13:02:54+00:00","dateModified":"2023-08-25T13:02:55+00:00","breadcrumb":{"@id":"https:\/\/www.hhpartners.eu\/aktuality\/pravne-novinky\/novela-zakona-o-liekoch\/#breadcrumb"},"inLanguage":"en-GB","potentialAction":[{"@type":"ReadAction","target":["https:\/\/www.hhpartners.eu\/aktuality\/pravne-novinky\/novela-zakona-o-liekoch\/"]}]},{"@type":"BreadcrumbList","@id":"https:\/\/www.hhpartners.eu\/aktuality\/pravne-novinky\/novela-zakona-o-liekoch\/#breadcrumb","itemListElement":[{"@type":"ListItem","position":1,"name":"Domovsk\u00e1 str\u00e1nka","item":"https:\/\/www.hhpartners.eu\/"},{"@type":"ListItem","position":2,"name":"Aktuality","item":"https:\/\/www.hhpartners.eu\/aktuality\/"},{"@type":"ListItem","position":3,"name":"Pr\u00e1vne novinky","item":"https:\/\/www.hhpartners.eu\/aktuality\/pravne-novinky\/"},{"@type":"ListItem","position":4,"name":"Novela z\u00e1kona o liekoch"}]}]}},"_links":{"self":[{"href":"https:\/\/www.hhpartners.eu\/en\/wp-json\/wp\/v2\/pages\/3629"}],"collection":[{"href":"https:\/\/www.hhpartners.eu\/en\/wp-json\/wp\/v2\/pages"}],"about":[{"href":"https:\/\/www.hhpartners.eu\/en\/wp-json\/wp\/v2\/types\/page"}],"author":[{"embeddable":true,"href":"https:\/\/www.hhpartners.eu\/en\/wp-json\/wp\/v2\/users\/1"}],"replies":[{"embeddable":true,"href":"https:\/\/www.hhpartners.eu\/en\/wp-json\/wp\/v2\/comments?post=3629"}],"version-history":[{"count":1,"href":"https:\/\/www.hhpartners.eu\/en\/wp-json\/wp\/v2\/pages\/3629\/revisions"}],"predecessor-version":[{"id":3631,"href":"https:\/\/www.hhpartners.eu\/en\/wp-json\/wp\/v2\/pages\/3629\/revisions\/3631"}],"up":[{"embeddable":true,"href":"https:\/\/www.hhpartners.eu\/en\/wp-json\/wp\/v2\/pages\/279"}],"wp:attachment":[{"href":"https:\/\/www.hhpartners.eu\/en\/wp-json\/wp\/v2\/media?parent=3629"}],"curies":[{"name":"wp","href":"https:\/\/api.w.org\/{rel}","templated":true}]}}