{"id":3648,"date":"2023-11-14T09:00:31","date_gmt":"2023-11-14T08:00:31","guid":{"rendered":"https:\/\/www.hhpartners.eu\/?page_id=3648"},"modified":"2023-11-14T09:00:32","modified_gmt":"2023-11-14T08:00:32","slug":"pouzitie-obmedzovacich-prostriedkov-v-ramci-poskytovania-ustavnej-zdravotnej-starostlivosti","status":"publish","type":"page","link":"https:\/\/www.hhpartners.eu\/en\/aktuality\/pravne-novinky\/pouzitie-obmedzovacich-prostriedkov-v-ramci-poskytovania-ustavnej-zdravotnej-starostlivosti\/","title":{"rendered":"Pou\u017eitie obmedzovac\u00edch prostriedkov v\u00a0r\u00e1mci poskytovania \u00fastavnej zdravotnej starostlivosti"},"content":{"rendered":"\n<p><em>Pou\u017eitie obmedzovac\u00edch prostriedkov v&nbsp;r\u00e1mci poskytovania \u00fastavnej zdravotnej starostlivosti zaviedol z\u00e1kon o&nbsp;zdravotnej starostlivosti (z\u00e1kon \u010d. 576\/2004 Z.z.), ktor\u00fd stanovil z\u00e1kladn\u00e9 podmienky ich pou\u017eitia a&nbsp;nastavil ur\u010dit\u00e9 mantinely pre zachovanie humanizmu pri ich aplik\u00e1cii. Av\u0161ak, pr\u00e1vna \u00faprava v&nbsp;z\u00e1kone stanovila len z\u00e1kladne pravidl\u00e1, bli\u017e\u0161ia \u0161pecifik\u00e1cia pou\u017eitia obmedzovac\u00edch prostriedkov je upraven\u00e1 vo vyhl\u00e1\u0161ke \u010d. 358\/2023 Z.z., ktorou sa ustanovuj\u00fa podrobnosti o pou\u017e\u00edvan\u00ed obmedzovac\u00edch prostriedkov a veden\u00ed registra obmedzovac\u00edch prostriedkov.<\/em><\/p>\n\n\n\n<p>Novela z\u00e1kona o&nbsp;zdravotnej starostlivosti (z\u00e1kon \u010d. 576\/2004 Z.z.), ktor\u00e1 nadobudla \u00fa\u010dinnos\u0165 1. marca 2023 zaradila do textu z\u00e1kona obmedzovacie prostriedky ako jedno z&nbsp;bezpe\u010dnostn\u00fdch opatren\u00ed, ktor\u00e9 m\u00f4\u017ee zdravotn\u00edcky pracovn\u00edk pou\u017ei\u0165 v&nbsp;pr\u00edpade, ak je konanie zo strany pacienta nebezpe\u010dn\u00e9 alebo ohrozuj\u00face vo vz\u0165ahu k&nbsp;pacientovi sam\u00e9mu alebo vo vz\u0165ahu k&nbsp;ostatn\u00fdm pacientom, resp. zdravotn\u00edckym pracovn\u00edkom.<\/p>\n\n\n\n<p>Z\u00e1kon o&nbsp;zdravotnej starostlivosti rozli\u0161uje 4 druhy obmedzovac\u00edch prostriedkov, a to:<\/p>\n\n\n\n<ul><li>fyzick\u00e9 obmedzenie,<\/li><li>mechanick\u00e9 obmedzenie (\u00a7 9b ods. 3 z\u00e1kona o zdravotnej starostlivosti),<\/li><li>farmakologick\u00e9 obmedzenie (\u00a7 9b ods. 4 z\u00e1kona o zdravotnej starostlivosti),<\/li><li>izol\u00e1cia (\u00a7 9b ods. 5 z\u00e1kona o zdravotnej starostlivosti)<\/li><\/ul>\n\n\n\n<p>Bli\u017e\u0161ie \u0161pecifik\u00e1 aplik\u00e1cie predmetn\u00fdch obmedzovac\u00edch prostriedkov upravuje <strong>vyhl\u00e1\u0161ka \u010d. 358\/2023 Z.z., ktorou sa ustanovuj\u00fa podrobnosti o pou\u017e\u00edvan\u00ed obmedzovac\u00edch prostriedkov a veden\u00ed registra obmedzovac\u00edch prostriedkov<\/strong> (\u010falej ako \u201e<em>vyhl\u00e1\u0161ka<\/em>\u201c).<\/p>\n\n\n\n<p>Vyhl\u00e1\u0161ka v&nbsp;prvom rade bli\u017e\u0161ie definuje pojmy pou\u017e\u00edvan\u00e9 v&nbsp;z\u00e1kone o&nbsp;zdravotnej starostlivosti, a&nbsp;to:<\/p>\n\n\n\n<ul><li><strong>deeskala\u010dn\u00e1 technika je <\/strong>\u0161pecifick\u00e1 terapeutick\u00e1 technika, ktor\u00e1 pacientovi pom\u00e1ha z\u00edska\u0165 kontrolu nad svoj\u00edm spr\u00e1van\u00edm a zabra\u0148uje agres\u00edvnemu spr\u00e1vaniu vo\u010di sebe alebo svojmu okoliu;<\/li><li><strong>druhom obmedzovacieho prostriedku<\/strong> s\u00fa fyzick\u00e9 obmedzenie, mechanick\u00e9 obmedzenie, farmakologick\u00e9 obmedzenie a&nbsp;izol\u00e1cia;<\/li><li><strong>miestnos\u0165ou na bezpe\u010dn\u00fd pobyt je<\/strong> sekl\u00fazna miestnos\u0165; sekl\u00fazna miestnos\u0165 je ur\u010den\u00e1 pre pacienta s du\u0161evnou poruchou so z\u00e1va\u017en\u00fdmi poruchami spr\u00e1vania, ktor\u00fd ohrozuje seba alebo svoje okolie, je uzamknute\u013en\u00e1 person\u00e1lom a materi\u00e1lno-technicky bezpe\u010dn\u00e1 pre pacienta;<\/li><li><strong>bezpe\u010dnostnou jednotkou<\/strong> \u0161peci\u00e1lne vy\u010dlenen\u00fd priestor \u00fastavn\u00e9ho zdravotn\u00edckeho zariadenia s mo\u017enos\u0165ou bezpe\u010dn\u00e9ho zvl\u00e1dnutia por\u00fach spr\u00e1vania pacienta, n\u00e1sledn\u00e9ho kontinu\u00e1lneho monitorovania pacienta a jeho \u010fal\u0161ej lie\u010dby zah\u0155\u0148aj\u00faci sekl\u00faznu miestnos\u0165.<\/li><\/ul>\n\n\n\n<p>Okrem vymedzenia \u0161pecifick\u00fdch pojmov pou\u017e\u00edvan\u00fdch v&nbsp;z\u00e1kone stanovuje vyhl\u00e1\u0161ka aj bli\u017e\u0161ie podmienky aplik\u00e1cie obmedzovac\u00edch prostriedkov v&nbsp;\u00fastavnom zariaden\u00ed zdravotnej starostlivosti.<\/p>\n\n\n\n<p>Ak v\u00e1s t\u00e1to t\u00e9ma zaujala, bli\u017e\u0161ie inform\u00e1cie sa dozviete na <a href=\"https:\/\/www.medipravnik.sk\/pravne-clanky\/zavedenie-obmedzovacich-prostriedkov-ako-bezpecnostnych-opatreni-pri-poskytovani-ustavnej-zdravotnej-starostlivosti-2-cast-1642\/\">tomto<\/a> linku.<\/p>\n","protected":false},"excerpt":{"rendered":"<p>Pou\u017eitie obmedzovac\u00edch prostriedkov v&nbsp;r\u00e1mci poskytovania \u00fastavnej zdravotnej starostlivosti zaviedol z\u00e1kon o&nbsp;zdravotnej starostlivosti (z\u00e1kon \u010d. 576\/2004 Z.z.), ktor\u00fd stanovil z\u00e1kladn\u00e9 podmienky ich pou\u017eitia a&nbsp;nastavil ur\u010dit\u00e9 mantinely pre zachovanie humanizmu pri ich aplik\u00e1cii. Av\u0161ak, pr\u00e1vna \u00faprava v&nbsp;z\u00e1kone stanovila len z\u00e1kladne pravidl\u00e1, bli\u017e\u0161ia \u0161pecifik\u00e1cia pou\u017eitia obmedzovac\u00edch prostriedkov je upraven\u00e1 vo vyhl\u00e1\u0161ke \u010d. 358\/2023 Z.z., ktorou sa ustanovuj\u00fa podrobnosti [&#8230;]<\/p>\n","protected":false},"author":1,"featured_media":0,"parent":279,"menu_order":0,"comment_status":"closed","ping_status":"closed","template":"","meta":[],"yoast_head":"<!-- This site is optimized with the Yoast SEO plugin v18.5.1 - https:\/\/yoast.com\/wordpress\/plugins\/seo\/ -->\n<title>Pou\u017eitie obmedzovac\u00edch prostriedkov v\u00a0r\u00e1mci poskytovania \u00fastavnej zdravotnej starostlivosti - h&amp;h PARTNERS<\/title>\n<meta name=\"robots\" content=\"index, follow, max-snippet:-1, max-image-preview:large, max-video-preview:-1\" \/>\n<link rel=\"canonical\" href=\"https:\/\/www.hhpartners.eu\/aktuality\/pravne-novinky\/pouzitie-obmedzovacich-prostriedkov-v-ramci-poskytovania-ustavnej-zdravotnej-starostlivosti\/\" \/>\n<meta property=\"og:locale\" content=\"en_GB\" \/>\n<meta property=\"og:type\" content=\"article\" \/>\n<meta property=\"og:title\" content=\"Pou\u017eitie obmedzovac\u00edch prostriedkov v\u00a0r\u00e1mci poskytovania \u00fastavnej zdravotnej starostlivosti - h&amp;h PARTNERS\" \/>\n<meta property=\"og:description\" content=\"Pou\u017eitie obmedzovac\u00edch prostriedkov v&nbsp;r\u00e1mci poskytovania \u00fastavnej zdravotnej starostlivosti zaviedol z\u00e1kon o&nbsp;zdravotnej starostlivosti (z\u00e1kon \u010d. 576\/2004 Z.z.), ktor\u00fd stanovil z\u00e1kladn\u00e9 podmienky ich pou\u017eitia a&nbsp;nastavil ur\u010dit\u00e9 mantinely pre zachovanie humanizmu pri ich aplik\u00e1cii. Av\u0161ak, pr\u00e1vna \u00faprava v&nbsp;z\u00e1kone stanovila len z\u00e1kladne pravidl\u00e1, bli\u017e\u0161ia \u0161pecifik\u00e1cia pou\u017eitia obmedzovac\u00edch prostriedkov je upraven\u00e1 vo vyhl\u00e1\u0161ke \u010d. 358\/2023 Z.z., ktorou sa ustanovuj\u00fa podrobnosti [...]\" \/>\n<meta property=\"og:url\" content=\"https:\/\/www.hhpartners.eu\/aktuality\/pravne-novinky\/pouzitie-obmedzovacich-prostriedkov-v-ramci-poskytovania-ustavnej-zdravotnej-starostlivosti\/\" \/>\n<meta property=\"og:site_name\" content=\"h&amp;h PARTNERS\" \/>\n<meta property=\"article:modified_time\" content=\"2023-11-14T08:00:32+00:00\" \/>\n<meta name=\"twitter:card\" content=\"summary\" \/>\n<meta name=\"twitter:label1\" content=\"Estimated reading time\" \/>\n\t<meta name=\"twitter:data1\" content=\"2 minutes\" \/>\n<script type=\"application\/ld+json\" class=\"yoast-schema-graph\">{\"@context\":\"https:\/\/schema.org\",\"@graph\":[{\"@type\":\"WebSite\",\"@id\":\"https:\/\/www.hhpartners.eu\/en\/#website\",\"url\":\"https:\/\/www.hhpartners.eu\/en\/\",\"name\":\"h&amp;h PARTNERS\",\"description\":\"\",\"potentialAction\":[{\"@type\":\"SearchAction\",\"target\":{\"@type\":\"EntryPoint\",\"urlTemplate\":\"https:\/\/www.hhpartners.eu\/en\/?s={search_term_string}\"},\"query-input\":\"required name=search_term_string\"}],\"inLanguage\":\"en-GB\"},{\"@type\":\"WebPage\",\"@id\":\"https:\/\/www.hhpartners.eu\/aktuality\/pravne-novinky\/pouzitie-obmedzovacich-prostriedkov-v-ramci-poskytovania-ustavnej-zdravotnej-starostlivosti\/#webpage\",\"url\":\"https:\/\/www.hhpartners.eu\/aktuality\/pravne-novinky\/pouzitie-obmedzovacich-prostriedkov-v-ramci-poskytovania-ustavnej-zdravotnej-starostlivosti\/\",\"name\":\"Pou\u017eitie obmedzovac\u00edch prostriedkov v\u00a0r\u00e1mci poskytovania \u00fastavnej zdravotnej starostlivosti - h&amp;h PARTNERS\",\"isPartOf\":{\"@id\":\"https:\/\/www.hhpartners.eu\/en\/#website\"},\"datePublished\":\"2023-11-14T08:00:31+00:00\",\"dateModified\":\"2023-11-14T08:00:32+00:00\",\"breadcrumb\":{\"@id\":\"https:\/\/www.hhpartners.eu\/aktuality\/pravne-novinky\/pouzitie-obmedzovacich-prostriedkov-v-ramci-poskytovania-ustavnej-zdravotnej-starostlivosti\/#breadcrumb\"},\"inLanguage\":\"en-GB\",\"potentialAction\":[{\"@type\":\"ReadAction\",\"target\":[\"https:\/\/www.hhpartners.eu\/aktuality\/pravne-novinky\/pouzitie-obmedzovacich-prostriedkov-v-ramci-poskytovania-ustavnej-zdravotnej-starostlivosti\/\"]}]},{\"@type\":\"BreadcrumbList\",\"@id\":\"https:\/\/www.hhpartners.eu\/aktuality\/pravne-novinky\/pouzitie-obmedzovacich-prostriedkov-v-ramci-poskytovania-ustavnej-zdravotnej-starostlivosti\/#breadcrumb\",\"itemListElement\":[{\"@type\":\"ListItem\",\"position\":1,\"name\":\"Domovsk\u00e1 str\u00e1nka\",\"item\":\"https:\/\/www.hhpartners.eu\/\"},{\"@type\":\"ListItem\",\"position\":2,\"name\":\"Aktuality\",\"item\":\"https:\/\/www.hhpartners.eu\/aktuality\/\"},{\"@type\":\"ListItem\",\"position\":3,\"name\":\"Pr\u00e1vne novinky\",\"item\":\"https:\/\/www.hhpartners.eu\/aktuality\/pravne-novinky\/\"},{\"@type\":\"ListItem\",\"position\":4,\"name\":\"Pou\u017eitie obmedzovac\u00edch prostriedkov v\u00a0r\u00e1mci poskytovania \u00fastavnej zdravotnej starostlivosti\"}]}]}<\/script>\n<!-- \/ Yoast SEO plugin. -->","yoast_head_json":{"title":"Pou\u017eitie obmedzovac\u00edch prostriedkov v\u00a0r\u00e1mci poskytovania \u00fastavnej zdravotnej starostlivosti - h&amp;h PARTNERS","robots":{"index":"index","follow":"follow","max-snippet":"max-snippet:-1","max-image-preview":"max-image-preview:large","max-video-preview":"max-video-preview:-1"},"canonical":"https:\/\/www.hhpartners.eu\/aktuality\/pravne-novinky\/pouzitie-obmedzovacich-prostriedkov-v-ramci-poskytovania-ustavnej-zdravotnej-starostlivosti\/","og_locale":"en_GB","og_type":"article","og_title":"Pou\u017eitie obmedzovac\u00edch prostriedkov v\u00a0r\u00e1mci poskytovania \u00fastavnej zdravotnej starostlivosti - h&amp;h PARTNERS","og_description":"Pou\u017eitie obmedzovac\u00edch prostriedkov v&nbsp;r\u00e1mci poskytovania \u00fastavnej zdravotnej starostlivosti zaviedol z\u00e1kon o&nbsp;zdravotnej starostlivosti (z\u00e1kon \u010d. 576\/2004 Z.z.), ktor\u00fd stanovil z\u00e1kladn\u00e9 podmienky ich pou\u017eitia a&nbsp;nastavil ur\u010dit\u00e9 mantinely pre zachovanie humanizmu pri ich aplik\u00e1cii. Av\u0161ak, pr\u00e1vna \u00faprava v&nbsp;z\u00e1kone stanovila len z\u00e1kladne pravidl\u00e1, bli\u017e\u0161ia \u0161pecifik\u00e1cia pou\u017eitia obmedzovac\u00edch prostriedkov je upraven\u00e1 vo vyhl\u00e1\u0161ke \u010d. 358\/2023 Z.z., ktorou sa ustanovuj\u00fa podrobnosti [...]","og_url":"https:\/\/www.hhpartners.eu\/aktuality\/pravne-novinky\/pouzitie-obmedzovacich-prostriedkov-v-ramci-poskytovania-ustavnej-zdravotnej-starostlivosti\/","og_site_name":"h&amp;h PARTNERS","article_modified_time":"2023-11-14T08:00:32+00:00","twitter_card":"summary","twitter_misc":{"Estimated reading time":"2 minutes"},"schema":{"@context":"https:\/\/schema.org","@graph":[{"@type":"WebSite","@id":"https:\/\/www.hhpartners.eu\/en\/#website","url":"https:\/\/www.hhpartners.eu\/en\/","name":"h&amp;h PARTNERS","description":"","potentialAction":[{"@type":"SearchAction","target":{"@type":"EntryPoint","urlTemplate":"https:\/\/www.hhpartners.eu\/en\/?s={search_term_string}"},"query-input":"required name=search_term_string"}],"inLanguage":"en-GB"},{"@type":"WebPage","@id":"https:\/\/www.hhpartners.eu\/aktuality\/pravne-novinky\/pouzitie-obmedzovacich-prostriedkov-v-ramci-poskytovania-ustavnej-zdravotnej-starostlivosti\/#webpage","url":"https:\/\/www.hhpartners.eu\/aktuality\/pravne-novinky\/pouzitie-obmedzovacich-prostriedkov-v-ramci-poskytovania-ustavnej-zdravotnej-starostlivosti\/","name":"Pou\u017eitie obmedzovac\u00edch prostriedkov v\u00a0r\u00e1mci poskytovania \u00fastavnej zdravotnej starostlivosti - h&amp;h PARTNERS","isPartOf":{"@id":"https:\/\/www.hhpartners.eu\/en\/#website"},"datePublished":"2023-11-14T08:00:31+00:00","dateModified":"2023-11-14T08:00:32+00:00","breadcrumb":{"@id":"https:\/\/www.hhpartners.eu\/aktuality\/pravne-novinky\/pouzitie-obmedzovacich-prostriedkov-v-ramci-poskytovania-ustavnej-zdravotnej-starostlivosti\/#breadcrumb"},"inLanguage":"en-GB","potentialAction":[{"@type":"ReadAction","target":["https:\/\/www.hhpartners.eu\/aktuality\/pravne-novinky\/pouzitie-obmedzovacich-prostriedkov-v-ramci-poskytovania-ustavnej-zdravotnej-starostlivosti\/"]}]},{"@type":"BreadcrumbList","@id":"https:\/\/www.hhpartners.eu\/aktuality\/pravne-novinky\/pouzitie-obmedzovacich-prostriedkov-v-ramci-poskytovania-ustavnej-zdravotnej-starostlivosti\/#breadcrumb","itemListElement":[{"@type":"ListItem","position":1,"name":"Domovsk\u00e1 str\u00e1nka","item":"https:\/\/www.hhpartners.eu\/"},{"@type":"ListItem","position":2,"name":"Aktuality","item":"https:\/\/www.hhpartners.eu\/aktuality\/"},{"@type":"ListItem","position":3,"name":"Pr\u00e1vne novinky","item":"https:\/\/www.hhpartners.eu\/aktuality\/pravne-novinky\/"},{"@type":"ListItem","position":4,"name":"Pou\u017eitie obmedzovac\u00edch prostriedkov v\u00a0r\u00e1mci poskytovania \u00fastavnej zdravotnej starostlivosti"}]}]}},"_links":{"self":[{"href":"https:\/\/www.hhpartners.eu\/en\/wp-json\/wp\/v2\/pages\/3648"}],"collection":[{"href":"https:\/\/www.hhpartners.eu\/en\/wp-json\/wp\/v2\/pages"}],"about":[{"href":"https:\/\/www.hhpartners.eu\/en\/wp-json\/wp\/v2\/types\/page"}],"author":[{"embeddable":true,"href":"https:\/\/www.hhpartners.eu\/en\/wp-json\/wp\/v2\/users\/1"}],"replies":[{"embeddable":true,"href":"https:\/\/www.hhpartners.eu\/en\/wp-json\/wp\/v2\/comments?post=3648"}],"version-history":[{"count":1,"href":"https:\/\/www.hhpartners.eu\/en\/wp-json\/wp\/v2\/pages\/3648\/revisions"}],"predecessor-version":[{"id":3650,"href":"https:\/\/www.hhpartners.eu\/en\/wp-json\/wp\/v2\/pages\/3648\/revisions\/3650"}],"up":[{"embeddable":true,"href":"https:\/\/www.hhpartners.eu\/en\/wp-json\/wp\/v2\/pages\/279"}],"wp:attachment":[{"href":"https:\/\/www.hhpartners.eu\/en\/wp-json\/wp\/v2\/media?parent=3648"}],"curies":[{"name":"wp","href":"https:\/\/api.w.org\/{rel}","templated":true}]}}