{"id":3653,"date":"2023-12-19T16:22:22","date_gmt":"2023-12-19T15:22:22","guid":{"rendered":"https:\/\/www.hhpartners.eu\/?page_id=3653"},"modified":"2023-12-19T16:22:22","modified_gmt":"2023-12-19T15:22:22","slug":"epn-pre-lekarov-specialistov","status":"publish","type":"page","link":"https:\/\/www.hhpartners.eu\/en\/aktuality\/pravne-novinky\/epn-pre-lekarov-specialistov\/","title":{"rendered":"ePN pre lek\u00e1rov \u0161pecialistov"},"content":{"rendered":"\n<p><em>T\u00e9me elektronick\u00e9ho potvrdzovania do\u010dasnej pracovnej neschopnosti sme sa intenz\u00edvne venovali v&nbsp;predch\u00e1dzaj\u00facich \u010dl\u00e1nkoch. Av\u0161ak, pomaly sa bl\u00ed\u017ei koniec roka, preto pova\u017eujeme za potrebn\u00e9 upozorni\u0165 na skuto\u010dnos\u0165, \u017ee <\/em><em>elektronick\u00e9 potvrdzovanie pr\u00e1ceneschopnosti sa od 1. janu\u00e1ra 2024 stane realitou aj pre lek\u00e1rov \u0161pecialistov.<\/em><em><\/em><\/p>\n\n\n\n<p>Parlament schv\u00e1lil novelu z\u00e1kona o&nbsp;soci\u00e1lnom poisten\u00ed, ktor\u00e1 priniesla legislat\u00edvne zmeny v&nbsp;oblasti potvrdzovania pracovnej neschopnosti prostredn\u00edctvom elektronick\u00fdch prostriedkov. Elektronick\u00e9 potvrdzovanie pr\u00e1ceneschopnosti sa v&nbsp;j\u00fani 2023 stalo povinnos\u0165ou pre v\u0161eobecn\u00fdch lek\u00e1rov, gynekol\u00f3gov a&nbsp;nemocni\u010dn\u00fdch lek\u00e1rov. Doteraz platilo, \u017ee PNku v&nbsp;elektronickej podobe mohol vystavova\u0165 len v\u0161eobecn\u00fd lek\u00e1r, gynekol\u00f3g a nemocni\u010dn\u00fd lek\u00e1r v spojitosti s hospitaliz\u00e1ciou pacienta. Od 1. janu\u00e1ra 2024 v\u0161ak bud\u00fa PNky v&nbsp;elektronickej podobe vystavova\u0165 aj lek\u00e1ri \u0161pecialisti, a to vo v\u0161etk\u00fdch odboroch.<\/p>\n\n\n\n<p><strong>Aktu\u00e1lna \u00faprava potvrdzovania pr\u00e1ceneschopnosti<\/strong><\/p>\n\n\n\n<p>Pod\u013ea aktu\u00e1lne platnej pr\u00e1vnej \u00fapravy z\u00e1kona o zdravotnej starostlivosti (<a href=\"https:\/\/www.slov-lex.sk\/pravne-predpisy\/SK\/ZZ\/2004\/576\/20230801.html#paragraf-12a.odsek-1\">\u00a7 12a ods. 1 z\u00e1kona \u010d. 576\/2004 Z.z.<\/a>) m\u00f4\u017eu do\u010dasn\u00fa pr\u00e1ceneschopnos\u0165 potvrdzova\u0165:<\/p>\n\n\n\n<ul><li><strong>v\u0161eobecn\u00fd lek\u00e1r<\/strong> (v\u0161eobecn\u00fd lek\u00e1r pre dospel\u00fdch alebo pediater &#8211; pozn. \u010falej v texte budeme pou\u017e\u00edva\u0165 len pojem v\u0161eobecn\u00fd lek\u00e1r, ktor\u00fd zah\u0155\u0148a aj v\u0161eobecn\u00e9ho lek\u00e1ra pre dospel\u00fdch aj pediatra),<\/li><li><strong>lek\u00e1r so \u0161pecializ\u00e1ciou v odbore gynekol\u00f3gia a p\u00f4rodn\u00edctvo<\/strong> alebo<\/li><li><strong>nemocni\u010dn\u00fd lek\u00e1r<\/strong>, ak sa do\u010dasn\u00e1 pr\u00e1ceneschopnos\u0165 posudzuje v r\u00e1mci hospitaliz\u00e1cie v&nbsp;nemocnici<\/li><\/ul>\n\n\n\n<p>V pr\u00edpade, ak vznikla do\u010dasn\u00e1 pr\u00e1ceneschopnos\u0165 v d\u00f4sledku diagn\u00f3zy ur\u010denej lek\u00e1rom \u0161pecialistom (okrem gynekol\u00f3ga), pracovn\u00fa neschopnos\u0165 m\u00f4\u017ee potvrdi\u0165 len v\u0161eobecn\u00fd lek\u00e1r. Tak\u00fdto postup predstavuje komplik\u00e1cie pre pacienta, ktor\u00fd mus\u00ed za \u00fa\u010delom potvrdenia pracovnej neschopnosti nav\u0161t\u00edvi\u0165 svojho v\u0161eobecn\u00e9ho lek\u00e1ra. A&nbsp;z\u00e1rove\u0148 v&nbsp;d\u00f4sledku takto nastaven\u00e9ho mechanizmu potvrdzovania pracovnej neschopnosti doch\u00e1dza k&nbsp;vzniku neprimeran\u00e9mu administrat\u00edvnemu za\u0165a\u017eeniu na strane potvrdzuj\u00faceho lek\u00e1ra. V\u0161etko sa ale zmen\u00ed od 1. janu\u00e1ra 2024, kedy za\u010dn\u00fa PNky potvrdzova\u0165 aj v\u0161etci lek\u00e1ri \u0161pecialisti.<\/p>\n\n\n\n<p>Od 1. janu\u00e1ra 2024 bud\u00fa PN-ky v&nbsp;elektronickej podobe potvrdzova\u0165 okrem v\u0161eobecn\u00fdch lek\u00e1rov a nemocni\u010dn\u00fdch lek\u00e1rov, v\u0161etci lek\u00e1ri \u0161pecialisti, a to dokonca aj zubn\u00ed lek\u00e1ri. Bud\u00fa to teda lek\u00e1ri \u0161pecializovanej ambulantnej zdravotnej starostlivosti. To znamen\u00e1, \u017ee okruh opr\u00e1vnen\u00fdch subjektov sa podstatne roz\u0161\u00edri a&nbsp;bude vyzera\u0165 nasledovne:<\/p>\n\n\n\n<ul><li><strong>v\u0161eobecn\u00fd lek\u00e1r<\/strong> (v\u0161eobecn\u00fd lek\u00e1r pre dospel\u00fdch alebo pediater &#8211; pozn. \u010falej v texte budeme pou\u017e\u00edva\u0165 len pojem v\u0161eobecn\u00fd lek\u00e1r, ktor\u00fd zah\u0155\u0148a aj v\u0161eobecn\u00e9ho lek\u00e1ra pre dospel\u00fdch aj pediatra),<\/li><li><strong>lek\u00e1r so \u0161pecializ\u00e1ciou v odbore gynekol\u00f3gia a&nbsp;p\u00f4rodn\u00edctvo<\/strong>,<\/li><li><strong>nemocni\u010dn\u00fd lek\u00e1r<\/strong>, ak sa do\u010dasn\u00e1 pr\u00e1ceneschopnos\u0165 posudzuje v r\u00e1mci hospitaliz\u00e1cie v&nbsp;nemocnici,<\/li><li><strong>zubn\u00fd lek\u00e1r <\/strong>(<a href=\"https:\/\/www.slov-lex.sk\/pravne-predpisy\/SK\/ZZ\/2004\/576\/20240101.html#paragraf-7.odsek-1.pismeno-a.bod-2\">\u00a7 7 ods. 1 p\u00edsm. a) 2. bod z\u00e1kona o zdravotnej starostlivosti<\/a>)<\/li><li><strong>in\u00ed \u0161pecialisti <\/strong>(<a href=\"https:\/\/www.slov-lex.sk\/pravne-predpisy\/SK\/ZZ\/2004\/576\/20240101.html#paragraf-7.odsek-1.pismeno-a.bod-3\">\u00a7 7 ods. 1 p\u00edsm. a) 3. bod z\u00e1kona o zdravotnej starostlivosti<\/a>)<\/li><\/ul>\n\n\n\n<p>Ak v\u00e1s t\u00e1to t\u00e9ma zaujala, bli\u017e\u0161ie inform\u00e1cie sa dozviete na <a href=\"https:\/\/www.medipravnik.sk\/pravne-clanky\/povinnost-vystavovat-e-pn-ku-bude-od-1-januara-2024-platit-pre-specialistov-1680\/\">tomto<\/a> linku.<\/p>\n","protected":false},"excerpt":{"rendered":"<p>T\u00e9me elektronick\u00e9ho potvrdzovania do\u010dasnej pracovnej neschopnosti sme sa intenz\u00edvne venovali v&nbsp;predch\u00e1dzaj\u00facich \u010dl\u00e1nkoch. Av\u0161ak, pomaly sa bl\u00ed\u017ei koniec roka, preto pova\u017eujeme za potrebn\u00e9 upozorni\u0165 na skuto\u010dnos\u0165, \u017ee elektronick\u00e9 potvrdzovanie pr\u00e1ceneschopnosti sa od 1. janu\u00e1ra 2024 stane realitou aj pre lek\u00e1rov \u0161pecialistov. Parlament schv\u00e1lil novelu z\u00e1kona o&nbsp;soci\u00e1lnom poisten\u00ed, ktor\u00e1 priniesla legislat\u00edvne zmeny v&nbsp;oblasti potvrdzovania pracovnej neschopnosti prostredn\u00edctvom [&#8230;]<\/p>\n","protected":false},"author":1,"featured_media":0,"parent":279,"menu_order":0,"comment_status":"closed","ping_status":"closed","template":"","meta":[],"yoast_head":"<!-- This site is optimized with the Yoast SEO plugin v18.5.1 - https:\/\/yoast.com\/wordpress\/plugins\/seo\/ -->\n<title>ePN pre lek\u00e1rov \u0161pecialistov - h&amp;h PARTNERS<\/title>\n<meta name=\"robots\" content=\"index, follow, max-snippet:-1, max-image-preview:large, max-video-preview:-1\" \/>\n<link rel=\"canonical\" href=\"https:\/\/www.hhpartners.eu\/aktuality\/pravne-novinky\/epn-pre-lekarov-specialistov\/\" \/>\n<meta property=\"og:locale\" content=\"en_GB\" \/>\n<meta property=\"og:type\" content=\"article\" \/>\n<meta property=\"og:title\" content=\"ePN pre lek\u00e1rov \u0161pecialistov - h&amp;h PARTNERS\" \/>\n<meta property=\"og:description\" content=\"T\u00e9me elektronick\u00e9ho potvrdzovania do\u010dasnej pracovnej neschopnosti sme sa intenz\u00edvne venovali v&nbsp;predch\u00e1dzaj\u00facich \u010dl\u00e1nkoch. Av\u0161ak, pomaly sa bl\u00ed\u017ei koniec roka, preto pova\u017eujeme za potrebn\u00e9 upozorni\u0165 na skuto\u010dnos\u0165, \u017ee elektronick\u00e9 potvrdzovanie pr\u00e1ceneschopnosti sa od 1. janu\u00e1ra 2024 stane realitou aj pre lek\u00e1rov \u0161pecialistov. Parlament schv\u00e1lil novelu z\u00e1kona o&nbsp;soci\u00e1lnom poisten\u00ed, ktor\u00e1 priniesla legislat\u00edvne zmeny v&nbsp;oblasti potvrdzovania pracovnej neschopnosti prostredn\u00edctvom [...]\" \/>\n<meta property=\"og:url\" content=\"https:\/\/www.hhpartners.eu\/aktuality\/pravne-novinky\/epn-pre-lekarov-specialistov\/\" \/>\n<meta property=\"og:site_name\" content=\"h&amp;h PARTNERS\" \/>\n<meta name=\"twitter:card\" content=\"summary\" \/>\n<meta name=\"twitter:label1\" content=\"Estimated reading time\" \/>\n\t<meta name=\"twitter:data1\" content=\"3 minutes\" \/>\n<script type=\"application\/ld+json\" class=\"yoast-schema-graph\">{\"@context\":\"https:\/\/schema.org\",\"@graph\":[{\"@type\":\"WebSite\",\"@id\":\"https:\/\/www.hhpartners.eu\/en\/#website\",\"url\":\"https:\/\/www.hhpartners.eu\/en\/\",\"name\":\"h&amp;h PARTNERS\",\"description\":\"\",\"potentialAction\":[{\"@type\":\"SearchAction\",\"target\":{\"@type\":\"EntryPoint\",\"urlTemplate\":\"https:\/\/www.hhpartners.eu\/en\/?s={search_term_string}\"},\"query-input\":\"required name=search_term_string\"}],\"inLanguage\":\"en-GB\"},{\"@type\":\"WebPage\",\"@id\":\"https:\/\/www.hhpartners.eu\/aktuality\/pravne-novinky\/epn-pre-lekarov-specialistov\/#webpage\",\"url\":\"https:\/\/www.hhpartners.eu\/aktuality\/pravne-novinky\/epn-pre-lekarov-specialistov\/\",\"name\":\"ePN pre lek\u00e1rov \u0161pecialistov - h&amp;h PARTNERS\",\"isPartOf\":{\"@id\":\"https:\/\/www.hhpartners.eu\/en\/#website\"},\"datePublished\":\"2023-12-19T15:22:22+00:00\",\"dateModified\":\"2023-12-19T15:22:22+00:00\",\"breadcrumb\":{\"@id\":\"https:\/\/www.hhpartners.eu\/aktuality\/pravne-novinky\/epn-pre-lekarov-specialistov\/#breadcrumb\"},\"inLanguage\":\"en-GB\",\"potentialAction\":[{\"@type\":\"ReadAction\",\"target\":[\"https:\/\/www.hhpartners.eu\/aktuality\/pravne-novinky\/epn-pre-lekarov-specialistov\/\"]}]},{\"@type\":\"BreadcrumbList\",\"@id\":\"https:\/\/www.hhpartners.eu\/aktuality\/pravne-novinky\/epn-pre-lekarov-specialistov\/#breadcrumb\",\"itemListElement\":[{\"@type\":\"ListItem\",\"position\":1,\"name\":\"Domovsk\u00e1 str\u00e1nka\",\"item\":\"https:\/\/www.hhpartners.eu\/\"},{\"@type\":\"ListItem\",\"position\":2,\"name\":\"Aktuality\",\"item\":\"https:\/\/www.hhpartners.eu\/aktuality\/\"},{\"@type\":\"ListItem\",\"position\":3,\"name\":\"Pr\u00e1vne novinky\",\"item\":\"https:\/\/www.hhpartners.eu\/aktuality\/pravne-novinky\/\"},{\"@type\":\"ListItem\",\"position\":4,\"name\":\"ePN pre lek\u00e1rov \u0161pecialistov\"}]}]}<\/script>\n<!-- \/ Yoast SEO plugin. -->","yoast_head_json":{"title":"ePN pre lek\u00e1rov \u0161pecialistov - h&amp;h PARTNERS","robots":{"index":"index","follow":"follow","max-snippet":"max-snippet:-1","max-image-preview":"max-image-preview:large","max-video-preview":"max-video-preview:-1"},"canonical":"https:\/\/www.hhpartners.eu\/aktuality\/pravne-novinky\/epn-pre-lekarov-specialistov\/","og_locale":"en_GB","og_type":"article","og_title":"ePN pre lek\u00e1rov \u0161pecialistov - h&amp;h PARTNERS","og_description":"T\u00e9me elektronick\u00e9ho potvrdzovania do\u010dasnej pracovnej neschopnosti sme sa intenz\u00edvne venovali v&nbsp;predch\u00e1dzaj\u00facich \u010dl\u00e1nkoch. Av\u0161ak, pomaly sa bl\u00ed\u017ei koniec roka, preto pova\u017eujeme za potrebn\u00e9 upozorni\u0165 na skuto\u010dnos\u0165, \u017ee elektronick\u00e9 potvrdzovanie pr\u00e1ceneschopnosti sa od 1. janu\u00e1ra 2024 stane realitou aj pre lek\u00e1rov \u0161pecialistov. Parlament schv\u00e1lil novelu z\u00e1kona o&nbsp;soci\u00e1lnom poisten\u00ed, ktor\u00e1 priniesla legislat\u00edvne zmeny v&nbsp;oblasti potvrdzovania pracovnej neschopnosti prostredn\u00edctvom [...]","og_url":"https:\/\/www.hhpartners.eu\/aktuality\/pravne-novinky\/epn-pre-lekarov-specialistov\/","og_site_name":"h&amp;h PARTNERS","twitter_card":"summary","twitter_misc":{"Estimated reading time":"3 minutes"},"schema":{"@context":"https:\/\/schema.org","@graph":[{"@type":"WebSite","@id":"https:\/\/www.hhpartners.eu\/en\/#website","url":"https:\/\/www.hhpartners.eu\/en\/","name":"h&amp;h PARTNERS","description":"","potentialAction":[{"@type":"SearchAction","target":{"@type":"EntryPoint","urlTemplate":"https:\/\/www.hhpartners.eu\/en\/?s={search_term_string}"},"query-input":"required name=search_term_string"}],"inLanguage":"en-GB"},{"@type":"WebPage","@id":"https:\/\/www.hhpartners.eu\/aktuality\/pravne-novinky\/epn-pre-lekarov-specialistov\/#webpage","url":"https:\/\/www.hhpartners.eu\/aktuality\/pravne-novinky\/epn-pre-lekarov-specialistov\/","name":"ePN pre lek\u00e1rov \u0161pecialistov - h&amp;h PARTNERS","isPartOf":{"@id":"https:\/\/www.hhpartners.eu\/en\/#website"},"datePublished":"2023-12-19T15:22:22+00:00","dateModified":"2023-12-19T15:22:22+00:00","breadcrumb":{"@id":"https:\/\/www.hhpartners.eu\/aktuality\/pravne-novinky\/epn-pre-lekarov-specialistov\/#breadcrumb"},"inLanguage":"en-GB","potentialAction":[{"@type":"ReadAction","target":["https:\/\/www.hhpartners.eu\/aktuality\/pravne-novinky\/epn-pre-lekarov-specialistov\/"]}]},{"@type":"BreadcrumbList","@id":"https:\/\/www.hhpartners.eu\/aktuality\/pravne-novinky\/epn-pre-lekarov-specialistov\/#breadcrumb","itemListElement":[{"@type":"ListItem","position":1,"name":"Domovsk\u00e1 str\u00e1nka","item":"https:\/\/www.hhpartners.eu\/"},{"@type":"ListItem","position":2,"name":"Aktuality","item":"https:\/\/www.hhpartners.eu\/aktuality\/"},{"@type":"ListItem","position":3,"name":"Pr\u00e1vne novinky","item":"https:\/\/www.hhpartners.eu\/aktuality\/pravne-novinky\/"},{"@type":"ListItem","position":4,"name":"ePN pre lek\u00e1rov \u0161pecialistov"}]}]}},"_links":{"self":[{"href":"https:\/\/www.hhpartners.eu\/en\/wp-json\/wp\/v2\/pages\/3653"}],"collection":[{"href":"https:\/\/www.hhpartners.eu\/en\/wp-json\/wp\/v2\/pages"}],"about":[{"href":"https:\/\/www.hhpartners.eu\/en\/wp-json\/wp\/v2\/types\/page"}],"author":[{"embeddable":true,"href":"https:\/\/www.hhpartners.eu\/en\/wp-json\/wp\/v2\/users\/1"}],"replies":[{"embeddable":true,"href":"https:\/\/www.hhpartners.eu\/en\/wp-json\/wp\/v2\/comments?post=3653"}],"version-history":[{"count":1,"href":"https:\/\/www.hhpartners.eu\/en\/wp-json\/wp\/v2\/pages\/3653\/revisions"}],"predecessor-version":[{"id":3655,"href":"https:\/\/www.hhpartners.eu\/en\/wp-json\/wp\/v2\/pages\/3653\/revisions\/3655"}],"up":[{"embeddable":true,"href":"https:\/\/www.hhpartners.eu\/en\/wp-json\/wp\/v2\/pages\/279"}],"wp:attachment":[{"href":"https:\/\/www.hhpartners.eu\/en\/wp-json\/wp\/v2\/media?parent=3653"}],"curies":[{"name":"wp","href":"https:\/\/api.w.org\/{rel}","templated":true}]}}