{"id":3677,"date":"2024-03-05T13:16:44","date_gmt":"2024-03-05T12:16:44","guid":{"rendered":"https:\/\/www.hhpartners.eu\/?page_id=3677"},"modified":"2024-03-05T13:16:44","modified_gmt":"2024-03-05T12:16:44","slug":"informovany-suhlas-nesposobileho-pacienta","status":"publish","type":"page","link":"https:\/\/www.hhpartners.eu\/en\/aktuality\/pravne-novinky\/informovany-suhlas-nesposobileho-pacienta\/","title":{"rendered":"Informovan\u00fd s\u00fahlas nesp\u00f4sobil\u00e9ho pacienta"},"content":{"rendered":"\n<p><em>Informovan\u00fd s\u00fahlas pacienta je z\u00e1kladn\u00fdm stavebn\u00fdm kame\u0148om spr\u00e1vne poskytovanej zdravotnej starostlivosti. Pr\u00e1ve v d\u00f4sledku informovan\u00e9ho s\u00fahlasu, ktor\u00e9mu predch\u00e1dza n\u00e1le\u017eit\u00e9 pou\u010denie, doch\u00e1dza k budovaniu partnersk\u00e9ho vz\u0165ahu medzi pacientom a zdravotn\u00edckym pracovn\u00edkom, pri\u010dom je potrebn\u00e9 ho vn\u00edma\u0165 ako prostriedok zabezpe\u010duj\u00faci udr\u017eanie balansu a d\u00f4very v procese diagnostiky a lie\u010dby. \u010co ale v pr\u00edpade, ak osoba, ktorej sa poskytuje zdravotn\u00e1 starostlivos\u0165, nie je sp\u00f4sobil\u00e1 na udelenie s\u00fahlasu? M\u00e1me za to, \u017ee viacer\u00fdm zdravotn\u00edckym pracovn\u00edkom prich\u00e1dzaj\u00facim do styku s tak\u00fdmito pacientmi napadla t\u00e1to ot\u00e1zka.<\/em><\/p>\n\n\n\n<p>Informovan\u00fd s\u00fahlas je neodmyslite\u013enou s\u00fa\u010das\u0165ou spr\u00e1vne poskytnutej zdravotnej starostlivosti (<em>lege artis<\/em>), nako\u013eko sl\u00fa\u017ei ako komunika\u010dn\u00fd kan\u00e1l medzi pacientom a zdravotn\u00edckym pracovn\u00edkom. Prostredn\u00edctvom informovan\u00e9ho s\u00fahlasu je mo\u017en\u00e9 priamo zapoji\u0165 pacienta do jeho lie\u010dby, \u010d\u00edm sa buduje vz\u00e1jomn\u00e1 d\u00f4vera medzi pacientom a jeho o\u0161etruj\u00facim lek\u00e1rom. S oh\u013eadom na to je potrebn\u00e9 mu venova\u0165 dostato\u010dn\u00fa pozornos\u0165.<\/p>\n\n\n\n<p>Hlavnou \u00falohou informovan\u00e9ho s\u00fahlasu je zachyti\u0165 sp\u00f4sob, ak\u00fdm bol pacient pou\u010den\u00fd svoj\u00edm lek\u00e1rom. Preto je d\u00f4le\u017eit\u00fd aj z h\u013eadiska medic\u00ednskeho pr\u00e1va. Tento dokument ochra\u0148uje pacienta i lek\u00e1ra v pr\u00edpade zav\u00e1han\u00ed, nejasnost\u00ed, pochyben\u00ed. Preto treba dba\u0165 na jeho obsah, pozna\u0165 jeho pr\u00e1vne n\u00e1le\u017eitosti a tie\u017e spr\u00e1vne komunikova\u0165.<\/p>\n\n\n\n<p>Informovan\u00e9mu s\u00fahlasu predch\u00e1dza pou\u010denie, ktor\u00e9 sa zv\u00e4\u010d\u0161a zabezpe\u010duje \u00fastnym rozhovorom s pacientom. Podstatou pou\u010denia je informova\u0165 pacienta o \u00fa\u010dele, povahe, n\u00e1sledkoch a rizik\u00e1ch poskytnutia zdravotnej starostlivosti, o mo\u017enostiach vo\u013eby navrhovan\u00fdch postupov a rizik\u00e1ch odmietnutia poskytnutia zdravotnej starostlivosti. O\u0161etruj\u00faci zdravotn\u00edcky pracovn\u00edk je povinn\u00fd poskytn\u00fa\u0165 pou\u010denie zrozumite\u013ene, oh\u013eaduplne, bez n\u00e1tlaku, s mo\u017enos\u0165ou a dostato\u010dn\u00fdm \u010dasom slobodne sa rozhodn\u00fa\u0165 pre informovan\u00fd s\u00fahlas a primerane rozumovej a v\u00f4\u013eovej vyspelosti a zdravotn\u00e9mu stavu osoby, ktor\u00fa m\u00e1 pou\u010di\u0165.<\/p>\n\n\n\n<p>\u010co ale v&nbsp;pr\u00edpade, ak pacient nie je sp\u00f4sobili udeli\u0165 s\u00fahlas alebo by\u0165 n\u00e1le\u017eite pou\u010den\u00fd?<\/p>\n\n\n\n<p>V&nbsp;pr\u00edpade, ak v\u00e1s t\u00e1to t\u00e9ma zaujala, bli\u017e\u0161ie inform\u00e1cie n\u00e1jdete na <a href=\"https:\/\/www.medipravnik.sk\/pravne-clanky\/informovany-suhlas-nesposobileho-pacienta-1709\/\">tomto<\/a> linku.<\/p>\n","protected":false},"excerpt":{"rendered":"<p>Informovan\u00fd s\u00fahlas pacienta je z\u00e1kladn\u00fdm stavebn\u00fdm kame\u0148om spr\u00e1vne poskytovanej zdravotnej starostlivosti. Pr\u00e1ve v d\u00f4sledku informovan\u00e9ho s\u00fahlasu, ktor\u00e9mu predch\u00e1dza n\u00e1le\u017eit\u00e9 pou\u010denie, doch\u00e1dza k budovaniu partnersk\u00e9ho vz\u0165ahu medzi pacientom a zdravotn\u00edckym pracovn\u00edkom, pri\u010dom je potrebn\u00e9 ho vn\u00edma\u0165 ako prostriedok zabezpe\u010duj\u00faci udr\u017eanie balansu a d\u00f4very v procese diagnostiky a lie\u010dby. \u010co ale v pr\u00edpade, ak osoba, ktorej sa [&#8230;]<\/p>\n","protected":false},"author":1,"featured_media":0,"parent":279,"menu_order":0,"comment_status":"closed","ping_status":"closed","template":"","meta":[],"yoast_head":"<!-- This site is optimized with the Yoast SEO plugin v18.5.1 - https:\/\/yoast.com\/wordpress\/plugins\/seo\/ -->\n<title>Informovan\u00fd s\u00fahlas nesp\u00f4sobil\u00e9ho pacienta - h&amp;h PARTNERS<\/title>\n<meta name=\"robots\" content=\"index, follow, max-snippet:-1, max-image-preview:large, max-video-preview:-1\" \/>\n<link rel=\"canonical\" href=\"https:\/\/www.hhpartners.eu\/aktuality\/pravne-novinky\/informovany-suhlas-nesposobileho-pacienta\/\" \/>\n<meta property=\"og:locale\" content=\"en_GB\" \/>\n<meta property=\"og:type\" content=\"article\" \/>\n<meta property=\"og:title\" content=\"Informovan\u00fd s\u00fahlas nesp\u00f4sobil\u00e9ho pacienta - h&amp;h PARTNERS\" \/>\n<meta property=\"og:description\" content=\"Informovan\u00fd s\u00fahlas pacienta je z\u00e1kladn\u00fdm stavebn\u00fdm kame\u0148om spr\u00e1vne poskytovanej zdravotnej starostlivosti. Pr\u00e1ve v d\u00f4sledku informovan\u00e9ho s\u00fahlasu, ktor\u00e9mu predch\u00e1dza n\u00e1le\u017eit\u00e9 pou\u010denie, doch\u00e1dza k budovaniu partnersk\u00e9ho vz\u0165ahu medzi pacientom a zdravotn\u00edckym pracovn\u00edkom, pri\u010dom je potrebn\u00e9 ho vn\u00edma\u0165 ako prostriedok zabezpe\u010duj\u00faci udr\u017eanie balansu a d\u00f4very v procese diagnostiky a lie\u010dby. \u010co ale v pr\u00edpade, ak osoba, ktorej sa [...]\" \/>\n<meta property=\"og:url\" content=\"https:\/\/www.hhpartners.eu\/aktuality\/pravne-novinky\/informovany-suhlas-nesposobileho-pacienta\/\" \/>\n<meta property=\"og:site_name\" content=\"h&amp;h PARTNERS\" \/>\n<meta name=\"twitter:card\" content=\"summary\" \/>\n<meta name=\"twitter:label1\" content=\"Estimated reading time\" \/>\n\t<meta name=\"twitter:data1\" content=\"2 minutes\" \/>\n<script type=\"application\/ld+json\" class=\"yoast-schema-graph\">{\"@context\":\"https:\/\/schema.org\",\"@graph\":[{\"@type\":\"WebSite\",\"@id\":\"https:\/\/www.hhpartners.eu\/en\/#website\",\"url\":\"https:\/\/www.hhpartners.eu\/en\/\",\"name\":\"h&amp;h PARTNERS\",\"description\":\"\",\"potentialAction\":[{\"@type\":\"SearchAction\",\"target\":{\"@type\":\"EntryPoint\",\"urlTemplate\":\"https:\/\/www.hhpartners.eu\/en\/?s={search_term_string}\"},\"query-input\":\"required name=search_term_string\"}],\"inLanguage\":\"en-GB\"},{\"@type\":\"WebPage\",\"@id\":\"https:\/\/www.hhpartners.eu\/aktuality\/pravne-novinky\/informovany-suhlas-nesposobileho-pacienta\/#webpage\",\"url\":\"https:\/\/www.hhpartners.eu\/aktuality\/pravne-novinky\/informovany-suhlas-nesposobileho-pacienta\/\",\"name\":\"Informovan\u00fd s\u00fahlas nesp\u00f4sobil\u00e9ho pacienta - h&amp;h PARTNERS\",\"isPartOf\":{\"@id\":\"https:\/\/www.hhpartners.eu\/en\/#website\"},\"datePublished\":\"2024-03-05T12:16:44+00:00\",\"dateModified\":\"2024-03-05T12:16:44+00:00\",\"breadcrumb\":{\"@id\":\"https:\/\/www.hhpartners.eu\/aktuality\/pravne-novinky\/informovany-suhlas-nesposobileho-pacienta\/#breadcrumb\"},\"inLanguage\":\"en-GB\",\"potentialAction\":[{\"@type\":\"ReadAction\",\"target\":[\"https:\/\/www.hhpartners.eu\/aktuality\/pravne-novinky\/informovany-suhlas-nesposobileho-pacienta\/\"]}]},{\"@type\":\"BreadcrumbList\",\"@id\":\"https:\/\/www.hhpartners.eu\/aktuality\/pravne-novinky\/informovany-suhlas-nesposobileho-pacienta\/#breadcrumb\",\"itemListElement\":[{\"@type\":\"ListItem\",\"position\":1,\"name\":\"Domovsk\u00e1 str\u00e1nka\",\"item\":\"https:\/\/www.hhpartners.eu\/\"},{\"@type\":\"ListItem\",\"position\":2,\"name\":\"Aktuality\",\"item\":\"https:\/\/www.hhpartners.eu\/aktuality\/\"},{\"@type\":\"ListItem\",\"position\":3,\"name\":\"Pr\u00e1vne novinky\",\"item\":\"https:\/\/www.hhpartners.eu\/aktuality\/pravne-novinky\/\"},{\"@type\":\"ListItem\",\"position\":4,\"name\":\"Informovan\u00fd s\u00fahlas nesp\u00f4sobil\u00e9ho pacienta\"}]}]}<\/script>\n<!-- \/ Yoast SEO plugin. -->","yoast_head_json":{"title":"Informovan\u00fd s\u00fahlas nesp\u00f4sobil\u00e9ho pacienta - h&amp;h PARTNERS","robots":{"index":"index","follow":"follow","max-snippet":"max-snippet:-1","max-image-preview":"max-image-preview:large","max-video-preview":"max-video-preview:-1"},"canonical":"https:\/\/www.hhpartners.eu\/aktuality\/pravne-novinky\/informovany-suhlas-nesposobileho-pacienta\/","og_locale":"en_GB","og_type":"article","og_title":"Informovan\u00fd s\u00fahlas nesp\u00f4sobil\u00e9ho pacienta - h&amp;h PARTNERS","og_description":"Informovan\u00fd s\u00fahlas pacienta je z\u00e1kladn\u00fdm stavebn\u00fdm kame\u0148om spr\u00e1vne poskytovanej zdravotnej starostlivosti. Pr\u00e1ve v d\u00f4sledku informovan\u00e9ho s\u00fahlasu, ktor\u00e9mu predch\u00e1dza n\u00e1le\u017eit\u00e9 pou\u010denie, doch\u00e1dza k budovaniu partnersk\u00e9ho vz\u0165ahu medzi pacientom a zdravotn\u00edckym pracovn\u00edkom, pri\u010dom je potrebn\u00e9 ho vn\u00edma\u0165 ako prostriedok zabezpe\u010duj\u00faci udr\u017eanie balansu a d\u00f4very v procese diagnostiky a lie\u010dby. \u010co ale v pr\u00edpade, ak osoba, ktorej sa [...]","og_url":"https:\/\/www.hhpartners.eu\/aktuality\/pravne-novinky\/informovany-suhlas-nesposobileho-pacienta\/","og_site_name":"h&amp;h PARTNERS","twitter_card":"summary","twitter_misc":{"Estimated reading time":"2 minutes"},"schema":{"@context":"https:\/\/schema.org","@graph":[{"@type":"WebSite","@id":"https:\/\/www.hhpartners.eu\/en\/#website","url":"https:\/\/www.hhpartners.eu\/en\/","name":"h&amp;h PARTNERS","description":"","potentialAction":[{"@type":"SearchAction","target":{"@type":"EntryPoint","urlTemplate":"https:\/\/www.hhpartners.eu\/en\/?s={search_term_string}"},"query-input":"required name=search_term_string"}],"inLanguage":"en-GB"},{"@type":"WebPage","@id":"https:\/\/www.hhpartners.eu\/aktuality\/pravne-novinky\/informovany-suhlas-nesposobileho-pacienta\/#webpage","url":"https:\/\/www.hhpartners.eu\/aktuality\/pravne-novinky\/informovany-suhlas-nesposobileho-pacienta\/","name":"Informovan\u00fd s\u00fahlas nesp\u00f4sobil\u00e9ho pacienta - h&amp;h PARTNERS","isPartOf":{"@id":"https:\/\/www.hhpartners.eu\/en\/#website"},"datePublished":"2024-03-05T12:16:44+00:00","dateModified":"2024-03-05T12:16:44+00:00","breadcrumb":{"@id":"https:\/\/www.hhpartners.eu\/aktuality\/pravne-novinky\/informovany-suhlas-nesposobileho-pacienta\/#breadcrumb"},"inLanguage":"en-GB","potentialAction":[{"@type":"ReadAction","target":["https:\/\/www.hhpartners.eu\/aktuality\/pravne-novinky\/informovany-suhlas-nesposobileho-pacienta\/"]}]},{"@type":"BreadcrumbList","@id":"https:\/\/www.hhpartners.eu\/aktuality\/pravne-novinky\/informovany-suhlas-nesposobileho-pacienta\/#breadcrumb","itemListElement":[{"@type":"ListItem","position":1,"name":"Domovsk\u00e1 str\u00e1nka","item":"https:\/\/www.hhpartners.eu\/"},{"@type":"ListItem","position":2,"name":"Aktuality","item":"https:\/\/www.hhpartners.eu\/aktuality\/"},{"@type":"ListItem","position":3,"name":"Pr\u00e1vne novinky","item":"https:\/\/www.hhpartners.eu\/aktuality\/pravne-novinky\/"},{"@type":"ListItem","position":4,"name":"Informovan\u00fd s\u00fahlas nesp\u00f4sobil\u00e9ho pacienta"}]}]}},"_links":{"self":[{"href":"https:\/\/www.hhpartners.eu\/en\/wp-json\/wp\/v2\/pages\/3677"}],"collection":[{"href":"https:\/\/www.hhpartners.eu\/en\/wp-json\/wp\/v2\/pages"}],"about":[{"href":"https:\/\/www.hhpartners.eu\/en\/wp-json\/wp\/v2\/types\/page"}],"author":[{"embeddable":true,"href":"https:\/\/www.hhpartners.eu\/en\/wp-json\/wp\/v2\/users\/1"}],"replies":[{"embeddable":true,"href":"https:\/\/www.hhpartners.eu\/en\/wp-json\/wp\/v2\/comments?post=3677"}],"version-history":[{"count":1,"href":"https:\/\/www.hhpartners.eu\/en\/wp-json\/wp\/v2\/pages\/3677\/revisions"}],"predecessor-version":[{"id":3679,"href":"https:\/\/www.hhpartners.eu\/en\/wp-json\/wp\/v2\/pages\/3677\/revisions\/3679"}],"up":[{"embeddable":true,"href":"https:\/\/www.hhpartners.eu\/en\/wp-json\/wp\/v2\/pages\/279"}],"wp:attachment":[{"href":"https:\/\/www.hhpartners.eu\/en\/wp-json\/wp\/v2\/media?parent=3677"}],"curies":[{"name":"wp","href":"https:\/\/api.w.org\/{rel}","templated":true}]}}