{"id":3681,"date":"2024-05-03T13:33:12","date_gmt":"2024-05-03T12:33:12","guid":{"rendered":"https:\/\/www.hhpartners.eu\/?page_id=3681"},"modified":"2024-05-03T13:33:12","modified_gmt":"2024-05-03T12:33:12","slug":"manazment-zdravotnej-starostlivosti","status":"publish","type":"page","link":"https:\/\/www.hhpartners.eu\/en\/aktuality\/pravne-novinky\/manazment-zdravotnej-starostlivosti\/","title":{"rendered":"Mana\u017ement zdravotnej starostlivosti"},"content":{"rendered":"\n<p><em>Do parlamentu bol predlo\u017een\u00fd n\u00e1vrh novely z\u00e1kona o zdravotnej starostlivosti uhr\u00e1dzanej z verejn\u00e9ho zdravotn\u00e9ho poistenia (z. \u010d. 577\/2004 Z.z.), ktor\u00fdm sa m\u00e1 zadefinova\u0165, \u010do je to mana\u017ement zdravotnej starostlivosti a ur\u010di\u0165 jeho bezplatnos\u0165.<\/em><\/p>\n\n\n\n<p>Predkladatelia n\u00e1vrhu novely z\u00e1kona o zdravotnej starostlivosti uhr\u00e1dzanej z verejn\u00e9ho zdravotn\u00e9ho poistenia si dali za cie\u013e explicitnej\u0161ie vyjadri\u0165 skuto\u010dnos\u0165, \u017ee objednanie pacienta na konkr\u00e9tny d\u00e1tum a \u010das je s\u00fa\u010das\u0165ou zdravotn\u00e9ho v\u00fdkonu, \u010do v kone\u010dnom d\u00f4sledku znamen\u00e1, \u017ee poskytovate\u013e za dan\u00e9 nesmie od pacienta vybera\u0165 poplatok. \u010castokr\u00e1t v\u0161ak aj napriek tak\u00e9muto z\u00e1konn\u00e9mu ustanoveniu doch\u00e1dza k tomu, \u017ee poplatky za objedn\u00e1vanie pacientov s\u00fa vyberan\u00e9, a to aj prostredn\u00edctvom r\u00f4znych sprostredkovate\u013eov tak\u00fdchto slu\u017eieb.<\/p>\n\n\n\n<p>N\u00e1vrh novely z\u00e1kona o zdravotnej starostlivosti uhr\u00e1dzanej z verejn\u00e9ho zdravotn\u00e9ho poistenia definuje nov\u00fd pojem \u2013 mana\u017ement zdravotnej starostlivosti, pri\u010dom v jeho defin\u00edcii zah\u0155\u0148a v\u0161etky \u00fakony spojen\u00e9 s objedn\u00e1van\u00edm pacientov. Z\u00e1rove\u0148 stanovuje, \u017ee n\u00e1klady spojen\u00e9 s mana\u017ementom zdravotnej starostlivosti nie je mo\u017en\u00e9 pren\u00e1\u0161a\u0165 na pacienta, a to ani prostredn\u00edctvom tret\u00edch os\u00f4b, ktor\u00e9 by tak\u00e9to slu\u017eby sprostredkov\u00e1vali.<\/p>\n\n\n\n<p>Budeme pre v\u00e1s sledova\u0165 legislat\u00edvny proces t\u00fdkaj\u00faci sa predmetn\u00e9ho n\u00e1vrhu novely z\u00e1kona o zdravotnej starostlivosti uhr\u00e1dzanej z verejn\u00e9ho zdravotn\u00e9ho poistenia a informova\u0165 v\u00e1s o jeho v\u00fdsledku.<\/p>\n\n\n\n<p>V\u00a0pr\u00edpade z\u00e1ujmu, bli\u017e\u0161ie inform\u00e1cie o\u00a0n\u00e1vrhu novely z\u00e1kona o zdravotnej starostlivosti uhr\u00e1dzanej z verejn\u00e9ho zdravotn\u00e9ho poistenia n\u00e1jdete na tomto <a href=\"https:\/\/www.nrsr.sk\/web\/Default.aspx?sid=zakony\/cpt&amp;ZakZborID=13&amp;CisObdobia=9&amp;ID=247\" target=\"_blank\" rel=\"noreferrer noopener\">odkaze<\/a>.\u00a0<\/p>\n","protected":false},"excerpt":{"rendered":"<p>Do parlamentu bol predlo\u017een\u00fd n\u00e1vrh novely z\u00e1kona o zdravotnej starostlivosti uhr\u00e1dzanej z verejn\u00e9ho zdravotn\u00e9ho poistenia (z. \u010d. 577\/2004 Z.z.), ktor\u00fdm sa m\u00e1 zadefinova\u0165, \u010do je to mana\u017ement zdravotnej starostlivosti a ur\u010di\u0165 jeho bezplatnos\u0165. Predkladatelia n\u00e1vrhu novely z\u00e1kona o zdravotnej starostlivosti uhr\u00e1dzanej z verejn\u00e9ho zdravotn\u00e9ho poistenia si dali za cie\u013e explicitnej\u0161ie vyjadri\u0165 skuto\u010dnos\u0165, \u017ee objednanie pacienta [&#8230;]<\/p>\n","protected":false},"author":1,"featured_media":0,"parent":279,"menu_order":0,"comment_status":"closed","ping_status":"closed","template":"","meta":[],"yoast_head":"<!-- This site is optimized with the Yoast SEO plugin v18.5.1 - https:\/\/yoast.com\/wordpress\/plugins\/seo\/ -->\n<title>Mana\u017ement zdravotnej starostlivosti - h&amp;h PARTNERS<\/title>\n<meta name=\"robots\" content=\"index, follow, max-snippet:-1, max-image-preview:large, max-video-preview:-1\" \/>\n<link rel=\"canonical\" href=\"https:\/\/www.hhpartners.eu\/aktuality\/pravne-novinky\/manazment-zdravotnej-starostlivosti\/\" \/>\n<meta property=\"og:locale\" content=\"en_GB\" \/>\n<meta property=\"og:type\" content=\"article\" \/>\n<meta property=\"og:title\" content=\"Mana\u017ement zdravotnej starostlivosti - h&amp;h PARTNERS\" \/>\n<meta property=\"og:description\" content=\"Do parlamentu bol predlo\u017een\u00fd n\u00e1vrh novely z\u00e1kona o zdravotnej starostlivosti uhr\u00e1dzanej z verejn\u00e9ho zdravotn\u00e9ho poistenia (z. \u010d. 577\/2004 Z.z.), ktor\u00fdm sa m\u00e1 zadefinova\u0165, \u010do je to mana\u017ement zdravotnej starostlivosti a ur\u010di\u0165 jeho bezplatnos\u0165. Predkladatelia n\u00e1vrhu novely z\u00e1kona o zdravotnej starostlivosti uhr\u00e1dzanej z verejn\u00e9ho zdravotn\u00e9ho poistenia si dali za cie\u013e explicitnej\u0161ie vyjadri\u0165 skuto\u010dnos\u0165, \u017ee objednanie pacienta [...]\" \/>\n<meta property=\"og:url\" content=\"https:\/\/www.hhpartners.eu\/aktuality\/pravne-novinky\/manazment-zdravotnej-starostlivosti\/\" \/>\n<meta property=\"og:site_name\" content=\"h&amp;h PARTNERS\" \/>\n<meta name=\"twitter:card\" content=\"summary\" \/>\n<meta name=\"twitter:label1\" content=\"Estimated reading time\" \/>\n\t<meta name=\"twitter:data1\" content=\"2 minutes\" \/>\n<script type=\"application\/ld+json\" class=\"yoast-schema-graph\">{\"@context\":\"https:\/\/schema.org\",\"@graph\":[{\"@type\":\"WebSite\",\"@id\":\"https:\/\/www.hhpartners.eu\/en\/#website\",\"url\":\"https:\/\/www.hhpartners.eu\/en\/\",\"name\":\"h&amp;h PARTNERS\",\"description\":\"\",\"potentialAction\":[{\"@type\":\"SearchAction\",\"target\":{\"@type\":\"EntryPoint\",\"urlTemplate\":\"https:\/\/www.hhpartners.eu\/en\/?s={search_term_string}\"},\"query-input\":\"required name=search_term_string\"}],\"inLanguage\":\"en-GB\"},{\"@type\":\"WebPage\",\"@id\":\"https:\/\/www.hhpartners.eu\/aktuality\/pravne-novinky\/manazment-zdravotnej-starostlivosti\/#webpage\",\"url\":\"https:\/\/www.hhpartners.eu\/aktuality\/pravne-novinky\/manazment-zdravotnej-starostlivosti\/\",\"name\":\"Mana\u017ement zdravotnej starostlivosti - h&amp;h PARTNERS\",\"isPartOf\":{\"@id\":\"https:\/\/www.hhpartners.eu\/en\/#website\"},\"datePublished\":\"2024-05-03T12:33:12+00:00\",\"dateModified\":\"2024-05-03T12:33:12+00:00\",\"breadcrumb\":{\"@id\":\"https:\/\/www.hhpartners.eu\/aktuality\/pravne-novinky\/manazment-zdravotnej-starostlivosti\/#breadcrumb\"},\"inLanguage\":\"en-GB\",\"potentialAction\":[{\"@type\":\"ReadAction\",\"target\":[\"https:\/\/www.hhpartners.eu\/aktuality\/pravne-novinky\/manazment-zdravotnej-starostlivosti\/\"]}]},{\"@type\":\"BreadcrumbList\",\"@id\":\"https:\/\/www.hhpartners.eu\/aktuality\/pravne-novinky\/manazment-zdravotnej-starostlivosti\/#breadcrumb\",\"itemListElement\":[{\"@type\":\"ListItem\",\"position\":1,\"name\":\"Domovsk\u00e1 str\u00e1nka\",\"item\":\"https:\/\/www.hhpartners.eu\/\"},{\"@type\":\"ListItem\",\"position\":2,\"name\":\"Aktuality\",\"item\":\"https:\/\/www.hhpartners.eu\/aktuality\/\"},{\"@type\":\"ListItem\",\"position\":3,\"name\":\"Pr\u00e1vne novinky\",\"item\":\"https:\/\/www.hhpartners.eu\/aktuality\/pravne-novinky\/\"},{\"@type\":\"ListItem\",\"position\":4,\"name\":\"Mana\u017ement zdravotnej starostlivosti\"}]}]}<\/script>\n<!-- \/ Yoast SEO plugin. -->","yoast_head_json":{"title":"Mana\u017ement zdravotnej starostlivosti - h&amp;h PARTNERS","robots":{"index":"index","follow":"follow","max-snippet":"max-snippet:-1","max-image-preview":"max-image-preview:large","max-video-preview":"max-video-preview:-1"},"canonical":"https:\/\/www.hhpartners.eu\/aktuality\/pravne-novinky\/manazment-zdravotnej-starostlivosti\/","og_locale":"en_GB","og_type":"article","og_title":"Mana\u017ement zdravotnej starostlivosti - h&amp;h PARTNERS","og_description":"Do parlamentu bol predlo\u017een\u00fd n\u00e1vrh novely z\u00e1kona o zdravotnej starostlivosti uhr\u00e1dzanej z verejn\u00e9ho zdravotn\u00e9ho poistenia (z. \u010d. 577\/2004 Z.z.), ktor\u00fdm sa m\u00e1 zadefinova\u0165, \u010do je to mana\u017ement zdravotnej starostlivosti a ur\u010di\u0165 jeho bezplatnos\u0165. Predkladatelia n\u00e1vrhu novely z\u00e1kona o zdravotnej starostlivosti uhr\u00e1dzanej z verejn\u00e9ho zdravotn\u00e9ho poistenia si dali za cie\u013e explicitnej\u0161ie vyjadri\u0165 skuto\u010dnos\u0165, \u017ee objednanie pacienta [...]","og_url":"https:\/\/www.hhpartners.eu\/aktuality\/pravne-novinky\/manazment-zdravotnej-starostlivosti\/","og_site_name":"h&amp;h PARTNERS","twitter_card":"summary","twitter_misc":{"Estimated reading time":"2 minutes"},"schema":{"@context":"https:\/\/schema.org","@graph":[{"@type":"WebSite","@id":"https:\/\/www.hhpartners.eu\/en\/#website","url":"https:\/\/www.hhpartners.eu\/en\/","name":"h&amp;h PARTNERS","description":"","potentialAction":[{"@type":"SearchAction","target":{"@type":"EntryPoint","urlTemplate":"https:\/\/www.hhpartners.eu\/en\/?s={search_term_string}"},"query-input":"required name=search_term_string"}],"inLanguage":"en-GB"},{"@type":"WebPage","@id":"https:\/\/www.hhpartners.eu\/aktuality\/pravne-novinky\/manazment-zdravotnej-starostlivosti\/#webpage","url":"https:\/\/www.hhpartners.eu\/aktuality\/pravne-novinky\/manazment-zdravotnej-starostlivosti\/","name":"Mana\u017ement zdravotnej starostlivosti - h&amp;h PARTNERS","isPartOf":{"@id":"https:\/\/www.hhpartners.eu\/en\/#website"},"datePublished":"2024-05-03T12:33:12+00:00","dateModified":"2024-05-03T12:33:12+00:00","breadcrumb":{"@id":"https:\/\/www.hhpartners.eu\/aktuality\/pravne-novinky\/manazment-zdravotnej-starostlivosti\/#breadcrumb"},"inLanguage":"en-GB","potentialAction":[{"@type":"ReadAction","target":["https:\/\/www.hhpartners.eu\/aktuality\/pravne-novinky\/manazment-zdravotnej-starostlivosti\/"]}]},{"@type":"BreadcrumbList","@id":"https:\/\/www.hhpartners.eu\/aktuality\/pravne-novinky\/manazment-zdravotnej-starostlivosti\/#breadcrumb","itemListElement":[{"@type":"ListItem","position":1,"name":"Domovsk\u00e1 str\u00e1nka","item":"https:\/\/www.hhpartners.eu\/"},{"@type":"ListItem","position":2,"name":"Aktuality","item":"https:\/\/www.hhpartners.eu\/aktuality\/"},{"@type":"ListItem","position":3,"name":"Pr\u00e1vne novinky","item":"https:\/\/www.hhpartners.eu\/aktuality\/pravne-novinky\/"},{"@type":"ListItem","position":4,"name":"Mana\u017ement zdravotnej starostlivosti"}]}]}},"_links":{"self":[{"href":"https:\/\/www.hhpartners.eu\/en\/wp-json\/wp\/v2\/pages\/3681"}],"collection":[{"href":"https:\/\/www.hhpartners.eu\/en\/wp-json\/wp\/v2\/pages"}],"about":[{"href":"https:\/\/www.hhpartners.eu\/en\/wp-json\/wp\/v2\/types\/page"}],"author":[{"embeddable":true,"href":"https:\/\/www.hhpartners.eu\/en\/wp-json\/wp\/v2\/users\/1"}],"replies":[{"embeddable":true,"href":"https:\/\/www.hhpartners.eu\/en\/wp-json\/wp\/v2\/comments?post=3681"}],"version-history":[{"count":1,"href":"https:\/\/www.hhpartners.eu\/en\/wp-json\/wp\/v2\/pages\/3681\/revisions"}],"predecessor-version":[{"id":3683,"href":"https:\/\/www.hhpartners.eu\/en\/wp-json\/wp\/v2\/pages\/3681\/revisions\/3683"}],"up":[{"embeddable":true,"href":"https:\/\/www.hhpartners.eu\/en\/wp-json\/wp\/v2\/pages\/279"}],"wp:attachment":[{"href":"https:\/\/www.hhpartners.eu\/en\/wp-json\/wp\/v2\/media?parent=3681"}],"curies":[{"name":"wp","href":"https:\/\/api.w.org\/{rel}","templated":true}]}}