{"id":3722,"date":"2024-11-25T10:16:07","date_gmt":"2024-11-25T09:16:07","guid":{"rendered":"https:\/\/www.hhpartners.eu\/?page_id=3722"},"modified":"2024-11-25T10:16:07","modified_gmt":"2024-11-25T09:16:07","slug":"poradenska-cinnost-zdravotnej-poistovne","status":"publish","type":"page","link":"https:\/\/www.hhpartners.eu\/en\/aktuality\/pravne-novinky\/poradenska-cinnost-zdravotnej-poistovne\/","title":{"rendered":"Poradensk\u00e1 \u010dinnos\u0165 zdravotnej pois\u0165ovne"},"content":{"rendered":"\n<p><em>Navrhovan\u00e1 novela z\u00e1kona o poskytovate\u013eoch (z. \u010d. 578\/2004 Z.z.) prich\u00e1dza s v\u00fdznamn\u00fdmi zmenami v poradenskej \u010dinnosti zdravotn\u00fdch pois\u0165ovn\u00ed. Tie by po novom mali ma\u0165 opr\u00e1vnenie poskytova\u0165 rady o zdrav\u00ed, \u017eivotospr\u00e1ve, zdravom \u017eivotnom \u0161t\u00fdle \u010di prevent\u00edvnych programoch. Novela po\u010d\u00edta aj s organizovan\u00edm programov zdravia a riadenia chor\u00f4b, ktor\u00e9 maj\u00fa pom\u00f4c\u0165 pri prevencii a odha\u013eovan\u00ed chor\u00f4b. Ot\u00e1zky v\u0161ak vyvol\u00e1va, kto bude za zdravotn\u00fa pois\u0165ov\u0148u analyzova\u0165 zdravotn\u00fd stav poistencov a ak\u00e9 odpor\u00fa\u010dania bud\u00fa d\u00e1va\u0165. Z\u00e1rove\u0148 nie je jasn\u00e9, ako sa bude rie\u0161i\u0165 pr\u00edpadn\u00fd rozpor medzi odpor\u00fa\u010daniami pois\u0165ovne a lek\u00e1ra.<\/em><\/p>\n\n\n\n<p><strong>\u010co je to poradensk\u00e1 \u010dinnos\u0165?<\/strong><\/p>\n\n\n\n<p>V&nbsp;z\u00e1kone o&nbsp;zdravotn\u00fdch pois\u0165ovniach (z. \u010d. 581\/2004 Z.z.) je upraven\u00e9, \u017ee zdravotn\u00e1 pois\u0165ov\u0148a&nbsp;<em>\u201evykon\u00e1va poradensk\u00fa \u010dinnos\u0165 pre poistencov a platite\u013eov poistn\u00e9ho\u201c<\/em>&nbsp;[\u00a7 6 ods. 1 p\u00edsm. f) z\u00e1kona o&nbsp;zdravotn\u00fdch pois\u0165ovniach]. Doteraz v\u0161ak \u017eiadnym sp\u00f4sobom t\u00e1to poradensk\u00e1 \u010dinnos\u0165 zdravotn\u00fdch pois\u0165ovn\u00ed nebola bli\u017e\u0161ie \u0161pecifikovan\u00e1.<\/p>\n\n\n\n<p>Do parlamentu bol v\u0161ak predlo\u017een\u00fd n\u00e1vrh novely z\u00e1kona o&nbsp;poskytovate\u013eoch (z. \u010d. 578\/2004 Z.z.), ktor\u00fd m\u00e1 okrem in\u00e9ho novelizova\u0165 aj z\u00e1kon o&nbsp;zdravotn\u00fdch pois\u0165ovniach, a&nbsp;to pr\u00e1ve vo vz\u0165ahu k&nbsp;poradenskej \u010dinnosti zdravotn\u00fdch pois\u0165ovn\u00ed.<\/p>\n\n\n\n<p>N\u00e1vrh novely z\u00e1kona o&nbsp;poskytovate\u013eoch roz\u0161iruje napr\u00edklad aj opr\u00e1vnenie na pr\u00edstup do zdravotnej dokument\u00e1cie pacientov pre administrat\u00edvnych pracovn\u00edkov.<\/p>\n\n\n\n<p>V&nbsp;pr\u00edpade z\u00e1ujmu, bli\u017e\u0161ie inform\u00e1cie o&nbsp;n\u00e1vrhu novely z\u00e1kona o zdravotnej starostlivosti uhr\u00e1dzanej z verejn\u00e9ho zdravotn\u00e9ho poistenia n\u00e1jdete na tomto <a href=\"https:\/\/www.medipravnik.sk\/pravne-clanky\/navrhuje-sa-blizsie-specifikovat-poradensku-cinnost-zdravotnych-poistovni-1873\/\">odkaze<\/a>.<\/p>\n","protected":false},"excerpt":{"rendered":"<p>Navrhovan\u00e1 novela z\u00e1kona o poskytovate\u013eoch (z. \u010d. 578\/2004 Z.z.) prich\u00e1dza s v\u00fdznamn\u00fdmi zmenami v poradenskej \u010dinnosti zdravotn\u00fdch pois\u0165ovn\u00ed. Tie by po novom mali ma\u0165 opr\u00e1vnenie poskytova\u0165 rady o zdrav\u00ed, \u017eivotospr\u00e1ve, zdravom \u017eivotnom \u0161t\u00fdle \u010di prevent\u00edvnych programoch. Novela po\u010d\u00edta aj s organizovan\u00edm programov zdravia a riadenia chor\u00f4b, ktor\u00e9 maj\u00fa pom\u00f4c\u0165 pri prevencii a odha\u013eovan\u00ed chor\u00f4b. Ot\u00e1zky [&#8230;]<\/p>\n","protected":false},"author":1,"featured_media":0,"parent":279,"menu_order":0,"comment_status":"closed","ping_status":"closed","template":"","meta":[],"yoast_head":"<!-- This site is optimized with the Yoast SEO plugin v18.5.1 - https:\/\/yoast.com\/wordpress\/plugins\/seo\/ -->\n<title>Poradensk\u00e1 \u010dinnos\u0165 zdravotnej pois\u0165ovne - h&amp;h PARTNERS<\/title>\n<meta name=\"robots\" content=\"index, follow, max-snippet:-1, max-image-preview:large, max-video-preview:-1\" \/>\n<link rel=\"canonical\" href=\"https:\/\/www.hhpartners.eu\/aktuality\/pravne-novinky\/poradenska-cinnost-zdravotnej-poistovne\/\" \/>\n<meta property=\"og:locale\" content=\"en_GB\" \/>\n<meta property=\"og:type\" content=\"article\" \/>\n<meta property=\"og:title\" content=\"Poradensk\u00e1 \u010dinnos\u0165 zdravotnej pois\u0165ovne - h&amp;h PARTNERS\" \/>\n<meta property=\"og:description\" content=\"Navrhovan\u00e1 novela z\u00e1kona o poskytovate\u013eoch (z. \u010d. 578\/2004 Z.z.) prich\u00e1dza s v\u00fdznamn\u00fdmi zmenami v poradenskej \u010dinnosti zdravotn\u00fdch pois\u0165ovn\u00ed. Tie by po novom mali ma\u0165 opr\u00e1vnenie poskytova\u0165 rady o zdrav\u00ed, \u017eivotospr\u00e1ve, zdravom \u017eivotnom \u0161t\u00fdle \u010di prevent\u00edvnych programoch. Novela po\u010d\u00edta aj s organizovan\u00edm programov zdravia a riadenia chor\u00f4b, ktor\u00e9 maj\u00fa pom\u00f4c\u0165 pri prevencii a odha\u013eovan\u00ed chor\u00f4b. Ot\u00e1zky [...]\" \/>\n<meta property=\"og:url\" content=\"https:\/\/www.hhpartners.eu\/aktuality\/pravne-novinky\/poradenska-cinnost-zdravotnej-poistovne\/\" \/>\n<meta property=\"og:site_name\" content=\"h&amp;h PARTNERS\" \/>\n<meta name=\"twitter:card\" content=\"summary\" \/>\n<meta name=\"twitter:label1\" content=\"Estimated reading time\" \/>\n\t<meta name=\"twitter:data1\" content=\"2 minutes\" \/>\n<script type=\"application\/ld+json\" class=\"yoast-schema-graph\">{\"@context\":\"https:\/\/schema.org\",\"@graph\":[{\"@type\":\"WebSite\",\"@id\":\"https:\/\/www.hhpartners.eu\/en\/#website\",\"url\":\"https:\/\/www.hhpartners.eu\/en\/\",\"name\":\"h&amp;h PARTNERS\",\"description\":\"\",\"potentialAction\":[{\"@type\":\"SearchAction\",\"target\":{\"@type\":\"EntryPoint\",\"urlTemplate\":\"https:\/\/www.hhpartners.eu\/en\/?s={search_term_string}\"},\"query-input\":\"required name=search_term_string\"}],\"inLanguage\":\"en-GB\"},{\"@type\":\"WebPage\",\"@id\":\"https:\/\/www.hhpartners.eu\/aktuality\/pravne-novinky\/poradenska-cinnost-zdravotnej-poistovne\/#webpage\",\"url\":\"https:\/\/www.hhpartners.eu\/aktuality\/pravne-novinky\/poradenska-cinnost-zdravotnej-poistovne\/\",\"name\":\"Poradensk\u00e1 \u010dinnos\u0165 zdravotnej pois\u0165ovne - h&amp;h PARTNERS\",\"isPartOf\":{\"@id\":\"https:\/\/www.hhpartners.eu\/en\/#website\"},\"datePublished\":\"2024-11-25T09:16:07+00:00\",\"dateModified\":\"2024-11-25T09:16:07+00:00\",\"breadcrumb\":{\"@id\":\"https:\/\/www.hhpartners.eu\/aktuality\/pravne-novinky\/poradenska-cinnost-zdravotnej-poistovne\/#breadcrumb\"},\"inLanguage\":\"en-GB\",\"potentialAction\":[{\"@type\":\"ReadAction\",\"target\":[\"https:\/\/www.hhpartners.eu\/aktuality\/pravne-novinky\/poradenska-cinnost-zdravotnej-poistovne\/\"]}]},{\"@type\":\"BreadcrumbList\",\"@id\":\"https:\/\/www.hhpartners.eu\/aktuality\/pravne-novinky\/poradenska-cinnost-zdravotnej-poistovne\/#breadcrumb\",\"itemListElement\":[{\"@type\":\"ListItem\",\"position\":1,\"name\":\"Domovsk\u00e1 str\u00e1nka\",\"item\":\"https:\/\/www.hhpartners.eu\/\"},{\"@type\":\"ListItem\",\"position\":2,\"name\":\"Aktuality\",\"item\":\"https:\/\/www.hhpartners.eu\/aktuality\/\"},{\"@type\":\"ListItem\",\"position\":3,\"name\":\"Pr\u00e1vne novinky\",\"item\":\"https:\/\/www.hhpartners.eu\/aktuality\/pravne-novinky\/\"},{\"@type\":\"ListItem\",\"position\":4,\"name\":\"Poradensk\u00e1 \u010dinnos\u0165 zdravotnej pois\u0165ovne\"}]}]}<\/script>\n<!-- \/ Yoast SEO plugin. -->","yoast_head_json":{"title":"Poradensk\u00e1 \u010dinnos\u0165 zdravotnej pois\u0165ovne - h&amp;h PARTNERS","robots":{"index":"index","follow":"follow","max-snippet":"max-snippet:-1","max-image-preview":"max-image-preview:large","max-video-preview":"max-video-preview:-1"},"canonical":"https:\/\/www.hhpartners.eu\/aktuality\/pravne-novinky\/poradenska-cinnost-zdravotnej-poistovne\/","og_locale":"en_GB","og_type":"article","og_title":"Poradensk\u00e1 \u010dinnos\u0165 zdravotnej pois\u0165ovne - h&amp;h PARTNERS","og_description":"Navrhovan\u00e1 novela z\u00e1kona o poskytovate\u013eoch (z. \u010d. 578\/2004 Z.z.) prich\u00e1dza s v\u00fdznamn\u00fdmi zmenami v poradenskej \u010dinnosti zdravotn\u00fdch pois\u0165ovn\u00ed. Tie by po novom mali ma\u0165 opr\u00e1vnenie poskytova\u0165 rady o zdrav\u00ed, \u017eivotospr\u00e1ve, zdravom \u017eivotnom \u0161t\u00fdle \u010di prevent\u00edvnych programoch. Novela po\u010d\u00edta aj s organizovan\u00edm programov zdravia a riadenia chor\u00f4b, ktor\u00e9 maj\u00fa pom\u00f4c\u0165 pri prevencii a odha\u013eovan\u00ed chor\u00f4b. Ot\u00e1zky [...]","og_url":"https:\/\/www.hhpartners.eu\/aktuality\/pravne-novinky\/poradenska-cinnost-zdravotnej-poistovne\/","og_site_name":"h&amp;h PARTNERS","twitter_card":"summary","twitter_misc":{"Estimated reading time":"2 minutes"},"schema":{"@context":"https:\/\/schema.org","@graph":[{"@type":"WebSite","@id":"https:\/\/www.hhpartners.eu\/en\/#website","url":"https:\/\/www.hhpartners.eu\/en\/","name":"h&amp;h PARTNERS","description":"","potentialAction":[{"@type":"SearchAction","target":{"@type":"EntryPoint","urlTemplate":"https:\/\/www.hhpartners.eu\/en\/?s={search_term_string}"},"query-input":"required name=search_term_string"}],"inLanguage":"en-GB"},{"@type":"WebPage","@id":"https:\/\/www.hhpartners.eu\/aktuality\/pravne-novinky\/poradenska-cinnost-zdravotnej-poistovne\/#webpage","url":"https:\/\/www.hhpartners.eu\/aktuality\/pravne-novinky\/poradenska-cinnost-zdravotnej-poistovne\/","name":"Poradensk\u00e1 \u010dinnos\u0165 zdravotnej pois\u0165ovne - h&amp;h PARTNERS","isPartOf":{"@id":"https:\/\/www.hhpartners.eu\/en\/#website"},"datePublished":"2024-11-25T09:16:07+00:00","dateModified":"2024-11-25T09:16:07+00:00","breadcrumb":{"@id":"https:\/\/www.hhpartners.eu\/aktuality\/pravne-novinky\/poradenska-cinnost-zdravotnej-poistovne\/#breadcrumb"},"inLanguage":"en-GB","potentialAction":[{"@type":"ReadAction","target":["https:\/\/www.hhpartners.eu\/aktuality\/pravne-novinky\/poradenska-cinnost-zdravotnej-poistovne\/"]}]},{"@type":"BreadcrumbList","@id":"https:\/\/www.hhpartners.eu\/aktuality\/pravne-novinky\/poradenska-cinnost-zdravotnej-poistovne\/#breadcrumb","itemListElement":[{"@type":"ListItem","position":1,"name":"Domovsk\u00e1 str\u00e1nka","item":"https:\/\/www.hhpartners.eu\/"},{"@type":"ListItem","position":2,"name":"Aktuality","item":"https:\/\/www.hhpartners.eu\/aktuality\/"},{"@type":"ListItem","position":3,"name":"Pr\u00e1vne novinky","item":"https:\/\/www.hhpartners.eu\/aktuality\/pravne-novinky\/"},{"@type":"ListItem","position":4,"name":"Poradensk\u00e1 \u010dinnos\u0165 zdravotnej pois\u0165ovne"}]}]}},"_links":{"self":[{"href":"https:\/\/www.hhpartners.eu\/en\/wp-json\/wp\/v2\/pages\/3722"}],"collection":[{"href":"https:\/\/www.hhpartners.eu\/en\/wp-json\/wp\/v2\/pages"}],"about":[{"href":"https:\/\/www.hhpartners.eu\/en\/wp-json\/wp\/v2\/types\/page"}],"author":[{"embeddable":true,"href":"https:\/\/www.hhpartners.eu\/en\/wp-json\/wp\/v2\/users\/1"}],"replies":[{"embeddable":true,"href":"https:\/\/www.hhpartners.eu\/en\/wp-json\/wp\/v2\/comments?post=3722"}],"version-history":[{"count":1,"href":"https:\/\/www.hhpartners.eu\/en\/wp-json\/wp\/v2\/pages\/3722\/revisions"}],"predecessor-version":[{"id":3724,"href":"https:\/\/www.hhpartners.eu\/en\/wp-json\/wp\/v2\/pages\/3722\/revisions\/3724"}],"up":[{"embeddable":true,"href":"https:\/\/www.hhpartners.eu\/en\/wp-json\/wp\/v2\/pages\/279"}],"wp:attachment":[{"href":"https:\/\/www.hhpartners.eu\/en\/wp-json\/wp\/v2\/media?parent=3722"}],"curies":[{"name":"wp","href":"https:\/\/api.w.org\/{rel}","templated":true}]}}