{"id":3732,"date":"2025-05-27T09:09:19","date_gmt":"2025-05-27T08:09:19","guid":{"rendered":"https:\/\/www.hhpartners.eu\/?page_id=3732"},"modified":"2025-05-27T09:17:38","modified_gmt":"2025-05-27T08:17:38","slug":"edohody-vsetko-co-potrebujete-vediet","status":"publish","type":"page","link":"https:\/\/www.hhpartners.eu\/en\/aktuality\/pravne-novinky\/edohody-vsetko-co-potrebujete-vediet\/","title":{"rendered":"eDohody: v\u0161etko, \u010do potrebujete vedie\u0165"},"content":{"rendered":"\n<p><em>Slovensko zav\u00e1dza \u010fal\u0161\u00ed krok v digitaliz\u00e1cii zdravotn\u00edctva \u2013 od marca 2025 bud\u00fa musie\u0165 vybran\u00ed poskytovatelia zdravotnej starostlivosti uzatv\u00e1ra\u0165 dohody s pacientmi v\u00fdhradne elektronicky. Nov\u00fd syst\u00e9m m\u00e1 zn\u00ed\u017ei\u0165 administrat\u00edvnu z\u00e1\u0165a\u017e, spreh\u013eadni\u0165 evidenciu a zr\u00fdchli\u0165 proces uzatv\u00e1rania doh\u00f4d. Hoci digitaliz\u00e1cia prin\u00e1\u0161a viacer\u00e9 v\u00fdhody, vyvol\u00e1va aj ot\u00e1zky o technickej pripravenosti a praktickom fungovan\u00ed registra doh\u00f4d. \u010co t\u00e1to zmena znamen\u00e1 pre pacientov a lek\u00e1rov? Ak\u00e9 s\u00fa k\u013e\u00fa\u010dov\u00e9 term\u00edny a povinnosti? V tomto \u010dl\u00e1nku prin\u00e1\u0161ame preh\u013ead v\u0161etk\u00e9ho podstatn\u00e9ho.<\/em><\/p>\n\n\n\n<p><strong>ELEKTRONICK\u00c9 UZATV\u00c1RANIE DOH\u00d4D<\/strong><\/p>\n\n\n\n<p>Od 1. marca 2025 nadobudla \u00fa\u010dinnos\u0165 novela z\u00e1kona o poskytovan\u00ed zdravotnej starostlivosti, ktor\u00e1 priniesla z\u00e1sadn\u00fa zmenu v procese uzatv\u00e1rania doh\u00f4d medzi pacientmi a poskytovate\u013emi zdravotnej starostlivosti. Elektronick\u00e9 uzatv\u00e1ranie doh\u00f4d sa stalo povinn\u00fdm pre viacer\u00e9 skupiny poskytovate\u013eov, \u010d\u00edm sa Slovensko zaradilo medzi krajiny s pokro\u010dilej\u0161ou digitaliz\u00e1ciou zdravotn\u00edctva. T\u00e1to zmena m\u00e1 amb\u00edciu zn\u00ed\u017ei\u0165 administrat\u00edvnu z\u00e1\u0165a\u017e, zv\u00fd\u0161i\u0165 transparentnos\u0165 a zlep\u0161i\u0165 efektivitu evidencie pacientov. Na druhej strane v\u0161ak vyvol\u00e1va ot\u00e1zky t\u00fdkaj\u00face sa technickej pripravenosti, dostupnosti potrebn\u00fdch n\u00e1strojov a praktick\u00e9ho fungovania nov\u00e9ho registra doh\u00f4d.<\/p>\n\n\n\n<p><strong>KOHO SA T\u00c1TO ZMENA T\u00ddKA?<\/strong><\/p>\n\n\n\n<p>Povinnos\u0165 elektronick\u00e9ho uzatv\u00e1rania doh\u00f4d sa vz\u0165ahuje na:<\/p>\n\n\n\n<ul><li>Poskytovate\u013eov v\u0161eobecnej ambulantnej starostlivosti pre dospel\u00fdch,<\/li><li>Poskytovate\u013eov v\u0161eobecnej ambulantnej starostlivosti pre deti a dorast,<\/li><li>Poskytovate\u013eov \u0161pecializovanej gynekologickej starostlivosti.<\/li><\/ul>\n\n\n\n<p>Nov\u00fd register doh\u00f4d veden\u00fd N\u00e1rodn\u00fdm centrom zdravotn\u00edckych inform\u00e1ci\u00ed (NCZI) umo\u017en\u00ed jednoduch\u0161\u00ed pr\u00edstup k inform\u00e1ci\u00e1m o aktu\u00e1lnych dohod\u00e1ch medzi pacientmi a lek\u00e1rmi. Zatia\u013e je v\u0161ak ot\u00e1zne, ako bud\u00fa ma\u0165 poskytovatelia zdravotnej starostlivosti pr\u00edstup do registra.<\/p>\n\n\n\n<p>V&nbsp;pr\u00edpade z\u00e1ujmu, bli\u017e\u0161ie inform\u00e1cie o&nbsp;n\u00e1vrhu novely z\u00e1kona o zdravotnej starostlivosti uhr\u00e1dzanej z verejn\u00e9ho zdravotn\u00e9ho poistenia n\u00e1jdete na tomto <a href=\"https:\/\/www.medipravnik.sk\/pravne-clanky\/elektronicke-uzatvaranie-dohod-o-poskytovani-zdravotnej-starostlivosti-tzv-edohody-vsetko-co-potrebujete-vediet-1925\/\">odkaze<\/a>.<\/p>\n","protected":false},"excerpt":{"rendered":"<p>Slovensko zav\u00e1dza \u010fal\u0161\u00ed krok v digitaliz\u00e1cii zdravotn\u00edctva \u2013 od marca 2025 bud\u00fa musie\u0165 vybran\u00ed poskytovatelia zdravotnej starostlivosti uzatv\u00e1ra\u0165 dohody s pacientmi v\u00fdhradne elektronicky. Nov\u00fd syst\u00e9m m\u00e1 zn\u00ed\u017ei\u0165 administrat\u00edvnu z\u00e1\u0165a\u017e, spreh\u013eadni\u0165 evidenciu a zr\u00fdchli\u0165 proces uzatv\u00e1rania doh\u00f4d. Hoci digitaliz\u00e1cia prin\u00e1\u0161a viacer\u00e9 v\u00fdhody, vyvol\u00e1va aj ot\u00e1zky o technickej pripravenosti a praktickom fungovan\u00ed registra doh\u00f4d. \u010co t\u00e1to zmena [&#8230;]<\/p>\n","protected":false},"author":1,"featured_media":0,"parent":279,"menu_order":0,"comment_status":"closed","ping_status":"closed","template":"","meta":[],"yoast_head":"<!-- This site is optimized with the Yoast SEO plugin v18.5.1 - https:\/\/yoast.com\/wordpress\/plugins\/seo\/ -->\n<title>eDohody: v\u0161etko, \u010do potrebujete vedie\u0165 - h&amp;h PARTNERS<\/title>\n<meta name=\"robots\" content=\"index, follow, max-snippet:-1, max-image-preview:large, max-video-preview:-1\" \/>\n<link rel=\"canonical\" href=\"https:\/\/www.hhpartners.eu\/aktuality\/pravne-novinky\/edohody-vsetko-co-potrebujete-vediet\/\" \/>\n<meta property=\"og:locale\" content=\"en_GB\" \/>\n<meta property=\"og:type\" content=\"article\" \/>\n<meta property=\"og:title\" content=\"eDohody: v\u0161etko, \u010do potrebujete vedie\u0165 - h&amp;h PARTNERS\" \/>\n<meta property=\"og:description\" content=\"Slovensko zav\u00e1dza \u010fal\u0161\u00ed krok v digitaliz\u00e1cii zdravotn\u00edctva \u2013 od marca 2025 bud\u00fa musie\u0165 vybran\u00ed poskytovatelia zdravotnej starostlivosti uzatv\u00e1ra\u0165 dohody s pacientmi v\u00fdhradne elektronicky. Nov\u00fd syst\u00e9m m\u00e1 zn\u00ed\u017ei\u0165 administrat\u00edvnu z\u00e1\u0165a\u017e, spreh\u013eadni\u0165 evidenciu a zr\u00fdchli\u0165 proces uzatv\u00e1rania doh\u00f4d. Hoci digitaliz\u00e1cia prin\u00e1\u0161a viacer\u00e9 v\u00fdhody, vyvol\u00e1va aj ot\u00e1zky o technickej pripravenosti a praktickom fungovan\u00ed registra doh\u00f4d. \u010co t\u00e1to zmena [...]\" \/>\n<meta property=\"og:url\" content=\"https:\/\/www.hhpartners.eu\/aktuality\/pravne-novinky\/edohody-vsetko-co-potrebujete-vediet\/\" \/>\n<meta property=\"og:site_name\" content=\"h&amp;h PARTNERS\" \/>\n<meta property=\"article:modified_time\" content=\"2025-05-27T08:17:38+00:00\" \/>\n<meta name=\"twitter:card\" content=\"summary\" \/>\n<meta name=\"twitter:label1\" content=\"Estimated reading time\" \/>\n\t<meta name=\"twitter:data1\" content=\"2 minutes\" \/>\n<script type=\"application\/ld+json\" class=\"yoast-schema-graph\">{\"@context\":\"https:\/\/schema.org\",\"@graph\":[{\"@type\":\"WebSite\",\"@id\":\"https:\/\/www.hhpartners.eu\/en\/#website\",\"url\":\"https:\/\/www.hhpartners.eu\/en\/\",\"name\":\"h&amp;h PARTNERS\",\"description\":\"\",\"potentialAction\":[{\"@type\":\"SearchAction\",\"target\":{\"@type\":\"EntryPoint\",\"urlTemplate\":\"https:\/\/www.hhpartners.eu\/en\/?s={search_term_string}\"},\"query-input\":\"required name=search_term_string\"}],\"inLanguage\":\"en-GB\"},{\"@type\":\"WebPage\",\"@id\":\"https:\/\/www.hhpartners.eu\/aktuality\/pravne-novinky\/edohody-vsetko-co-potrebujete-vediet\/#webpage\",\"url\":\"https:\/\/www.hhpartners.eu\/aktuality\/pravne-novinky\/edohody-vsetko-co-potrebujete-vediet\/\",\"name\":\"eDohody: v\u0161etko, \u010do potrebujete vedie\u0165 - h&amp;h PARTNERS\",\"isPartOf\":{\"@id\":\"https:\/\/www.hhpartners.eu\/en\/#website\"},\"datePublished\":\"2025-05-27T08:09:19+00:00\",\"dateModified\":\"2025-05-27T08:17:38+00:00\",\"breadcrumb\":{\"@id\":\"https:\/\/www.hhpartners.eu\/aktuality\/pravne-novinky\/edohody-vsetko-co-potrebujete-vediet\/#breadcrumb\"},\"inLanguage\":\"en-GB\",\"potentialAction\":[{\"@type\":\"ReadAction\",\"target\":[\"https:\/\/www.hhpartners.eu\/aktuality\/pravne-novinky\/edohody-vsetko-co-potrebujete-vediet\/\"]}]},{\"@type\":\"BreadcrumbList\",\"@id\":\"https:\/\/www.hhpartners.eu\/aktuality\/pravne-novinky\/edohody-vsetko-co-potrebujete-vediet\/#breadcrumb\",\"itemListElement\":[{\"@type\":\"ListItem\",\"position\":1,\"name\":\"Domovsk\u00e1 str\u00e1nka\",\"item\":\"https:\/\/www.hhpartners.eu\/\"},{\"@type\":\"ListItem\",\"position\":2,\"name\":\"Aktuality\",\"item\":\"https:\/\/www.hhpartners.eu\/aktuality\/\"},{\"@type\":\"ListItem\",\"position\":3,\"name\":\"Pr\u00e1vne novinky\",\"item\":\"https:\/\/www.hhpartners.eu\/aktuality\/pravne-novinky\/\"},{\"@type\":\"ListItem\",\"position\":4,\"name\":\"eDohody: v\u0161etko, \u010do potrebujete vedie\u0165\"}]}]}<\/script>\n<!-- \/ Yoast SEO plugin. -->","yoast_head_json":{"title":"eDohody: v\u0161etko, \u010do potrebujete vedie\u0165 - h&amp;h PARTNERS","robots":{"index":"index","follow":"follow","max-snippet":"max-snippet:-1","max-image-preview":"max-image-preview:large","max-video-preview":"max-video-preview:-1"},"canonical":"https:\/\/www.hhpartners.eu\/aktuality\/pravne-novinky\/edohody-vsetko-co-potrebujete-vediet\/","og_locale":"en_GB","og_type":"article","og_title":"eDohody: v\u0161etko, \u010do potrebujete vedie\u0165 - h&amp;h PARTNERS","og_description":"Slovensko zav\u00e1dza \u010fal\u0161\u00ed krok v digitaliz\u00e1cii zdravotn\u00edctva \u2013 od marca 2025 bud\u00fa musie\u0165 vybran\u00ed poskytovatelia zdravotnej starostlivosti uzatv\u00e1ra\u0165 dohody s pacientmi v\u00fdhradne elektronicky. Nov\u00fd syst\u00e9m m\u00e1 zn\u00ed\u017ei\u0165 administrat\u00edvnu z\u00e1\u0165a\u017e, spreh\u013eadni\u0165 evidenciu a zr\u00fdchli\u0165 proces uzatv\u00e1rania doh\u00f4d. Hoci digitaliz\u00e1cia prin\u00e1\u0161a viacer\u00e9 v\u00fdhody, vyvol\u00e1va aj ot\u00e1zky o technickej pripravenosti a praktickom fungovan\u00ed registra doh\u00f4d. \u010co t\u00e1to zmena [...]","og_url":"https:\/\/www.hhpartners.eu\/aktuality\/pravne-novinky\/edohody-vsetko-co-potrebujete-vediet\/","og_site_name":"h&amp;h PARTNERS","article_modified_time":"2025-05-27T08:17:38+00:00","twitter_card":"summary","twitter_misc":{"Estimated reading time":"2 minutes"},"schema":{"@context":"https:\/\/schema.org","@graph":[{"@type":"WebSite","@id":"https:\/\/www.hhpartners.eu\/en\/#website","url":"https:\/\/www.hhpartners.eu\/en\/","name":"h&amp;h PARTNERS","description":"","potentialAction":[{"@type":"SearchAction","target":{"@type":"EntryPoint","urlTemplate":"https:\/\/www.hhpartners.eu\/en\/?s={search_term_string}"},"query-input":"required name=search_term_string"}],"inLanguage":"en-GB"},{"@type":"WebPage","@id":"https:\/\/www.hhpartners.eu\/aktuality\/pravne-novinky\/edohody-vsetko-co-potrebujete-vediet\/#webpage","url":"https:\/\/www.hhpartners.eu\/aktuality\/pravne-novinky\/edohody-vsetko-co-potrebujete-vediet\/","name":"eDohody: v\u0161etko, \u010do potrebujete vedie\u0165 - h&amp;h PARTNERS","isPartOf":{"@id":"https:\/\/www.hhpartners.eu\/en\/#website"},"datePublished":"2025-05-27T08:09:19+00:00","dateModified":"2025-05-27T08:17:38+00:00","breadcrumb":{"@id":"https:\/\/www.hhpartners.eu\/aktuality\/pravne-novinky\/edohody-vsetko-co-potrebujete-vediet\/#breadcrumb"},"inLanguage":"en-GB","potentialAction":[{"@type":"ReadAction","target":["https:\/\/www.hhpartners.eu\/aktuality\/pravne-novinky\/edohody-vsetko-co-potrebujete-vediet\/"]}]},{"@type":"BreadcrumbList","@id":"https:\/\/www.hhpartners.eu\/aktuality\/pravne-novinky\/edohody-vsetko-co-potrebujete-vediet\/#breadcrumb","itemListElement":[{"@type":"ListItem","position":1,"name":"Domovsk\u00e1 str\u00e1nka","item":"https:\/\/www.hhpartners.eu\/"},{"@type":"ListItem","position":2,"name":"Aktuality","item":"https:\/\/www.hhpartners.eu\/aktuality\/"},{"@type":"ListItem","position":3,"name":"Pr\u00e1vne novinky","item":"https:\/\/www.hhpartners.eu\/aktuality\/pravne-novinky\/"},{"@type":"ListItem","position":4,"name":"eDohody: v\u0161etko, \u010do potrebujete vedie\u0165"}]}]}},"_links":{"self":[{"href":"https:\/\/www.hhpartners.eu\/en\/wp-json\/wp\/v2\/pages\/3732"}],"collection":[{"href":"https:\/\/www.hhpartners.eu\/en\/wp-json\/wp\/v2\/pages"}],"about":[{"href":"https:\/\/www.hhpartners.eu\/en\/wp-json\/wp\/v2\/types\/page"}],"author":[{"embeddable":true,"href":"https:\/\/www.hhpartners.eu\/en\/wp-json\/wp\/v2\/users\/1"}],"replies":[{"embeddable":true,"href":"https:\/\/www.hhpartners.eu\/en\/wp-json\/wp\/v2\/comments?post=3732"}],"version-history":[{"count":1,"href":"https:\/\/www.hhpartners.eu\/en\/wp-json\/wp\/v2\/pages\/3732\/revisions"}],"predecessor-version":[{"id":3734,"href":"https:\/\/www.hhpartners.eu\/en\/wp-json\/wp\/v2\/pages\/3732\/revisions\/3734"}],"up":[{"embeddable":true,"href":"https:\/\/www.hhpartners.eu\/en\/wp-json\/wp\/v2\/pages\/279"}],"wp:attachment":[{"href":"https:\/\/www.hhpartners.eu\/en\/wp-json\/wp\/v2\/media?parent=3732"}],"curies":[{"name":"wp","href":"https:\/\/api.w.org\/{rel}","templated":true}]}}