{"id":666,"date":"2016-05-20T11:19:53","date_gmt":"2016-05-20T09:19:53","guid":{"rendered":"http:\/\/www.hhpartners.eu\/?page_id=666"},"modified":"2018-10-11T09:04:18","modified_gmt":"2018-10-11T08:04:18","slug":"tomas-husovsky","status":"publish","type":"page","link":"https:\/\/www.hhpartners.eu\/en\/profil\/partneri\/tomas-husovsky\/","title":{"rendered":"JUDr. Tom\u00e1\u0161 Husovsk\u00fd"},"content":{"rendered":"<p><\/p>\n<h1>JUDr. Tom\u00e1\u0161 Husovsk\u00fd<\/h1>\n<p>attorney-at-law<\/p>\n<p>T: 00421 55 694 39 91<br \/>\nM: 00421 907 911 389<br \/>\nE: husovsky(at)hhpartners.eu<\/p>\n<hr \/>\n<h2>Professional career<\/h2>\n<p>JUDr. Tom\u00e1\u0161 Husovsk\u00fd is a partner in law office h&amp;h PARTNERS, in which he has been engaging in advocacy work since 2008. He is a judge of the Arbitration court for medical affairs, member of the Chamber of medical law \u2013 MEDIUS. He is also a guarantor of the project called www.pravo-medicina.sk.<\/p>\n<hr \/>\n<h2>Education<\/h2>\n<ul>\n<li>Faculty of Law, University of P.J. Safarik, Kosice, 2001, academic title: Magister of Laws (Mgr.)<\/li>\n<li>Faculty of Law, University of P.J. Safarik, Kosice 2004, academic title: Doctor of Laws (JUDr.)<\/li>\n<\/ul>\n<hr \/>\n<h2>Specialization<\/h2>\n<h3>Corporate law<\/h3>\n<p>JUDr. Tom\u00e1\u0161 Husovsk\u00fd specializes in the area of corporate law, he participated in formation of many business companies involving foreign investors, and he legally assisted in mergers of important companies and their subsequent restructuring. He participated in several legal audits (due diligence) focusing on financial, contractual and real estate aspects. He has rich experience with transformations of companies, their assets as well as business shares in companies, with foundation of subsidiaries or organizational parts, as well as with liquidation of Slovak companies. He provides legal services regarding the internal organization as well as re-organization.<\/p>\n<h3>Commercial law and civil law<\/h3>\n<p>Within Commercial Law, JUDr. Tom\u00e1\u0161 Husovsk\u00fd focuses on contractual law and commercial obligations, on legal assistance in matters of licenses, authorizations and business protection for domestic and foreign entrepreneurs. He provides legal counseling and representation in judicial proceedings before Supreme Court. In a field of Civil law, his priority is Real estate law (legal counseling for investors, owners of the property, architects and designers) and all contractual interconnections.<\/p>\n<h3>Intellectual property rights<\/h3>\n<p>JUDr. Tom\u00e1\u0161 Husovsk\u00fd is an expert in the field of intellectual property rights, mostly the area of trademarks and designs. He has rich experience in forming the analyses, documents and representation of clients before Industrial Property Office as well as before courts.<\/p>\n<hr \/>\n<h2>Publications<\/h2>\n<ul>\n<li>KO\u010cI\u0160, M., HUSOVSK\u00dd, T.: Transferov\u00e9 oce\u0148ovanie &#8211; nov\u00e9 povinnosti pre poskytovate\u013eov zdravotnej starostlivosti.\u00a0In\u00a0Slovensk\u00fd lek\u00e1r, \u010d\u00edslo 3-4\/2017, ISSN 1335-0234, str. 70\u00a0&#8211; 74. &#8211; 50%<\/li>\n<li>HUSOVSK\u00dd, T., HUMEN\u00cdK, I.: Trestnopr\u00e1vna zodpovednos\u0165 lek\u00e1ra za neposkytnutie pomoci pacientovi, ktor\u00fd pomoc odmieta.\u00a0In\u00a0Slovensk\u00fd lek\u00e1r, \u010d\u00edslo 1-2\/2017, ISSN 1335-0234, s. 23 &#8211; 26.\u00a0&#8211; 50%<\/li>\n<li>TOMKOV\u00c1, K., HUSOVSK\u00dd, T.: Za\u010diatok plynutia preml\u010dacej doby pri n\u00e1hrade za boles\u0165 a n\u00e1hrade za s\u0165a\u017eenie spolo\u010densk\u00e9ho uplatnenia.\u00a0In\u00a0Slovensk\u00fd lek\u00e1r, \u010d\u00edslo 11-12\/2016, ISSN 1335-0234, str. 214\u00a0a nasl. &#8211; 50%<\/li>\n<li>KO\u010cI\u0160, M., HUSOVSK\u00dd, T.: Pe\u0148a\u017en\u00e9 a nepe\u0148a\u017en\u00e9 plnenia: Vybran\u00e9 da\u0148ov\u00e9 povinnosti poskytovate\u013eov zdravotnej starostlivosti.\u00a0In\u00a0Slovensk\u00fd lek\u00e1r, \u010d\u00edslo 3-4\/2016, ISSN 1335-0234, str. 65 &#8211; 67. &#8211; 50%<\/li>\n<li>HUSOVSK\u00dd, T., HUMEN\u00cdK, I.: Nedostato\u010dn\u00e9 vedenie zdravotnej dokument\u00e1cie a rizik\u00e1 s t\u00fdm spojen\u00e9 vo svetle meniacej sa judikat\u00fary s\u00fadov. In\u00a0Slovensk\u00fd lek\u00e1r, \u010d\u00edslo 1-2\/2016, ISSN 1335-0234, s. 25. &#8211; 50%<\/li>\n<li>HUSOVSK\u00dd, T., HUMEN\u00cdK, I.: \u010co priniesol koniec roka v legislat\u00edve a ako sa zmeny dot\u00fdkaj\u00fa zdravotn\u00edckych pracovn\u00edkov? In\u00a0Slovensk\u00fd lek\u00e1r, \u010d\u00edslo 11-12\/2015, ISSN 1335-0234, s. 210. &#8211; 50%<\/li>\n<li>HUSOVSK\u00dd, T., CHOVANOVA, D.: V skratke o\u00a0zodpovednosti lek\u00e1ra za \u0161kodu sp\u00f4soben\u00fa pr\u00edstrojom. In\u00a0Slovensk\u00fd lek\u00e1r, \u010d\u00edslo 9-10\/2015. &#8211; 50%<\/li>\n<li>HUSOVSK\u00dd, T., P\u00c1ZM\u00c1NY, T.: Nespokojnos\u0165 s v\u00fdsledkom plastickej oper\u00e1cie a n\u00e1roky z toho vypl\u00fdvaj\u00face. In\u00a0Pr\u00e1vo a\u00a0mana\u017ement v zdravotn\u00edctve, \u010d\u00edslo 7-8\/2015. &#8211; 50%<\/li>\n<li>HUSOVSK\u00dd, T., ZOL\u00c1KOV\u00c1, Z.: Pr\u00e1vny status tela a\u00a0oddelen\u00fdch \u010dast\u00ed tela II. In\u00a0<em>Pr\u00e1vo a mana\u017ement v\u00a0zdravotn\u00edctve<\/em>, \u010d\u00edslo 2\/2015, ro\u010dn\u00edk VI, ISSN 1339-164X (online)\u00a0ISSN 1338-2071 (tla\u010den\u00e9 vydanie). &#8211; 50%<\/li>\n<li>HUSOVSK\u00dd, T., ZOL\u00c1KOV\u00c1, Z.: Pr\u00e1vny status tela a\u00a0oddelen\u00fdch \u010dast\u00ed tela. In\u00a0<em>Pr\u00e1vo a mana\u017ement v\u00a0zdravotn\u00edctve<\/em>, \u010d\u00edslo 1\/2015, ro\u010dn\u00edk VI, ISSN 1339-164X (online)\u00a0ISSN 1338-2071 (tla\u010den\u00e9 vydanie). &#8211; 50%<\/li>\n<li>CHOVANOV\u00c1, D., HUSOVSK\u00dd, T.:\u00a0<em>Vybran\u00e9 pr\u00e1vne aspekty poskytovania zdravotnej starostlivosti malolet\u00e9mu pacientovi<\/em>. In Pr\u00e1vo a\u00a0mana\u017ement v zdravotn\u00edctve, \u010d\u00edslo 12\/2014, ISSN 1339-164X (online), ISSN 1338-2071 (tla\u010den\u00e9 vydanie). &#8211; 50%<\/li>\n<li>P\u00c1ZM\u00c1NY, T., HUSOVSK\u00dd, T<em>.:\u00a0Povinnos\u0165 zdravotn\u00edckeho pracovn\u00edka oznamova\u0165 podozrenie zo zanedb\u00e1vania, t\u00fdrania alebo zneu\u017e\u00edvania pacienta \u2013 maloletej osoby<\/em>. In Slovensk\u00fd lek\u00e1r, \u010d\u00edslo 9-10\/2014, ISSN 1335-0234. str. 164 a nasl. &#8211; 50%<\/li>\n<li>VOL\u010cKO, V., HUSOVSK\u00dd, T.: Hniezdo z\u00e1chrany a\u00a0jeho pr\u00e1vna \u00faprava v\u00a0Slovenskej republike. In Pr\u00e1vo a\u00a0mana\u017ement v zdravotn\u00edctve, \u010d\u00edslo 9\/2014, ISSN 1338-2071. &#8211; 50%<\/li>\n<li>HUSOVSK\u00dd, T., FRANKO, P.: N\u00e1hrada nemajetkovej ujmy sp\u00f4sobenej poskytovate\u013eom zdravotnej starostlivosti pri prev\u00e1dzke jeho motorov\u00e9ho vozidla vo svetle judikat\u00fary S\u00fadneho dvora Eur\u00f3pskej \u00fanie. In Slovensk\u00fd lek\u00e1r, \u010d\u00edslo 3-4\/2014, ISSN 1335-0234. str. 56 a nasl. &#8211; 50%<\/li>\n<li>VOL\u010cKO, V., HUSOVSK\u00dd, T.: Doh\u013ead nad zdravotnou starostlivos\u0165ou bez lehoty? In Pr\u00e1vo a mana\u017ement v zdravotn\u00edctve, \u010d\u00edslo 3\/2014, ro\u010dn\u00edk V, ISSN 1338-2071, str. 2 a nasl. -50%<\/li>\n<li>FRANKO, P., HUSOVSK\u00dd, T.: Neplatn\u00fd s\u00fahlas pod\u013ea predch\u00e1dzaj\u00faceho pr\u00e1vneho stavu ako d\u00f4vod protipr\u00e1vnosti konanie. In Pr\u00e1vo a mana\u017ement v zdravotn\u00edctve, \u010d\u00edslo 4\/2014, ro\u010dn\u00edk V, ISSN 1338-2071, str. 2 a nasl.-50%<\/li>\n<li>VOL\u010cKO, V.,\u00a0HUSOVSK\u00dd, T.: \u00davaha o odborn\u00edkoch pri doh\u013eade nad zdravotnou starostlivos\u0165ou. In Pr\u00e1vo a mana\u017ement v zdravotn\u00edctve,\u00a0 \u010d\u00edslo 7-8\/2013, ro\u010dn\u00edk IV, ISSN 1338-2071.-50%<\/li>\n<li>HUMEN\u00cdK, I., HUSOVSK\u00dd, T. : N\u00faten\u00e1 lie\u010dba psychiatrick\u00fdch pacientov: ak\u00fa m\u00e1 oporu v z\u00e1konoch Slovenskej republiky?, In Slovensk\u00fd lek\u00e1r,\u00a0 \u010d\u00edslo 5 \u2013 6\/2013, ro\u010dn\u00edk 23 (37), ISSN 1335-0234, str. 106 a nasl.-50%<\/li>\n<li>VOL\u010cKO, V., HUSOVSK\u00dd, T.: \u00dahrady z verejn\u00e9ho zdravotn\u00e9ho poistenia a h\u013eadanie nad\u0161tandardu. In Slovensk\u00fd lek\u00e1r,\u00a0 \u010d\u00edslo 1 \u2013 2\/2013, ro\u010dn\u00edk 23 (37), ISSN 1335-0234, str. 32 a nasl. &#8211; 50%<\/li>\n<li>VOL\u010cKO, V., HUSOVSK\u00dd, T.: Nad\u0161tandardn\u00e9 \u00fahrady z verejn\u00e9ho zdravotn\u00e9ho poistenia, &#8220;mandar\u00ednky a svojv\u00f4\u013ea&#8221;. In Pr\u00e1vo a mana\u017ement v zdravotn\u00edctve,\u00a0 \u010d\u00edslo 1\/2013, ro\u010dn\u00edk IV, ISSN 1338-2071, str. 12 a nasl. &#8211; 50%<\/li>\n<li>VOL\u010cKO, V., HUSOVSK\u00dd, T.: Pr\u00e1vne aspekty vakcin\u00e1cie. In Slovensk\u00fd lek\u00e1r,\u00a0 \u010d\u00edslo 9 \u2013 10\/2012, ro\u010dn\u00edk 22 (36), ISSN 1335-0234, str. 196 a nasl. &#8211; 50%<\/li>\n<li>FRANKO, P., HUMEN\u00cdK, I., HUSOVSK\u00dd, T.: Zaobch\u00e1dzanie so zdravotnou dokument\u00e1ciou I. \u010das\u0165, In Slovensk\u00fd lek\u00e1r,\u00a0 \u010d\u00edslo 9 \u2013 10\/2010, ro\u010dn\u00edk 20 (34), ISSN 1335-0234, str. 190 a nasl. \u2013 33%<\/li>\n<\/ul>\n<hr \/>\n<h2>Conferences<\/h2>\n<ul>\n<li>HEALTH CARE FORUM &#8211; Efekt\u00edvny mana\u017ement kvalitn\u00e9ho zdravotn\u00edctva (Bratislava, May 2014). Topic:\u00a0Risk mana\u017ement pri poskytovan\u00ed zdravotnej starostlivosti \u2013 kde sa nach\u00e1dzaj\u00fa \u201en\u00e1\u0161\u013eapn\u00e9 m\u00edny\u201d zodpovednosti za \u0161kodu?<\/li>\n<li>35. Kongres Slovenskej spolo\u010dnosti v\u0161eobecn\u00e9ho lek\u00e1rstva pre dospel\u00fdch &#8211; Kazuistiky z praxe v\u0161eobecn\u00e9ho lek\u00e1ra pre dospel\u00fdch (\u017dilina, May 2014). Topic:\u00a0Risk mana\u017ement pri poskytovan\u00ed zdravotnej starostlivosti.<\/li>\n<li>Registr\u00e1cia liekov (Bratislava, October 2013). Topic: Legislat\u00edva registr\u00e1cie liekov &#8211; vybran\u00e9 pr\u00e1vne ot\u00e1zky.<\/li>\n<\/ul>\n<hr \/>\n<h2>Language skills<\/h2>\n<ul>\n<li>English \u2013 actively<\/li>\n<li>German \u2013 passively<\/li>\n<\/ul>\n<p><\/p>","protected":false},"excerpt":{"rendered":"<p>JUDr. Tom\u00e1\u0161 Husovsk\u00fd attorney-at-law T: 00421 55 694 39 91 M: 00421 907 911 389 E: husovsky(at)hhpartners.eu Professional career JUDr. Tom\u00e1\u0161 Husovsk\u00fd is a partner in law office h&amp;h PARTNERS, in which he has been engaging in advocacy work since 2008. He is a judge of the Arbitration court for medical affairs, member of the [&#8230;]<\/p>\n","protected":false},"author":4,"featured_media":914,"parent":164,"menu_order":12,"comment_status":"closed","ping_status":"closed","template":"","meta":[],"yoast_head":"<!-- This site is optimized with the Yoast SEO plugin v18.5.1 - https:\/\/yoast.com\/wordpress\/plugins\/seo\/ -->\n<title>JUDr. Tom\u00e1\u0161 Husovsk\u00fd - h&amp;h PARTNERS<\/title>\n<meta name=\"robots\" content=\"index, follow, max-snippet:-1, max-image-preview:large, max-video-preview:-1\" \/>\n<link rel=\"canonical\" href=\"https:\/\/www.hhpartners.eu\/profil\/partneri\/tomas-husovsky\/\" \/>\n<meta property=\"og:locale\" content=\"en_GB\" \/>\n<meta property=\"og:type\" content=\"article\" \/>\n<meta property=\"og:title\" content=\"JUDr. Tom\u00e1\u0161 Husovsk\u00fd - h&amp;h PARTNERS\" \/>\n<meta property=\"og:description\" content=\"JUDr. Tom\u00e1\u0161 Husovsk\u00fd attorney-at-law T: 00421 55 694 39 91 M: 00421 907 911 389 E: husovsky(at)hhpartners.eu Professional career JUDr. Tom\u00e1\u0161 Husovsk\u00fd is a partner in law office h&amp;h PARTNERS, in which he has been engaging in advocacy work since 2008. He is a judge of the Arbitration court for medical affairs, member of the [...]\" \/>\n<meta property=\"og:url\" content=\"https:\/\/www.hhpartners.eu\/profil\/partneri\/tomas-husovsky\/\" \/>\n<meta property=\"og:site_name\" content=\"h&amp;h PARTNERS\" \/>\n<meta property=\"article:modified_time\" content=\"2018-10-11T08:04:18+00:00\" \/>\n<meta property=\"og:image\" content=\"https:\/\/www.hhpartners.eu\/wp-content\/uploads\/2016\/06\/JUDr_Tomas-Husovsky_partner-1024x683.jpg\" \/>\n\t<meta property=\"og:image:width\" content=\"1024\" \/>\n\t<meta property=\"og:image:height\" content=\"683\" \/>\n\t<meta property=\"og:image:type\" content=\"image\/jpeg\" \/>\n<meta name=\"twitter:card\" content=\"summary\" \/>\n<meta name=\"twitter:label1\" content=\"Estimated reading time\" \/>\n\t<meta name=\"twitter:data1\" content=\"12 minutes\" \/>\n<script type=\"application\/ld+json\" class=\"yoast-schema-graph\">{\"@context\":\"https:\/\/schema.org\",\"@graph\":[{\"@type\":\"WebSite\",\"@id\":\"https:\/\/www.hhpartners.eu\/en\/#website\",\"url\":\"https:\/\/www.hhpartners.eu\/en\/\",\"name\":\"h&amp;h PARTNERS\",\"description\":\"\",\"potentialAction\":[{\"@type\":\"SearchAction\",\"target\":{\"@type\":\"EntryPoint\",\"urlTemplate\":\"https:\/\/www.hhpartners.eu\/en\/?s={search_term_string}\"},\"query-input\":\"required name=search_term_string\"}],\"inLanguage\":\"en-GB\"},{\"@type\":\"ImageObject\",\"@id\":\"https:\/\/www.hhpartners.eu\/profil\/partneri\/tomas-husovsky\/#primaryimage\",\"inLanguage\":\"en-GB\",\"url\":\"https:\/\/www.hhpartners.eu\/wp-content\/uploads\/2016\/06\/JUDr_Tomas-Husovsky_partner.jpg\",\"contentUrl\":\"https:\/\/www.hhpartners.eu\/wp-content\/uploads\/2016\/06\/JUDr_Tomas-Husovsky_partner.jpg\",\"width\":5184,\"height\":3456},{\"@type\":\"WebPage\",\"@id\":\"https:\/\/www.hhpartners.eu\/profil\/partneri\/tomas-husovsky\/#webpage\",\"url\":\"https:\/\/www.hhpartners.eu\/profil\/partneri\/tomas-husovsky\/\",\"name\":\"JUDr. Tom\u00e1\u0161 Husovsk\u00fd - h&amp;h PARTNERS\",\"isPartOf\":{\"@id\":\"https:\/\/www.hhpartners.eu\/en\/#website\"},\"primaryImageOfPage\":{\"@id\":\"https:\/\/www.hhpartners.eu\/profil\/partneri\/tomas-husovsky\/#primaryimage\"},\"datePublished\":\"2016-05-20T09:19:53+00:00\",\"dateModified\":\"2018-10-11T08:04:18+00:00\",\"breadcrumb\":{\"@id\":\"https:\/\/www.hhpartners.eu\/profil\/partneri\/tomas-husovsky\/#breadcrumb\"},\"inLanguage\":\"en-GB\",\"potentialAction\":[{\"@type\":\"ReadAction\",\"target\":[\"https:\/\/www.hhpartners.eu\/profil\/partneri\/tomas-husovsky\/\"]}]},{\"@type\":\"BreadcrumbList\",\"@id\":\"https:\/\/www.hhpartners.eu\/profil\/partneri\/tomas-husovsky\/#breadcrumb\",\"itemListElement\":[{\"@type\":\"ListItem\",\"position\":1,\"name\":\"Domovsk\u00e1 str\u00e1nka\",\"item\":\"https:\/\/www.hhpartners.eu\/\"},{\"@type\":\"ListItem\",\"position\":2,\"name\":\"Profile\",\"item\":\"https:\/\/www.hhpartners.eu\/en\/profil\/\"},{\"@type\":\"ListItem\",\"position\":3,\"name\":\"Partneri\",\"item\":\"https:\/\/www.hhpartners.eu\/profil\/partneri\/\"},{\"@type\":\"ListItem\",\"position\":4,\"name\":\"JUDr. Tom\u00e1\u0161 Husovsk\u00fd\"}]}]}<\/script>\n<!-- \/ Yoast SEO plugin. -->","yoast_head_json":{"title":"JUDr. Tom\u00e1\u0161 Husovsk\u00fd - h&amp;h PARTNERS","robots":{"index":"index","follow":"follow","max-snippet":"max-snippet:-1","max-image-preview":"max-image-preview:large","max-video-preview":"max-video-preview:-1"},"canonical":"https:\/\/www.hhpartners.eu\/profil\/partneri\/tomas-husovsky\/","og_locale":"en_GB","og_type":"article","og_title":"JUDr. Tom\u00e1\u0161 Husovsk\u00fd - h&amp;h PARTNERS","og_description":"JUDr. Tom\u00e1\u0161 Husovsk\u00fd attorney-at-law T: 00421 55 694 39 91 M: 00421 907 911 389 E: husovsky(at)hhpartners.eu Professional career JUDr. Tom\u00e1\u0161 Husovsk\u00fd is a partner in law office h&amp;h PARTNERS, in which he has been engaging in advocacy work since 2008. He is a judge of the Arbitration court for medical affairs, member of the [...]","og_url":"https:\/\/www.hhpartners.eu\/profil\/partneri\/tomas-husovsky\/","og_site_name":"h&amp;h PARTNERS","article_modified_time":"2018-10-11T08:04:18+00:00","og_image":[{"width":1024,"height":683,"url":"https:\/\/www.hhpartners.eu\/wp-content\/uploads\/2016\/06\/JUDr_Tomas-Husovsky_partner-1024x683.jpg","type":"image\/jpeg"}],"twitter_card":"summary","twitter_misc":{"Estimated reading time":"12 minutes"},"schema":{"@context":"https:\/\/schema.org","@graph":[{"@type":"WebSite","@id":"https:\/\/www.hhpartners.eu\/en\/#website","url":"https:\/\/www.hhpartners.eu\/en\/","name":"h&amp;h PARTNERS","description":"","potentialAction":[{"@type":"SearchAction","target":{"@type":"EntryPoint","urlTemplate":"https:\/\/www.hhpartners.eu\/en\/?s={search_term_string}"},"query-input":"required name=search_term_string"}],"inLanguage":"en-GB"},{"@type":"ImageObject","@id":"https:\/\/www.hhpartners.eu\/profil\/partneri\/tomas-husovsky\/#primaryimage","inLanguage":"en-GB","url":"https:\/\/www.hhpartners.eu\/wp-content\/uploads\/2016\/06\/JUDr_Tomas-Husovsky_partner.jpg","contentUrl":"https:\/\/www.hhpartners.eu\/wp-content\/uploads\/2016\/06\/JUDr_Tomas-Husovsky_partner.jpg","width":5184,"height":3456},{"@type":"WebPage","@id":"https:\/\/www.hhpartners.eu\/profil\/partneri\/tomas-husovsky\/#webpage","url":"https:\/\/www.hhpartners.eu\/profil\/partneri\/tomas-husovsky\/","name":"JUDr. Tom\u00e1\u0161 Husovsk\u00fd - h&amp;h PARTNERS","isPartOf":{"@id":"https:\/\/www.hhpartners.eu\/en\/#website"},"primaryImageOfPage":{"@id":"https:\/\/www.hhpartners.eu\/profil\/partneri\/tomas-husovsky\/#primaryimage"},"datePublished":"2016-05-20T09:19:53+00:00","dateModified":"2018-10-11T08:04:18+00:00","breadcrumb":{"@id":"https:\/\/www.hhpartners.eu\/profil\/partneri\/tomas-husovsky\/#breadcrumb"},"inLanguage":"en-GB","potentialAction":[{"@type":"ReadAction","target":["https:\/\/www.hhpartners.eu\/profil\/partneri\/tomas-husovsky\/"]}]},{"@type":"BreadcrumbList","@id":"https:\/\/www.hhpartners.eu\/profil\/partneri\/tomas-husovsky\/#breadcrumb","itemListElement":[{"@type":"ListItem","position":1,"name":"Domovsk\u00e1 str\u00e1nka","item":"https:\/\/www.hhpartners.eu\/"},{"@type":"ListItem","position":2,"name":"Profile","item":"https:\/\/www.hhpartners.eu\/en\/profil\/"},{"@type":"ListItem","position":3,"name":"Partneri","item":"https:\/\/www.hhpartners.eu\/profil\/partneri\/"},{"@type":"ListItem","position":4,"name":"JUDr. Tom\u00e1\u0161 Husovsk\u00fd"}]}]}},"_links":{"self":[{"href":"https:\/\/www.hhpartners.eu\/en\/wp-json\/wp\/v2\/pages\/666"}],"collection":[{"href":"https:\/\/www.hhpartners.eu\/en\/wp-json\/wp\/v2\/pages"}],"about":[{"href":"https:\/\/www.hhpartners.eu\/en\/wp-json\/wp\/v2\/types\/page"}],"author":[{"embeddable":true,"href":"https:\/\/www.hhpartners.eu\/en\/wp-json\/wp\/v2\/users\/4"}],"replies":[{"embeddable":true,"href":"https:\/\/www.hhpartners.eu\/en\/wp-json\/wp\/v2\/comments?post=666"}],"version-history":[{"count":30,"href":"https:\/\/www.hhpartners.eu\/en\/wp-json\/wp\/v2\/pages\/666\/revisions"}],"predecessor-version":[{"id":2384,"href":"https:\/\/www.hhpartners.eu\/en\/wp-json\/wp\/v2\/pages\/666\/revisions\/2384"}],"up":[{"embeddable":true,"href":"https:\/\/www.hhpartners.eu\/en\/wp-json\/wp\/v2\/pages\/164"}],"wp:featuredmedia":[{"embeddable":true,"href":"https:\/\/www.hhpartners.eu\/en\/wp-json\/wp\/v2\/media\/914"}],"wp:attachment":[{"href":"https:\/\/www.hhpartners.eu\/en\/wp-json\/wp\/v2\/media?parent=666"}],"curies":[{"name":"wp","href":"https:\/\/api.w.org\/{rel}","templated":true}]}}