{"id":845,"date":"2016-06-07T00:46:35","date_gmt":"2016-06-06T22:46:35","guid":{"rendered":"http:\/\/www.hhpartners.eu\/?page_id=845"},"modified":"2021-06-08T12:43:19","modified_gmt":"2021-06-08T11:43:19","slug":"podmienky-pouzivania","status":"publish","type":"page","link":"https:\/\/www.hhpartners.eu\/en\/podmienky-pouzivania\/","title":{"rendered":"Terms of use"},"content":{"rendered":"<p><\/p>\n<h1>TERMS OF USE<\/h1>\n<h2>Str\u00e1nka neposkytuje pr\u00e1vne poradenstvo<\/h2>\n<p>Inform\u00e1cie uverejnen\u00e9 na internetovej str\u00e1nka nemaj\u00fa povahu pr\u00e1vneho poradenstva a\u00a0ani nesleduj\u00fa tak\u00fdto \u00fa\u010del. h&amp;h PARTNERS, advok\u00e1tska kancel\u00e1ria s.r.o. nezodpoved\u00e1 za \u0161kodu sp\u00f4soben\u00fa uplatnen\u00edm inform\u00e1ci\u00ed zverejnen\u00fdch na str\u00e1nke n\u00e1v\u0161tevn\u00edkom str\u00e1nky, \u010di inou osobou.<\/p>\n<h2>Hypertextov\u00e9 prepojenia<\/h2>\n<p>Niektor\u00e9 hypertextov\u00e9 prepojenia na tejto webovej str\u00e1nke V\u00e1s presmeruj\u00fa na str\u00e1nky, ktor\u00e9 nie s\u00fa pod kontrolou h&amp;h PARTNERS, advok\u00e1tska kancel\u00e1ria s.r.o.. Ak kliknete na ktor\u00e9ko\u013evek z t\u00fdchto prepojen\u00ed, opust\u00edte t\u00fato str\u00e1nku.<br \/>\nh&amp;h PARTNERS, advok\u00e1tska kancel\u00e1ria s.r.o. nepreber\u00e1 \u017eiadnu zodpovednos\u0165 alebo ru\u010denie za obsah akejko\u013evek webovej str\u00e1nky tretej osoby, na ktor\u00fa odkazuje hypertextov\u00e9 prepojenie a neposkytuje \u017eiadne vyhl\u00e1senie ani z\u00e1ruku (v\u00fdslovn\u00e9 ani konkludentn\u00e9) s oh\u013eadom na inform\u00e1cie obsiahnut\u00e9 na tak\u00fdchto str\u00e1nkach.<br \/>\nh&amp;h PARTNERS, advok\u00e1tska kancel\u00e1ria s.r.o. nem\u00e1 \u017eiaden dosah na povahu a obsah tak\u00fdchto str\u00e1nok.<\/p>\n<h2>Pou\u017e\u00edvania \u00fadajov<\/h2>\n<p>Komunik\u00e1cia od pou\u017e\u00edvate\u013eov (net\u00fdkaj\u00faca sa osobn\u00fdch \u00fadajov) sa pova\u017euje za ned\u00f4vern\u00fa a otvoren\u00fa, pri\u010dom h&amp;h PARTNERS, advok\u00e1tska kancel\u00e1ria s.r.o. m\u00f4\u017ee pou\u017ei\u0165 takto z\u00edskan\u00e9 \u00fadaje na ak\u00fdko\u013evek \u00fa\u010del, vr\u00e1tane rozmno\u017eovania a zverej\u0148ovania, a rovnako m\u00f4\u017ee pou\u017ei\u0165 z\u00edskan\u00e9 my\u0161lienky a n\u00e1pady na ak\u00e9ko\u013evek \u00fa\u010dely, vr\u00e1tane obchodn\u00fdch.<\/p>\n<h2>Rozhodn\u00e9 pr\u00e1vo<\/h2>\n<p>Tieto Podmienky pou\u017e\u00edvania a obsah tejto webovej str\u00e1nky sa bud\u00fa riadi\u0165 slovensk\u00fdm pr\u00e1vnym poriadkom.<\/p>\n<h2>Zmeny<\/h2>\n<p>Tieto Podmienky pou\u017e\u00edvania m\u00f4\u017eu by\u0165 kedyko\u013evek menen\u00e9.<\/p>\n<p><em>Aktualizovan\u00e9: j\u00fan 2016<\/em><\/p>","protected":false},"excerpt":{"rendered":"<p>TERMS OF USE Str\u00e1nka neposkytuje pr\u00e1vne poradenstvo Inform\u00e1cie uverejnen\u00e9 na internetovej str\u00e1nka nemaj\u00fa povahu pr\u00e1vneho poradenstva a\u00a0ani nesleduj\u00fa tak\u00fdto \u00fa\u010del. h&amp;h PARTNERS, advok\u00e1tska kancel\u00e1ria s.r.o. nezodpoved\u00e1 za \u0161kodu sp\u00f4soben\u00fa uplatnen\u00edm inform\u00e1ci\u00ed zverejnen\u00fdch na str\u00e1nke n\u00e1v\u0161tevn\u00edkom str\u00e1nky, \u010di inou osobou. Hypertextov\u00e9 prepojenia Niektor\u00e9 hypertextov\u00e9 prepojenia na tejto webovej str\u00e1nke V\u00e1s presmeruj\u00fa na str\u00e1nky, ktor\u00e9 nie s\u00fa [&#8230;]<\/p>\n","protected":false},"author":1,"featured_media":0,"parent":0,"menu_order":29,"comment_status":"closed","ping_status":"closed","template":"","meta":[],"yoast_head":"<!-- This site is optimized with the Yoast SEO plugin v18.5.1 - https:\/\/yoast.com\/wordpress\/plugins\/seo\/ -->\n<title>Terms of use - h&amp;h PARTNERS<\/title>\n<meta name=\"robots\" content=\"index, follow, max-snippet:-1, max-image-preview:large, max-video-preview:-1\" \/>\n<link rel=\"canonical\" href=\"https:\/\/www.hhpartners.eu\/podmienky-pouzivania\/\" \/>\n<meta property=\"og:locale\" content=\"en_GB\" \/>\n<meta property=\"og:type\" content=\"article\" \/>\n<meta property=\"og:title\" content=\"Terms of use - h&amp;h PARTNERS\" \/>\n<meta property=\"og:description\" content=\"TERMS OF USE Str\u00e1nka neposkytuje pr\u00e1vne poradenstvo Inform\u00e1cie uverejnen\u00e9 na internetovej str\u00e1nka nemaj\u00fa povahu pr\u00e1vneho poradenstva a\u00a0ani nesleduj\u00fa tak\u00fdto \u00fa\u010del. h&amp;h PARTNERS, advok\u00e1tska kancel\u00e1ria s.r.o. nezodpoved\u00e1 za \u0161kodu sp\u00f4soben\u00fa uplatnen\u00edm inform\u00e1ci\u00ed zverejnen\u00fdch na str\u00e1nke n\u00e1v\u0161tevn\u00edkom str\u00e1nky, \u010di inou osobou. Hypertextov\u00e9 prepojenia Niektor\u00e9 hypertextov\u00e9 prepojenia na tejto webovej str\u00e1nke V\u00e1s presmeruj\u00fa na str\u00e1nky, ktor\u00e9 nie s\u00fa [...]\" \/>\n<meta property=\"og:url\" content=\"https:\/\/www.hhpartners.eu\/podmienky-pouzivania\/\" \/>\n<meta property=\"og:site_name\" content=\"h&amp;h PARTNERS\" \/>\n<meta property=\"article:modified_time\" content=\"2021-06-08T11:43:19+00:00\" \/>\n<meta name=\"twitter:card\" content=\"summary\" \/>\n<meta name=\"twitter:label1\" content=\"Estimated reading time\" \/>\n\t<meta name=\"twitter:data1\" content=\"3 minutes\" \/>\n<script type=\"application\/ld+json\" class=\"yoast-schema-graph\">{\"@context\":\"https:\/\/schema.org\",\"@graph\":[{\"@type\":\"WebSite\",\"@id\":\"https:\/\/www.hhpartners.eu\/en\/#website\",\"url\":\"https:\/\/www.hhpartners.eu\/en\/\",\"name\":\"h&amp;h PARTNERS\",\"description\":\"\",\"potentialAction\":[{\"@type\":\"SearchAction\",\"target\":{\"@type\":\"EntryPoint\",\"urlTemplate\":\"https:\/\/www.hhpartners.eu\/en\/?s={search_term_string}\"},\"query-input\":\"required name=search_term_string\"}],\"inLanguage\":\"en-GB\"},{\"@type\":\"WebPage\",\"@id\":\"https:\/\/www.hhpartners.eu\/podmienky-pouzivania\/#webpage\",\"url\":\"https:\/\/www.hhpartners.eu\/podmienky-pouzivania\/\",\"name\":\"Terms of use - h&amp;h PARTNERS\",\"isPartOf\":{\"@id\":\"https:\/\/www.hhpartners.eu\/en\/#website\"},\"datePublished\":\"2016-06-06T22:46:35+00:00\",\"dateModified\":\"2021-06-08T11:43:19+00:00\",\"breadcrumb\":{\"@id\":\"https:\/\/www.hhpartners.eu\/podmienky-pouzivania\/#breadcrumb\"},\"inLanguage\":\"en-GB\",\"potentialAction\":[{\"@type\":\"ReadAction\",\"target\":[\"https:\/\/www.hhpartners.eu\/podmienky-pouzivania\/\"]}]},{\"@type\":\"BreadcrumbList\",\"@id\":\"https:\/\/www.hhpartners.eu\/podmienky-pouzivania\/#breadcrumb\",\"itemListElement\":[{\"@type\":\"ListItem\",\"position\":1,\"name\":\"Domovsk\u00e1 str\u00e1nka\",\"item\":\"https:\/\/www.hhpartners.eu\/\"},{\"@type\":\"ListItem\",\"position\":2,\"name\":\"Podmienky pou\u017e\u00edvania\"}]}]}<\/script>\n<!-- \/ Yoast SEO plugin. -->","yoast_head_json":{"title":"Terms of use - h&amp;h PARTNERS","robots":{"index":"index","follow":"follow","max-snippet":"max-snippet:-1","max-image-preview":"max-image-preview:large","max-video-preview":"max-video-preview:-1"},"canonical":"https:\/\/www.hhpartners.eu\/podmienky-pouzivania\/","og_locale":"en_GB","og_type":"article","og_title":"Terms of use - h&amp;h PARTNERS","og_description":"TERMS OF USE Str\u00e1nka neposkytuje pr\u00e1vne poradenstvo Inform\u00e1cie uverejnen\u00e9 na internetovej str\u00e1nka nemaj\u00fa povahu pr\u00e1vneho poradenstva a\u00a0ani nesleduj\u00fa tak\u00fdto \u00fa\u010del. h&amp;h PARTNERS, advok\u00e1tska kancel\u00e1ria s.r.o. nezodpoved\u00e1 za \u0161kodu sp\u00f4soben\u00fa uplatnen\u00edm inform\u00e1ci\u00ed zverejnen\u00fdch na str\u00e1nke n\u00e1v\u0161tevn\u00edkom str\u00e1nky, \u010di inou osobou. Hypertextov\u00e9 prepojenia Niektor\u00e9 hypertextov\u00e9 prepojenia na tejto webovej str\u00e1nke V\u00e1s presmeruj\u00fa na str\u00e1nky, ktor\u00e9 nie s\u00fa [...]","og_url":"https:\/\/www.hhpartners.eu\/podmienky-pouzivania\/","og_site_name":"h&amp;h PARTNERS","article_modified_time":"2021-06-08T11:43:19+00:00","twitter_card":"summary","twitter_misc":{"Estimated reading time":"3 minutes"},"schema":{"@context":"https:\/\/schema.org","@graph":[{"@type":"WebSite","@id":"https:\/\/www.hhpartners.eu\/en\/#website","url":"https:\/\/www.hhpartners.eu\/en\/","name":"h&amp;h PARTNERS","description":"","potentialAction":[{"@type":"SearchAction","target":{"@type":"EntryPoint","urlTemplate":"https:\/\/www.hhpartners.eu\/en\/?s={search_term_string}"},"query-input":"required name=search_term_string"}],"inLanguage":"en-GB"},{"@type":"WebPage","@id":"https:\/\/www.hhpartners.eu\/podmienky-pouzivania\/#webpage","url":"https:\/\/www.hhpartners.eu\/podmienky-pouzivania\/","name":"Terms of use - h&amp;h PARTNERS","isPartOf":{"@id":"https:\/\/www.hhpartners.eu\/en\/#website"},"datePublished":"2016-06-06T22:46:35+00:00","dateModified":"2021-06-08T11:43:19+00:00","breadcrumb":{"@id":"https:\/\/www.hhpartners.eu\/podmienky-pouzivania\/#breadcrumb"},"inLanguage":"en-GB","potentialAction":[{"@type":"ReadAction","target":["https:\/\/www.hhpartners.eu\/podmienky-pouzivania\/"]}]},{"@type":"BreadcrumbList","@id":"https:\/\/www.hhpartners.eu\/podmienky-pouzivania\/#breadcrumb","itemListElement":[{"@type":"ListItem","position":1,"name":"Domovsk\u00e1 str\u00e1nka","item":"https:\/\/www.hhpartners.eu\/"},{"@type":"ListItem","position":2,"name":"Podmienky pou\u017e\u00edvania"}]}]}},"_links":{"self":[{"href":"https:\/\/www.hhpartners.eu\/en\/wp-json\/wp\/v2\/pages\/845"}],"collection":[{"href":"https:\/\/www.hhpartners.eu\/en\/wp-json\/wp\/v2\/pages"}],"about":[{"href":"https:\/\/www.hhpartners.eu\/en\/wp-json\/wp\/v2\/types\/page"}],"author":[{"embeddable":true,"href":"https:\/\/www.hhpartners.eu\/en\/wp-json\/wp\/v2\/users\/1"}],"replies":[{"embeddable":true,"href":"https:\/\/www.hhpartners.eu\/en\/wp-json\/wp\/v2\/comments?post=845"}],"version-history":[{"count":26,"href":"https:\/\/www.hhpartners.eu\/en\/wp-json\/wp\/v2\/pages\/845\/revisions"}],"predecessor-version":[{"id":2962,"href":"https:\/\/www.hhpartners.eu\/en\/wp-json\/wp\/v2\/pages\/845\/revisions\/2962"}],"wp:attachment":[{"href":"https:\/\/www.hhpartners.eu\/en\/wp-json\/wp\/v2\/media?parent=845"}],"curies":[{"name":"wp","href":"https:\/\/api.w.org\/{rel}","templated":true}]}}